{"id":10555,"date":"2018-01-22T16:51:12","date_gmt":"2018-01-22T15:51:12","guid":{"rendered":"http:\/\/www.german-startups.com\/?page_id=10555"},"modified":"2020-10-17T15:17:39","modified_gmt":"2020-10-17T13:17:39","slug":"presse-presseartikel-unseres-ceos","status":"publish","type":"page","link":"https:\/\/tpgholding.com\/index.php\/presse-presseartikel-unseres-ceos\/","title":{"rendered":"Presseartikel unseres Managements"},"content":{"rendered":"<p style=\"line-height:0.8em\"><span style=\"font-size:0.7em\">Die unten aufgelisteten Presseartikel dienen ausschlie\u00dflich der unverbindlichen Information des Lesers. Eine Verlinkung auf der Webseite der SGT German Private Equity bedeutet nicht, dass sich die SGT German Private Equity in irgendeiner Form die in den Artikeln enthaltenen Informationen und Kennzahlen zu eigen macht, sie unterst\u00fctzt, best\u00e4tigt oder gepr\u00fcft hat. Die SGT German Private Equity \u00fcbernimmt keinerlei Haftung f\u00fcr die Auswahl, Aktualit\u00e4t, Vollst\u00e4ndigkeit oder Richtigkeit der Pressestimmen.<\/p>\n<p><\/span><\/p>\n<div class=\"widget-recent-posts feedback_ceo\"><ul class=\"recent-posts-list feedback_ceo\"><li><div class=\"link\">\r\n                        <!--span class=\"day\">15.07.2023<\/span-->\r\n                        <div class=\"title\"><a href=\"https:\/\/www.private-banking-magazin.de\/nur-mit-private-equity-lassen-sich-noch-jaehrlich-zweistellige\/?_autaclid=67902872628803022899\" target=\"_blank\" rel=\"noopener\"><em>15.07.2023 - private-banking-magazin.de:<\/em>\r\n\u201eNur mit Private Equity lassen sich noch j\u00e4hrlich zweistellige Renditen erzielen\u201c<\/a><\/div>\r\n                    <\/div><\/li><li><div class=\"link\">\r\n                        <!--span class=\"day\">17.07.2020<\/span-->\r\n                        <div class=\"title\"><a href=\"https:\/\/www.4investors.de\/nachrichten\/boerse.php?sektion=stock&ID=144379\" target=\"_blank\"><em>17.07.2020 - 4investors.de:<\/em><br\/>German Startups Group: Eine deutsche Blackstone? \u201eEs wird Zeit!\u201c<\/a><\/div>\r\n                    <\/div><\/li><li><div class=\"link\">\r\n                        <!--span class=\"day\">05.06.2020<\/span-->\r\n                        <div class=\"title\"><a href=\"https:\/\/weberbank-diskurs.de\/christoph-gerlinger-jetzt-die-digitale-transformation-meistern\" target=\"_blank\"><em>4.06.2020 - weberbank-diskurs.de<\/em><br\/>Christoph Gerlinger: Jetzt die digitale Transformation meistern<\/a><\/div>\r\n                    <\/div><\/li><li><div class=\"link\">\r\n                        <!--span class=\"day\">26.03.2019<\/span-->\r\n                        <div class=\"title\"><a href=\"https:\/\/tpgholding.com\/wp-content\/uploads\/2019\/03\/B\u00f6rsen-Zeitung-Gastbeitrag_20190326.pdf\" target=\"_blank\"><em>26.03.2019 - B\u00f6rsen-Zeitung:<\/em><br\/>Den M\u00e4rkten steht eine Tokenisierungswelle bevor<\/a><\/div>\r\n                    <\/div><\/li><li><div class=\"link\">\r\n                        <!--span class=\"day\">25.01.2019<\/span-->\r\n                        <div class=\"title\"><a href=\"https:\/\/www.finanzen.de\/news\/19015\/gruenden-von-startups-finanzierung-entscheidend-fuer-durchhaltvermoegen\" target=\"_blank\"><em>25.01.2019 - Finanzen.de:<\/em><br\/>Gr\u00fcnden von Startups - Finanzierung entscheidend f\u00fcr Durchhalteverm\u00f6gen<\/a><\/div>\r\n                    <\/div><\/li><li><div class=\"link\">\r\n                        <!--span class=\"day\">06.11.2018<\/span-->\r\n                        <div class=\"title\"><a href=\"https:\/\/tpgholding.com\/wp-content\/uploads\/2020\/10\/20181106-German-Startups-will-weg-vom-reinen-Investieren.pdf\" target=\"_blank\"><em>06.11.2018 - B\u00f6rsen-Zeitung:<\/em><br\/>German Startups will weg vom reinen Investieren<\/a><\/div>\r\n                    <\/div><\/li><li><div class=\"link\">\r\n                        <!--span class=\"day\">24.01.2018<\/span-->\r\n                        <div class=\"title\"><a href=\"http:\/\/www.faz.net\/aktuell\/finanzen\/fonds-mehr\/start-ups-in-deutschland-es-ist-zum-heulen-15128337.html\" target=\"_blank\"><em>02 August 2017 - FAZ:<\/em><br\/>Start-ups in Deutschland - Es ist zum Heulen<\/a><\/div>\r\n                    <\/div><\/li><li><div class=\"link\">\r\n                        <!--span class=\"day\">03.08.2017<\/span-->\r\n                        <div class=\"title\"><a href=\"https:\/\/tpgholding.com\/wp-content\/uploads\/2017\/09\/Berlin-Valley-Christoph-Gerlinger.png\" target=\"_blank\"><em>03 August 2017 - Berlin Valley:<\/em><br\/>Das sagen die Startups zur Bundestagswahl<\/a><\/div>\r\n                    <\/div><\/li><li><div class=\"link\">\r\n                        <!--span class=\"day\">02.12.2015<\/span-->\r\n                        <div class=\"title\"><a href=\"http:\/\/www.4investors.de\/php_fe\/index.php?sektion=stock&ID=98468\" target=\"_blank\"><em>02 December 2015 - 4investors: <\/em><br \/>Christoph Gerlinger: The founder scene in Germany has catching up to do<\/a><\/div>\r\n                    <\/div><\/li><li><div class=\"link\">\r\n                        <!--span class=\"day\">27.11.2015<\/span-->\r\n                        <div class=\"title\"><a href=\"https:\/\/www.wealthmanagement.commerzbank.de\/media\/wealth_management\/pdf_1\/20151123_German_Startups.pdf\" target=\"_blank\"><em>27 November 2015 - Commerzbank Wealth Management: <\/em><br \/>The high flyer<\/a><\/div>\r\n                    <\/div><\/li><li><div class=\"link\">\r\n                        <!--span class=\"day\">10.03.2015<\/span-->\r\n                        <div class=\"title\"><a href=\"https:\/\/tpgholding.com\/wp-content\/uploads\/2015\/10\/Private-Wealth-Magazin.pdf\" target=\"_blank\"><em>10 March 2015 - Private Wealth Magazin:\r\n<\/em><br \/>Christoph Gerlinger: Venture with calculation<\/a><\/div>\r\n                    <\/div><\/li><li><div class=\"link\">\r\n                        <!--span class=\"day\">26.03.2014<\/span-->\r\n                        <div class=\"title\"><a href=\"http:\/\/www.gruenderszene.de\/allgemein\/tech-boerse-gerlinger\" target=\"_blank\"><em>26 March 2014 - Gr\u00fcnderszene:<\/em><br>Interview with Christoph Gerlinger about the intended German tech stock exchange segment<\/a><\/div>\r\n                    <\/div><\/li><li><div class=\"link\">\r\n                        <!--span class=\"day\">25.10.2013<\/span-->\r\n                        <div class=\"title\"><a href=\"http:\/\/www.boersenblog.biz\/neuer-markt-2-0-hirngespinst-oder-notwendigkeit-interview-mit-christoph-gerlinger\/\" target=\"_blank\"><em>25 October 2013 - B\u00f6rsenblog:<\/em><br>Interview with Christoph Gerlinger about a German technology stock exchange<\/a><\/div>\r\n                    <\/div><\/li><li><div class=\"link\">\r\n                        <!--span class=\"day\">27.08.2013<\/span-->\r\n                        <div class=\"title\"><a href=\"http:\/\/www.deutsche-startups.de\/2013\/08\/27\/christoph-gerlinger-gsg-interview\/\" target=\"_blank\"><em>27 August 2013 - Deutsche Startups:<\/em><br>\"Our range includes Duisburg, too\" - Interview with Christoph Gerlinger<\/a><\/div>\r\n                    <\/div><\/li><\/ul><\/div>\n","protected":false},"excerpt":{"rendered":"<p>Die unten aufgelisteten Presseartikel dienen ausschlie\u00dflich der unverbindlichen Information des Lesers. Eine Verlinkung auf der Webseite der SGT German Private Equity bedeutet nicht, dass sich die SGT German Private Equity in irgendeiner Form die in den Artikeln enthaltenen Informationen und Kennzahlen zu eigen macht, sie unterst\u00fctzt, best\u00e4tigt oder gepr\u00fcft hat. Die SGT German Private Equity [&hellip;]<\/p>\n","protected":false},"author":4,"featured_media":0,"parent":0,"menu_order":15,"comment_status":"closed","ping_status":"closed","template":"page-full.php","meta":[],"_links":{"self":[{"href":"https:\/\/tpgholding.com\/index.php\/wp-json\/wp\/v2\/pages\/10555"}],"collection":[{"href":"https:\/\/tpgholding.com\/index.php\/wp-json\/wp\/v2\/pages"}],"about":[{"href":"https:\/\/tpgholding.com\/index.php\/wp-json\/wp\/v2\/types\/page"}],"author":[{"embeddable":true,"href":"https:\/\/tpgholding.com\/index.php\/wp-json\/wp\/v2\/users\/4"}],"replies":[{"embeddable":true,"href":"https:\/\/tpgholding.com\/index.php\/wp-json\/wp\/v2\/comments?post=10555"}],"version-history":[{"count":1,"href":"https:\/\/tpgholding.com\/index.php\/wp-json\/wp\/v2\/pages\/10555\/revisions"}],"predecessor-version":[{"id":14095,"href":"https:\/\/tpgholding.com\/index.php\/wp-json\/wp\/v2\/pages\/10555\/revisions\/14095"}],"wp:attachment":[{"href":"https:\/\/tpgholding.com\/index.php\/wp-json\/wp\/v2\/media?parent=10555"}],"curies":[{"name":"wp","href":"https:\/\/api.w.org\/{rel}","templated":true}]}}