{"id":11351,"date":"2018-07-19T12:26:42","date_gmt":"2018-07-19T10:26:42","guid":{"rendered":"http:\/\/www.german-startups.com\/?page_id=11351"},"modified":"2019-07-12T11:08:59","modified_gmt":"2019-07-12T09:08:59","slug":"pressemitteilung-vom-19-juli-2018","status":"publish","type":"page","link":"https:\/\/tpgholding.com\/index.php\/pressemitteilung-vom-19-juli-2018\/","title":{"rendered":"Pressemitteilung vom <br> 19. Juli 2018"},"content":{"rendered":"<p style=\"text-align: center;\"><img decoding=\"async\" src=\"https:\/\/tpgholding.com\/wp-content\/uploads\/2018\/08\/GS_Group_transparent-150x150.png\" alt=\"GS_Group_transparent\" \/><\/p>\n<p>&nbsp;<\/p>\n<p style=\"text-align: center; padding:0px; margin:0px\">+++ Pressemitteilung +++<\/p>\n<p style=\"text-align: center; padding:50px; margin:0px\"><strong>Die German Startups Group kommt bei der Erweiterung ihres Gesch\u00e4ftsmodells z\u00fcgig voran<\/strong><\/p>\n<ul>\n<li>&#8211; Mit G|S Market ist die erste Sekund\u00e4rmarktplattform f\u00fcr Tech Assets in Deutschland erfolgreich gestartet<br \/>\n\t\t&#8211; Erste Transaktionen kurz vor dem Abschluss<br \/>\n\t\t&#8211; Zusammenarbeit mit f\u00fchrender US-Plattform<br \/>\n\t\t&#8211; Vorbereitungen von Asset Management-Aktivit\u00e4ten<\/li>\n<\/ul>\n<p><strong>Berlin, 19. Juli 2018 \u2013 <\/strong>Die German Startups Group GmbH &#038; Co. KGaA, ein b\u00f6rsennotierter, f\u00fchrender Venture-Capital-Investor in Deutschland und zugleich Digitalagentur mit 150 Mitarbeitern mit Sitz in Berlin, kommt bei der angek\u00fcndigten Erweiterung seines Gesch\u00e4ftsmodells z\u00fcgig voran.<\/p>\n<p>Die German Startups Market GmbH, eine hundertprozentige Tochter der b\u00f6rsennotierten German Startups Group GmbH &#038; Co. KGaA, hat ihre Sekund\u00e4rmarktplattform G|S Market\u2122 am 19. Juni 2018 gelauncht und zieht nach den ersten vier Wochen eine positive Bilanz. Auf dem Marktplatz sind aktuell dreizehn Tech Assets im Volumen von \u00fcber 20 Mio. Euro gelistet, darunter Anteile an Startups im Besitz sowohl von Gr\u00fcndern und Business Angels als auch der Muttergesellschaft der German Startups Market GmbH. Dar\u00fcber hinaus finden sich ein f\u00fcr das vierte Quartal angek\u00fcndigter, neuartiger Venture Capital Fonds und mehrere Venture Loans auf der Plattform. Weiterhin zeigen einige renommierte deutsche VC-Fondsanbieter Interesse, Anteile k\u00fcnftiger Fondsgenerationen \u00fcber die Plattform anzubieten. Eine zunehmende Zahl von Anlegern, insbesondere Family Offices, die bisher keinen direkten Zugang zu der Assetklasse <German Startups|VC|Tech> besitzen, halten auf der Plattform nach solchen alternativen Anlageopportunit\u00e4ten Ausschau.<\/p>\n<p>Bereits in den ersten vier Wochen konnte \u00fcber die Plattform konkrete Nachfrage f\u00fcr Assets im Umfang von 5 Mio. EUR generiert werden, \u00fcber die zeitnah Vertr\u00e4ge geschlossen werden sollen. Allein diese Gesch\u00e4fte w\u00fcrden Kommissionsertr\u00e4ge generieren, die das Gesamtinvestment der German Startups Group in die German Startups Market und ihre Plattform \u00fcbersteigen.<\/p>\n<p>G|S Market wird k\u00fcnftig mit einer f\u00fchrenden Sekund\u00e4rmarktplattform aus dem Silicon Valley zusammenarbeiten und so deutschen Anlegern auch Investments in US-Startups zug\u00e4nglich machen. Dabei wird die German Startups Asset Management GmbH, eine als Kapitalverwaltungsgesellschaft (KVG) registrierte Mehrheitsbeteiligung der German Startups Group die Investmentbetr\u00e4ge deutscher Anleger \u00fcber von ihr verwaltete Zweckgesellschaften poolen. <\/p>\n<p>Parallel beabsichtigt die German Startups Asset Management GmbH im vierten Quartal, einen eigenen, neuartigen VC-Fonds namens G|S Tech50\u2122 aufzulegen. Sie wird des Weiteren auf dem G|S Market auf Erwerberseite Zweckgesellschaften (\u201eSPVs\u201c) bereitstellen, um mehreren Anlegern mittels gepoolter Investments auch den Erwerb gr\u00f6\u00dferer Investmentopportunit\u00e4ten zu erm\u00f6glichen.<\/p>\n<p>Die German Startups Group vollzieht damit eine Transformation vom reinen Asset-Owner zu einer Kombination aus Asset Owner, Asset Manager und offener Marktplattform in ihrem T\u00e4tigkeitsbereich. Damit bezweckt sie die Erweiterung ihres bisherigen Gesch\u00e4ftsmodells der Erzielung von Wertzuwachs bei ihren Beteiligungen innerhalb der eigenen Bilanz und von Ums\u00e4tzen im Digitalagenturgesch\u00e4ft um transaktionsbasierte Kommissionen, Management Fees und Carries aus Anlagen au\u00dferhalb ihrer eigenen Bilanz. Diese substantielle Erweiterung ihrer Ertragsbasis gewinnt bereits deutlich an Kontur.<\/p>\n<p>&nbsp;<\/p>\n<p><strong>Investor Relations Kontakt<\/strong><br \/>\n<strong>German Startups Group<\/strong><br \/>\nMarcel Doeppes<br \/>\nir@tpgholding.com<br \/>\n<a href=\"https:\/\/tpgholding.com\/\">www.tpgholding.com<\/a><\/p>\n<p>&nbsp;<\/p>\n<p><u><a href=\"https:\/\/tpgholding.com\/wp-content\/uploads\/2018\/07\/2018-07-19_GSG-_PM_GSG_kommt_bei_der_Erweiterung_ihres_Geschaeftsmodells_zuegig_voran.pdf\" rel=\"\" target=\"_blank\" rel=\"nofollow\">Hier klicken f\u00fcr die PDF-Version<\/a><\/u><\/p>\n<p>&nbsp;<\/p>\n<p><strong>German Startups Group \u2013 Wir lieben Startups!<\/strong><\/p>\n<p>Die German Startups Group ist ein b\u00f6rsennotierter, f\u00fchrender Venture Capital-Anbieter in Deutschland und zugleich Digitalagentur mit 150 Mitarbeitern mit Sitz in Berlin und mit Fokus auf junge, schnell wachsende Unternehmen, sog. Startups. Sie erwirbt Mehrheits- und Minderheitsbeteiligungen durch Bereitstellung von Venture Capital. Ihr Fokus liegt auf deutschen Tech-Wachstumsunternehmen, deren Produkte oder Gesch\u00e4ftsmodelle eine disruptive Innovation aufweisen, eine hohe Skalierbarkeit erwarten lassen und bei denen sie Vertrauen in die unternehmerischen F\u00e4higkeiten der Gr\u00fcnder hat. Seit der Aufnahme der Gesch\u00e4ftst\u00e4tigkeit im Jahr 2012 hat die German Startups Group ein diversifiziertes Portfolio von Anteilen an solchen Unternehmen aufgebaut und sich zum aktivsten privaten Venture-Capital-Investor seit 2012 in Deutschland entwickelt (CB Insights 2015, PitchBook 2016). Daneben betreibt die Gesellschaft mit der G|S Market\u2122 ihrer hundertprozentigen Tochtergesellschaft German Startups Market GmbH seit Juni 2018 eine Sekund\u00e4rmarktplattform f\u00fcr die Assetklasse &lt;German Startups | VC | Tech&gt;. Ihre mehrheitliche Beteiligung German Startups Asset Management GmbH wird k\u00fcnftig neuartige, eigene VC-Fonds auflegen und auf G|S Market auf Erwerberseite Zweckgesellschaften (\u201eSPVs\u201c) bereitstellen, um mehreren Anlegern in Form von gepoolten Investments auch den Erwerb gr\u00f6\u00dferer Investmentopportunit\u00e4ten zu erm\u00f6glichen.<\/p>\n<p>&nbsp;<\/p>\n<p>Mehr Informationen unter <a href=\"https:\/\/tpgholding.com\/\">https:\/\/tpgholding.com\/<\/a>.<\/p>\n<p>&nbsp;<\/p>\n","protected":false},"excerpt":{"rendered":"<p>&nbsp; +++ Pressemitteilung +++ Die German Startups Group kommt bei der Erweiterung ihres Gesch\u00e4ftsmodells z\u00fcgig voran &#8211; Mit G|S Market ist die erste Sekund\u00e4rmarktplattform f\u00fcr Tech Assets in Deutschland erfolgreich gestartet &#8211; Erste Transaktionen kurz vor dem Abschluss &#8211; Zusammenarbeit mit f\u00fchrender US-Plattform &#8211; Vorbereitungen von Asset Management-Aktivit\u00e4ten Berlin, 19. Juli 2018 \u2013 Die German [&hellip;]<\/p>\n","protected":false},"author":4,"featured_media":0,"parent":0,"menu_order":0,"comment_status":"closed","ping_status":"closed","template":"page-full.php","meta":[],"_links":{"self":[{"href":"https:\/\/tpgholding.com\/index.php\/wp-json\/wp\/v2\/pages\/11351"}],"collection":[{"href":"https:\/\/tpgholding.com\/index.php\/wp-json\/wp\/v2\/pages"}],"about":[{"href":"https:\/\/tpgholding.com\/index.php\/wp-json\/wp\/v2\/types\/page"}],"author":[{"embeddable":true,"href":"https:\/\/tpgholding.com\/index.php\/wp-json\/wp\/v2\/users\/4"}],"replies":[{"embeddable":true,"href":"https:\/\/tpgholding.com\/index.php\/wp-json\/wp\/v2\/comments?post=11351"}],"version-history":[{"count":2,"href":"https:\/\/tpgholding.com\/index.php\/wp-json\/wp\/v2\/pages\/11351\/revisions"}],"predecessor-version":[{"id":12467,"href":"https:\/\/tpgholding.com\/index.php\/wp-json\/wp\/v2\/pages\/11351\/revisions\/12467"}],"wp:attachment":[{"href":"https:\/\/tpgholding.com\/index.php\/wp-json\/wp\/v2\/media?parent=11351"}],"curies":[{"name":"wp","href":"https:\/\/api.w.org\/{rel}","templated":true}]}}