{"id":11372,"date":"2018-04-06T14:12:52","date_gmt":"2018-04-06T12:12:52","guid":{"rendered":"http:\/\/www.german-startups.com\/?page_id=11372"},"modified":"2019-07-12T10:48:37","modified_gmt":"2019-07-12T08:48:37","slug":"german-startups-group-trennung-von-nikolas-samios-und-seiner-cooperativa-auch-auf-aktionariatsebene","status":"publish","type":"page","link":"https:\/\/tpgholding.com\/index.php\/german-startups-group-trennung-von-nikolas-samios-und-seiner-cooperativa-auch-auf-aktionariatsebene\/","title":{"rendered":"Pressemitteilung vom <br> 6. April 2018"},"content":{"rendered":"<p style=\"text-align: center;\"><img decoding=\"async\" src=\"https:\/\/tpgholding.com\/wp-content\/uploads\/2014\/08\/germanstartupsgroup-logo.png\" alt=\"GS_Group_transparent\" \/><\/p>\n<p>&nbsp;<\/p>\n<p style=\"text-align: center; padding: 0px; margin: 0px;\">+++ Pressemitteilung +++<\/p>\n<p style=\"text-align: center; padding: 50px; margin: 0px;\"><strong>German Startups Group &#8211; Trennung von Nikolas Samios und seiner Cooperativa auch auf Aktionariatsebene<\/strong><\/p>\n<ul>\n<li>&#8211; Die German Startups Group gewinnt konstruktiven erfolgreichen Investor<\/li>\n<li>&#8211; Klage der German Startups Group gegen Cooperativa\u2018s Wettbewerbsverst\u00f6\u00dfe erfolgreich<\/li>\n<li>&#8211; Ende der Aktien-Abverk\u00e4ufe der Cooperativa \u00fcber den Markt<\/li>\n<\/ul>\n<p><strong>Berlin, 6. April 2018 \u2013 <\/strong>Die German Startups Group, ein f\u00fchrender Venture-Capital-Investor in Deutschland und Digitalagentur mit 140 Mitarbeitern mit Sitz in Berlin, nimmt mit Erleichterung zur Kenntnis, dass das von der Cooperativa Venture Services gehaltene Paket von knapp 1 Mio. St\u00fcck oder 8% der German Startups Group-Aktien au\u00dferb\u00f6rslich von einem erfolgreichen, konstruktiven Investor erworben wurde.<\/p>\n<p>Ende 2016 hatte der Aufsichtsrat gemeinsam mit der Komplement\u00e4rin den R\u00fcckzug von Nikolas Samios aus der Gesch\u00e4ftsf\u00fchrung der German Startups Group und dessen Wechsel in eine mit Prokura ausgestattete Dienstleisterstellung seiner Cooperativa bei der German Startups Group bewirkt. Nikolas Samios hat in der Folge ohne Wissen der Gesellschaft Vorbereitungen f\u00fcr eigene, zur German Startups Group im Wettbewerb stehende Aktivit\u00e4ten entfaltet und auch Aktion\u00e4re der German Startups Group als Investoren geworben. Cooperativa hat sodann ohne Wissen der Gesellschaft kurz nach Ver\u00f6ffentlichung sehr positiver Neuigkeiten der German Startups Group ab Juni 2017 in massivem Umfang GSG-Aktien \u00fcber die B\u00f6rse abgesto\u00dfen, die sie erst wenige Wochen zuvor ohne Wissen der Gesellschaft von GSG-Aktion\u00e4ren als Sacheinlage eingeworben hatte. Dabei nahmen sie und Nikolas Samios offenkundig in Kauf, dass sie die schon l\u00e4nger erhoffte Kurserholung der Aktie ihrer langj\u00e4hrigen Kundin und k\u00fcnftigen Wettbewerberin im Keim ersticken k\u00f6nnte.<\/p>\n<p>Am 19.07.17 wurden die Dienstleistungsvertr\u00e4ge mit der Cooperativa mit sofortiger Wirkung aufgehoben und Nikolas Samios die Prokura entzogen. Bis dahin hatte Nikolas Samios rund vier Jahre lang eng mit Christoph Gerlinger zusammengearbeitet. Christoph Gerlinger: \u201eWir empfinden das damalige Vorgehen von Niko Samios als eklatanten Bruch des ihm entgegengebrachten Vertrauens.\u201c<\/p>\n<p>In der Folge hat die Cooperativa auf ihrer Website erstaunlicherweise Werbung mit den Logos der Kunden der German Startups Group-Mehrheitsbeteiligung Exozet, mit German Startups Group-Koinvestoren und den Logos der German Startups Group-Portfoliounternehmen betrieben, sowie mit der Angabe, 100 Investments get\u00e4tigt und vier Exits erzielt zu haben, bei denen es sich jedoch \u00fcberwiegend nicht um Investments der Cooperativa und s\u00e4mtlich nicht um Exits der Cooperativa handelte. Die German Startups Group hat Nikolas Samios und die Cooperativa zur L\u00f6schung dieser unzutreffenden oder irref\u00fchrenden Werbeinhalte aufgefordert. Nachdem die Cooperativa, inzwischen Initiatorin eines VC Fonds namens PropTech1, eine Unterlassungserkl\u00e4rung abzugeben verweigerte, war ein Gerichtsverfahren anh\u00e4ngig, das nun in vollem Umfang zu ihren Lasten ausgegangen ist. Christoph Gerlinger: \u201eNiko Samios hat seine Cooperativa mit fremden Federn geschm\u00fcckt, \u00fcberwiegend mit unseren. Die in unseren Augen teils hochstaplerischen damaligen Angaben der Cooperativa offenbaren uE. ein stark gesch\u00f6ntes Selbstbild von Niko Samios. Wir vermuten, dass die Cooperativa selbst bis dahin bestenfalls eine Handvoll Investments get\u00e4tigt und damit noch keinerlei Exit erzielt hatte.\u201c<\/p>\n<p>Allein in einer Januarwoche 2018 hatte die Cooperativa rund 70 Tsd. GSG-Aktien \u00fcber die B\u00f6rse ver\u00e4u\u00dfert. Mit der erfolgten Umplatzierung des Aktienpakets geht das Kapitel dieser Abverk\u00e4ufe der Aktie zu Ende.<\/p>\n<p>&nbsp;<\/p>\n<p><strong>Investor Relations Kontakt<\/strong><br \/>\n<strong>German Startups Group<\/strong><br \/>\nMarcel Doeppes<br \/>\nir@tpgholding.com<br \/>\n<a href=\"https:\/\/tpgholding.com\/\">www.tpgholding.com<\/a><\/p>\n<p>&nbsp;<\/p>\n<p><u><a href=\"https:\/\/tpgholding.com\/wp-content\/uploads\/2018\/06\/20180406-German-Startups-Group-Trennung-von-Nikolas-Samios-und-seiner-Cooperativa-auch-auf-Aktionariatsebene.pdf\" rel=\"\" target=\"_blank\" rel=\"nofollow\">Hier klicken f\u00fcr die PDF-Version<\/a><\/u><\/p>\n<p>&nbsp;<\/p>\n<p><strong>German Startups Group \u2013 Wir lieben Startups!<\/strong><\/p>\n<p>Die German Startups Group ist eine b\u00f6rsennotierte Beteiligungsgesellschaft mit Sitz in Berlin und mit Fokus auf junge, schnell wachsende Unternehmen, sog. Startups. Sie erwirbt Mehrheits- und Minderheitsbeteiligungen, insb. durch Bereitstellung von Venture Capital. Die Portfoliounternehmen der German Startups Group k\u00f6nnen zudem unter anderem bei Strategieentwicklung, im Hinblick auf Finanzierungsrunden, Restrukturierungsnotwendigkeiten, M&amp;A-Transaktionen oder dem Unternehmensverkauf einschlie\u00dflich eines m\u00f6glichen B\u00f6rsengangs von der Expertise, der Erfahrung und dem Netzwerk des Teams der German Startups Group profitieren. Nach eigener Einsch\u00e4tzung stellt die German Startups Group den Startups im Rahmen des Anteilserwerbs damit sog. &#8220;Smart Money&#8221; zur Verf\u00fcgung. Ihr Fokus liegt auf Unternehmen, deren Produkte oder Gesch\u00e4ftsmodelle eine disruptive Innovation aufweisen, eine hohe Skalierbarkeit erwarten lassen und bei denen sie Vertrauen in die unternehmerischen F\u00e4higkeiten der Gr\u00fcnder hat, zu denen sie nach eigener Einsch\u00e4tzung aufgrund ihrer engen Beziehungen zu relevanten Akteuren der Startup-Szene fr\u00fchen Zugang erh\u00e4lt. Der geografische Fokus liegt auf dem deutschsprachigen Raum. Seit der Aufnahme der Gesch\u00e4ftst\u00e4tigkeit im Jahr 2012 hat die German Startups Group ein ihrer Ansicht nach diversifiziertes Portfolio von Anteilen an jungen Unternehmen aufgebaut und sich zum aktivsten privaten Venture-Capital-Investor seit 2012 in Deutschland entwickelt (CB Insights2015, PitchBook 2016). Von den 41 Minderheitsbeteiligungen an operativ t\u00e4tigen Unternehmen sind 22 f\u00fcr die Gesellschaft wesentlich und machen zusammen 90% des Werts aller 41 aktiven Minderheitsbeteiligungen aus. Die 10 Fokusbeteiligungen verk\u00f6rpern 61% des Werts aller aktiven Minderheitsbeteiligungen. Nach Ansicht der Gesellschaft spiegelt das Beteiligungsportfolio einen Querschnitt von vielversprechenden deutschen Startups verschiedener Reifegrade (&#8220;Seed&#8221;, &#8220;Early&#8221; und &#8220;Growth Stage&#8221; nach Definition der Gesellschaft) wider und enth\u00e4lt manche der erfolgreichsten und bekanntesten deutschen Startups.<\/p>\n<p>&nbsp;<\/p>\n<p>Mehr Informationen unter <a href=\"https:\/\/tpgholding.com\/\">https:\/\/tpgholding.com\/<\/a>.<\/p>\n<p>&nbsp;<\/p>\n","protected":false},"excerpt":{"rendered":"<p>&nbsp; +++ Pressemitteilung +++ German Startups Group &#8211; Trennung von Nikolas Samios und seiner Cooperativa auch auf Aktionariatsebene &#8211; Die German Startups Group gewinnt konstruktiven erfolgreichen Investor &#8211; Klage der German Startups Group gegen Cooperativa\u2018s Wettbewerbsverst\u00f6\u00dfe erfolgreich &#8211; Ende der Aktien-Abverk\u00e4ufe der Cooperativa \u00fcber den Markt Berlin, 6. April 2018 \u2013 Die German Startups Group, [&hellip;]<\/p>\n","protected":false},"author":4,"featured_media":0,"parent":0,"menu_order":0,"comment_status":"closed","ping_status":"closed","template":"page-full.php","meta":[],"_links":{"self":[{"href":"https:\/\/tpgholding.com\/index.php\/wp-json\/wp\/v2\/pages\/11372"}],"collection":[{"href":"https:\/\/tpgholding.com\/index.php\/wp-json\/wp\/v2\/pages"}],"about":[{"href":"https:\/\/tpgholding.com\/index.php\/wp-json\/wp\/v2\/types\/page"}],"author":[{"embeddable":true,"href":"https:\/\/tpgholding.com\/index.php\/wp-json\/wp\/v2\/users\/4"}],"replies":[{"embeddable":true,"href":"https:\/\/tpgholding.com\/index.php\/wp-json\/wp\/v2\/comments?post=11372"}],"version-history":[{"count":2,"href":"https:\/\/tpgholding.com\/index.php\/wp-json\/wp\/v2\/pages\/11372\/revisions"}],"predecessor-version":[{"id":12431,"href":"https:\/\/tpgholding.com\/index.php\/wp-json\/wp\/v2\/pages\/11372\/revisions\/12431"}],"wp:attachment":[{"href":"https:\/\/tpgholding.com\/index.php\/wp-json\/wp\/v2\/media?parent=11372"}],"curies":[{"name":"wp","href":"https:\/\/api.w.org\/{rel}","templated":true}]}}