{"id":11523,"date":"2018-09-27T17:19:46","date_gmt":"2018-09-27T15:19:46","guid":{"rendered":"http:\/\/www.german-startups.com\/?page_id=11523"},"modified":"2019-07-12T10:50:33","modified_gmt":"2019-07-12T08:50:33","slug":"pressemitteilung-vom-28-september-2018","status":"publish","type":"page","link":"https:\/\/tpgholding.com\/index.php\/pressemitteilung-vom-28-september-2018\/","title":{"rendered":"Pressemitteilung vom <br> 28. September 2018"},"content":{"rendered":"<p style=\"text-align: center;\"><img decoding=\"async\" src=\"https:\/\/tpgholding.com\/wp-content\/uploads\/2018\/08\/GS_Group_transparent-150x150.png\" alt=\"GS_Group_transparent\" \/><\/p>\n<p>&nbsp;<\/p>\n<p style=\"text-align: center; padding:0px; margin:0px\">+++ Pressemitteilung +++<\/p>\n<p style=\"text-align: center; padding:50px; margin:0px\"><strong>German Startups Group ver\u00f6ffentlicht ihren Zwischenbericht 2018<\/strong><\/p>\n<p><strong>Berlin, 28. September 2018 \u2013 <\/strong>Die German Startups Group, ein f\u00fchrender Venture-Capital-Investor in Deutschland und Digitalagentur mit 150 Mitarbeitern mit Sitz in Berlin, ver\u00f6ffentlicht heute ihren Zwischenbericht f\u00fcr das erste Halbjahr 2018 mit einem Konzerngewinn nach Steuern von 1.421 TEUR bzw. 0,14 EUR pro Aktie (IFRS). Das Eigenkapital betr\u00e4gt 32.478 TEUR oder 2,72 EUR pro Aktie. Darin naturgem\u00e4\u00df nicht enthalten sind stille Reserven, die aus der Wertsteigerung der Anteile der vollkonsolidierten Exozet Berlin GmbH und etwaiger l\u00e4nger zur\u00fcckliegender Fremdobjektivierungsereignisse bei den Minderheitsbeteiligungen entstanden sind.<\/p>\n<p>Der Zwischenbericht kann auf der Website der Gesellschaft unter dem Punkt \u201eF\u00fcr Aktion\u00e4re\u201c heruntergeladen werden.<\/p>\n<p>&nbsp;<\/p>\n<p><strong>Investor Relations Kontakt<\/strong><br \/>\n<strong>German Startups Group<\/strong><br \/>\nMarcel Doeppes<br \/>\nir@tpgholding.com<br \/>\n<a href=\"https:\/\/tpgholding.com\/\">www.tpgholding.com<\/a><\/p>\n<p>&nbsp;<\/p>\n<p><u><a href=\"https:\/\/tpgholding.com\/wp-content\/uploads\/2018\/09\/20180928-German-Startups-Group-ver\u00f6ffentlicht-ihren-Zwischenbericht-2018.pdf\"rel=\"\" target=\"_blank\" rel=\"nofollow\">Hier klicken f\u00fcr die PDF-Version<\/a><\/u><\/p>\n<p>&nbsp;<\/p>\n<p><strong>German Startups Group \u2013 Wir lieben Startups!<\/strong><\/p>\n<p>Die German Startups Group ist ein b\u00f6rsennotierter, f\u00fchrender Venture Capital-Anbieter in Deutschland und zugleich Digitalagentur mit 150 Mitarbeitern mit Sitz in Berlin und mit Fokus auf junge, schnell wachsende Unternehmen, sog. Startups. Sie erwirbt Mehrheits- und Minderheitsbeteiligungen durch Bereitstellung von Venture Capital. Ihr Fokus liegt auf deutschen Tech-Wachstumsunternehmen, deren Produkte oder Gesch\u00e4ftsmodelle eine disruptive Innovation aufweisen, eine hohe Skalierbarkeit erwarten lassen und bei denen sie Vertrauen in die unternehmerischen F\u00e4higkeiten der Gr\u00fcnder hat. Seit der Aufnahme der Gesch\u00e4ftst\u00e4tigkeit im Jahr 2012 hat die German Startups Group ein diversifiziertes Portfolio von Anteilen an solchen Unternehmen aufgebaut und sich zum aktivsten privaten Venture-Capital-Investor seit 2012 in Deutschland entwickelt (CB Insights 2015, PitchBook 2016). Daneben betreibt die Gesellschaft mit der G|S Market\u2122 ihrer hundertprozentigen Tochtergesellschaft German Startups Market GmbH seit Juni 2018 eine Sekund\u00e4rmarktplattform f\u00fcr die Assetklasse &lt;German Startups | VC | Tech&gt;. Ihre mehrheitliche Beteiligung German Startups Asset Management GmbH wird k\u00fcnftig neuartige, eigene VC-Fonds auflegen und auf G|S Market auf Erwerberseite Zweckgesellschaften (\u201eSPVs\u201c) bereitstellen, um mehreren Anlegern in Form von gepoolten Investments auch den Erwerb gr\u00f6\u00dferer Investmentopportunit\u00e4ten zu erm\u00f6glichen.<\/p>\n<p>&nbsp;<\/p>\n<p>Mehr Informationen unter <a href=\"https:\/\/tpgholding.com\/\">https:\/\/tpgholding.com\/<\/a>.<\/p>\n<p>&nbsp;<\/p>\n","protected":false},"excerpt":{"rendered":"<p>&nbsp; +++ Pressemitteilung +++ German Startups Group ver\u00f6ffentlicht ihren Zwischenbericht 2018 Berlin, 28. September 2018 \u2013 Die German Startups Group, ein f\u00fchrender Venture-Capital-Investor in Deutschland und Digitalagentur mit 150 Mitarbeitern mit Sitz in Berlin, ver\u00f6ffentlicht heute ihren Zwischenbericht f\u00fcr das erste Halbjahr 2018 mit einem Konzerngewinn nach Steuern von 1.421 TEUR bzw. 0,14 EUR pro [&hellip;]<\/p>\n","protected":false},"author":4,"featured_media":0,"parent":0,"menu_order":0,"comment_status":"closed","ping_status":"closed","template":"page-full.php","meta":[],"_links":{"self":[{"href":"https:\/\/tpgholding.com\/index.php\/wp-json\/wp\/v2\/pages\/11523"}],"collection":[{"href":"https:\/\/tpgholding.com\/index.php\/wp-json\/wp\/v2\/pages"}],"about":[{"href":"https:\/\/tpgholding.com\/index.php\/wp-json\/wp\/v2\/types\/page"}],"author":[{"embeddable":true,"href":"https:\/\/tpgholding.com\/index.php\/wp-json\/wp\/v2\/users\/4"}],"replies":[{"embeddable":true,"href":"https:\/\/tpgholding.com\/index.php\/wp-json\/wp\/v2\/comments?post=11523"}],"version-history":[{"count":1,"href":"https:\/\/tpgholding.com\/index.php\/wp-json\/wp\/v2\/pages\/11523\/revisions"}],"predecessor-version":[{"id":12436,"href":"https:\/\/tpgholding.com\/index.php\/wp-json\/wp\/v2\/pages\/11523\/revisions\/12436"}],"wp:attachment":[{"href":"https:\/\/tpgholding.com\/index.php\/wp-json\/wp\/v2\/media?parent=11523"}],"curies":[{"name":"wp","href":"https:\/\/api.w.org\/{rel}","templated":true}]}}