{"id":11551,"date":"2018-05-14T10:25:39","date_gmt":"2018-05-14T08:25:39","guid":{"rendered":"http:\/\/www.german-startups.com\/?page_id=11551"},"modified":"2019-07-12T10:51:20","modified_gmt":"2019-07-12T08:51:20","slug":"german-startups-group-erhaelt-kaufangebot-fuer-ihren-anteil-an-exozet-und-fuehrt-verkaufsverhandlungen-14-mai-2018","status":"publish","type":"page","link":"https:\/\/tpgholding.com\/index.php\/german-startups-group-erhaelt-kaufangebot-fuer-ihren-anteil-an-exozet-und-fuehrt-verkaufsverhandlungen-14-mai-2018\/","title":{"rendered":"Ad-hoc Mitteilung vom <br> 14. Mai 2018"},"content":{"rendered":"<p style=\"text-align: center;\"><img decoding=\"async\" src=\"https:\/\/tpgholding.com\/wp-content\/uploads\/2018\/08\/GS_Group_transparent-150x150.png\" alt=\"GS_Group_transparent\" \/><\/p>\n<p>&nbsp;<\/p>\n<p style=\"text-align: center; padding:0px; margin:0px\">+++ Ad-hoc Mitteilung +++<\/p>\n<p style=\"text-align: center; padding:50px; margin:0px\"><strong>German Startups Group erh\u00e4lt Kaufangebot f\u00fcr ihren Anteil an Exozet und f\u00fchrt Verkaufsverhandlungen<\/strong><\/p>\n<p><strong>Berlin, 14. Mai 2018 \u2013 <\/strong>Die German Startups Group GmbH &#038; Co. KGaA, ein f\u00fchrender Venture-Capital-Investor in Deutschland und Digitalagentur mit 140 Mitarbeitern mit Sitz in Berlin, wurde von einem seri\u00f6sen, internationalen Beratungshaus eingeladen, unverz\u00fcglich konkrete Verkaufsverhandlungen \u00fcber einen Verkauf ihres 50,7%igen Anteils an der Exozet Berlin GmbH zu f\u00fchren und hat diese Einladung angenommen. Auf die T\u00e4tigkeit von Exozet, auf ihre Kunden und Mitarbeiter hat dies keinerlei Auswirkungen. Exozet erwartet f\u00fcr 2018 eine sehr positive Gesch\u00e4ftsentwicklung.<\/p>\n<p>Der angebotene Kaufpreis w\u00fcrde bei Ver\u00e4u\u00dferung zu einem Ver\u00e4u\u00dferungsgewinn gg\u00fc. Buchwert iHv. rund 1 Mio. EUR f\u00fchren und das Eigenkapital entsprechend erh\u00f6hen. Der Ver\u00e4u\u00dferungsgewinn gg\u00fc. Anschaffungskosten l\u00e4ge bei rund 1,5 Mio. EUR. Der Verkaufserl\u00f6s in Gr\u00f6\u00dfenordnung von einem Viertel ihrer aktuellen Marktkapitalisierung w\u00fcrde es der Gesellschaft erm\u00f6glichen, aufgenommene Darlehen vorzeitig zu tilgen und weitere Aktienr\u00fcckkaufprogramme ins Leben zu rufen.<\/p>\n<p>&nbsp;<\/p>\n<p><strong>Investor Relations Kontakt<\/strong><br \/>\n<strong>German Startups Group<\/strong><br \/>\nMarcel Doeppes<br \/>\nir@tpgholding.com<br \/>\n<a href=\"https:\/\/tpgholding.com\/\">www.tpgholding.com<\/a><\/p>\n<p>&nbsp;<\/p>\n<p><u><a href=\"https:\/\/tpgholding.com\/wp-content\/uploads\/2018\/05\/20180514-ad-hoc-GSG-Kaufangebot-f\u00fcr-ihren-Anteil-an-Exozet.pdf\" rel=\"\" target=\"_blank\" rel=\"nofollow\">Hier klicken f\u00fcr die PDF-Version<\/a><\/u><\/p>\n<p>&nbsp;<\/p>\n<p><strong>German Startups Group \u2013 Wir lieben Startups!<\/strong><\/p>\n<p>Die German Startups Group ist eine b\u00f6rsennotierte Beteiligungsgesellschaft und Digitalagentur mit Sitz in Berlin und mit Fokus auf junge, schnell wachsende Unternehmen, sog. Startups. Sie erwirbt Mehrheits- und Minderheitsbeteiligungen, insb. durch Bereitstellung von Venture Capital. Ihr Fokus liegt auf Unternehmen, deren Produkte oder Gesch\u00e4ftsmodelle eine disruptive Innovation beinhalten, eine hohe Skalierbarkeit erwarten lassen und bei denen sie Vertrauen in die unternehmerischen F\u00e4higkeiten der Gr\u00fcnder hat. Der geografische Fokus liegt auf dem deutschsprachigen Raum. Seit der Aufnahme der Gesch\u00e4ftst\u00e4tigkeit im Jahr 2012 hat die German Startups Group ein ihrer Ansicht nach diversifiziertes Portfolio von Anteilen an jungen Unternehmen aufgebaut und sich zum aktivsten privaten Venture-Capital-Investor seit 2012 in Deutschland entwickelt (CB Insights 2015, PitchBook 2016). Von den 37 Minderheitsbeteiligungen an operativ t\u00e4tigen Unternehmen sind 20 f\u00fcr die Gesellschaft wesentlich und machen zusammen knapp 90% des Werts aller 37 aktiven Minderheitsbeteiligungen aus (Stand: 31.12.2017). Die 10 Fokusbeteiligungen verk\u00f6rpern zwei Drittel des Werts aller aktiven Minderheitsbeteiligungen. Nach Ansicht der Gesellschaft spiegelt das Beteiligungsportfolio einen Querschnitt von vielversprechenden deutschen Startups verschiedener Reifegrade (&#8220;Seed&#8221;, &#8220;Early&#8221; und &#8220;Growth Stage&#8221; nach Definition der Gesellschaft) wider und enth\u00e4lt manche der erfolgreichsten und bekanntesten deutschen Startups.<\/p>\n<p>&nbsp;<\/p>\n<p>Mehr Informationen unter <a href=\"https:\/\/tpgholding.com\/\">https:\/\/tpgholding.com\/<\/a>.<\/p>\n<p>&nbsp;<\/p>\n","protected":false},"excerpt":{"rendered":"<p>&nbsp; +++ Ad-hoc Mitteilung +++ German Startups Group erh\u00e4lt Kaufangebot f\u00fcr ihren Anteil an Exozet und f\u00fchrt Verkaufsverhandlungen Berlin, 14. Mai 2018 \u2013 Die German Startups Group GmbH &#038; Co. KGaA, ein f\u00fchrender Venture-Capital-Investor in Deutschland und Digitalagentur mit 140 Mitarbeitern mit Sitz in Berlin, wurde von einem seri\u00f6sen, internationalen Beratungshaus eingeladen, unverz\u00fcglich konkrete Verkaufsverhandlungen [&hellip;]<\/p>\n","protected":false},"author":4,"featured_media":0,"parent":0,"menu_order":0,"comment_status":"closed","ping_status":"closed","template":"page-full.php","meta":[],"_links":{"self":[{"href":"https:\/\/tpgholding.com\/index.php\/wp-json\/wp\/v2\/pages\/11551"}],"collection":[{"href":"https:\/\/tpgholding.com\/index.php\/wp-json\/wp\/v2\/pages"}],"about":[{"href":"https:\/\/tpgholding.com\/index.php\/wp-json\/wp\/v2\/types\/page"}],"author":[{"embeddable":true,"href":"https:\/\/tpgholding.com\/index.php\/wp-json\/wp\/v2\/users\/4"}],"replies":[{"embeddable":true,"href":"https:\/\/tpgholding.com\/index.php\/wp-json\/wp\/v2\/comments?post=11551"}],"version-history":[{"count":2,"href":"https:\/\/tpgholding.com\/index.php\/wp-json\/wp\/v2\/pages\/11551\/revisions"}],"predecessor-version":[{"id":12444,"href":"https:\/\/tpgholding.com\/index.php\/wp-json\/wp\/v2\/pages\/11551\/revisions\/12444"}],"wp:attachment":[{"href":"https:\/\/tpgholding.com\/index.php\/wp-json\/wp\/v2\/media?parent=11551"}],"curies":[{"name":"wp","href":"https:\/\/api.w.org\/{rel}","templated":true}]}}