{"id":11556,"date":"2018-04-30T10:47:55","date_gmt":"2018-04-30T08:47:55","guid":{"rendered":"http:\/\/www.german-startups.com\/?page_id=11556"},"modified":"2019-07-12T11:14:14","modified_gmt":"2019-07-12T09:14:14","slug":"ad-hoc-mitteilung-vom-30-april-2018","status":"publish","type":"page","link":"https:\/\/tpgholding.com\/index.php\/ad-hoc-mitteilung-vom-30-april-2018\/","title":{"rendered":"Ad-hoc Mitteilung vom <br> 30. April 2018"},"content":{"rendered":"<p style=\"text-align: center;\"><img decoding=\"async\" src=\"https:\/\/tpgholding.com\/wp-content\/uploads\/2018\/08\/GS_Group_transparent-150x150.png\" alt=\"GS_Group_transparent\" \/><\/p>\n<p>&nbsp;<\/p>\n<p style=\"text-align: center; padding:0px; margin:0px\">+++ Ad-hoc Mitteilung +++<\/p>\n<p style=\"text-align: center; padding:50px; margin:0px\"><strong>German Startups Group: Aktienr\u00fcckkauf \u00fcber die B\u00f6rse<\/strong><\/p>\n<p><strong>Berlin, 30. April 2018 \u2013 <\/strong>Die German Startups Group GmbH &#038; Co. KGaA, ein f\u00fchrender Venture-Capital-Investor in Deutschland und Digitalagentur mit 140 Mitarbeitern mit Sitz in Berlin, hat die Modalit\u00e4ten ihres bestehenden Aktienr\u00fcckkaufprogramms durch heutigen Beschluss der gesch\u00e4ftsf\u00fchrenden Komplement\u00e4rin auf Grundlage der Erm\u00e4chtigung der Hauptversammlung der Gesellschaft vom 23. M\u00e4rz 2016 ge\u00e4ndert. Die Gesellschaft wird im Zeitraum ab \u00fcbermorgen (2. Mai 2018) bis 15. Juni 2018 bis zu 250.000 eigene Aktien zu einem Gesamtkaufpreis (ohne Erwerbsnebenkosten) von bis zu 500 TEUR erwerben, unabh\u00e4ngig davon, welcher Wert oder ob das Fristende zuerst erreicht wird. Bei Erreichung der vollen St\u00fcckzahl sind das rund 2,1% des Grundkapitals. Die noch zu erwerbenden Aktien sollen eingezogen werden. Der Aktienr\u00fcckkauf erfolgt \u00fcber die B\u00f6rse. Die Aktienr\u00fcckk\u00e4ufe werden durch ein Kreditinstitut durchgef\u00fchrt. Der von der Gesellschaft gezahlte Kurs darf den Xetra-Schlusskurs der letzten 10 B\u00f6rsenhandelstage nicht um mehr als 5% \u00fcber-oder unterschreiten. Dar\u00fcber hinaus wird die Gesellschaft nicht mehr als 25% des durchschnittlichen t\u00e4glichen Aktienumsatzes auf dem Handelsplatz erwerben, auf dem der Kauf erfolgt. Der durchschnittliche t\u00e4gliche Aktienumsatz auf dem Handelsplatz wird berechnet auf Basis des durchschnittlichen t\u00e4glichen Handelsvolumens der letzten 20 B\u00f6rsentage vor dem jeweiligen Kauftermin.<\/p>\n<p>&nbsp;<\/p>\n<p><strong>Investor Relations Kontakt<\/strong><br \/>\n<strong>German Startups Group<\/strong><br \/>\nMarcel Doeppes<br \/>\nir@tpgholding.com<br \/>\n<a href=\"https:\/\/tpgholding.com\/\">www.tpgholding.com<\/a><\/p>\n<p>&nbsp;<\/p>\n<p><u><a href=\"https:\/\/tpgholding.com\/wp-content\/uploads\/2018\/04\/20180430-ad-hoc-GSG-Aktienrueckkauf-ueber-die-Boerse.pdf\" rel=\"\" target=\"_blank\" rel=\"nofollow\">Hier klicken f\u00fcr die PDF-Version<\/a><\/u><\/p>\n<p>&nbsp;<\/p>\n<p><strong>German Startups Group \u2013 Wir lieben Startups!<\/strong><\/p>\n<p>Die German Startups Group ist eine b\u00f6rsennotierte Beteiligungsgesellschaft und Digitalagentur mit Sitz in Berlin und mit Fokus auf junge, schnell wachsende Unternehmen, sog. Startups. Sie erwirbt Mehrheits- und Minderheitsbeteiligungen, insb. durch Bereitstellung von Venture Capital. Ihr Fokus liegt auf Unternehmen, deren Produkte oder Gesch\u00e4ftsmodelle eine disruptive Innovation beinhalten, eine hohe Skalierbarkeit erwarten lassen und bei denen sie Vertrauen in die unternehmerischen F\u00e4higkeiten der Gr\u00fcnder hat. Der geografische Fokus liegt auf dem deutschsprachigen Raum. Seit der Aufnahme der Gesch\u00e4ftst\u00e4tigkeit im Jahr 2012 hat die German Startups Group ein ihrer Ansicht nach diversifiziertes Portfolio von Anteilen an jungen Unternehmen aufgebaut und sich zum aktivsten privaten Venture-Capital-Investor seit 2012 in Deutschland entwickelt (CB Insights 2015, PitchBook 2016). Von den 37 Minderheitsbeteiligungen an operativ t\u00e4tigen Unternehmen sind 20 f\u00fcr die Gesellschaft wesentlich und machen zusammen knapp 90% des Werts aller 37 aktiven Minderheitsbeteiligungen aus (Stand: 31.12.2017). Die 10 Fokusbeteiligungen verk\u00f6rpern zwei Drittel des Werts aller aktiven Minderheitsbeteiligungen. Nach Ansicht der Gesellschaft spiegelt das Beteiligungsportfolio einen Querschnitt von vielversprechenden deutschen Startups verschiedener Reifegrade (&#8220;Seed&#8221;, &#8220;Early&#8221; und &#8220;Growth Stage&#8221; nach Definition der Gesellschaft) wider und enth\u00e4lt manche der erfolgreichsten und bekanntesten deutschen Startups.<\/p>\n<p>&nbsp;<\/p>\n<p>Mehr Informationen unter <a href=\"https:\/\/tpgholding.com\/\">https:\/\/tpgholding.com\/<\/a>.<\/p>\n<p>&nbsp;<\/p>\n","protected":false},"excerpt":{"rendered":"<p>&nbsp; +++ Ad-hoc Mitteilung +++ German Startups Group: Aktienr\u00fcckkauf \u00fcber die B\u00f6rse Berlin, 30. April 2018 \u2013 Die German Startups Group GmbH &#038; Co. KGaA, ein f\u00fchrender Venture-Capital-Investor in Deutschland und Digitalagentur mit 140 Mitarbeitern mit Sitz in Berlin, hat die Modalit\u00e4ten ihres bestehenden Aktienr\u00fcckkaufprogramms durch heutigen Beschluss der gesch\u00e4ftsf\u00fchrenden Komplement\u00e4rin auf Grundlage der Erm\u00e4chtigung [&hellip;]<\/p>\n","protected":false},"author":4,"featured_media":0,"parent":0,"menu_order":0,"comment_status":"closed","ping_status":"closed","template":"page-full.php","meta":[],"_links":{"self":[{"href":"https:\/\/tpgholding.com\/index.php\/wp-json\/wp\/v2\/pages\/11556"}],"collection":[{"href":"https:\/\/tpgholding.com\/index.php\/wp-json\/wp\/v2\/pages"}],"about":[{"href":"https:\/\/tpgholding.com\/index.php\/wp-json\/wp\/v2\/types\/page"}],"author":[{"embeddable":true,"href":"https:\/\/tpgholding.com\/index.php\/wp-json\/wp\/v2\/users\/4"}],"replies":[{"embeddable":true,"href":"https:\/\/tpgholding.com\/index.php\/wp-json\/wp\/v2\/comments?post=11556"}],"version-history":[{"count":2,"href":"https:\/\/tpgholding.com\/index.php\/wp-json\/wp\/v2\/pages\/11556\/revisions"}],"predecessor-version":[{"id":12479,"href":"https:\/\/tpgholding.com\/index.php\/wp-json\/wp\/v2\/pages\/11556\/revisions\/12479"}],"wp:attachment":[{"href":"https:\/\/tpgholding.com\/index.php\/wp-json\/wp\/v2\/media?parent=11556"}],"curies":[{"name":"wp","href":"https:\/\/api.w.org\/{rel}","templated":true}]}}