{"id":11580,"date":"2018-04-11T11:55:26","date_gmt":"2018-04-11T09:55:26","guid":{"rendered":"http:\/\/www.german-startups.com\/?page_id=11580"},"modified":"2019-07-12T11:26:47","modified_gmt":"2019-07-12T09:26:47","slug":"pressemitteilung-vom-11-april-2018","status":"publish","type":"page","link":"https:\/\/tpgholding.com\/index.php\/pressemitteilung-vom-11-april-2018\/","title":{"rendered":"Pressemitteilung vom <br> 11. April 2018"},"content":{"rendered":"<p style=\"text-align: center;\"><img decoding=\"async\" src=\"https:\/\/tpgholding.com\/wp-content\/uploads\/2018\/08\/GS_Group_transparent-150x150.png\" alt=\"GS_Group_transparent\" \/><\/p>\n<p>&nbsp;<\/p>\n<p style=\"text-align: center; padding: 0px; margin: 0px;\">+++ Pressemitteilung +++<\/p>\n<p style=\"text-align: center; padding: 50px; margin: 0px;\"><strong>Die German Startups Group erweitert ihr Gesch\u00e4ftsmodell umfassend<\/strong><\/p>\n<ul>\n<li>&#8211; Start der Sekund\u00e4rmarktplattform zur Jahresmitte 2018<br \/>\n&#8211; \u00d6ffnung der Plattform auch f\u00fcr Produkte dritter Asset-Manager<br \/>\n&#8211; Auflage eines neuartigenGerman TechFonds<br \/>\n&#8211; Transformation vom Asset-Owner zu einem Asset-Manager und Onlinemarktplatz<\/li>\n<\/ul>\n<p><strong>Berlin, 11. April 2018 \u2013 <\/strong>Die German Startups Group, ein f\u00fchrender Venture-Capital-Investor in Deutschland und Digitalagentur mit 140 Mitarbeitern mit Sitz in Berlin, startet voraussichtlich Ende 2Q18 ihre angek\u00fcndigte Online-Matchmaking-Plattform f\u00fcr Anbieter und Nachfrager von sog. Secondary Shares an deutschen Startups. Die im November 2017 gegr\u00fcndete 100%ige Tochtergesellschaft German Startups Market GmbH (www.german-startups.market) bringt unter der Marke G|S Market\u2122 k\u00fcnftig Verkaufsinteressenten von Secondary Shares, also Startup-Anteilen in Besitz von Gr\u00fcndern, Business Angels, Mitarbeitern oder Venture Capitalists auf einer Online Plattform mit qualifizierten Anlegern als Kaufinteressenten zusammen und schafft damit Liquidit\u00e4t f\u00fcr solche bisher weitgehend illiquiden Anteile. Kaufinteressenten k\u00f6nnen nach erfolgreicher Akkreditierung auf der Plattform als (semi-)professionelle Anleger die sich bietenden Investmentopportunit\u00e4ten einsehen und \u00fcber die Plattform in Kontakt mit den jeweiligen Anbietern treten. Die Gesellschaft hat im Vorfeld umfassende Recherchen angestellt und in dessen Zusammenhang auch etliche Meinungsbildner der deutschen Startup-und VC-Szene befragt und von ihnen \u00fcberwiegend sehr positives Feedback erhalten.<\/p>\n<p>Die German Startups Group wird die Plattform auch f\u00fcr weitere Anlageformen \u00f6ffnen, wie z.B. Zeichnung und Erwerb von Anteilen neu aufgelegter sowie bereits laufender VC-Fonds, Wandeldarlehen, Venture Debt-Finanzierungen und gesamter Angel-\/VC-Portfolios,und f\u00fcr von der German Startups Group syndizierte, also gepoolte, Investments. Die neue Online Plattform soll qualifizierten Anlegern Zugang zum gesamten Spektrum von Anlagem\u00f6glichkeiten in der Assetklasse verschaffen und zwar schon mit Investmentbetr\u00e4gen ab 200 TEUR, w\u00e4hrend Direktinvestments und VC-Fonds oft erst ab siebenstelligen Mindestbetr\u00e4gen zug\u00e4nglich sind. Da die genannten Anlageformen in der Regel nicht ohne notarielle Urkunde und\/oder Zustimmung Dritter \u00fcbertragbar sind, findet das Matchmaking als \u201einvitatio ad offerandum\u201c statt. Die German Startups Group wird Vermittlungsprovisionen vereinnahmen, die im Mittel bei 5% liegen d\u00fcrften. In den USA gibt es erfolgreiche Vorbilder f\u00fcr solche Plattformen.<\/p>\n<p>Parallel beabsichtigt die German Startups Group mit einer weiteren von ihr zu 50% mitgegr\u00fcndeten Tochtergesellschaft in der zweiten Jahresh\u00e4lfte die Auflage eines passiven VC-Fondsnamens G|STech50\u2122, dessen Ziel es ist, an m\u00f6glichst vielen der Top50 wertvollsten deutschen Startups Anteile zu erwerben und damit Anlegern in einem einzigen Anteilsschein die Partizipation an einer ganzen Zahl f\u00fchrender deutscher Technologie-Wachstumsunternehmen zu erm\u00f6glichen.<\/p>\n<p>Die German Startups Group vollzieht damit eine Transformation vom Asset-Owner zu einem Asset Manager und zu einer Plattform, die Tech-Asset-Owner, VC-Asset-Manager und qualifizierte Anleger zusammenbringt und erweitert so ihr bisheriges Gesch\u00e4ftsmodell der Erzielung des Wertzuwachses von Beteiligungen in der eigenen Bilanz und der Digitalagentur um transaktionsbasierte Kommissionen, Management Fees und Carries aus Anlagen au\u00dferhalb ihrer eigenen Bilanz. Die Losl\u00f6sung von der eigenen Bilanz er\u00f6ffnet ihr ganz neue Wachstumsperspektiven, weil die Gesellschaft aufgrund des \u2013in den Augen ihres Managements im derzeitigen Aktienkurs verk\u00f6rperten \u2013deutlichen Discounts auf den NAV pro Aktie zur Vermeidung einer Verw\u00e4sserung ihrer Aktion\u00e4re zu diesen Kursen von Kapitalerh\u00f6hungen abgesehen hat und das auch weiter tut. F\u00fcr die Entwicklung vom Asset-Owner zum Asset-Manager gibt es unter deutschen Beteiligungsgesellschaften erfolgreiche Beispiele.<\/p>\n<p>CEO Christoph Gerlinger: \u201eDas Tempo und die Tragweite digitaler Disruption in allen Lebens-und Wertsch\u00f6pfungsbereichen nehmen weiter zu. Technologieinvestments werden so als Assetklasse auch f\u00fcr deutsche Anleger immer wichtiger. Entsprechend sch\u00e4tzen wir das Marktpotential des geplanten Angebots der Online Plattform G|S Market\u2122 und von weiteren, teils neuartigen VC-Fonds,wie unserem geplanten G|S Tech50\u2122,als gro\u00df ein.\u201c<\/p>\n<p>Das Bestandsportfolio der German Startups Group soll wie schon im vergangenen Jahr nur noch moderat und zielgenau erweitert und \u00fcber die n\u00e4chsten Jahre ver\u00e4u\u00dfert werden, um den darin gebundenen Net Asset Value und weitere Ver\u00e4u\u00dferungsgewinne zu realisieren und diese z.B. in Form von Aktienr\u00fcckkaufprogrammen den Aktion\u00e4ren gutzubringen. Bez\u00fcglich des Bestandsportfolios von Beteiligungen innerhalb der eigenen Bilanz profitieren die Aktion\u00e4re weiterhin von dem Verzicht der Komplement\u00e4rin auf einen Prozentpunkt des variablen Teils der ihr zustehenden Management Fee in H\u00f6he von 2,5% der Bilanzsumme. Damit d\u00fcrfte die German Startups Group im VC-Fonds-Marktvergleich g\u00fcnstig sein.<\/p>\n<p>Zum Start der neuen Gesch\u00e4ftsfelder modernisiert die Gesellschaft ferner ihr Logo und stellt die neuen Logos vor &#8211;<\/p>\n<p style=\"text-align: center;\"><a href=\"https:\/\/tpgholding.com\/wp-content\/uploads\/2018\/06\/GS_Market.jpg\" rel=\"attachment wp-att-11049\"><img decoding=\"async\" class=\"alignnone\" src=\"https:\/\/tpgholding.com\/wp-content\/uploads\/2018\/06\/GS_Market-150x150.jpg\" alt=\"GS_Market\" \/><\/a> <a href=\"https:\/\/tpgholding.com\/wp-content\/uploads\/2018\/10\/GS_Tech50.jpg\" rel=\"attachment wp-att-11582\"><img decoding=\"async\" class=\"alignnone\" src=\"https:\/\/tpgholding.com\/wp-content\/uploads\/2018\/10\/GS_Tech50-150x150.jpg\" alt=\"GS_Tech50\" \/><\/a><\/p>\n<p>&nbsp;<\/p>\n<p><strong>Investor Relations Kontakt<\/strong><br \/>\n<strong>German Startups Group<\/strong><br \/>\nMarcel Doeppes<br \/>\nir@tpgholding.com<br \/>\n<a href=\"https:\/\/tpgholding.com\/\">www.tpgholding.com<\/a><\/p>\n<p>&nbsp;<\/p>\n<p><u><a href=\"https:\/\/tpgholding.com\/wp-content\/uploads\/2018\/04\/20180411-Die-German-Startups-Group-erweitert-ihr-Geschaeftsmodell-umfassend.pdf\" rel=\"\" target=\"_blank\" rel=\"nofollow\">Hier klicken f\u00fcr die PDF-Version<\/a><\/u><\/p>\n<p>&nbsp;<\/p>\n<p><strong>German Startups Group \u2013 Wir lieben Startups!<\/strong><\/p>\n<p>Die German Startups Group ist eine b\u00f6rsennotierte Beteiligungsgesellschaft und Digitalagentur mit Sitz in Berlin und mit Fokus auf junge, schnell wachsende Unternehmen, sog. Startups. Sie erwirbt Mehrheits- und Minderheitsbeteiligungen, insb. durch Bereitstellung von Venture Capital. Ihr Fokus liegt auf Unternehmen, deren Produkte oder Gesch\u00e4ftsmodelle eine disruptive Innovation beinhalten, eine hohe Skalierbarkeit erwarten lassen und bei denen sie Vertrauen in die unternehmerischen F\u00e4higkeiten der Gr\u00fcnder hat. Der geografische Fokus liegt auf dem deutschsprachigen Raum. Seit der Aufnahme der Gesch\u00e4ftst\u00e4tigkeit im Jahr 2012 hat die German Startups Group ein ihrer Ansicht nach diversifiziertes Portfolio von Anteilen an jungen Unternehmen aufgebaut und sich zum aktivsten privaten Venture-Capital-Investor seit 2012 in Deutschland entwickelt (CB Insights 2015, PitchBook 2016). Von den 37 Minderheitsbeteiligungen an operativ t\u00e4tigen Unternehmen sind 20 f\u00fcr die Gesellschaft wesentlich und machen zusammen knapp 90% des Werts aller 37 aktiven Minderheitsbeteiligungen aus (Stand: 31.12.2017). Die 10 Fokusbeteiligungen verk\u00f6rpern zwei Drittel des Werts aller aktiven Minderheitsbeteiligungen. Nach Ansicht der Gesellschaft spiegelt das Beteiligungsportfolio einen Querschnitt von vielversprechenden deutschen Startups verschiedener Reifegrade (&#8220;Seed&#8221;, &#8220;Early&#8221; und &#8220;Growth Stage&#8221; nach Definition der Gesellschaft) wider und enth\u00e4lt manche der erfolgreichsten und bekanntesten deutschen Startups.<\/p>\n<p>&nbsp;<\/p>\n<p>Mehr Informationen unter <a href=\"https:\/\/tpgholding.com\/\">https:\/\/tpgholding.com\/<\/a>.<\/p>\n<p>&nbsp;<\/p>\n","protected":false},"excerpt":{"rendered":"<p>&nbsp; +++ Pressemitteilung +++ Die German Startups Group erweitert ihr Gesch\u00e4ftsmodell umfassend &#8211; Start der Sekund\u00e4rmarktplattform zur Jahresmitte 2018 &#8211; \u00d6ffnung der Plattform auch f\u00fcr Produkte dritter Asset-Manager &#8211; Auflage eines neuartigenGerman TechFonds &#8211; Transformation vom Asset-Owner zu einem Asset-Manager und Onlinemarktplatz Berlin, 11. April 2018 \u2013 Die German Startups Group, ein f\u00fchrender Venture-Capital-Investor in [&hellip;]<\/p>\n","protected":false},"author":4,"featured_media":0,"parent":0,"menu_order":0,"comment_status":"closed","ping_status":"closed","template":"page-full.php","meta":[],"_links":{"self":[{"href":"https:\/\/tpgholding.com\/index.php\/wp-json\/wp\/v2\/pages\/11580"}],"collection":[{"href":"https:\/\/tpgholding.com\/index.php\/wp-json\/wp\/v2\/pages"}],"about":[{"href":"https:\/\/tpgholding.com\/index.php\/wp-json\/wp\/v2\/types\/page"}],"author":[{"embeddable":true,"href":"https:\/\/tpgholding.com\/index.php\/wp-json\/wp\/v2\/users\/4"}],"replies":[{"embeddable":true,"href":"https:\/\/tpgholding.com\/index.php\/wp-json\/wp\/v2\/comments?post=11580"}],"version-history":[{"count":2,"href":"https:\/\/tpgholding.com\/index.php\/wp-json\/wp\/v2\/pages\/11580\/revisions"}],"predecessor-version":[{"id":12514,"href":"https:\/\/tpgholding.com\/index.php\/wp-json\/wp\/v2\/pages\/11580\/revisions\/12514"}],"wp:attachment":[{"href":"https:\/\/tpgholding.com\/index.php\/wp-json\/wp\/v2\/media?parent=11580"}],"curies":[{"name":"wp","href":"https:\/\/api.w.org\/{rel}","templated":true}]}}