{"id":11594,"date":"2018-03-28T10:47:03","date_gmt":"2018-03-28T08:47:03","guid":{"rendered":"http:\/\/www.german-startups.com\/?page_id=11594"},"modified":"2019-07-12T11:13:21","modified_gmt":"2019-07-12T09:13:21","slug":"ad-hoc-mitteilung-vom-28-maerz-2018","status":"publish","type":"page","link":"https:\/\/tpgholding.com\/index.php\/ad-hoc-mitteilung-vom-28-maerz-2018\/","title":{"rendered":"Ad-hoc Mitteilung vom <br> 28. M\u00e4rz 2018"},"content":{"rendered":"<p style=\"text-align: center;\"><img decoding=\"async\" src=\"https:\/\/tpgholding.com\/wp-content\/uploads\/2014\/08\/germanstartupsgroup-logo.png\" alt=\"GS_Group_old\" \/><\/p>\n<p>&nbsp;<\/p>\n<p style=\"text-align: center; padding:0px; margin:0px\">+++ Ad-hoc Mitteilung +++<\/p>\n<p style=\"text-align: center; padding:50px; margin:0px\"><strong>German Startups Group: Wieder deutlich positives Jahresergebnis in 2017, zuversichtlicher Blick auf 2018<\/strong><\/p>\n<p><strong>Berlin, 28. M\u00e4rz 2018 \u2013 <\/strong>Die German Startups Group, ein f\u00fchrender Venture-Capital-Investor in Deutschland und Digitalagentur mit 140 Mitarbeitern mit Sitz in Berlin, hat in 2017 einen Jahresgewinn von 1,7 Mio. Euro bzw. 0,14 Euro pro Aktie erzielt. Die Gesellschaft hat sich dabei entschieden, in 2017 entgegen den Vorjahren keine weiteren latenten Steuern zu aktivieren. Somit verbucht die Gesellschaft den aus dem Aufbau steuerlicher Verlustvortr\u00e4ge resultierenden Steuerertrag 2017 von 0,04 Euro pro Aktie entgegen ihrer Planung nicht, sondern nimmt den entsprechenden negativen Ergebniseffekt in Kauf. Das Eigenkapital per 31.12.2017 bel\u00e4uft sich auf 31,1 Mio. Euro bzw. 2,60 Euro pro Aktie (IFRS). Darin nicht enthalten sind stille Reserven aus dem Wertzuwachs der Mehrheitsbeteiligung Exozet seit ihrer Eingehung und ein etwaiger Wertzuwachs der Anteile an Startups, die zum fremdobjektivierten Wert in die Bilanz aufgenommen wurden und bei denen die zur Fremdobjektivierung herangezogenen Transaktionen zeitlich schon l\u00e4nger zur\u00fcckliegen.<\/p>\n<p>Christoph Gerlinger, CEO der German Startups Group, kommentiert: \u201e2017 war f\u00fcr uns ein erfreuliches Jahr. So konnten wir mit Delivery Hero einen der gr\u00f6\u00dften B\u00f6rseng\u00e4nge in 2017 feiern. Daneben gelang es uns, unseren bisher gr\u00f6\u00dften Exit durch den Verkauf unserer Anteile an Scalable Capital zu generieren, mit dem wir ein Multiple von 11x realisiert haben. Dar\u00fcber hinaus konnten wir weitere Beteiligungen an namhaften Startups wie CRX Markets, realbest, Pyreg und eWings mit Gewinn ver\u00e4u\u00dfern.\u201c<\/p>\n<p>Bei den Kosten bleibt die Gesellschaft weiterhin diszipliniert. Parallel zum Ausscheiden von Nikolas Samios als Prokurist und seiner Cooperativa Venture Services als Dienstleister hat die gesch\u00e4ftsf\u00fchrende Komplement\u00e4rin der German Startups Group ab Juli 2017 zu Gunsten der Aktion\u00e4re der Gesellschaft auf einen Prozentpunkt des variablen Anteils der ihr zustehenden Management-Fee von sonst 2,5% der Einzelbilanzsumme (IFRS), also auf 40% ihrer variablen Erl\u00f6se verzichtet sowie die bis dato teils aufgebl\u00e4hten internen Verwaltungsprozesse deutlich verschlankt. Zudem ist es der German Startups Group gelungen, auch bei anderen Kostenarten substantielle Einsparungen zu erzielen.<\/p>\n<p>Im Hinblick auf ihre Beteiligungen an einigen der bekanntesten und erfolgreichsten deutschen Wachstumsunternehmen wie Chrono24 und Mister Spex und die bereits angek\u00fcndigte deutliche Erweiterung ihres Gesch\u00e4ftsmodells blickt die German Startups Group mit gro\u00dfer Zuversicht in das Jahr 2018.<\/p>\n<p>Die German Startups Group wird ihren Gesch\u00e4ftsbericht 2017 Ende April 2018 ver\u00f6ffentlichen.<\/p>\n<p>&nbsp;<\/p>\n<p><strong>Investor Relations Kontakt<\/strong><br \/>\n<strong>German Startups Group<\/strong><br \/>\nMarcel Doeppes<br \/>\nir@tpgholding.com<br \/>\n<a href=\"https:\/\/tpgholding.com\/\">www.tpgholding.com<\/a><\/p>\n<p>&nbsp;<\/p>\n<p><u><a href=\"https:\/\/tpgholding.com\/wp-content\/uploads\/2018\/03\/20180328-German-Startups-Group-Jahresergebnis-2017.pdf\"rel=\"\" target=\"_blank\" rel=\"nofollow\">Hier klicken f\u00fcr die PDF-Version<\/a><\/u><\/p>\n<p>&nbsp;<\/p>\n<p><strong>German Startups Group \u2013 Wir lieben Startups!<\/strong><\/p>\n<p>Die German Startups Group ist eine b\u00f6rsennotierte Beteiligungsgesellschaft und Digitalagentur mit Sitz in Berlin und mit Fokus auf junge, schnell wachsende Unternehmen, sog. Startups. Sie erwirbt Mehrheits- und Minderheitsbeteiligungen, insb. durch Bereitstellung von Venture Capital. Ihr Fokus liegt auf Unternehmen, deren Produkte oder Gesch\u00e4ftsmodelle eine disruptive Innovation beinhalten, eine hohe Skalierbarkeit erwarten lassen und bei denen sie Vertrauen in die unternehmerischen F\u00e4higkeiten der Gr\u00fcnder hat. Der geografische Fokus liegt auf dem deutschsprachigen Raum. Seit der Aufnahme der Gesch\u00e4ftst\u00e4tigkeit im Jahr 2012 hat die German Startups Group ein ihrer Ansicht nach diversifiziertes Portfolio von Anteilen an jungen Unternehmen aufgebaut und sich zum aktivsten privaten Venture-Capital-Investor seit 2012 in Deutschland entwickelt (CB Insights 2015, PitchBook 2016). Von den 37 Minderheitsbeteiligungen an operativ t\u00e4tigen Unternehmen sind 20 f\u00fcr die Gesellschaft wesentlich und machen zusammen knapp 90% des Werts aller 37 aktiven Minderheitsbeteiligungen aus (Stand: 31.12.2017). Die 10 Fokusbeteiligungen verk\u00f6rpern zwei Drittel des Werts aller aktiven Minderheitsbeteiligungen. Nach Ansicht der Gesellschaft spiegelt das Beteiligungsportfolio einen Querschnitt von vielversprechenden deutschen Startups verschiedener Reifegrade (&#8220;Seed&#8221;, &#8220;Early&#8221; und &#8220;Growth Stage&#8221; nach Definition der Gesellschaft) wider und enth\u00e4lt manche der erfolgreichsten und bekanntesten deutschen Startups.<\/p>\n<p>&nbsp;<\/p>\n<p>Mehr Informationen unter <a href=\"https:\/\/tpgholding.com\/\">https:\/\/tpgholding.com\/<\/a>.<\/p>\n<p>&nbsp;<\/p>\n","protected":false},"excerpt":{"rendered":"<p>&nbsp; +++ Ad-hoc Mitteilung +++ German Startups Group: Wieder deutlich positives Jahresergebnis in 2017, zuversichtlicher Blick auf 2018 Berlin, 28. M\u00e4rz 2018 \u2013 Die German Startups Group, ein f\u00fchrender Venture-Capital-Investor in Deutschland und Digitalagentur mit 140 Mitarbeitern mit Sitz in Berlin, hat in 2017 einen Jahresgewinn von 1,7 Mio. Euro bzw. 0,14 Euro pro Aktie [&hellip;]<\/p>\n","protected":false},"author":4,"featured_media":0,"parent":0,"menu_order":0,"comment_status":"closed","ping_status":"closed","template":"page-full.php","meta":[],"_links":{"self":[{"href":"https:\/\/tpgholding.com\/index.php\/wp-json\/wp\/v2\/pages\/11594"}],"collection":[{"href":"https:\/\/tpgholding.com\/index.php\/wp-json\/wp\/v2\/pages"}],"about":[{"href":"https:\/\/tpgholding.com\/index.php\/wp-json\/wp\/v2\/types\/page"}],"author":[{"embeddable":true,"href":"https:\/\/tpgholding.com\/index.php\/wp-json\/wp\/v2\/users\/4"}],"replies":[{"embeddable":true,"href":"https:\/\/tpgholding.com\/index.php\/wp-json\/wp\/v2\/comments?post=11594"}],"version-history":[{"count":1,"href":"https:\/\/tpgholding.com\/index.php\/wp-json\/wp\/v2\/pages\/11594\/revisions"}],"predecessor-version":[{"id":12477,"href":"https:\/\/tpgholding.com\/index.php\/wp-json\/wp\/v2\/pages\/11594\/revisions\/12477"}],"wp:attachment":[{"href":"https:\/\/tpgholding.com\/index.php\/wp-json\/wp\/v2\/media?parent=11594"}],"curies":[{"name":"wp","href":"https:\/\/api.w.org\/{rel}","templated":true}]}}