{"id":11599,"date":"2018-03-02T11:42:59","date_gmt":"2018-03-02T10:42:59","guid":{"rendered":"http:\/\/www.german-startups.com\/?page_id=11599"},"modified":"2019-07-12T11:04:44","modified_gmt":"2019-07-12T09:04:44","slug":"pressemitteilung-vom-2-maerz-2018","status":"publish","type":"page","link":"https:\/\/tpgholding.com\/index.php\/pressemitteilung-vom-2-maerz-2018\/","title":{"rendered":"Pressemitteilung vom <br> 2. M\u00e4rz 2018"},"content":{"rendered":"<p style=\"text-align: center;\"><img decoding=\"async\" src=\"https:\/\/tpgholding.com\/wp-content\/uploads\/2014\/08\/germanstartupsgroup-logo.png\" alt=\"GS_Group_old\" \/><\/p>\n<p>&nbsp;<\/p>\n<p style=\"text-align: center; padding:0px; margin:0px\">+++ Pressemitteilung +++<\/p>\n<p style=\"text-align: center; padding:50px; margin:0px\"><strong>German Startups Group erwirbt eine Beteiligung an Chrono24, dem weltweit f\u00fchrenden Onlinemarktplatz f\u00fcr Luxusuhren<\/strong><\/p>\n<p><strong>Berlin, 2. M\u00e4rz 2018 \u2013 <\/strong>Die German Startups Group, ein f\u00fchrender Venture-Capital-Investor in Deutschland und Digitalagentur mit 140 Mitarbeitern mit Sitz in Berlin, geht eine mittelbare Beteiligung an dem weltweit f\u00fchrenden Onlinemarktplatz f\u00fcr Luxusuhren, Chrono24, mit Sitz in Karlsruhe ein. Das 2003 gegr\u00fcndete Unternehmen geh\u00f6rt sowohl unter Uhrenliebhabern als auch H\u00e4ndlern weltweit als erste Online-Adresse, wenn es um neue und gebrauchte Luxusuhren geht. 2017 betrug der Wert der \u00fcber Chrono24 vermittelten Uhren mehr als 1 Mrd. EUR. Chrono24 sch\u00e4tzt, dass jeder dritte Luxusuhrenliebhaber weltweit Chrono24 nutzt. <\/p>\n<p>Die German Startups Group erwirbt 2,1% der Gesellschaftsanteile von einem der Gesellschafter der Chrono24, der sie weiterhin treuh\u00e4nderisch f\u00fcr die German Startups Group halten wird. Die German Startups Group folgt damit ihrer Strategie, auch Secondary Shares von reifen, etablierten Wachstumsunternehmen zu kaufen und so bei gemindertem Risiko an der weiteren Wertsteigerung zu partizipieren. Die Deal Terms der Transaktion waren bereits im Sp\u00e4tsommer 2017 vorvereinbart worden. Im Beteiligungsportfolio der Gesellschaft stellt Chrono24 eine Fokusbeteiligung dar.<\/p>\n<p>Chrono24 hat sich zu weiten Teilen selbst finanziert. Zuletzt hatte 2015 u.a. Insight Ventures aus New York insgesamt 21 Mio. EUR in einer Series-A-Runde investiert.<\/p>\n<p>&nbsp;<\/p>\n<p><strong>Investor Relations Kontakt<\/strong><br \/>\n<strong>German Startups Group<\/strong><br \/>\nMarcel Doeppes<br \/>\nir@tpgholding.com<br \/>\n<a href=\"https:\/\/tpgholding.com\/\">www.tpgholding.com<\/a><\/p>\n<p>&nbsp;<\/p>\n<p><u><a href=\"https:\/\/tpgholding.com\/wp-content\/uploads\/2018\/07\/2018-07-19_GSG-_PM_GSG_kommt_bei_der_Erweiterung_ihres_Geschaeftsmodells_zuegig_voran.pdf\" rel=\"\" target=\"_blank\" rel=\"nofollow\">Hier klicken f\u00fcr die PDF-Version<\/a><\/u><\/p>\n<p>&nbsp;<\/p>\n<p><strong>German Startups Group \u2013 Wir lieben Startups!<\/strong><\/p>\n<p>Die German Startups Group ist eine b\u00f6rsennotierte Beteiligungsgesellschaft und Digitalagentur mit Sitz in Berlin und mit Fokus auf junge, schnell wachsende Unternehmen, sog. Startups. Sie erwirbt Mehrheits- und Minderheitsbeteiligungen, insb. durch Bereitstellung von Venture Capital. Ihr Fokus liegt auf Unternehmen, deren Produkte oder Gesch\u00e4ftsmodelle eine disruptive Innovation beinhalten, eine hohe Skalierbarkeit erwarten lassen und bei denen sie Vertrauen in die unternehmerischen F\u00e4higkeiten der Gr\u00fcnder hat. Der geografische Fokus liegt auf dem deutschsprachigen Raum. Seit der Aufnahme der Gesch\u00e4ftst\u00e4tigkeit im Jahr 2012 hat die German Startups Group ein ihrer Ansicht nach diversifiziertes Portfolio von Anteilen an jungen Unternehmen aufgebaut und sich zum aktivsten privaten Venture-Capital-Investor seit 2012 in Deutschland entwickelt (CB Insights 2015, PitchBook 2016). Von den 37 Minderheitsbeteiligungen an operativ t\u00e4tigen Unternehmen sind 20 f\u00fcr die Gesellschaft wesentlich und machen zusammen knapp 90% des Werts aller 37 aktiven Minderheitsbeteiligungen aus (Stand: 31.12.2017). Die 10 Fokusbeteiligungen verk\u00f6rpern zwei Drittel des Werts aller aktiven Minderheitsbeteiligungen. Nach Ansicht der Gesellschaft spiegelt das Beteiligungsportfolio einen Querschnitt von vielversprechenden deutschen Startups verschiedener Reifegrade (&#8220;Seed&#8221;, &#8220;Early&#8221; und &#8220;Growth Stage&#8221; nach Definition der Gesellschaft) wider und enth\u00e4lt manche der erfolgreichsten und bekanntesten deutschen Startups.<\/p>\n<p>&nbsp;<\/p>\n<p>Mehr Informationen unter <a href=\"https:\/\/tpgholding.com\/\">https:\/\/tpgholding.com\/<\/a>.<\/p>\n<p>&nbsp;<\/p>\n","protected":false},"excerpt":{"rendered":"<p>&nbsp; +++ Pressemitteilung +++ German Startups Group erwirbt eine Beteiligung an Chrono24, dem weltweit f\u00fchrenden Onlinemarktplatz f\u00fcr Luxusuhren Berlin, 2. M\u00e4rz 2018 \u2013 Die German Startups Group, ein f\u00fchrender Venture-Capital-Investor in Deutschland und Digitalagentur mit 140 Mitarbeitern mit Sitz in Berlin, geht eine mittelbare Beteiligung an dem weltweit f\u00fchrenden Onlinemarktplatz f\u00fcr Luxusuhren, Chrono24, mit Sitz [&hellip;]<\/p>\n","protected":false},"author":4,"featured_media":0,"parent":0,"menu_order":0,"comment_status":"closed","ping_status":"closed","template":"page-full.php","meta":[],"_links":{"self":[{"href":"https:\/\/tpgholding.com\/index.php\/wp-json\/wp\/v2\/pages\/11599"}],"collection":[{"href":"https:\/\/tpgholding.com\/index.php\/wp-json\/wp\/v2\/pages"}],"about":[{"href":"https:\/\/tpgholding.com\/index.php\/wp-json\/wp\/v2\/types\/page"}],"author":[{"embeddable":true,"href":"https:\/\/tpgholding.com\/index.php\/wp-json\/wp\/v2\/users\/4"}],"replies":[{"embeddable":true,"href":"https:\/\/tpgholding.com\/index.php\/wp-json\/wp\/v2\/comments?post=11599"}],"version-history":[{"count":1,"href":"https:\/\/tpgholding.com\/index.php\/wp-json\/wp\/v2\/pages\/11599\/revisions"}],"predecessor-version":[{"id":12461,"href":"https:\/\/tpgholding.com\/index.php\/wp-json\/wp\/v2\/pages\/11599\/revisions\/12461"}],"wp:attachment":[{"href":"https:\/\/tpgholding.com\/index.php\/wp-json\/wp\/v2\/media?parent=11599"}],"curies":[{"name":"wp","href":"https:\/\/api.w.org\/{rel}","templated":true}]}}