{"id":11603,"date":"2018-02-13T10:34:04","date_gmt":"2018-02-13T09:34:04","guid":{"rendered":"http:\/\/www.german-startups.com\/?page_id=11603"},"modified":"2019-07-12T10:49:20","modified_gmt":"2019-07-12T08:49:20","slug":"ad-hoc-mitteilung-vom-13-februar-2018","status":"publish","type":"page","link":"https:\/\/tpgholding.com\/index.php\/ad-hoc-mitteilung-vom-13-februar-2018\/","title":{"rendered":"Ad-hoc Mitteilung vom <br> 13. Februar 2018"},"content":{"rendered":"<p style=\"text-align: center;\"><img decoding=\"async\" src=\"https:\/\/tpgholding.com\/wp-content\/uploads\/2014\/08\/germanstartupsgroup-logo.png\" alt=\"GS_Group_old\" \/><\/p>\n<p>&nbsp;<\/p>\n<p style=\"text-align: center; padding:0px; margin:0px\">+++ Ad-hoc Mitteilung +++<\/p>\n<p style=\"text-align: center; padding:50px; margin:0px\"><strong>German Startups Group plant Ausgabe einer Wandelanleihe<\/strong><\/p>\n<p><strong>Berlin, 13. Februar 2018 \u2013 <\/strong>Die German Startups Group beabsichtigt, eine Wandelanleihe \u00fcber 3 Mio. EUR unter Ausschluss des Bezugsrechts der Aktion\u00e4re auszugeben. Die Anleihe soll in bis zu 1.198.440 Aktien wandelbar sein, die Laufzeit 5 Jahre, der Zins 8% p.a. und der Wandlungskurs 2,50 EUR pro Aktie betragen. Ein Zeichnungsinteressent beabsichtigt die vollst\u00e4ndige Zeichnung. Die einzelnen Anleihebedingungen werden noch ausgehandelt. Die Ausgabe steht ferner noch unter dem Vorbehalt der Zustimmung des Aufsichtsrats der Gesellschaft.<\/p>\n<p>&nbsp;<\/p>\n<p><strong>Investor Relations Kontakt<\/strong><br \/>\n<strong>German Startups Group<\/strong><br \/>\nMarcel Doeppes<br \/>\nir@tpgholding.com<br \/>\n<a href=\"https:\/\/tpgholding.com\/\">www.tpgholding.com<\/a><\/p>\n<p>&nbsp;<\/p>\n<p><u><a href=\"http:\/\/p261562.mittwaldserver.info\/fileadmin\/user_upload\/documents\/20180213_German_Startups_Group_plant_Ausgabe_einer_Wandelanleihe.pdf\" rel=\"nofollow\" target=\"_blank\" class=\"broken_link\">Hier klicken f\u00fcr die PDF-Version<\/a><\/u><\/p>\n<p>&nbsp;<\/p>\n<p><strong>German Startups Group \u2013 Wir lieben Startups!<\/strong><\/p>\n<p>Die German Startups Group ist eine b\u00f6rsennotierte Beteiligungsgesellschaft und Digitalagentur mit Sitz in Berlin und mit Fokus auf junge, schnell wachsende Unternehmen, sog. Startups. Sie erwirbt Mehrheits- und Minderheitsbeteiligungen, insb. durch Bereitstellung von Venture Capital. Ihr Fokus liegt auf Unternehmen, deren Produkte oder Gesch\u00e4ftsmodelle eine disruptive Innovation beinhalten, eine hohe Skalierbarkeit erwarten lassen und bei denen sie Vertrauen in die unternehmerischen F\u00e4higkeiten der Gr\u00fcnder hat. Der geografische Fokus liegt auf dem deutschsprachigen Raum. Seit der Aufnahme der Gesch\u00e4ftst\u00e4tigkeit im Jahr 2012 hat die German Startups Group ein ihrer Ansicht nach diversifiziertes Portfolio von Anteilen an jungen Unternehmen aufgebaut und sich zum aktivsten privaten Venture-Capital-Investor seit 2012 in Deutschland entwickelt (CB Insights 2015, PitchBook 2016). Von den 42 Minderheitsbeteiligungen an operativ t\u00e4tigen Unternehmen sind 22 f\u00fcr die Gesellschaft wesentlich und machen zusammen 89% des Werts aller 42 aktiven Minderheitsbeteiligungen aus. Die 10 Fokusbeteiligungen verk\u00f6rpern 61% des Werts aller aktiven Minderheitsbeteiligungen. Nach Ansicht der Gesellschaft spiegelt das Beteiligungsportfolio einen Querschnitt von vielversprechenden deutschen Startups verschiedener Reifegrade (&#8220;Seed&#8221;, &#8220;Early&#8221; und &#8220;Growth Stage&#8221; nach Definition der Gesellschaft) wider und enth\u00e4lt manche der erfolgreichsten und bekanntesten deutschen Startups.<\/p>\n<p>&nbsp;<\/p>\n<p>Mehr Informationen unter <a href=\"https:\/\/tpgholding.com\/\">https:\/\/tpgholding.com\/<\/a>.<\/p>\n<p>&nbsp;<\/p>\n","protected":false},"excerpt":{"rendered":"<p>&nbsp; +++ Ad-hoc Mitteilung +++ German Startups Group plant Ausgabe einer Wandelanleihe Berlin, 13. Februar 2018 \u2013 Die German Startups Group beabsichtigt, eine Wandelanleihe \u00fcber 3 Mio. EUR unter Ausschluss des Bezugsrechts der Aktion\u00e4re auszugeben. Die Anleihe soll in bis zu 1.198.440 Aktien wandelbar sein, die Laufzeit 5 Jahre, der Zins 8% p.a. und der [&hellip;]<\/p>\n","protected":false},"author":4,"featured_media":0,"parent":0,"menu_order":0,"comment_status":"closed","ping_status":"closed","template":"page-full.php","meta":[],"_links":{"self":[{"href":"https:\/\/tpgholding.com\/index.php\/wp-json\/wp\/v2\/pages\/11603"}],"collection":[{"href":"https:\/\/tpgholding.com\/index.php\/wp-json\/wp\/v2\/pages"}],"about":[{"href":"https:\/\/tpgholding.com\/index.php\/wp-json\/wp\/v2\/types\/page"}],"author":[{"embeddable":true,"href":"https:\/\/tpgholding.com\/index.php\/wp-json\/wp\/v2\/users\/4"}],"replies":[{"embeddable":true,"href":"https:\/\/tpgholding.com\/index.php\/wp-json\/wp\/v2\/comments?post=11603"}],"version-history":[{"count":2,"href":"https:\/\/tpgholding.com\/index.php\/wp-json\/wp\/v2\/pages\/11603\/revisions"}],"predecessor-version":[{"id":12430,"href":"https:\/\/tpgholding.com\/index.php\/wp-json\/wp\/v2\/pages\/11603\/revisions\/12430"}],"wp:attachment":[{"href":"https:\/\/tpgholding.com\/index.php\/wp-json\/wp\/v2\/media?parent=11603"}],"curies":[{"name":"wp","href":"https:\/\/api.w.org\/{rel}","templated":true}]}}