{"id":11612,"date":"2018-02-22T11:31:23","date_gmt":"2018-02-22T10:31:23","guid":{"rendered":"http:\/\/www.german-startups.com\/?page_id=11612"},"modified":"2019-07-12T10:54:52","modified_gmt":"2019-07-12T08:54:52","slug":"pressemitteilung-vom-22-februar-2018","status":"publish","type":"page","link":"https:\/\/tpgholding.com\/index.php\/pressemitteilung-vom-22-februar-2018\/","title":{"rendered":"Pressemitteilung vom <br> 22. Februar 2018"},"content":{"rendered":"<p style=\"text-align: center;\"><img decoding=\"async\" src=\"https:\/\/tpgholding.com\/wp-content\/uploads\/2014\/08\/germanstartupsgroup-logo.png\" alt=\"GS_Group_old\" \/><\/p>\n<p>&nbsp;<\/p>\n<p style=\"text-align: center; padding: 0px; margin: 0px;\">+++ Pressemitteilung +++<\/p>\n<p style=\"text-align: center; padding: 50px; margin: 0px;\"><strong>Obotritia Capital steigt bei der German Startups Group ein<\/strong><\/p>\n<p><strong>Berlin, 22. Februar 2018 \u2013 <\/strong>Die Obotritia Capital KGaA, Potsdam, die Beteiligungsgesellschaft des erfolgreichen Investors Rolf Elgeti mit Fokus auf Immobilien und Tech Investments, steigt mit rund 8% Anteil bei der German Startups Group ein. Obotritia hat au\u00dferb\u00f6rslich ein Aktienpaket eines Aktion\u00e4rs der German Startups Group erworben. Zu weiteren Investments der Obotritia in b\u00f6rsennotierte Tech-Unternehmen z\u00e4hlt u.a. der VR Spezialist Staramba AG in Berlin via der Obotritia-Tochtergesellschaft Hevella Capital.<\/p>\n<p>&nbsp;<\/p>\n<p><strong>Investor Relations Kontakt<\/strong><br \/>\n<strong>German Startups Group<\/strong><br \/>\nMarcel Doeppes<br \/>\nir@tpgholding.com<br \/>\n<a href=\"https:\/\/tpgholding.com\/\">www.tpgholding.com<\/a><\/p>\n<p>&nbsp;<\/p>\n<p><u><a href=\"https:\/\/tpgholding.com\/wp-content\/uploads\/2018\/02\/20180222-Obotritia-Capital-steigt-bei-German-Startups-Group-ein.pdf\" rel=\"\" target=\"_blank\" rel=\"nofollow\">Hier klicken f\u00fcr die PDF-Version<\/a><\/u><\/p>\n<p>&nbsp;<\/p>\n<p><strong>German Startups Group \u2013 Wir lieben Startups!<\/strong><\/p>\n<p>Die German Startups Group ist eine b\u00f6rsennotierte Beteiligungsgesellschaft und Digitalagentur mit Sitz in Berlin und mit Fokus auf junge, schnell wachsende Unternehmen, sog. Startups. Sie erwirbt Mehrheits-und Minderheitsbeteiligungen, insb. durch Bereitstellung von Venture Capital. Ihr Fokus liegt auf Unternehmen, deren Produkte oder Gesch\u00e4ftsmodelle eine disruptive Innovation beinhalten, eine hohe Skalierbarkeit erwarten lassen und bei denen sie Vertrauen in die unternehmerischen F\u00e4higkeiten der Gr\u00fcnder hat. Der geografische Fokus liegt auf dem deutschsprachigen Raum. Seit der Aufnahme der Gesch\u00e4ftst\u00e4tigkeit im Jahr 2012 hat die German Startups Group ein ihrer Ansicht nach diversifiziertes Portfolio von Anteilen an jungen Unternehmen aufgebaut und sich zum aktivsten privaten Venture-Capital-Investor seit 2012 in Deutschland entwickelt (CB Insights 2015, PitchBook 2016). Von den 37 Minderheitsbeteiligungen an operativ t\u00e4tigen Unternehmen sind 20 f\u00fcr die Gesellschaft wesentlich und machen zusammen 89% des Werts aller 37 aktiven Minderheitsbeteiligungen aus. Die 10 Fokusbeteiligungen verk\u00f6rpern 67% des Werts aller aktiven Minderheitsbeteiligungen. Nach Ansicht der Gesellschaft spiegelt das Beteiligungsportfolio einen Querschnitt von vielversprechenden deutschen Startups verschiedener Reifegrade (&#8220;Seed&#8221;, &#8220;Early&#8221; und &#8220;Growth Stage&#8221; nach Definition der Gesellschaft) wider und enth\u00e4lt manche der erfolgreichsten und bekanntesten deutschen Startups.<\/p>\n<p>&nbsp;<\/p>\n<p>Mehr Informationen unter <a href=\"https:\/\/tpgholding.com\/\">https:\/\/tpgholding.com\/<\/a>.<\/p>\n<p>&nbsp;<\/p>\n","protected":false},"excerpt":{"rendered":"<p>&nbsp; +++ Pressemitteilung +++ Obotritia Capital steigt bei der German Startups Group ein Berlin, 22. Februar 2018 \u2013 Die Obotritia Capital KGaA, Potsdam, die Beteiligungsgesellschaft des erfolgreichen Investors Rolf Elgeti mit Fokus auf Immobilien und Tech Investments, steigt mit rund 8% Anteil bei der German Startups Group ein. Obotritia hat au\u00dferb\u00f6rslich ein Aktienpaket eines Aktion\u00e4rs [&hellip;]<\/p>\n","protected":false},"author":4,"featured_media":0,"parent":0,"menu_order":0,"comment_status":"closed","ping_status":"closed","template":"page-full.php","meta":[],"_links":{"self":[{"href":"https:\/\/tpgholding.com\/index.php\/wp-json\/wp\/v2\/pages\/11612"}],"collection":[{"href":"https:\/\/tpgholding.com\/index.php\/wp-json\/wp\/v2\/pages"}],"about":[{"href":"https:\/\/tpgholding.com\/index.php\/wp-json\/wp\/v2\/types\/page"}],"author":[{"embeddable":true,"href":"https:\/\/tpgholding.com\/index.php\/wp-json\/wp\/v2\/users\/4"}],"replies":[{"embeddable":true,"href":"https:\/\/tpgholding.com\/index.php\/wp-json\/wp\/v2\/comments?post=11612"}],"version-history":[{"count":1,"href":"https:\/\/tpgholding.com\/index.php\/wp-json\/wp\/v2\/pages\/11612\/revisions"}],"predecessor-version":[{"id":12453,"href":"https:\/\/tpgholding.com\/index.php\/wp-json\/wp\/v2\/pages\/11612\/revisions\/12453"}],"wp:attachment":[{"href":"https:\/\/tpgholding.com\/index.php\/wp-json\/wp\/v2\/media?parent=11612"}],"curies":[{"name":"wp","href":"https:\/\/api.w.org\/{rel}","templated":true}]}}