{"id":11616,"date":"2017-12-22T11:30:35","date_gmt":"2017-12-22T10:30:35","guid":{"rendered":"http:\/\/www.german-startups.com\/?page_id=11616"},"modified":"2019-07-12T10:55:21","modified_gmt":"2019-07-12T08:55:21","slug":"pressemitteilung-vom-22-dezember-2017","status":"publish","type":"page","link":"https:\/\/tpgholding.com\/index.php\/pressemitteilung-vom-22-dezember-2017\/","title":{"rendered":"Pressemitteilung vom <br> 22. Dezember 2017"},"content":{"rendered":"<p style=\"text-align: center;\"><img decoding=\"async\" src=\"https:\/\/tpgholding.com\/wp-content\/uploads\/2014\/08\/germanstartupsgroup-logo.png\" alt=\"GS_Group_old\" \/><\/p>\n<p>&nbsp;<\/p>\n<p style=\"text-align: center; padding: 0px; margin: 0px;\">+++ Pressemitteilung +++<\/p>\n<p style=\"text-align: center; padding: 50px; margin: 0px;\"><strong>German Startups Group blickt auf ein erfolgreiches Jahr 2017 zur\u00fcck und gibt Ausblick auf 2018<\/strong><\/p>\n<p><strong>Berlin, 22. Dezember 2017 \u2013 <\/strong>Das Management der German Startups Group, einem f\u00fchrenden Venture-Capital-Investor in Deutschland und Digitalagentur mit 140 Mitarbeitern mit Sitz in Berlin, erwartet f\u00fcr das Gesamtgesch\u00e4ftsjahr 2017 vorl\u00e4ufig einen Nettogewinn von mindestens 0,20 pro Aktie (IFRS Konzern). Die Gesellschaft hat k\u00fcrzlich einen weiteren Teil ihrer Darlehensverbindlichkeiten aus zugeflossenen Ver\u00e4u\u00dferungserl\u00f6sen getilgt.<\/p>\n<p>Im Oktober 2017 hat sich die German Startups Group an Stryking Entertainment, dem Anbieter einer neuartigen Onlinespiel-Plattform f\u00fcr Fu\u00dfball-Fans (www.football-stars.com) beteiligt, das \u00fcber eine offizielle Lizenz der Bundesliga verf\u00fcgt und mit dem verbreiteten Fu\u00dfballmagazin \u201eKicker\u201c kooperiert. Stryking erlaubt es den Spielern, mit einem selbst zusammengestellten Team real existierender Spieler auf den realen Spielerfolg einzelner Spieler zu tippen und so Coins und andere Dinge zu gewinnen. Des Weiteren hat die Gesellschaft im November ein Follow-on Investment bei TVSmiles get\u00e4tigt und ihre f\u00fcr sie unwesentliche Beteiligung an gonetto ver\u00e4u\u00dfert.<\/p>\n<p>Anfang 2018 plant die Gesellschaft neben weiteren Follow-on Investments den bereits weitgehend ausgehandelten Erwerb der Beteiligung an einem weiteren reiferen und sehr erfolgreichen deutschen Wachstumsunternehmen, das in Marktbedeutung und Bekanntheit mit dem Portfoliounternehmen MisterSpex vergleichbar ist. MisterSpex ist der gr\u00f6\u00dfte Online-Brillen-und Kontaktlinsenh\u00e4ndler in Europa und expandiert stark. Auch das neue Portfoliounternehmen w\u00fcrde gemessen am Portfoliogewicht eine Fokusbeteiligung der Gesellschaft darstellen.<\/p>\n<p>Ferner besch\u00e4ftigt sich die German Startups Group derzeit intensiv mit der Frage, wie die Zukunft des Digitalagentur-und des Venture Capital-Gesch\u00e4fts in Anbetracht j\u00fcngerer disruptiver Trends wie Crowdfunding, Crowdinvesting und Crowdsourcing sowie neuer Basistechnologien wie der Blockchain und der daraus hervorgegangenen Kryptow\u00e4hrungen aussehen k\u00f6nnte. Ein wesentliches Element der Antwort wird die bereits angek\u00fcndigte Sekund\u00e4rmarktplattform German Startups Market verk\u00f6rpern, f\u00fcr deren Schaffung die German Startups Group eine 100%ige Tochtergesellschaft namens German Startups Market GmbH gegr\u00fcndet, ein rechtliches und regulatorisches Konzept ausgearbeitet und eine gleichlautende Marke angemeldet hat (www.german-startups.market). So strebt die Gesellschaft weiteres Ertragswachstum au\u00dferhalb ihrer Bilanz an, also ohne Durchf\u00fchrung von Kapitalerh\u00f6hungen.<\/p>\n<p>&nbsp;<\/p>\n<p><strong>Investor Relations Kontakt<\/strong><br \/>\n<strong>German Startups Group<\/strong><br \/>\nMarcel Doeppes<br \/>\nir@tpgholding.com<br \/>\n<a href=\"https:\/\/tpgholding.com\/\">www.tpgholding.com<\/a><\/p>\n<p>&nbsp;<\/p>\n<p><u><a href=\"https:\/\/tpgholding.com\/wp-content\/uploads\/2017\/12\/20171222-German-Startups-Group-blickt-auf-ein-erfolgreiches-Jahr-2017-zurueck-und-gibt-Ausblick-auf-2018.pdf\" rel=\"\" target=\"_blank\" rel=\"nofollow\">Hier klicken f\u00fcr die PDF-Version<\/a><\/u><\/p>\n<p>&nbsp;<\/p>\n<p><strong>German Startups Group \u2013 Wir lieben Startups!<\/strong><\/p>\n<p>Die German Startups Group ist eine b\u00f6rsennotierte Beteiligungsgesellschaft mit Sitz in Berlin und mit Fokus auf junge, schnell wachsende Unternehmen, sog. Startups. Sie erwirbt Mehrheits- und Minderheitsbeteiligungen, insb. durch Bereitstellung von Venture Capital. Die Portfoliounternehmen der German Startups Group k\u00f6nnen zudem unter anderem bei Strategieentwicklung, im Hinblick auf Finanzierungsrunden, Restrukturierungsnotwendigkeiten, M&amp;A-Transaktionen oder dem Unternehmensverkauf einschlie\u00dflich eines m\u00f6glichen B\u00f6rsengangs von der Expertise, der Erfahrung und dem Netzwerk des Teams der German Startups Group profitieren. Nach eigener Einsch\u00e4tzung stellt die German Startups Group den Startups im Rahmen des Anteilserwerbs damit sog. &#8220;Smart Money&#8221; zur Verf\u00fcgung. Ihr Fokus liegt auf Unternehmen, deren Produkte oder Gesch\u00e4ftsmodelle eine disruptive Innovation aufweisen, eine hohe Skalierbarkeit erwarten lassen und bei denen sie Vertrauen in die unternehmerischen F\u00e4higkeiten der Gr\u00fcnder hat, zu denen sie nach eigener Einsch\u00e4tzung aufgrund ihrer engen Beziehungen zu relevanten Akteuren der Startup-Szene fr\u00fchen Zugang erh\u00e4lt. Der geografische Fokus liegt auf dem deutschsprachigen Raum. Seit der Aufnahme der Gesch\u00e4ftst\u00e4tigkeit im Jahr 2012 hat die German Startups Group ein ihrer Ansicht nach diversifiziertes Portfolio von Anteilen an jungen Unternehmen aufgebaut und sich zum aktivsten privaten Venture-Capital-Investor seit 2012 in Deutschland entwickelt (CB Insights 2015, PitchBook 2016). Von den 42 Minderheitsbeteiligungen an operativ t\u00e4tigen Unternehmen sind 22 f\u00fcr die Gesellschaft wesentlich und machen zusammen 89% des Werts aller 42 aktiven Minderheitsbeteiligungen aus. Die 10 Fokusbeteiligungen verk\u00f6rpern 61% des Werts aller aktiven Minderheitsbeteiligungen. Nach Ansicht der Gesellschaft spiegelt das Beteiligungsportfolio einen Querschnitt von vielversprechenden deutschen Startups verschiedener Reifegrade (&#8220;Seed&#8221;, &#8220;Early&#8221; und &#8220;Growth Stage&#8221; nach Definition der Gesellschaft) wider und enth\u00e4lt manche der erfolgreichsten und bekanntesten deutschen Startups.<\/p>\n<p>&nbsp;<\/p>\n<p>Mehr Informationen unter <a href=\"https:\/\/tpgholding.com\/\">https:\/\/tpgholding.com\/<\/a>.<\/p>\n<p>&nbsp;<\/p>\n","protected":false},"excerpt":{"rendered":"<p>&nbsp; +++ Pressemitteilung +++ German Startups Group blickt auf ein erfolgreiches Jahr 2017 zur\u00fcck und gibt Ausblick auf 2018 Berlin, 22. Dezember 2017 \u2013 Das Management der German Startups Group, einem f\u00fchrenden Venture-Capital-Investor in Deutschland und Digitalagentur mit 140 Mitarbeitern mit Sitz in Berlin, erwartet f\u00fcr das Gesamtgesch\u00e4ftsjahr 2017 vorl\u00e4ufig einen Nettogewinn von mindestens 0,20 [&hellip;]<\/p>\n","protected":false},"author":4,"featured_media":0,"parent":0,"menu_order":0,"comment_status":"closed","ping_status":"closed","template":"page-full.php","meta":[],"_links":{"self":[{"href":"https:\/\/tpgholding.com\/index.php\/wp-json\/wp\/v2\/pages\/11616"}],"collection":[{"href":"https:\/\/tpgholding.com\/index.php\/wp-json\/wp\/v2\/pages"}],"about":[{"href":"https:\/\/tpgholding.com\/index.php\/wp-json\/wp\/v2\/types\/page"}],"author":[{"embeddable":true,"href":"https:\/\/tpgholding.com\/index.php\/wp-json\/wp\/v2\/users\/4"}],"replies":[{"embeddable":true,"href":"https:\/\/tpgholding.com\/index.php\/wp-json\/wp\/v2\/comments?post=11616"}],"version-history":[{"count":1,"href":"https:\/\/tpgholding.com\/index.php\/wp-json\/wp\/v2\/pages\/11616\/revisions"}],"predecessor-version":[{"id":12455,"href":"https:\/\/tpgholding.com\/index.php\/wp-json\/wp\/v2\/pages\/11616\/revisions\/12455"}],"wp:attachment":[{"href":"https:\/\/tpgholding.com\/index.php\/wp-json\/wp\/v2\/media?parent=11616"}],"curies":[{"name":"wp","href":"https:\/\/api.w.org\/{rel}","templated":true}]}}