{"id":11620,"date":"2017-12-08T11:23:16","date_gmt":"2017-12-08T10:23:16","guid":{"rendered":"http:\/\/www.german-startups.com\/?page_id=11620"},"modified":"2019-07-12T11:26:37","modified_gmt":"2019-07-12T09:26:37","slug":"pressemitteilung-vom-08-dezember-2017","status":"publish","type":"page","link":"https:\/\/tpgholding.com\/index.php\/pressemitteilung-vom-08-dezember-2017\/","title":{"rendered":"Pressemitteilung vom <br> 08. Dezember 2017"},"content":{"rendered":"<p style=\"text-align: center;\"><img decoding=\"async\" src=\"https:\/\/tpgholding.com\/wp-content\/uploads\/2014\/08\/germanstartupsgroup-logo.png\" alt=\"GS_Group_old\" \/><\/p>\n<p>&nbsp;<\/p>\n<p style=\"text-align: center; padding:0px; margin:0px\">+++ Pressemitteilung +++<\/p>\n<p style=\"text-align: center; padding:50px; margin:0px\"><strong>German Startups Group Aktion\u00e4re profitieren auch in 2018 von dem freiwilligen Verzicht auf einen Teil der Management Fee<\/strong><\/p>\n<ul>\n<li>&#8211; Der Venture Capital Investor plant weiterhin keine Kapitalerh\u00f6hungen<\/li>\n<\/ul>\n<p><strong>Berlin, 8. Dezember 2017 \u2013 <\/strong>Die Komplement\u00e4rin der German Startups Group, einem f\u00fchrenden Venture-Capital-Investor in Deutschland und Digitalagentur mit 140 Mitarbeitern mit Sitz in Berlin, verzichtet auch in 2018 bis auf weiteres zugunsten der Aktion\u00e4re der KGaA auf einen erheblichen Teil der vereinbarten Gesch\u00e4ftsf\u00fchrungs-und Haftungsverg\u00fctung (\u201eManagement Fee\u201c) in H\u00f6he von 1,0% der Einzelbilanzsumme p.a. (IFRS). Der variable Anteil betr\u00e4gt damit auch weiterhin nur 1,5% der Bilanzsumme p.a. Das ist ein relativ niedriger Satz im Vergleich zu deutschen und internationalen VC-Fonds. Zudem notiert die Aktie nach Ansicht des Managements derzeit deutlich unter dem Net Asset Value (NAV) pro Aktie und stellt angesichts dieses Discounts und der geringen Management Fee eine vergleichsweise attraktive Anlagem\u00f6glichkeit in deutsches Venture Capital und damit in ein Portfolio von teils sehr erfolgreichen und bekannten jungen deutschen Wachstumsunternehmen dar.<\/p>\n<p>Am 7. Juni 2017 hatte die German Startups Group angek\u00fcndigt, ihre Kosten mit dem Ziel deutlich zu verringern, 50% der Sowieso-und Listingkosten gegen\u00fcber Juni 2016 einzusparen. Das Management will die Kosten auch in 2018 auf niedrigem Niveau halten. Die Komplement\u00e4rin hat die Gesch\u00e4ftsf\u00fchrung der KGaA inne und tr\u00e4gt aus ihrer Gesch\u00e4ftsf\u00fchrungsverg\u00fctung die laufenden Aufwendungen f\u00fcr Personal, Mietr\u00e4ume, Veranstaltungen, Gesch\u00e4ftsreisen usw.<\/p>\n<p>Des Weiteren h\u00e4lt das Management der German Startups Group den aktuellen Aktienkurs f\u00fcr sehr unattraktiv zur Durchf\u00fchrung von Kapitalerh\u00f6hungen und plant deshalb auch in 2018 keine Kapitalerh\u00f6hung. So vermeidet die German Startups Group auch, dass ihre Aktion\u00e4re zu ung\u00fcnstigen Kursen verw\u00e4ssert werden.<\/p>\n<p>&nbsp;<\/p>\n<p><strong>Investor Relations Kontakt<\/strong><br \/>\n<strong>German Startups Group<\/strong><br \/>\nMarcel Doeppes<br \/>\nir@tpgholding.com<br \/>\n<a href=\"https:\/\/tpgholding.com\/\">www.tpgholding.com<\/a><\/p>\n<p>&nbsp;<\/p>\n<p><u><a href=\"https:\/\/tpgholding.com\/wp-content\/uploads\/2017\/12\/20171208-German-Startups-Group-Aktion\u00e4re-profitieren-auch-in-2018-von-dem-freiwilligen-Verzicht-auf-einen-Teil-der-Management-Fee.pdf\"rel=\"\" target=\"_blank\" rel=\"nofollow\">Hier klicken f\u00fcr die PDF-Version<\/a><\/u><\/p>\n<p>&nbsp;<\/p>\n<p><strong>German Startups Group \u2013 Wir lieben Startups!<\/strong><\/p>\n<p>Die German Startups Group ist eine b\u00f6rsennotierte Beteiligungsgesellschaft mit Sitz in Berlin und mit Fokus auf junge, schnell wachsende Unternehmen, sog. Startups. Sie erwirbt Mehrheits- und Minderheitsbeteiligungen, insb. durch Bereitstellung von Venture Capital. Die Portfoliounternehmen der German Startups Group k\u00f6nnen zudem unter anderem bei Strategieentwicklung, im Hinblick auf Finanzierungsrunden, Restrukturierungsnotwendigkeiten, M&#038;A-Transaktionen oder dem Unternehmensverkauf einschlie\u00dflich eines m\u00f6glichen B\u00f6rsengangs von der Expertise, der Erfahrung und dem Netzwerk des Teams der German Startups Group profitieren. Nach eigener Einsch\u00e4tzung stellt die German Startups Group den Startups im Rahmen des Anteilserwerbs damit sog. &#8220;Smart Money&#8221; zur Verf\u00fcgung. Ihr Fokus liegt auf Unternehmen, deren Produkte oder Gesch\u00e4ftsmodelle eine disruptive Innovation aufweisen, eine hohe Skalierbarkeit erwarten lassen und bei denen sie Vertrauen in die unternehmerischen F\u00e4higkeiten der Gr\u00fcnder hat, zu denen sie nach eigener Einsch\u00e4tzung aufgrund ihrer engen Beziehungen zu relevanten Akteuren der Startup-Szene fr\u00fchen Zugang erh\u00e4lt. Der geografische Fokus liegt auf dem deutschsprachigen Raum. Seit der Aufnahme der Gesch\u00e4ftst\u00e4tigkeit im Jahr 2012 hat die German Startups Group ein ihrer Ansicht nach diversifiziertes Portfolio von Anteilen an jungen Unternehmen aufgebaut und sich zum aktivsten privaten Venture-Capital-Investor seit 2012 in Deutschland entwickelt (CB Insights 2015, PitchBook 2016). Von den 42 Minderheitsbeteiligungen an operativ t\u00e4tigen Unternehmen sind 22 f\u00fcr die Gesellschaft wesentlich und machen zusammen 89% des Werts aller 42 aktiven Minderheitsbeteiligungen aus. Die 10 Fokusbeteiligungen verk\u00f6rpern 61% des Werts aller aktiven Minderheitsbeteiligungen. Nach Ansicht der Gesellschaft spiegelt das Beteiligungsportfolio einen Querschnitt von vielversprechenden deutschen Startups verschiedener Reifegrade (&#8220;Seed&#8221;, &#8220;Early&#8221; und &#8220;Growth Stage&#8221; nach Definition der Gesellschaft) wider und enth\u00e4lt manche der erfolgreichsten und bekanntesten deutschen Startups.<\/p>\n<p>&nbsp;<\/p>\n<p>Mehr Informationen unter <a href=\"https:\/\/tpgholding.com\/\">https:\/\/tpgholding.com\/<\/a>.<\/p>\n<p>&nbsp;<\/p>\n","protected":false},"excerpt":{"rendered":"<p>&nbsp; +++ Pressemitteilung +++ German Startups Group Aktion\u00e4re profitieren auch in 2018 von dem freiwilligen Verzicht auf einen Teil der Management Fee &#8211; Der Venture Capital Investor plant weiterhin keine Kapitalerh\u00f6hungen Berlin, 8. Dezember 2017 \u2013 Die Komplement\u00e4rin der German Startups Group, einem f\u00fchrenden Venture-Capital-Investor in Deutschland und Digitalagentur mit 140 Mitarbeitern mit Sitz in [&hellip;]<\/p>\n","protected":false},"author":4,"featured_media":0,"parent":0,"menu_order":0,"comment_status":"closed","ping_status":"closed","template":"page-full.php","meta":[],"_links":{"self":[{"href":"https:\/\/tpgholding.com\/index.php\/wp-json\/wp\/v2\/pages\/11620"}],"collection":[{"href":"https:\/\/tpgholding.com\/index.php\/wp-json\/wp\/v2\/pages"}],"about":[{"href":"https:\/\/tpgholding.com\/index.php\/wp-json\/wp\/v2\/types\/page"}],"author":[{"embeddable":true,"href":"https:\/\/tpgholding.com\/index.php\/wp-json\/wp\/v2\/users\/4"}],"replies":[{"embeddable":true,"href":"https:\/\/tpgholding.com\/index.php\/wp-json\/wp\/v2\/comments?post=11620"}],"version-history":[{"count":2,"href":"https:\/\/tpgholding.com\/index.php\/wp-json\/wp\/v2\/pages\/11620\/revisions"}],"predecessor-version":[{"id":12512,"href":"https:\/\/tpgholding.com\/index.php\/wp-json\/wp\/v2\/pages\/11620\/revisions\/12512"}],"wp:attachment":[{"href":"https:\/\/tpgholding.com\/index.php\/wp-json\/wp\/v2\/media?parent=11620"}],"curies":[{"name":"wp","href":"https:\/\/api.w.org\/{rel}","templated":true}]}}