{"id":11624,"date":"2017-11-01T10:51:35","date_gmt":"2017-11-01T09:51:35","guid":{"rendered":"http:\/\/www.german-startups.com\/?page_id=11624"},"modified":"2018-11-09T10:54:19","modified_gmt":"2018-11-09T09:54:19","slug":"pressemitteilung-vom-1-november-2017","status":"publish","type":"page","link":"https:\/\/tpgholding.com\/index.php\/pressemitteilung-vom-1-november-2017\/","title":{"rendered":"Pressemitteilung vom <b> 01. November 2017"},"content":{"rendered":"<p style=\"text-align: center;\"><img decoding=\"async\" src=\"https:\/\/tpgholding.com\/wp-content\/uploads\/2014\/08\/germanstartupsgroup-logo.png\" alt=\"GS_Group_old\" \/><\/p>\n<p>&nbsp;<\/p>\n<p style=\"text-align: center; padding:0px; margin:0px\">+++ Pressemitteilung +++<\/p>\n<p style=\"text-align: center; padding:50px; margin:0px\"><strong>Die German Startups Group ver\u00e4u\u00dfert auch ihren restlichen Anteil an CRX Markets<\/strong><\/p>\n<p><strong>Berlin, 01. November 2017 \u2013 <\/strong>Die German Startups Group, ein f\u00fchrender Venture-Capital-Investor in Deutschland und Digitalagentur mit 140 Mitarbeitern mit Sitz in Berlin, ver\u00e4u\u00dfert anl\u00e4sslich eines attraktiven Angebots nun auch ihren restlichen Anteil an CRX Markets. Die Gesellschaft hatte einen ersten Teil bereits im April 2017 verkauft, sich jedoch entschieden, an der anderen H\u00e4lfte der Beteiligung zun\u00e4chst noch festzuhalten. Mit der Ver\u00e4u\u00dferung erzielt die Gesellschaft einen Erl\u00f6s von knapp 400 TEUR und eine Internal Rate of Return (IRR) von rund 47% p. a. Au\u00dferdem konnte ein Besserungsschein vereinbart werden, der die German Startups Group mit 10% an einem sp\u00e4teren Ver\u00e4u\u00dferungsgewinn des Erwerbers beteiligt. In den Augen der Gesellschaft \u00fcbersteigt der Wert des Besserungsscheins die geringe Differenz zwischen dem aktuellen Buchwert pro Anteil, der wie bei der German Startups Group \u00fcblich auf Basis der letzten fremdobjektivierten Transaktion festgesetzt wurde, und dem Verkaufspreis.<\/p>\n<p style=\"text-align: center;\">\n<a href=\"https:\/\/tpgholding.com\/wp-content\/uploads\/2018\/06\/GS_Market.jpg\" rel=\"attachment wp-att-11049\"><img decoding=\"async\" src=\"https:\/\/tpgholding.com\/wp-content\/uploads\/2018\/06\/GS_Market-150x150.jpg\" alt=\"GS_Market\" class=\"alignnone\" \/><\/a> <a href=\"https:\/\/tpgholding.com\/wp-content\/uploads\/2018\/10\/GS_Tech50.jpg\" rel=\"attachment wp-att-11582\"><img decoding=\"async\" src=\"https:\/\/tpgholding.com\/wp-content\/uploads\/2018\/10\/GS_Tech50-150x150.jpg\" alt=\"GS_Tech50\" class=\"alignnone\" \/><\/a> <\/p>\n<p>&nbsp;<\/p>\n<p><strong>Investor Relations Kontakt<\/strong><br \/>\n<strong>German Startups Group<\/strong><br \/>\nMarcel Doeppes<br \/>\nir@tpgholding.com<br \/>\n<a href=\"https:\/\/tpgholding.com\/\">www.tpgholding.com<\/a><\/p>\n<p>&nbsp;<\/p>\n<p><u><a href=\"https:\/\/tpgholding.com\/wp-content\/uploads\/2017\/10\/20171101-Die-German-Startups-Group-veraeussert-auch-ihren-restlichen-Anteil-an-CRX-Markets.pdf\"rel=\"\">Hier klicken f\u00fcr die PDF-Version<\/a><\/u><\/p>\n<p>&nbsp;<\/p>\n<p><strong>German Startups Group \u2013 Wir lieben Startups!<\/strong><\/p>\n<p>Die German Startups Group ist eine b\u00f6rsennotierte Beteiligungsgesellschaft mit Sitz in Berlin und mit Fokus auf junge, schnell wachsende Unternehmen, sog. Startups. Sie erwirbt Mehrheits- und Minderheitsbeteiligungen, insb. durch Bereitstellung von Venture Capital. Die Portfoliounternehmen der German Startups Group k\u00f6nnen zudem unter anderem bei Strategieentwicklung, im Hinblick auf Finanzierungsrunden, Restrukturierungsnotwendigkeiten, M&#038;A-Transaktionen oder dem Unternehmensverkauf einschlie\u00dflich eines m\u00f6glichen B\u00f6rsengangs von der Expertise, der Erfahrung und dem Netzwerk des Teams der German Startups Group profitieren. Nach eigener Einsch\u00e4tzung stellt die German Startups Group den Startups im Rahmen des Anteilserwerbs damit sog. &#8220;Smart Money&#8221; zur Verf\u00fcgung. Ihr Fokus liegt auf Unternehmen, deren Produkte oder Gesch\u00e4ftsmodelle eine disruptive Innovation aufweisen, eine hohe Skalierbarkeit erwarten lassen und bei denen sie Vertrauen in die unternehmerischen F\u00e4higkeiten der Gr\u00fcnder hat, zu denen sie nach eigener Einsch\u00e4tzung aufgrund ihrer engen Beziehungenzu relevanten Akteuren der Startup-Szene fr\u00fchen Zugang erh\u00e4lt. Der geografische Fokus liegt auf dem deutschsprachigen Raum. Seit der Aufnahme der Gesch\u00e4ftst\u00e4tigkeit im Jahr 2012 hat die German Startups Group ein ihrer Ansicht nach diversifiziertes Portfolio von Anteilen an jungen Unternehmen aufgebaut und sich zum aktivsten privaten Venture-Capital-Investor seit 2012 in Deutschland entwickelt (CB Insights 2015, PitchBook 2016). Von den 41 Minderheitsbeteiligungen an operativ t\u00e4tigen Unternehmen sind 22 f\u00fcr die Gesellschaft wesentlich und machen zusammen 90% des Werts aller 41 aktiven Minderheitsbeteiligungen aus. Die 10 Fokusbeteiligungen verk\u00f6rpern 61% des Werts aller aktiven Minderheitsbeteiligungen. Nach Ansicht der Gesellschaft spiegelt das Beteiligungsportfolio einen Querschnitt von vielversprechenden deutschen Startups verschiedener Reifegrade (&#8220;Seed&#8221;, &#8220;Early&#8221; und &#8220;Growth Stage&#8221; nach Definition der Gesellschaft) wider und enth\u00e4lt manche der erfolgreichsten und bekanntesten deutschen Startups.<\/p>\n<p>&nbsp;<\/p>\n<p>Mehr Informationen unter <a href=\"https:\/\/tpgholding.com\/\">https:\/\/tpgholding.com\/<\/a>.<\/p>\n<p>&nbsp;<\/p>\n","protected":false},"excerpt":{"rendered":"<p>&nbsp; +++ Pressemitteilung +++ Die German Startups Group ver\u00e4u\u00dfert auch ihren restlichen Anteil an CRX Markets Berlin, 01. November 2017 \u2013 Die German Startups Group, ein f\u00fchrender Venture-Capital-Investor in Deutschland und Digitalagentur mit 140 Mitarbeitern mit Sitz in Berlin, ver\u00e4u\u00dfert anl\u00e4sslich eines attraktiven Angebots nun auch ihren restlichen Anteil an CRX Markets. Die Gesellschaft hatte [&hellip;]<\/p>\n","protected":false},"author":4,"featured_media":0,"parent":0,"menu_order":0,"comment_status":"closed","ping_status":"closed","template":"page-full.php","meta":[],"_links":{"self":[{"href":"https:\/\/tpgholding.com\/index.php\/wp-json\/wp\/v2\/pages\/11624"}],"collection":[{"href":"https:\/\/tpgholding.com\/index.php\/wp-json\/wp\/v2\/pages"}],"about":[{"href":"https:\/\/tpgholding.com\/index.php\/wp-json\/wp\/v2\/types\/page"}],"author":[{"embeddable":true,"href":"https:\/\/tpgholding.com\/index.php\/wp-json\/wp\/v2\/users\/4"}],"replies":[{"embeddable":true,"href":"https:\/\/tpgholding.com\/index.php\/wp-json\/wp\/v2\/comments?post=11624"}],"version-history":[{"count":1,"href":"https:\/\/tpgholding.com\/index.php\/wp-json\/wp\/v2\/pages\/11624\/revisions"}],"predecessor-version":[{"id":11860,"href":"https:\/\/tpgholding.com\/index.php\/wp-json\/wp\/v2\/pages\/11624\/revisions\/11860"}],"wp:attachment":[{"href":"https:\/\/tpgholding.com\/index.php\/wp-json\/wp\/v2\/media?parent=11624"}],"curies":[{"name":"wp","href":"https:\/\/api.w.org\/{rel}","templated":true}]}}