{"id":11634,"date":"2017-08-28T11:38:06","date_gmt":"2017-08-28T09:38:06","guid":{"rendered":"http:\/\/www.german-startups.com\/?page_id=11634"},"modified":"2019-07-12T10:51:10","modified_gmt":"2019-07-12T08:51:10","slug":"pressemitteilung-vom-28-august-2017","status":"publish","type":"page","link":"https:\/\/tpgholding.com\/index.php\/pressemitteilung-vom-28-august-2017\/","title":{"rendered":"Pressemitteilung vom <br> 28. August 2017"},"content":{"rendered":"<p style=\"text-align: center;\"><img decoding=\"async\" src=\"https:\/\/tpgholding.com\/wp-content\/uploads\/2014\/08\/germanstartupsgroup-logo.png\" alt=\"GS_Group_old\" \/><\/p>\n<p>&nbsp;<\/p>\n<p style=\"text-align: center; padding: 0px; margin: 0px;\">+++ Pressemitteilung +++<\/p>\n<p style=\"text-align: center; padding: 50px; margin: 0px;\"><strong>German Startups Group investiert als Lead Investor in die neu gegr\u00fcndete AuctionTech GmbH<\/strong><\/p>\n<p><strong>Berlin, 28. August 2017 \u2013 <\/strong>Die German Startups Group, ein f\u00fchrender Venture-Capital-Investor in Deutschland im Zeitraum seit 2012, steigt als Lead Investor mit 18% Anteil beim k\u00fcrzlich in Berlin gegr\u00fcndeten Technologieanbieter f\u00fcr Online-Videoauktionen AuctionTech GmbH mit ein. Das Gr\u00fcnderteam rund um CEO Jan Thiel, der zuvor Co-Founder und stellvertretender CEO der mittlerweile liquidierten Auctionata AG war, besteht ebenfalls aus fast allen leitenden Produkt-und Softwareentwicklern der ehemaligen Auctionata AG, die allesamt an der Gesellschaft beteiligt sind. Auctionata wurde zeitweise mit \u00fcber 200 Mio. Euro bewertet.<\/p>\n<p>Zuvor hatte die German Startups Group diese Technologie, wie am 6. Juni 2017 gemeldet, aus der Insolvenzmasse der Auctionata AG gekauft und diese an die AuctionTech \u00fcbertragen.<\/p>\n<p>Ziel von AuctionTech ist es, mithilfe einer einzigartigen und teilweise patentierten Technologie, f\u00fchrender Software-Anbieter von White-Label-L\u00f6sungen f\u00fcr Online-Video-Livestreamauktionen zu werden und ihren Kunden auch Timed Auctions anzubieten. Potentielle Lizenznehmer wie etwa regionale Auktionsh\u00e4user, Insolvenzversteigerer oder kategoriespezifische Marktpl\u00e4tze k\u00f6nnen die Technologie der AuctionTech nutzen, um Liveauktionen von jeglicher Art von G\u00fctern, wie Kunstobjekte, Uhren, Classic Cars, Yachten aber auch Immobilien und andere Investitionsobjekte weltweit ohne Zeitverz\u00f6gerung auf jegliches Endger\u00e4t zu \u00fcbertragen. So k\u00f6nnen diese ihre geografische Reichweite drastisch maximieren und weitere Kategorien \u00fcber den eigenen Fokus hinaus bedienen. Durch diese von Auctionata -f\u00fcr nach eigenen Angaben fast 20 Mio. Euro -entwickelte Technologie konnten bereits \u00fcber 50 Weltrekorde von Online-Preisen erzielt werden \u2013der letzte war der Verkauf einer chinesischen Uhr f\u00fcr rund 3,4 Mio. Euro per Smartphone. Der CEO der AuctionTech, Jan Thiel, ist zuversichtlich, dass diese Technologie den Markt f\u00fcr Live-Auktionen komplett neu definieren wird und insbesondere kleineren und mittleren Anbietern, als auch solchen Unternehmen, die bisher noch gar keine Auktionen durchgef\u00fchrt haben, einen ganz neuen Absatzkanal zu minimalen Kosten bietet.<\/p>\n<p>Mittelfristig strebt die German Startups Group eine Mehrheitsbeteiligung an der AuctionTech an.<\/p>\n<p>&nbsp;<\/p>\n<p><strong>Investor Relations Kontakt<\/strong><br \/>\n<strong>German Startups Group<\/strong><br \/>\nMarcel Doeppes<br \/>\nir@tpgholding.com<br \/>\n<a href=\"https:\/\/tpgholding.com\/\">www.tpgholding.com<\/a><\/p>\n<p>&nbsp;<\/p>\n<p><u><a href=\"https:\/\/tpgholding.com\/wp-content\/uploads\/2017\/08\/20170828-German-Startups-Group-investiert-als-Lead-Investor-in-die-neu-gegruendete-AuctionTech.pdf\" rel=\"\" target=\"_blank\" rel=\"nofollow\">Hier klicken f\u00fcr die PDF-Version<\/a><\/u><\/p>\n<p>&nbsp;<\/p>\n<p><strong>German Startups Group \u2013 Wir lieben Startups!<\/strong><\/p>\n<p>Die German Startups Group ist eine b\u00f6rsennotierte Beteiligungsgesellschaft mit Sitz in Berlin und mit Fokus auf junge, schnell wachsende Unternehmen, sog. Startups. Sie erwirbt Mehrheits-und Minderheitsbeteiligungen, insb. durch Bereitstellung von Venture Capital. Die Portfoliounternehmen der German Startups Group k\u00f6nnen zudem unter anderem bei Strategieentwicklung, im Hinblick auf Finanzierungsrunden, Restrukturierungsnotwendigkeiten, M&amp;A-Transaktionen oder dem Unternehmensverkauf einschlie\u00dflich eines m\u00f6glichen B\u00f6rsengangs von der Expertise, der Erfahrung und dem Netzwerk des Teams der German Startups Group profitieren. Nach eigener Einsch\u00e4tzung stellt die German Startups Group den Startups im Rahmen des Anteilserwerbs damit sog. &#8220;Smart Money&#8221; zur Verf\u00fcgung. Ihr Fokus liegt auf Unternehmen, deren Produkte oder Gesch\u00e4ftsmodelle eine disruptive Innovation aufweisen, eine hohe Skalierbarkeit erwarten lassen und bei denen sie Vertrauen in die unternehmerischen F\u00e4higkeiten der Gr\u00fcnder hat, zu denen sie nach eigener Einsch\u00e4tzung aufgrund ihrer engen Beziehungenzu relevanten Akteuren der Startup-Szene fr\u00fchen Zugang erh\u00e4lt. Der geografische Fokus liegt auf dem deutschsprachigen Raum. Seit der Aufnahme der Gesch\u00e4ftst\u00e4tigkeit im Jahr 2012 hat die German Startups Group ein ihrer Ansicht nach diversifiziertes Portfolio von Anteilen an jungen Unternehmen aufgebaut und sich zum aktivsten privaten Venture-Capital-Investor seit 2012 in Deutschland entwickelt (CB Insights 2015, PitchBook 2016). Von den 41 Minderheitsbeteiligungen an operativ t\u00e4tigen Unternehmen sind 22 f\u00fcr die Gesellschaft wesentlich und machen zusammen 90% des Werts aller 41 aktiven Minderheitsbeteiligungen aus. Die acht Fokusbeteiligungen verk\u00f6rpern 57% des Werts aller aktiven Minderheitsbeteiligungen. Nach Ansicht der Gesellschaft spiegelt das Beteiligungsportfolio einen Querschnitt von vielversprechenden deutschen Startups verschiedener Reifegrade (&#8220;Seed&#8221;, &#8220;Early&#8221; und &#8220;Growth Stage&#8221; nach Definition der Gesellschaft) wider und enth\u00e4lt manche der erfolgreichsten und bekanntesten deutschen Startups.<\/p>\n<p>&nbsp;<\/p>\n<p>Mehr Informationen unter <a href=\"https:\/\/tpgholding.com\/\">https:\/\/tpgholding.com\/<\/a>.<\/p>\n<p>&nbsp;<\/p>\n","protected":false},"excerpt":{"rendered":"<p>&nbsp; +++ Pressemitteilung +++ German Startups Group investiert als Lead Investor in die neu gegr\u00fcndete AuctionTech GmbH Berlin, 28. August 2017 \u2013 Die German Startups Group, ein f\u00fchrender Venture-Capital-Investor in Deutschland im Zeitraum seit 2012, steigt als Lead Investor mit 18% Anteil beim k\u00fcrzlich in Berlin gegr\u00fcndeten Technologieanbieter f\u00fcr Online-Videoauktionen AuctionTech GmbH mit ein. Das [&hellip;]<\/p>\n","protected":false},"author":4,"featured_media":0,"parent":0,"menu_order":0,"comment_status":"closed","ping_status":"closed","template":"page-full.php","meta":[],"_links":{"self":[{"href":"https:\/\/tpgholding.com\/index.php\/wp-json\/wp\/v2\/pages\/11634"}],"collection":[{"href":"https:\/\/tpgholding.com\/index.php\/wp-json\/wp\/v2\/pages"}],"about":[{"href":"https:\/\/tpgholding.com\/index.php\/wp-json\/wp\/v2\/types\/page"}],"author":[{"embeddable":true,"href":"https:\/\/tpgholding.com\/index.php\/wp-json\/wp\/v2\/users\/4"}],"replies":[{"embeddable":true,"href":"https:\/\/tpgholding.com\/index.php\/wp-json\/wp\/v2\/comments?post=11634"}],"version-history":[{"count":1,"href":"https:\/\/tpgholding.com\/index.php\/wp-json\/wp\/v2\/pages\/11634\/revisions"}],"predecessor-version":[{"id":12442,"href":"https:\/\/tpgholding.com\/index.php\/wp-json\/wp\/v2\/pages\/11634\/revisions\/12442"}],"wp:attachment":[{"href":"https:\/\/tpgholding.com\/index.php\/wp-json\/wp\/v2\/media?parent=11634"}],"curies":[{"name":"wp","href":"https:\/\/api.w.org\/{rel}","templated":true}]}}