{"id":11638,"date":"2017-10-06T11:15:11","date_gmt":"2017-10-06T09:15:11","guid":{"rendered":"http:\/\/www.german-startups.com\/?page_id=11638"},"modified":"2019-07-12T11:20:27","modified_gmt":"2019-07-12T09:20:27","slug":"pressemitteilung-vom-06-oktober-2017-2","status":"publish","type":"page","link":"https:\/\/tpgholding.com\/index.php\/pressemitteilung-vom-06-oktober-2017-2\/","title":{"rendered":"Pressemitteilung vom <br> 06. Oktober 2017"},"content":{"rendered":"<p style=\"text-align: center;\"><img decoding=\"async\" src=\"https:\/\/tpgholding.com\/wp-content\/uploads\/2014\/08\/germanstartupsgroup-logo.png\" alt=\"GS_Group_old\" \/><\/p>\n<p>&nbsp;<\/p>\n<p style=\"text-align: center; padding: 0px; margin: 0px;\">+++ Pressemitteilung +++<\/p>\n<p style=\"text-align: center; padding: 50px; margin: 0px;\"><strong>Die German Startups Group im dritten Quartal 2017 erneut mit positivem Ergebnis<\/strong><\/p>\n<p><strong>Berlin, 06. Oktober 2017 \u2013 <\/strong>Die German Startups Group, ein f\u00fchrender Venture-Capital-Investor in Deutschland und Digitalagentur mit 140 Mitarbeitern mit Sitz in Berlin, war nach vorl\u00e4ufigen Erkenntnissen im dritten Quartal 2017 erneut profitabel, voraussichtlich in \u00e4hnlicher Gr\u00f6\u00dfenordnung wie in den ersten beiden Quartalen im Mittel(IFRS Konzern). In dem vorstehenden Ergebnis sind naturgem\u00e4\u00df auch s\u00e4mtliche Abwertungen von Beteiligungen enthalten, die von der Gesellschaft wie \u00fcblich aufgrund aller f\u00fcr sie erkennbaren Wertentwicklungen vorgenommen wurden. Im ersten Halbjahr 2017 betrug der Nettogewinn 0,19 EUR pro Aktie (IFRS Konzern). Die German Startups Group konnte bei ihren Portfoliounternehmen Delivery Hero und eWings ver\u00e4u\u00dferungsgewinntr\u00e4chtige Exits verzeichnen und Beteiligungen an Pyreg, realbest, CRX Markets und Scalable Capital mit -teils hohen \u2013Ver\u00e4u\u00dferungsgewinnen ver\u00e4u\u00dfern. An CRX Markets ist die Gesellschaft weiter beteiligt.<\/p>\n<p>Bis zum Jahresende bestehen in den Augen der Gesellschaft weitere Exit chancen sowie weiteres Wertsteigerungspotential bei Portfoliounternehmen.<\/p>\n<p>Auch mit der Fokusbeteiligung Ceritech verkn\u00fcpft die Gesellschaft nach l\u00e4ngerer Seitw\u00e4rtsentwicklung wieder positive Erwartungen. Deren Projekt, Seltene Erden kosteng\u00fcnstig aus Phosphogipshalden zu gewinnen und bereitzustellen, entwickelt sich wieder mitzunehmendem Momentum positiv. Die zwischenzeitlich gesunkenen Preise f\u00fcr Seltene Erden sind indessen wieder angestiegen. Sie werden bis dato vor allem in China gewonnen und u. a. f\u00fcr Smartphones und Akkus von Elektrofahrzeugen ben\u00f6tigt. Wegen der zunehmenden Relevanz von Elektromobilit\u00e4t sagen Marktforscher einen sprunghaften Anstieg der Nachfrage nach Seltenen Erden voraus.<\/p>\n<p>&nbsp;<\/p>\n<p><strong>Investor Relations Kontakt<\/strong><br \/>\n<strong>German Startups Group<\/strong><br \/>\nMarcel Doeppes<br \/>\nir@tpgholding.com<br \/>\n<a href=\"https:\/\/tpgholding.com\/\">www.tpgholding.com<\/a><\/p>\n<p>&nbsp;<\/p>\n<p><u><a href=\"https:\/\/tpgholding.com\/wp-content\/uploads\/2017\/10\/20171006-Die-German-Startups-Group-im-dritten-Quartal-2017-erneut-mit-positivem-Ergebnis.pdf\" rel=\"\" target=\"_blank\" rel=\"nofollow\">Hier klicken f\u00fcr die PDF-Version<\/a><\/u><\/p>\n<p>&nbsp;<\/p>\n<p><strong>German Startups Group \u2013 Wir lieben Startups!<\/strong><\/p>\n<p>Die German Startups Group ist eine b\u00f6rsennotierte Beteiligungsgesellschaft mit Sitz in Berlin und mit Fokus auf junge, schnell wachsende Unternehmen, sog. Startups. Sie erwirbt Mehrheits- und Minderheitsbeteiligungen, insb. durch Bereitstellung von Venture Capital. Die Portfoliounternehmen der German Startups Group k\u00f6nnen zudem unter anderem bei Strategieentwicklung, im Hinblick auf Finanzierungsrunden, Restrukturierungsnotwendigkeiten, M&amp;A-Transaktionen oder dem Unternehmensverkauf einschlie\u00dflich eines m\u00f6glichen B\u00f6rsengangs von der Expertise, der Erfahrung und dem Netzwerk des Teams der German Startups Group profitieren. Nach eigener Einsch\u00e4tzung stellt die German Startups Group den Startups im Rahmen des Anteilserwerbs damit sog. &#8220;Smart Money&#8221; zur Verf\u00fcgung. Ihr Fokus liegt auf Unternehmen, deren Produkte oder Gesch\u00e4ftsmodelle eine disruptive Innovation aufweisen, eine hohe Skalierbarkeit erwarten lassen und bei denen sie Vertrauen in die unternehmerischen F\u00e4higkeiten der Gr\u00fcnder hat, zu denen sie nach eigener Einsch\u00e4tzung aufgrund ihrer engen Beziehungenzu relevanten Akteuren der Startup-Szene fr\u00fchen Zugang erh\u00e4lt. Der geografische Fokus liegt auf dem deutschsprachigen Raum. Seit der Aufnahme der Gesch\u00e4ftst\u00e4tigkeit im Jahr 2012 hat die German Startups Group ein ihrer Ansicht nach diversifiziertes Portfolio von Anteilen an jungen Unternehmen aufgebaut und sich zum aktivsten privaten Venture-Capital-Investor seit 2012 in Deutschland entwickelt (CB Insights 2015, PitchBook 2016). Von den 40 Minderheitsbeteiligungen an operativ t\u00e4tigen Unternehmen sind 22 f\u00fcr die Gesellschaft wesentlich und machen zusammen 90% des Werts aller 40 aktiven Minderheitsbeteiligungen aus. Die 8 Fokusbeteiligungen verk\u00f6rpern 56% des Werts aller aktiven Minderheitsbeteiligungen. Nach Ansicht der Gesellschaft spiegelt das Beteiligungsportfolio einen Querschnitt von vielversprechenden deutschen Startups verschiedener Reifegrade (&#8220;Seed&#8221;, &#8220;Early&#8221; und &#8220;Growth Stage&#8221; nach Definition der Gesellschaft) wider und enth\u00e4lt manche der erfolgreichsten und bekanntesten deutschen Startups.<\/p>\n<p>&nbsp;<\/p>\n<p>Mehr Informationen unter <a href=\"https:\/\/tpgholding.com\/\">https:\/\/tpgholding.com\/<\/a>.<\/p>\n<p>&nbsp;<\/p>\n","protected":false},"excerpt":{"rendered":"<p>&nbsp; +++ Pressemitteilung +++ Die German Startups Group im dritten Quartal 2017 erneut mit positivem Ergebnis Berlin, 06. Oktober 2017 \u2013 Die German Startups Group, ein f\u00fchrender Venture-Capital-Investor in Deutschland und Digitalagentur mit 140 Mitarbeitern mit Sitz in Berlin, war nach vorl\u00e4ufigen Erkenntnissen im dritten Quartal 2017 erneut profitabel, voraussichtlich in \u00e4hnlicher Gr\u00f6\u00dfenordnung wie in [&hellip;]<\/p>\n","protected":false},"author":4,"featured_media":0,"parent":0,"menu_order":0,"comment_status":"closed","ping_status":"closed","template":"page-full.php","meta":[],"_links":{"self":[{"href":"https:\/\/tpgholding.com\/index.php\/wp-json\/wp\/v2\/pages\/11638"}],"collection":[{"href":"https:\/\/tpgholding.com\/index.php\/wp-json\/wp\/v2\/pages"}],"about":[{"href":"https:\/\/tpgholding.com\/index.php\/wp-json\/wp\/v2\/types\/page"}],"author":[{"embeddable":true,"href":"https:\/\/tpgholding.com\/index.php\/wp-json\/wp\/v2\/users\/4"}],"replies":[{"embeddable":true,"href":"https:\/\/tpgholding.com\/index.php\/wp-json\/wp\/v2\/comments?post=11638"}],"version-history":[{"count":1,"href":"https:\/\/tpgholding.com\/index.php\/wp-json\/wp\/v2\/pages\/11638\/revisions"}],"predecessor-version":[{"id":12498,"href":"https:\/\/tpgholding.com\/index.php\/wp-json\/wp\/v2\/pages\/11638\/revisions\/12498"}],"wp:attachment":[{"href":"https:\/\/tpgholding.com\/index.php\/wp-json\/wp\/v2\/media?parent=11638"}],"curies":[{"name":"wp","href":"https:\/\/api.w.org\/{rel}","templated":true}]}}