{"id":11650,"date":"2017-08-07T11:16:39","date_gmt":"2017-08-07T09:16:39","guid":{"rendered":"http:\/\/www.german-startups.com\/?page_id=11650"},"modified":"2019-07-12T11:24:40","modified_gmt":"2019-07-12T09:24:40","slug":"pressemitteilung-vom-07-august-2017","status":"publish","type":"page","link":"https:\/\/tpgholding.com\/index.php\/pressemitteilung-vom-07-august-2017\/","title":{"rendered":"Pressemitteilung vom <br> 07. August 2017"},"content":{"rendered":"<p style=\"text-align: center;\"><img decoding=\"async\" src=\"https:\/\/tpgholding.com\/wp-content\/uploads\/2014\/08\/germanstartupsgroup-logo.png\" alt=\"GS_Group_old\" \/><\/p>\n<p>&nbsp;<\/p>\n<p style=\"text-align: center; padding: 0px; margin: 0px;\">+++ Pressemitteilung +++<\/p>\n<p style=\"text-align: center; padding: 50px; margin: 0px;\"><strong>German Startups Group glaubt weiter stark an SoundCloud<\/strong><\/p>\n<ul>\n<li>&#8211; Aufgrund fr\u00fcherer Vorsorge auch im Falle einer Downround kein signifikanter negativer Effekt auf die Bilanz der German Startups Group<\/li>\n<\/ul>\n<p><strong>Berlin, 07. August 2017 \u2013 <\/strong>Die German Startups Group, aktivster privater Venture-Capital-Investor in Deutschland im Zeitraum seit 2012 (CB Insights 2015 PitchBook 2016),ist seit mehreren Jahren \u00fcber ein Special Purpose Vehicle indirekt an SoundCloud beteiligt. SoundCloud ist eines der bekanntesten und erfolgreichsten deutschen Startups, gegr\u00fcndet von zwei Schweden in Berlin, und besch\u00e4ftigt knapp 250 Mitarbeiter in B\u00fcros in Berlin und New York. Mit ca.175 Mio. Unique Usern und einem Musikkatalog von weit \u00fcber 135 Mio. Titeln z\u00e4hlt SoundCloud zu den gr\u00f6\u00dften Musikstreaming-Plattformen weltweit. SoundClouds Alleinstellungsmerkmal und der Grund f\u00fcr das damalige Investment der German Startups Group ist das gro\u00dfe Repertoire an User Generated Content, wie z. B. DJ-Mixe, Remixe, Demos usw., weshalb SoundCloud von der Presse oft als \u201eYoutube f\u00fcr Musik\u201c bezeichnet wird, w\u00e4hrend Mitbewerber eher mit Netflix verglichen werden. Trotz des \u00fcberw\u00e4ltigenden Erfolgs ihres Produkts waren SoundClouds vorsichtige Ans\u00e4tze, diesen zu monetarisieren, bis dato noch nicht ausreichend ergiebig. Im M\u00e4rz 2017 war SoundCloud die Einwerbung eines Venture Loans von 70 Mio. USD gelungen.<\/p>\n<p>Seit wenigen Tagen kursieren Ger\u00fcchte \u00fcber eine sog. Downround-Finanzierungsrunde bei einer Bewertung von 300 bis 320 Mio. USD. Aufgrund einer fr\u00fcheren vorsorglichen Abwertung ergibt sich auch im Falle einer solchen Downround kein signifikanter negativer Effekt auf die Bilanz der German Startups Group, sondern nur in H\u00f6he von gut 1% ihrer Bilanzsumme.<\/p>\n<p>Die Gesch\u00e4ftsf\u00fchrung der German Startups Group ist indessen weiter von den herausragenden Chancen von SoundCloud \u00fcberzeugt, sich nachhaltig als f\u00fchrender Musikstreaming-Anbieter im Markt zu etablieren. In diesem Fall bestehen enorme Wertsteigerungschancen.<\/p>\n<p>&nbsp;<\/p>\n<p><strong>Investor Relations Kontakt<\/strong><br \/>\n<strong>German Startups Group<\/strong><br \/>\nMarcel Doeppes<br \/>\nir@tpgholding.com<br \/>\n<a href=\"https:\/\/tpgholding.com\/\">www.tpgholding.com<\/a><\/p>\n<p>&nbsp;<\/p>\n<p><u><a href=\"https:\/\/tpgholding.com\/wp-content\/uploads\/2017\/08\/20170807-German-Startups-Group-glaubt-weiter-stark-an-SoundCloud.pdf\" rel=\"\" target=\"_blank\" rel=\"nofollow\">Hier klicken f\u00fcr die PDF-Version<\/a><\/u><\/p>\n<p>&nbsp;<\/p>\n<p><strong>German Startups Group \u2013 Wir lieben Startups!<\/strong><\/p>\n<p>Die German Startups Group ist ein b\u00f6rsennotierter, f\u00fchrender Venture Capital-Anbieter in Deutschland und zugleich Digitalagentur mit 150 Mitarbeitern mit Sitz in Berlin und mit Fokus auf junge, schnell wachsende Unternehmen, sog. Startups. Sie erwirbt Mehrheits- und Minderheitsbeteiligungen durch Bereitstellung von Venture Capital. Ihr Fokus liegt auf deutschen Tech-Wachstumsunternehmen, deren Produkte oder Gesch\u00e4ftsmodelle eine disruptive Innovation aufweisen, eine hohe Skalierbarkeit erwarten lassen und bei denen sie Vertrauen in die unternehmerischen F\u00e4higkeiten der Gr\u00fcnder hat. Seit der Aufnahme der Gesch\u00e4ftst\u00e4tigkeit im Jahr 2012 hat die German Startups Group ein diversifiziertes Portfolio von Anteilen an solchen Unternehmen aufgebaut und sich zum aktivsten privaten Venture-Capital-Investor seit 2012 in Deutschland entwickelt (CB Insights 2015, PitchBook 2016). Daneben betreibt die Gesellschaft mit der G|S Market\u2122 ihrer hundertprozentigen Tochtergesellschaft German Startups Market GmbH seit Juni 2018 eine Sekund\u00e4rmarktplattform f\u00fcr die Assetklasse &lt;German Startups | VC | Tech&gt;. Ihre mehrheitliche Beteiligung German Startups Asset Management GmbH wird k\u00fcnftig neuartige, eigene VC-Fonds auflegen und auf G|S Market auf Erwerberseite Zweckgesellschaften (\u201eSPVs\u201c) bereitstellen, um mehreren Anlegern in Form von gepoolten Investments auch den Erwerb gr\u00f6\u00dferer Investmentopportunit\u00e4ten zu erm\u00f6glichen.<\/p>\n<p>&nbsp;<\/p>\n<p>Mehr Informationen unter <a href=\"https:\/\/tpgholding.com\/\">https:\/\/tpgholding.com\/<\/a>.<\/p>\n<p>&nbsp;<\/p>\n","protected":false},"excerpt":{"rendered":"<p>&nbsp; +++ Pressemitteilung +++ German Startups Group glaubt weiter stark an SoundCloud &#8211; Aufgrund fr\u00fcherer Vorsorge auch im Falle einer Downround kein signifikanter negativer Effekt auf die Bilanz der German Startups Group Berlin, 07. August 2017 \u2013 Die German Startups Group, aktivster privater Venture-Capital-Investor in Deutschland im Zeitraum seit 2012 (CB Insights 2015 PitchBook 2016),ist [&hellip;]<\/p>\n","protected":false},"author":4,"featured_media":0,"parent":0,"menu_order":0,"comment_status":"closed","ping_status":"closed","template":"page-full.php","meta":[],"_links":{"self":[{"href":"https:\/\/tpgholding.com\/index.php\/wp-json\/wp\/v2\/pages\/11650"}],"collection":[{"href":"https:\/\/tpgholding.com\/index.php\/wp-json\/wp\/v2\/pages"}],"about":[{"href":"https:\/\/tpgholding.com\/index.php\/wp-json\/wp\/v2\/types\/page"}],"author":[{"embeddable":true,"href":"https:\/\/tpgholding.com\/index.php\/wp-json\/wp\/v2\/users\/4"}],"replies":[{"embeddable":true,"href":"https:\/\/tpgholding.com\/index.php\/wp-json\/wp\/v2\/comments?post=11650"}],"version-history":[{"count":1,"href":"https:\/\/tpgholding.com\/index.php\/wp-json\/wp\/v2\/pages\/11650\/revisions"}],"predecessor-version":[{"id":12502,"href":"https:\/\/tpgholding.com\/index.php\/wp-json\/wp\/v2\/pages\/11650\/revisions\/12502"}],"wp:attachment":[{"href":"https:\/\/tpgholding.com\/index.php\/wp-json\/wp\/v2\/media?parent=11650"}],"curies":[{"name":"wp","href":"https:\/\/api.w.org\/{rel}","templated":true}]}}