{"id":11663,"date":"2017-07-03T11:09:43","date_gmt":"2017-07-03T09:09:43","guid":{"rendered":"http:\/\/www.german-startups.com\/?page_id=11663"},"modified":"2019-07-12T11:17:17","modified_gmt":"2019-07-12T09:17:17","slug":"pressemitteilung-vom-03-juli-2017","status":"publish","type":"page","link":"https:\/\/tpgholding.com\/index.php\/pressemitteilung-vom-03-juli-2017\/","title":{"rendered":"Pressemitteilung vom <br> 03. Juli 2017"},"content":{"rendered":"<p style=\"text-align: center;\"><img decoding=\"async\" src=\"https:\/\/tpgholding.com\/wp-content\/uploads\/2014\/08\/germanstartupsgroup-logo.png\" alt=\"GS_Group_old\" \/><\/p>\n<p>&nbsp;<\/p>\n<p style=\"text-align: center; padding: 0px; margin: 0px;\">+++ Pressemitteilung +++<\/p>\n<p style=\"text-align: center; padding: 50px; margin: 0px;\"><strong>Erfolgreicher Exit der German Startups Group mit der Fokusbeteiligung Delivery Hero AG<\/strong><\/p>\n<ul>\n<li>&#8211; German Startups Group erzielt einen Ver\u00e4u\u00dferungsgewinn durch den Anteilsverkauf im Zuge des B\u00f6rsenganges der Fokusbeteiligung Delivery Hero AG<\/li>\n<\/ul>\n<p><strong>Berlin, 03. Juli 2017 \u2013 <\/strong>Der nach eigenen Angaben weltweit f\u00fchrende und erst 2011 gegr\u00fcndete Betreiber des Marktplatzes f\u00fcr Bestellungen von Essenslieferungen, Delivery Hero (u.a. Lieferheld, Pizza.de und Foodora), ist am 30. Juni 2017 erfolgreich an die Frankfurter Wertpapierb\u00f6rse gegangen, notiert ab sofort im Prime Standard und legte mit einem Emissionsvolumen von rund 1 Milliarde Euro den gr\u00f6\u00dften B\u00f6rsengang des laufenden Jahres 2017 hin. Rund die H\u00e4lfte davon flie\u00dft dem Unternehmen zu, das dabei mit 4,4 Mrd. Euro bewertet wird. Im Gesch\u00e4ftsjahr 2016 konnte Delivery Hero seinen Umsatz zuletzt um 79% gegen\u00fcber dem Vorjahr auf \u00fcber 297 Millionen Euro steigern. Im ersten Quartal 2017 verdoppelte das Unternehmen den Umsatz zum Vorjahreszeitraum sogar auf 121 Millionen Euro. Nicht zuletzt daraus resultierte eine mehrfache \u00dcberzeichnung des B\u00f6rsenganges, der das rege Interesse von Investoren am disruptiven Gesch\u00e4ftsmodell des deutschen Vorzeige-Startups zeigte.<\/p>\n<p>Die German Startups Group, aktivster privater Venture-Capital-Investor in Deutschland im Zeitraum seit 2012 (CB Insights 2015, PitchBook 2016),hatte sich in 2013 und 2014 an DeliveryHero beteiligt und erzielt mit dem Verkauf ihrer Anteile im Zuge ihrer erfolgreichen Platzierung beim B\u00f6rsengang der Fokusbeteiligung einen Erl\u00f6s von knapp 1,7 Millionen Euro und dabei einen Multiple auf das investierte Kapital von knapp 5x sowie eine Internal Rate of Return (IRR) von \u00fcber 60% p.a. Die Gesellschaft realisiert dabei gegen\u00fcber ihren Anschaffungskosten einen Ver\u00e4u\u00dferungsgewinn von ca. 1,3 Millionen Euro bzw. 0,11 Euro pro Aktie (IFRS).<\/p>\n<p>Christoph Gerlinger, CEO der German Startups Group kommentiert: \u201eDer erfolgreiche Exit bei Delivery Hero freut uns gleich mehrfach: Zum einen haben wir hiermit einen gro\u00dfen wirtschaftlichen Erfolg zu verzeichnen, daneben best\u00e4tigt sich erneut unser Ansatz, gezielt auch sog. Secondary Shares zu erwerben, wof\u00fcr die German Startups Group mittlerweile im Markt bekannt ist und gesch\u00e4tzt wird. Das Delivery Hero-Team um Niklas \u00d6stberg hat in den letzten Jahren hervorragende Arbeit geleistet, insbesondere die ambitionierte, aber gelungene Internationalisierung in \u00fcber 40 L\u00e4nder ist f\u00fcr ein deutsches Startup keine Selbstverst\u00e4ndlichkeit. Ein erneuter Beweis, dass auch in deutschen Jung-und Technologieunternehmen Potenzial zu globalen Marktf\u00fchrern steckt. Wir danken dem Team herzlich f\u00fcr die exzellente harte Arbeit der letzten Jahre!\u201c<\/p>\n<p>&nbsp;<\/p>\n<p><strong>Investor Relations Kontakt<\/strong><br \/>\n<strong>German Startups Group<\/strong><br \/>\nMarcel Doeppes<br \/>\nir@tpgholding.com<br \/>\n<a href=\"https:\/\/tpgholding.com\/\">www.tpgholding.com<\/a><\/p>\n<p>&nbsp;<\/p>\n<p><u><a href=\"https:\/\/tpgholding.com\/wp-content\/uploads\/2017\/07\/20170703_PM-GSG-veraeussert-Anteile-an-Delivery-Hero-im-Boersengang.pdf\" rel=\"\" target=\"_blank\" rel=\"nofollow\">Hier klicken f\u00fcr die PDF-Version<\/a><\/u><\/p>\n<p>&nbsp;<\/p>\n<p><strong>German Startups Group \u2013 Wir lieben Startups!<\/strong><\/p>\n<p>Die German Startups Group ist eine b\u00f6rsennotierte Beteiligungsgesellschaft mit Sitz in Berlin und mit Fokus auf junge, schnell wachsende Unternehmen, sog. Startups. Sie erwirbt Mehrheits- und Minderheitsbeteiligungen, insb. durch Bereitstellung von Venture Capital. Die Portfoliounternehmen der German Startups Group k\u00f6nnen zudem unter anderem bei Strategieentwicklung, im Hinblick auf Finanzierungsrunden, Restrukturierungsnotwendigkeiten, M&amp;A-Transaktionen oder dem Unternehmensverkauf einschlie\u00dflich eines m\u00f6glichen B\u00f6rsengangs von der Expertise, der Erfahrung und dem Netzwerk des Teams der German Startups Group profitieren. Nach eigener Einsch\u00e4tzung stellt die German Startups Group den Startups im Rahmen des Anteilserwerbs damit sog. &#8220;Smart Money&#8221; zur Verf\u00fcgung. Ihr Fokus liegt auf Unternehmen, deren Produkte oder Gesch\u00e4ftsmodelle eine disruptive Innovation aufweisen, eine hohe Skalierbarkeit erwarten lassen und bei denen sie Vertrauen in die unternehmerischen F\u00e4higkeiten der Gr\u00fcnder hat, zu denen sie nach eigener Einsch\u00e4tzung aufgrund ihrer engen Beziehungenzu relevanten Akteuren der Startup-Szene fr\u00fchen Zugang erh\u00e4lt. Der geografische Fokus liegt auf dem deutschsprachigen Raum. Seit der Aufnahme der Gesch\u00e4ftst\u00e4tigkeit im Jahr 2012 hat die German Startups Group ein ihrer Ansicht nach diversifiziertes Portfolio von Anteilen an jungen Unternehmen aufgebaut und sich zum aktivsten privaten Venture-Capital-Investor seit 2012 in Deutschland entwickelt (CB Insights 2015, PitchBook 2016). Von den 41 Minderheitsbeteiligungen an operativ t\u00e4tigen Unternehmen sind 22 f\u00fcr die Gesellschaft wesentlich und machen zusammen 90% des Werts aller 41 aktiven Minderheitsbeteiligungen aus. Die acht Fokusbeteiligungen verk\u00f6rpern 57% des Werts aller aktiven Minderheitsbeteiligungen. Nach Ansicht der Gesellschaft spiegelt das Beteiligungsportfolio einen Querschnitt von vielversprechenden deutschen Startups verschiedener Reifegrade (&#8220;Seed&#8221;, &#8220;Early&#8221; und &#8220;Growth Stage&#8221; nach Definition der Gesellschaft) wider und enth\u00e4lt manche der erfolgreichsten und bekanntesten deutschen Startups.<\/p>\n<p>&nbsp;<\/p>\n<p>Mehr Informationen unter <a href=\"https:\/\/tpgholding.com\/\">https:\/\/tpgholding.com\/<\/a>.<\/p>\n<p>&nbsp;<\/p>\n","protected":false},"excerpt":{"rendered":"<p>&nbsp; +++ Pressemitteilung +++ Erfolgreicher Exit der German Startups Group mit der Fokusbeteiligung Delivery Hero AG &#8211; German Startups Group erzielt einen Ver\u00e4u\u00dferungsgewinn durch den Anteilsverkauf im Zuge des B\u00f6rsenganges der Fokusbeteiligung Delivery Hero AG Berlin, 03. Juli 2017 \u2013 Der nach eigenen Angaben weltweit f\u00fchrende und erst 2011 gegr\u00fcndete Betreiber des Marktplatzes f\u00fcr Bestellungen [&hellip;]<\/p>\n","protected":false},"author":4,"featured_media":0,"parent":0,"menu_order":0,"comment_status":"closed","ping_status":"closed","template":"page-full.php","meta":[],"_links":{"self":[{"href":"https:\/\/tpgholding.com\/index.php\/wp-json\/wp\/v2\/pages\/11663"}],"collection":[{"href":"https:\/\/tpgholding.com\/index.php\/wp-json\/wp\/v2\/pages"}],"about":[{"href":"https:\/\/tpgholding.com\/index.php\/wp-json\/wp\/v2\/types\/page"}],"author":[{"embeddable":true,"href":"https:\/\/tpgholding.com\/index.php\/wp-json\/wp\/v2\/users\/4"}],"replies":[{"embeddable":true,"href":"https:\/\/tpgholding.com\/index.php\/wp-json\/wp\/v2\/comments?post=11663"}],"version-history":[{"count":1,"href":"https:\/\/tpgholding.com\/index.php\/wp-json\/wp\/v2\/pages\/11663\/revisions"}],"predecessor-version":[{"id":12488,"href":"https:\/\/tpgholding.com\/index.php\/wp-json\/wp\/v2\/pages\/11663\/revisions\/12488"}],"wp:attachment":[{"href":"https:\/\/tpgholding.com\/index.php\/wp-json\/wp\/v2\/media?parent=11663"}],"curies":[{"name":"wp","href":"https:\/\/api.w.org\/{rel}","templated":true}]}}