{"id":11673,"date":"2017-06-20T11:29:14","date_gmt":"2017-06-20T09:29:14","guid":{"rendered":"http:\/\/www.german-startups.com\/?page_id=11673"},"modified":"2019-07-12T11:02:43","modified_gmt":"2019-07-12T09:02:43","slug":"pressemitteilung-vom-20-juni-2017","status":"publish","type":"page","link":"https:\/\/tpgholding.com\/index.php\/pressemitteilung-vom-20-juni-2017\/","title":{"rendered":"Pressemitteilung vom <br> 20. Juni 2017"},"content":{"rendered":"<p style=\"text-align: center;\"><img decoding=\"async\" src=\"https:\/\/tpgholding.com\/wp-content\/uploads\/2014\/08\/germanstartupsgroup-logo.png\" alt=\"GS_Group_old\" \/><\/p>\n<p>&nbsp;<\/p>\n<p style=\"text-align: center; padding: 0px; margin: 0px;\">+++ Pressemitteilung +++<\/p>\n<p style=\"text-align: center; padding: 50px; margin: 0px;\"><strong>German Startups Group: Dem Portfoliounternehmen Scalable Capital gelingt die Einwerbung von BlackRock als strategischem Investor<\/strong><\/p>\n<ul>\n<li>&#8211; German Startups Group verkaufte in 2017 Anteile an CRX Markets und eWings<\/li>\n<\/ul>\n<p><strong>Berlin, 20. Juni 2017 \u2013 <\/strong>Scalable Capital, der f\u00fchrende Robo-Advisor in Deutschland und eine Fokusbeteiligung der German Startups Group, gelingt mit seiner Series B-Finanzierungsrunde im Umfang von 30 Millionen Euro die Einwerbung des US-Finanzkonzerns BlackRock, dem weltweit gr\u00f6\u00dften Asset-Manager mit einem verwalteten Verm\u00f6gen von \u00fcber 5 Billionen US-Dollar, als strategischem Investor und k\u00fcnftig gr\u00f6\u00dften Minderheitsgesellschafter. Die German Startups Group war der erste institutionelle VC-Investor bei Scalable Capital und hat diese insbesondere zu Beginn aktiv gef\u00f6rdert hat. Christoph Gerlinger, Gesch\u00e4ftsf\u00fchrer der German Startups Group, dazu: \u201eWir freuen uns sehr \u00fcber den gro\u00dfen Erfolg von Scalable Capital. Deren Gr\u00fcnder Erik Podzuweit und Florian Pucker haben einen gro\u00dfartigen Job gemacht. Was ihnen in nur 16 Monaten nach Marktstart an Aufbauarbeit gelungen ist, kann als Lehrbuchbeispiel f\u00fcr erfolgreiche Startup-Gr\u00fcndungen gelten. Inzwischen verwaltet das FinTech Startup mit seiner Software 250 Millionen Euro von rund 6.000 Privatkunden.\u201c<\/p>\n<p>Au\u00dferhalb der Finanzierungsrunde von 30 Millionen Euro hat die German Startups Group ihre Anteile an Scalable Capital mit signifikantem Ver\u00e4u\u00dferungsgewinn von 2,4 Millionen Euro oder 0,20 Euro pro Aktie (IFRS) an einen Gesellschafter ver\u00e4u\u00dfert und die Finanzdaten am 14. Juni 2017 ad-hoc ver\u00f6ffentlicht. Die German Startups Group erzielt einen Erl\u00f6s von 3,3 Millionen Euro und dabei einen Multiple auf das investierte Kapital von 11x sowie eine Internal Rate of Return (IRR) von rund 200% p.a. Der Net Asset Value (NAV) pro Aktie der German Startups Group liegt nun nach Einsch\u00e4tzung der Gesch\u00e4ftsleitung mindestens auf dem selben Niveau wie vor der vor\u00fcbergehenden H\u00e4ufung von negativen Nachrichten rund um den Jahreswechsel, die zu einem bis heute nicht wieder aufgeholten Kursr\u00fcckgang gef\u00fchrt hatte.<\/p>\n<p>Die German Startups Group ver\u00f6ffentlichte au\u00dferdem am 7. April 2017 den Anteilsverkauf einer f\u00fcr sie wesentlichen Beteiligung mit einem Ver\u00e4u\u00dferungserl\u00f6s von knapp einer Million Euro. Bei dem entsprechenden Portfoliounternehmen handelt es sich um die Supply-Chain-Finance-Handelsplattform CRX Markets, ebenfalls ein FinTech-Unternehmen. Inzwischen hat die Gesellschaft sich entschieden, vorerst nur die H\u00e4lfte ihrer Beteiligung zu ver\u00e4u\u00dfern, also an der anderen H\u00e4lfte der Beteiligung weiterhin festzuhalten.<\/p>\n<p>Die Gesellschaft ver\u00f6ffentlichte ferner am 12. Mai 2017 den Exit einer f\u00fcr sie nicht wesentlichen Beteiligung, mit der sie ein Multiple von 3x erzielte. Bei dieser Beteiligung handelt es sich um die Online-Flugbuchungsplattform eWings.com.<\/p>\n<p>&nbsp;<\/p>\n<p><strong>Investor Relations Kontakt<\/strong><br \/>\n<strong>German Startups Group<\/strong><br \/>\nMarcel Doeppes<br \/>\nir@tpgholding.com<br \/>\n<a href=\"https:\/\/tpgholding.com\/\">www.tpgholding.com<\/a><\/p>\n<p>&nbsp;<\/p>\n<p><u><a href=\"https:\/\/tpgholding.com\/wp-content\/uploads\/2017\/06\/20170620-GSG-Scalable-Capital-gelingt-Einwerbung-von-BlackRock-als-strategischen-Investor.pdf\" rel=\"\" target=\"_blank\" rel=\"nofollow\">Hier klicken f\u00fcr die PDF-Version<\/a><\/u><\/p>\n<p>&nbsp;<\/p>\n<p><strong>German Startups Group \u2013 Wir lieben Startups!<\/strong><\/p>\n<p>Die German Startups Group ist eine b\u00f6rsennotierte Beteiligungsgesellschaft mit Sitz in Berlin und mit Fokus auf junge, schnell wachsende Unternehmen, sog. Startups. Sie erwirbt Mehrheits- und Minderheitsbeteiligungen, insb. durch Bereitstellung von Venture Capital. Die Portfoliounternehmen der German Startups Group k\u00f6nnen zudem unter anderem bei Strategieentwicklung, im Hinblick auf Finanzierungsrunden, Restrukturierungsnotwendigkeiten, M&amp;A-Transaktionen oder dem Unternehmensverkauf einschlie\u00dflich eines m\u00f6glichen B\u00f6rsengangs von der Expertise, der Erfahrung und dem Netzwerk des Teams der German Startups Group profitieren. Nach eigener Einsch\u00e4tzung stellt die German Startups Group den Startups im Rahmen des Anteilserwerbs damit sog. &#8220;Smart Money&#8221; zur Verf\u00fcgung. Ihr Fokus liegt auf Unternehmen, deren Produkte oder Gesch\u00e4ftsmodelle eine disruptive Innovation aufweisen, eine hohe Skalierbarkeit erwarten lassen und bei denen sie Vertrauen in die unternehmerischen F\u00e4higkeiten der Gr\u00fcnder hat, zu denen sie nach eigener Einsch\u00e4tzung aufgrund ihrer engen Beziehungenzu relevanten Akteuren der Startup-Szene fr\u00fchen Zugang erh\u00e4lt. Der geografische Fokus liegt auf dem deutschsprachigen Raum. Seit der Aufnahme der Gesch\u00e4ftst\u00e4tigkeit im Jahr 2012 hat die German Startups Group ein ihrer Ansicht nach diversifiziertes Portfolio von Anteilen an jungen Unternehmen aufgebaut und sich zum aktivsten privaten Venture-Capital-Investor seit 2012 in Deutschland entwickelt (CB Insights 2015, PitchBook 2016). Von den 42 Minderheitsbeteiligungen an operativ t\u00e4tigen Unternehmen sind 23 f\u00fcr die Gesellschaft wesentlich und machen zusammen 90% des Werts aller 42 aktiven Minderheitsbeteiligungen aus. Die zehn Fokusbeteiligungen verk\u00f6rpern 63% des Werts aller aktiven Minderheitsbeteiligungen. Nach Ansicht der Gesellschaft spiegelt das Beteiligungsportfolio einen Querschnitt von vielversprechenden deutschen Startups verschiedener Reifegrade (&#8220;Seed&#8221;, &#8220;Early&#8221; und &#8220;Growth Stage&#8221; nach Definition der Gesellschaft) wider und enth\u00e4lt manche der erfolgreichsten und bekanntesten deutschen Startups.<\/p>\n<p>&nbsp;<\/p>\n<p>Mehr Informationen unter <a href=\"https:\/\/tpgholding.com\/\">https:\/\/tpgholding.com\/<\/a>.<\/p>\n<p>&nbsp;<\/p>\n","protected":false},"excerpt":{"rendered":"<p>&nbsp; +++ Pressemitteilung +++ German Startups Group: Dem Portfoliounternehmen Scalable Capital gelingt die Einwerbung von BlackRock als strategischem Investor &#8211; German Startups Group verkaufte in 2017 Anteile an CRX Markets und eWings Berlin, 20. Juni 2017 \u2013 Scalable Capital, der f\u00fchrende Robo-Advisor in Deutschland und eine Fokusbeteiligung der German Startups Group, gelingt mit seiner Series [&hellip;]<\/p>\n","protected":false},"author":4,"featured_media":0,"parent":0,"menu_order":0,"comment_status":"closed","ping_status":"closed","template":"page-full.php","meta":[],"_links":{"self":[{"href":"https:\/\/tpgholding.com\/index.php\/wp-json\/wp\/v2\/pages\/11673"}],"collection":[{"href":"https:\/\/tpgholding.com\/index.php\/wp-json\/wp\/v2\/pages"}],"about":[{"href":"https:\/\/tpgholding.com\/index.php\/wp-json\/wp\/v2\/types\/page"}],"author":[{"embeddable":true,"href":"https:\/\/tpgholding.com\/index.php\/wp-json\/wp\/v2\/users\/4"}],"replies":[{"embeddable":true,"href":"https:\/\/tpgholding.com\/index.php\/wp-json\/wp\/v2\/comments?post=11673"}],"version-history":[{"count":1,"href":"https:\/\/tpgholding.com\/index.php\/wp-json\/wp\/v2\/pages\/11673\/revisions"}],"predecessor-version":[{"id":12459,"href":"https:\/\/tpgholding.com\/index.php\/wp-json\/wp\/v2\/pages\/11673\/revisions\/12459"}],"wp:attachment":[{"href":"https:\/\/tpgholding.com\/index.php\/wp-json\/wp\/v2\/media?parent=11673"}],"curies":[{"name":"wp","href":"https:\/\/api.w.org\/{rel}","templated":true}]}}