{"id":11711,"date":"2017-06-08T11:24:18","date_gmt":"2017-06-08T09:24:18","guid":{"rendered":"http:\/\/www.german-startups.com\/?page_id=11711"},"modified":"2019-07-12T11:27:11","modified_gmt":"2019-07-12T09:27:11","slug":"pressemitteilung-vom-08-juni-2017","status":"publish","type":"page","link":"https:\/\/tpgholding.com\/index.php\/pressemitteilung-vom-08-juni-2017\/","title":{"rendered":"Pressemitteilung vom <br> 08. Juni 2017"},"content":{"rendered":"<p style=\"text-align: center;\"><img decoding=\"async\" src=\"https:\/\/tpgholding.com\/wp-content\/uploads\/2014\/08\/germanstartupsgroup-logo.png\" alt=\"GS_Group_old\" \/><\/p>\n<p>&nbsp;<\/p>\n<p style=\"text-align: center; padding: 0px; margin: 0px;\">+++ Pressemitteilung +++<\/p>\n<p style=\"text-align: center; padding: 50px; margin: 0px;\"><strong>Namhafte Investoren stellen neue Aufsichtsr\u00e4te der German Startups Group<\/strong><\/p>\n<ul>\n<li>&#8211; S\u00e4mtliche Beschlussvorschl\u00e4ge der Gesellschaft von der Hauptversammlung angenommen<br \/>\n\t\t&#8211; Gesch\u00e4ftsf\u00fchrung rechnet mit Ver\u00e4u\u00dferungserl\u00f6s von 8% ihrer Marktkapitalisierung f\u00fcr ihre Delivery Hero-Beteiligung<\/li>\n<\/ul>\n<p><strong>Berlin, 08. Juni 2017 \u2013 <\/strong>Die German Startups Group, aktivster privater Venture-Capital-Investor in Deutschland im Zeitraum seit 2012 (CB Insights 2015, PitchBook 2016) und Digitalagentur mit 140 Mitarbeitern mit Sitz in Berlin, hat heute ihre Hauptversammlung in Frankfurt abgehalten. S\u00e4mtliche Beschlussvorschl\u00e4ge der Gesch\u00e4ftsf\u00fchrung und des Aufsichtsrats wurden mit mindestens 99,5% Zustimmung angenommen, darunter auch die turnusm\u00e4\u00dfige Wahl eines neuen Aufsichtsrats. Neben den beiden langj\u00e4hrigen Aufsichtsratsmitgliedern Gerhard Koning und Martin Korbmacher ist es der Gesellschaft gelungen, Markus Kronenberghs, im Hauptberuf Gesch\u00e4ftsf\u00fchrer der Cara Investment GmbH und Private Equity-Experte, und f\u00fcr die neu eingef\u00fchrte Ersatzmitgliedschaft Reiner Sachs, hauptberuflich Vorstandsvorsitzender der Shareholder Value Management AG und Vorstandsmitglied der Shareholder Value Beteiligungen AG, auf Small Caps spezialisierter Portfoliomanager, zu gewinnen. Damit untermauern zwei wesentliche institutionelle Aktion\u00e4re der German Startups Group ihr Engagement bei der Gesellschaft. Die Shareholder Value Beteiligungen AG hat sich mit ihren erfolgreichen Small-Cap-Fonds in den vergangenen Jahren einen Namen gemacht, unterbewertete Aktien aufzusp\u00fcren.<\/p>\n<p>Aufgrund der sich konkretisierenden Pressemeldungen ihres Portfoliounternehmens Delivery Hero zu einem geplanten B\u00f6rsengang rechnet Christoph Gerlinger, der Gesch\u00e4ftsf\u00fchrer der German Startups Group, noch in diesem Jahr mit einem Ver\u00e4u\u00dferungserl\u00f6s von knapp 2 Millionen Euro oder 8% der Marktkapitalisierung der Gesellschaft plus\/minus etwaige Abweichungen der IPO-Bewertung von Delivery Hero von den bisher in Marktger\u00fcchten kolportierten 3,5 Milliarden Euro und kommentiert: \u201eWir freuen uns sehr dar\u00fcber, dass Delivery Hero nun kurz vor dem Sprung an die B\u00f6rse zu stehen scheint und haben uns entschieden, die aus unseren Anteilen hervorgehenden Aktien im IPO zu ver\u00e4u\u00dfern, obwohl wir von der Attraktivit\u00e4t des Gesch\u00e4ftsmodells von Delivery Hero und den weiteren Wachstums-und Wertsteigerungsperspektiven \u00fcberzeugt sind. Als Venture-Capital-Investor kann es jedoch nicht unsere Aufgabe sein, an notierten Aktien festzuhalten, denn diese sind unseren Aktion\u00e4ren ab Notierungsaufnahme auch ohne uns zug\u00e4nglich. Wir sind vielmehr f\u00fcr die Teilnahme an der Wertentwicklung von Startups vor einem B\u00f6rsengang zust\u00e4ndig. Unser Investment in Delivery Hero stellt f\u00fcr uns einen gro\u00dfen Erfolg dar, weil wir in 2013 zu einem Bruchteil der heutigen Bewertung eingestiegen sind und seither einen kontinuierlichen Wertzuwachs verzeichnet haben. Einziger Wermutstropfen \u2013aufgrund unserer damals noch beschr\u00e4nkten finanziellen M\u00f6glichkeiten liegt unser Anteil deutlich niedriger als er nach den Bilanzverh\u00e4ltnissen heute ausgefallen w\u00e4re.\u201c<\/p>\n<p>&nbsp;<\/p>\n<p><strong>Investor Relations Kontakt<\/strong><br \/>\n<strong>German Startups Group<\/strong><br \/>\nMarcel Doeppes<br \/>\nir@tpgholding.com<br \/>\n<a href=\"https:\/\/tpgholding.com\/\">www.tpgholding.com<\/a><\/p>\n<p>&nbsp;<\/p>\n<p><u><a href=\"https:\/\/tpgholding.com\/wp-content\/uploads\/2018\/06\/20180406-German-Startups-Group-Trennung-von-Nikolas-Samios-und-seiner-Cooperativa-auch-auf-Aktionariatsebene.pdf\" rel=\"\" target=\"_blank\" rel=\"nofollow\">Hier klicken f\u00fcr die PDF-Version<\/a><\/u><\/p>\n<p>&nbsp;<\/p>\n<p><strong>German Startups Group \u2013 Wir lieben Startups!<\/strong><\/p>\n<p>Die German Startups Group ist eine b\u00f6rsennotierte Beteiligungsgesellschaft mit Sitz in Berlin und mit Fokus auf junge, schnell wachsende Unternehmen, sog. Startups. Sie erwirbt Mehrheits- und Minderheitsbeteiligungen, insb. durch Bereitstellung von Venture Capital. Die Portfoliounternehmen der German Startups Group k\u00f6nnen zudem unter anderem bei Strategieentwicklung, im Hinblick auf Finanzierungsrunden, Restrukturierungsnotwendigkeiten, M&#038;A-Transaktionen oder dem Unternehmensverkauf einschlie\u00dflich eines m\u00f6glichen B\u00f6rsengangs von der Expertise, der Erfahrung und dem Netzwerk des Teams der German Startups Group profitieren. Nach eigener Einsch\u00e4tzung stellt die German Startups Group den Startups im Rahmen des Anteilserwerbs damit sog. &#8220;Smart Money&#8221; zur Verf\u00fcgung. Ihr Fokus liegt auf Unternehmen, deren Produkte oder Gesch\u00e4ftsmodelle eine disruptive Innovation aufweisen, eine hohe Skalierbarkeit erwarten lassen und bei denen sie Vertrauen in die unternehmerischen F\u00e4higkeiten der Gr\u00fcnder hat, zu denen sie nach eigener Einsch\u00e4tzung aufgrund ihrer engen Beziehungenzu relevanten Akteuren der Startup-Szene fr\u00fchen Zugang erh\u00e4lt. Der geografische Fokus liegt auf dem deutschsprachigen Raum. Seit der Aufnahme der Gesch\u00e4ftst\u00e4tigkeit im Jahr 2012 hat die German Startups Group ein ihrer Ansicht nach diversifiziertes Portfolio von Anteilen an jungen Unternehmen aufgebaut und sich zum aktivsten privaten Venture-Capital-Investor seit 2012 in Deutschland entwickelt (CB Insights 2015, PitchBook 2016). Von den 43 Minderheitsbeteiligungen an operativ t\u00e4tigen Unternehmen sind 24 f\u00fcr die Gesellschaft wesentlich und machen zusammen 91% des Werts aller 43 aktiven Minderheitsbeteiligungen aus. Die zehn Fokusbeteiligungen verk\u00f6rpern 62% des Werts aller aktiven Minderheitsbeteiligungen. Nach Ansicht der Gesellschaft spiegelt das Beteiligungsportfolio einen Querschnitt von vielversprechenden deutschen Startups verschiedener Reifegrade (&#8220;Seed&#8221;, &#8220;Early&#8221; und &#8220;Growth Stage&#8221; nach Definition der Gesellschaft) wider und enth\u00e4lt manche der erfolgreichsten und bekanntesten deutschen Startups.<\/p>\n<p>&nbsp;<\/p>\n<p>Mehr Informationen unter <a href=\"https:\/\/tpgholding.com\/\">https:\/\/tpgholding.com\/<\/a>.<\/p>\n<p>&nbsp;<\/p>\n","protected":false},"excerpt":{"rendered":"<p>&nbsp; +++ Pressemitteilung +++ Namhafte Investoren stellen neue Aufsichtsr\u00e4te der German Startups Group &#8211; S\u00e4mtliche Beschlussvorschl\u00e4ge der Gesellschaft von der Hauptversammlung angenommen &#8211; Gesch\u00e4ftsf\u00fchrung rechnet mit Ver\u00e4u\u00dferungserl\u00f6s von 8% ihrer Marktkapitalisierung f\u00fcr ihre Delivery Hero-Beteiligung Berlin, 08. Juni 2017 \u2013 Die German Startups Group, aktivster privater Venture-Capital-Investor in Deutschland im Zeitraum seit 2012 (CB Insights [&hellip;]<\/p>\n","protected":false},"author":4,"featured_media":0,"parent":0,"menu_order":0,"comment_status":"closed","ping_status":"closed","template":"page-full.php","meta":[],"_links":{"self":[{"href":"https:\/\/tpgholding.com\/index.php\/wp-json\/wp\/v2\/pages\/11711"}],"collection":[{"href":"https:\/\/tpgholding.com\/index.php\/wp-json\/wp\/v2\/pages"}],"about":[{"href":"https:\/\/tpgholding.com\/index.php\/wp-json\/wp\/v2\/types\/page"}],"author":[{"embeddable":true,"href":"https:\/\/tpgholding.com\/index.php\/wp-json\/wp\/v2\/users\/4"}],"replies":[{"embeddable":true,"href":"https:\/\/tpgholding.com\/index.php\/wp-json\/wp\/v2\/comments?post=11711"}],"version-history":[{"count":1,"href":"https:\/\/tpgholding.com\/index.php\/wp-json\/wp\/v2\/pages\/11711\/revisions"}],"predecessor-version":[{"id":12517,"href":"https:\/\/tpgholding.com\/index.php\/wp-json\/wp\/v2\/pages\/11711\/revisions\/12517"}],"wp:attachment":[{"href":"https:\/\/tpgholding.com\/index.php\/wp-json\/wp\/v2\/media?parent=11711"}],"curies":[{"name":"wp","href":"https:\/\/api.w.org\/{rel}","templated":true}]}}