{"id":11715,"date":"2017-06-07T11:17:30","date_gmt":"2017-06-07T09:17:30","guid":{"rendered":"http:\/\/www.german-startups.com\/?page_id=11715"},"modified":"2019-07-12T11:25:32","modified_gmt":"2019-07-12T09:25:32","slug":"pressemitteilung-vom-07-juni-2017","status":"publish","type":"page","link":"https:\/\/tpgholding.com\/index.php\/pressemitteilung-vom-07-juni-2017\/","title":{"rendered":"Pressemitteilung vom <br> 07. Juni 2017"},"content":{"rendered":"<p style=\"text-align: center;\"><img decoding=\"async\" src=\"https:\/\/tpgholding.com\/wp-content\/uploads\/2014\/08\/germanstartupsgroup-logo.png\" alt=\"GS_Group_old\" \/><\/p>\n<p>&nbsp;<\/p>\n<p style=\"text-align: center; padding: 0px; margin: 0px;\">+++ Pressemitteilung +++<\/p>\n<p style=\"text-align: center; padding: 50px; margin: 0px;\"><strong>Die German Startups Group plant neben der Digitalagentur Exozet weiteres operatives Gesch\u00e4ft und verringert ihre Kosten<\/strong><\/p>\n<p><strong>Berlin, 07. juni 2017 \u2013 <\/strong>Die German Startups Group, aktivster privater Venture-Capital-Investor im Zeitraum seit 2012 (CB Insights 2015, PitchBook 2016) und Digitalagentur mit 140 Mitarbeitern mit Sitz in Berlin, plant wie bereits angek\u00fcndigt, mit \u00fcberschaubaren Investitionen operative Gesch\u00e4fte neu aufzubauen, f\u00fcr deren Durchf\u00fchrung sie aufgrund der Kenntnisse, Erfahrungen und des Netzwerks ihres Teams besonders bef\u00e4higt ist und f\u00fcr die sie neue Tochtergesellschaften gr\u00fcnden, also gr\u00f6\u00dfere strategische Beteiligungen an ihnen halten wird. Neben ihrer strategischen Mehrheitsbeteiligung an der Digitalagentur Exozet hat die Gesellschaft als konkrete operative Vorhaben bisher die Schaffung einer Sekund\u00e4rmarktplattform f\u00fcr Startup-Anteile, die Ausgabe von Genussrechten auf die Wertentwicklung einzelner Portfoliounternehmen (vorbehaltlich deren Zustimmung) und die Verwendung einer aus der Insolvenzmasse der Auctionata Paddle8 AG sehr g\u00fcnstig erworbenen Software-Technologie f\u00fcr Echtzeit-Livestream-Auktionen bekannt gegeben. Weitere Themen sind in Pr\u00fcfung. So will die German Startups Group aus eigener Kraft mit eng begrenztem Risiko zus\u00e4tzlichen Shareholder Value generieren.<\/p>\n<p>Im Venture-Capital-Gesch\u00e4ft wird sich die German Startups Group bis auf weiteres auf Opportunit\u00e4ten bei bestehenden, sich besonders gut entwickelnden Portfoliounternehmen oder von erfolgreichen Seriengr\u00fcndern aus ihrem Umfeld konzentrieren. Gleichzeitig wird sie aus ihrem bestehenden Minderheitenbeteiligungsportfolio verst\u00e4rkt die Ver\u00e4u\u00dferung der reiferen der in den letzten f\u00fcnf Jahren eingegangenen Beteiligungen in den Vordergrund stellen, um Ver\u00e4u\u00dferungsgewinne zu realisieren. Die weit \u00fcberwiegende Zahl der Portfoliounternehmen ist als erfolgreich einzustufen und gegen\u00fcber den Anschaffungskosten im Wert gestiegen, teilweise substantiell. Dabei unterliegt die Gesellschaft keinerlei Zeitdruck, sondern wird mit Geduld auf die bei vielen Portfoliounternehmen ohnehin geplanten Exits warten und diese \u2013soweit von ihnen gew\u00fcnscht\u2013aktiv f\u00f6rdern. In einer Vielzahl von Beteiligungen steckt nach Einsch\u00e4tzung der Gesch\u00e4ftsf\u00fchrung bis zum Ver\u00e4u\u00dferungszeitpunkt noch erhebliches Wertsteigerungspotenzial.<\/p>\n<p>Zugleich verringert die Gesellschaft ihre Kosten deutlich. Die Sparma\u00dfnahmen haben das Ziel, ab dem zweiten Halbjahr 2017 bis zu 50% der Sowieso-und Listingkosten gegen\u00fcber Juni 2016 einzusparen. Den zweiten gro\u00dfen Kostenblock stellt die Gesch\u00e4ftsf\u00fchrungs-und Haftungs\u00fcbernahmeverg\u00fctung (\u201eManagement Fee\u201c) der Komplement\u00e4rin, der German Startups Group Management GmbH, dar, die die Gesch\u00e4ftsf\u00fchrung der KGaA innehat und aus dieser Verg\u00fctung die laufenden Aufwendungen f\u00fcr Team, Mietr\u00e4ume, Veranstaltungen, Gesch\u00e4ftsreisen usw. tr\u00e4gt. Der weit \u00fcberwiegende Teil dieser Verg\u00fctung ist variabel und bel\u00e4uft sich auf 2,5% der Einzelbilanzsumme der KGaA p.a. (IFRS). Die Komplement\u00e4rin verzichtet zugunsten der Aktion\u00e4re der KGaA ab 1. Juli 2017 bis auf weiteres auf einen Teil der Gesch\u00e4ftsf\u00fchrungs-und Haftungsverg\u00fctung in H\u00f6he von 1,0% der Bilanzsumme p.a. Insgesamt rechnet die Gesch\u00e4ftsf\u00fchrung mit einer Ersparnis von 720 TEUR p.a. oder 0,06 EUR pro Aktie p.a.<\/p>\n<p>Ziel der vorstehenden Ma\u00dfnahmen ist, im Interesse der Aktion\u00e4re den in den Augen der Gesch\u00e4ftsf\u00fchrung durch den Aktienkurs verk\u00f6rperten Abschlag auf den Net Asset Value pro Aktie zu verringern oder zu eliminieren und bei der Realisierung von Ver\u00e4u\u00dferungsgewinnen den Nettoerl\u00f6s nach Kosten zu maximieren. Die erzielten Ver\u00e4u\u00dferungserl\u00f6se sollen zun\u00e4chst zur Tilgung der Finanzverbindlichkeiten der Gesellschaft in H\u00f6he von 6,5 Millionen Euro und im Falle der Zustimmung des Aufsichtsrats in der Folge auch f\u00fcr Aktienr\u00fcckk\u00e4ufe verwendet werden, solange die Aktie nach Einsch\u00e4tzung der Gesch\u00e4ftsf\u00fchrung unter dem Net Asset Value pro Aktie notiert.<\/p>\n<p>&nbsp;<\/p>\n<p><strong>Investor Relations Kontakt<\/strong><br \/>\n<strong>German Startups Group<\/strong><br \/>\nMarcel Doeppes<br \/>\nir@tpgholding.com<br \/>\n<a href=\"https:\/\/tpgholding.com\/\">www.tpgholding.com<\/a><\/p>\n<p>&nbsp;<\/p>\n<p><u><a href=\"https:\/\/tpgholding.com\/wp-content\/uploads\/2017\/06\/GSG-plant-neben-der-Digitalagentur-Exozet-weiteres-operatives-Geschaeft-und-verringert-Kosten.pdf\" rel=\"\" target=\"_blank\" rel=\"nofollow\">Hier klicken f\u00fcr die PDF-Version<\/a><\/u><\/p>\n<p>&nbsp;<\/p>\n<p><strong>German Startups Group \u2013 Wir lieben Startups!<\/strong><\/p>\n<p>Die German Startups Group ist eine b\u00f6rsennotierte Beteiligungsgesellschaft mit Sitz in Berlin und mit Fokus auf junge, schnell wachsende Unternehmen, sog. Startups. Sie erwirbt Mehrheits- und Minderheitsbeteiligungen, insb. durch Bereitstellung von Venture Capital. Die Portfoliounternehmen der German Startups Group k\u00f6nnen zudem unter anderem bei Strategieentwicklung, im Hinblick auf Finanzierungsrunden, Restrukturierungsnotwendigkeiten, M&amp;A-Transaktionen oder dem Unternehmensverkauf einschlie\u00dflich eines m\u00f6glichen B\u00f6rsengangs von der Expertise, der Erfahrung und dem Netzwerk des Teams der German Startups Group profitieren. Nach eigener Einsch\u00e4tzung stellt die German Startups Group den Startups im Rahmen des Anteilserwerbs damit sog. &#8220;Smart Money&#8221; zur Verf\u00fcgung. Ihr Fokus liegt auf Unternehmen, deren Produkte oder Gesch\u00e4ftsmodelle eine disruptive Innovation aufweisen, eine hohe Skalierbarkeit erwarten lassen und bei denen sie Vertrauen in die unternehmerischen F\u00e4higkeiten der Gr\u00fcnder hat, zu denen sie nach eigener Einsch\u00e4tzung aufgrund ihrer engen Beziehungenzu relevanten Akteuren der Startup-Szene fr\u00fchen Zugang erh\u00e4lt. Der geografische Fokus liegt auf dem deutschsprachigen Raum. Seit der Aufnahme der Gesch\u00e4ftst\u00e4tigkeit im Jahr 2012 hat die German Startups Group ein ihrer Ansicht nach diversifiziertes Portfolio von Anteilen an jungen Unternehmen aufgebaut und sich zum aktivsten privaten Venture-Capital-Investor seit 2012 in Deutschland entwickelt (CB Insights 2015, PitchBook 2016). Von den 43 Minderheitsbeteiligungen an operativ t\u00e4tigen Unternehmen sind 24 f\u00fcr die Gesellschaft wesentlich und machen zusammen 91% des Werts aller 43 aktiven Minderheitsbeteiligungen aus. Die zehn Fokusbeteiligungen verk\u00f6rpern 62% des Werts aller aktiven Minderheitsbeteiligungen. Nach Ansicht der Gesellschaft spiegelt das Beteiligungsportfolio einen Querschnitt von vielversprechenden deutschen Startups verschiedener Reifegrade (&#8220;Seed&#8221;, &#8220;Early&#8221; und &#8220;Growth Stage&#8221; nach Definition der Gesellschaft) wider und enth\u00e4lt manche der erfolgreichsten und bekanntesten deutschen Startups.<\/p>\n<p>&nbsp;<\/p>\n<p>Mehr Informationen unter <a href=\"https:\/\/tpgholding.com\/\">https:\/\/tpgholding.com\/<\/a>.<\/p>\n<p>&nbsp;<\/p>\n","protected":false},"excerpt":{"rendered":"<p>&nbsp; +++ Pressemitteilung +++ Die German Startups Group plant neben der Digitalagentur Exozet weiteres operatives Gesch\u00e4ft und verringert ihre Kosten Berlin, 07. juni 2017 \u2013 Die German Startups Group, aktivster privater Venture-Capital-Investor im Zeitraum seit 2012 (CB Insights 2015, PitchBook 2016) und Digitalagentur mit 140 Mitarbeitern mit Sitz in Berlin, plant wie bereits angek\u00fcndigt, mit [&hellip;]<\/p>\n","protected":false},"author":4,"featured_media":0,"parent":0,"menu_order":0,"comment_status":"closed","ping_status":"closed","template":"page-full.php","meta":[],"_links":{"self":[{"href":"https:\/\/tpgholding.com\/index.php\/wp-json\/wp\/v2\/pages\/11715"}],"collection":[{"href":"https:\/\/tpgholding.com\/index.php\/wp-json\/wp\/v2\/pages"}],"about":[{"href":"https:\/\/tpgholding.com\/index.php\/wp-json\/wp\/v2\/types\/page"}],"author":[{"embeddable":true,"href":"https:\/\/tpgholding.com\/index.php\/wp-json\/wp\/v2\/users\/4"}],"replies":[{"embeddable":true,"href":"https:\/\/tpgholding.com\/index.php\/wp-json\/wp\/v2\/comments?post=11715"}],"version-history":[{"count":1,"href":"https:\/\/tpgholding.com\/index.php\/wp-json\/wp\/v2\/pages\/11715\/revisions"}],"predecessor-version":[{"id":12504,"href":"https:\/\/tpgholding.com\/index.php\/wp-json\/wp\/v2\/pages\/11715\/revisions\/12504"}],"wp:attachment":[{"href":"https:\/\/tpgholding.com\/index.php\/wp-json\/wp\/v2\/media?parent=11715"}],"curies":[{"name":"wp","href":"https:\/\/api.w.org\/{rel}","templated":true}]}}