{"id":11719,"date":"2017-06-06T11:14:32","date_gmt":"2017-06-06T09:14:32","guid":{"rendered":"http:\/\/www.german-startups.com\/?page_id=11719"},"modified":"2019-07-12T11:18:49","modified_gmt":"2019-07-12T09:18:49","slug":"pressemitteilung-vom-06-juni-2017","status":"publish","type":"page","link":"https:\/\/tpgholding.com\/index.php\/pressemitteilung-vom-06-juni-2017\/","title":{"rendered":"Pressemitteilung vom <br> 06. Juni 2017"},"content":{"rendered":"<p style=\"text-align: center;\"><img decoding=\"async\" src=\"https:\/\/tpgholding.com\/wp-content\/uploads\/2014\/08\/germanstartupsgroup-logo.png\" alt=\"GS_Group_old\" \/><\/p>\n<p>&nbsp;<\/p>\n<p style=\"text-align: center; padding: 0px; margin: 0px;\">+++ Pressemitteilung +++<\/p>\n<p style=\"text-align: center; padding: 50px; margin: 0px;\"><strong>Die German Startups Group erwirbt die Software-Technologie f\u00fcr Livestream-Auktionen aus der Insolvenzmasse der Auctionata AG<\/strong><\/p>\n<p><strong>Berlin, 06. Juni 2017 \u2013 <\/strong>Die German Startups Group, aktivster privater Venture-Capital-Investor im Zeitraum seit 2012 (CB Insights 2015, PitchBook 2016),erwirbt vom Liquidator der Auctionata Paddle8 AG aus der Insolvenzmasse die gesamte Software-Technologie f\u00fcr Online-Livestream-Auktionen. Bei Auctionata handelte es sich um ein ehemals sehr erfolgreiches, international t\u00e4tiges Berliner Startup mit \u00fcber 300 Mitarbeitern, das Anfang 2017 Insolvenz anmelden musste. In die Entwicklung ihrer einzigartigen, patentierten Software-Technologie hatte Auctionata im Zeitraum von 2012 bis 2016 einen zweistelligen Millionenbetrag investiert. Diese erm\u00f6glicht es, weltweit in Echtzeit Online-Auktionen zu veranstalten, bei denen die Bieter via PC, Tablet oder Smartphone live mitbieten k\u00f6nnen, egal wo auf der Welt sie sich gerade befinden. Das Entwicklerteam von Auctionata gilt als Erfinder der \u201eLivestream-Auktion\u201c. Mit der Technologie wurden \u00fcber 800 globale Online-Auktionen veranstaltet und unz\u00e4hlige Online-Rekordzuschl\u00e4ge erzielt \u2013wie zum Beispiel der Verkauf einer chinesischen Uhr f\u00fcr 3,4 Millionen Euro via Smartphone. Auctionata wurde als Einzelunternehmen mit bis zu mehr als 200 MillionenEuro bewertet, scheiterte aber schlie\u00dflich an der zu ehrgeizigen \u00dcbernahme des US-Pendants Paddle8.<\/p>\n<p>Christoph Gerlinger, CEO der German Startups Group, kommentiert: \u201eAuktionen sind ein wesentlicher Preisfindungsmechanismus in der Marktwirtschaft und finden in unz\u00e4hligen Bereichen Anwendung. Sie werden zunehmend online stattfinden, weil so \u00fcber L\u00e4ndergrenzen hinweg ein viel gr\u00f6\u00dferer Bieterkreis erreicht werden kann. Deshalb glauben wir stark an den Wert einer f\u00fchrenden Software-Technologie f\u00fcr Online-Livestream-Auktionen. Sie stellt die Basis f\u00fcr die Digitalisierung des Auktionsgesch\u00e4fts dar. Mit ihr sind Online-Auktionen in allen Sparten m\u00f6glich -von Kunst, Antiquit\u00e4ten, Schmuck, Uhren, Oldtimern und Wein \u00fcber Nachl\u00e4sse, Inventare und Sonderposten bis hin zu Immobilien und Wertpapieren.\u201c<\/p>\n<p>&nbsp;<\/p>\n<p><strong>Investor Relations Kontakt<\/strong><br \/>\n<strong>German Startups Group<\/strong><br \/>\nMarcel Doeppes<br \/>\nir@tpgholding.com<br \/>\n<a href=\"https:\/\/tpgholding.com\/\">www.tpgholding.com<\/a><\/p>\n<p>&nbsp;<\/p>\n<p><u><a href=\"https:\/\/tpgholding.com\/wp-content\/uploads\/2017\/06\/GSG-erwirbt-Software-Technologie-fuer-Livestream-Auktionen.pdf\" rel=\"\" target=\"_blank\" rel=\"nofollow\">Hier klicken f\u00fcr die PDF-Version<\/a><\/u><\/p>\n<p>&nbsp;<\/p>\n<p><strong>German Startups Group \u2013 Wir lieben Startups!<\/strong><\/p>\n<p>Die German Startups Group ist eine b\u00f6rsennotierte Beteiligungsgesellschaft mit Sitz in Berlin und mit Fokus auf junge, schnell wachsende Unternehmen, sog. Startups. Sie erwirbt Mehrheits- und Minderheitsbeteiligungen, insb. durch Bereitstellung von Venture Capital. Die Portfoliounternehmen der German Startups Group k\u00f6nnen zudem unter anderem bei Strategieentwicklung, im Hinblick auf Finanzierungsrunden, Restrukturierungsnotwendigkeiten, M&amp;A-Transaktionen oder dem Unternehmensverkauf einschlie\u00dflich eines m\u00f6glichen B\u00f6rsengangs von der Expertise, der Erfahrung und dem Netzwerk des Teams der German Startups Group profitieren. Nach eigener Einsch\u00e4tzung stellt die German Startups Group den Startups im Rahmen des Anteilserwerbs damit sog. &#8220;Smart Money&#8221; zur Verf\u00fcgung. Ihr Fokus liegt auf Unternehmen, deren Produkte oder Gesch\u00e4ftsmodelle eine disruptive Innovation aufweisen, eine hohe Skalierbarkeit erwarten lassen und bei denen sie Vertrauen in die unternehmerischen F\u00e4higkeiten der Gr\u00fcnder hat, zu denen sie nach eigener Einsch\u00e4tzung aufgrund ihrer engen Beziehungenzu relevanten Akteuren der Startup-Szene fr\u00fchen Zugang erh\u00e4lt. Der geografische Fokus liegt auf dem deutschsprachigen Raum. Seit der Aufnahme der Gesch\u00e4ftst\u00e4tigkeit im Jahr 2012 hat die German Startups Group ein ihrer Ansicht nach diversifiziertes Portfolio von Anteilen an jungen Unternehmen aufgebaut und sich zum aktivsten privaten Venture-Capital-Investor seit 2012 in Deutschland entwickelt (CB Insights 2015, PitchBook 2016). Von den 43 Minderheitsbeteiligungen an operativ t\u00e4tigen Unternehmen sind 24 f\u00fcr die Gesellschaft wesentlich und machen zusammen 91% des Werts aller 43 aktiven Minderheitsbeteiligungen aus. Die zehn Fokusbeteiligungen verk\u00f6rpern 62% des Werts aller aktiven Minderheitsbeteiligungen. Nach Ansicht der Gesellschaft spiegelt das Beteiligungsportfolio einen Querschnitt von vielversprechenden deutschen Startups verschiedener Reifegrade (&#8220;Seed&#8221;, &#8220;Early&#8221; und &#8220;Growth Stage&#8221; nach Definition der Gesellschaft) wider und enth\u00e4lt manche der erfolgreichsten und bekanntesten deutschen Startups.<\/p>\n<p>&nbsp;<\/p>\n<p>Mehr Informationen unter <a href=\"https:\/\/tpgholding.com\/\">https:\/\/tpgholding.com\/<\/a>.<\/p>\n<p>&nbsp;<\/p>\n","protected":false},"excerpt":{"rendered":"<p>&nbsp; +++ Pressemitteilung +++ Die German Startups Group erwirbt die Software-Technologie f\u00fcr Livestream-Auktionen aus der Insolvenzmasse der Auctionata AG Berlin, 06. Juni 2017 \u2013 Die German Startups Group, aktivster privater Venture-Capital-Investor im Zeitraum seit 2012 (CB Insights 2015, PitchBook 2016),erwirbt vom Liquidator der Auctionata Paddle8 AG aus der Insolvenzmasse die gesamte Software-Technologie f\u00fcr Online-Livestream-Auktionen. Bei [&hellip;]<\/p>\n","protected":false},"author":4,"featured_media":0,"parent":0,"menu_order":0,"comment_status":"closed","ping_status":"closed","template":"page-full.php","meta":[],"_links":{"self":[{"href":"https:\/\/tpgholding.com\/index.php\/wp-json\/wp\/v2\/pages\/11719"}],"collection":[{"href":"https:\/\/tpgholding.com\/index.php\/wp-json\/wp\/v2\/pages"}],"about":[{"href":"https:\/\/tpgholding.com\/index.php\/wp-json\/wp\/v2\/types\/page"}],"author":[{"embeddable":true,"href":"https:\/\/tpgholding.com\/index.php\/wp-json\/wp\/v2\/users\/4"}],"replies":[{"embeddable":true,"href":"https:\/\/tpgholding.com\/index.php\/wp-json\/wp\/v2\/comments?post=11719"}],"version-history":[{"count":1,"href":"https:\/\/tpgholding.com\/index.php\/wp-json\/wp\/v2\/pages\/11719\/revisions"}],"predecessor-version":[{"id":12491,"href":"https:\/\/tpgholding.com\/index.php\/wp-json\/wp\/v2\/pages\/11719\/revisions\/12491"}],"wp:attachment":[{"href":"https:\/\/tpgholding.com\/index.php\/wp-json\/wp\/v2\/media?parent=11719"}],"curies":[{"name":"wp","href":"https:\/\/api.w.org\/{rel}","templated":true}]}}