{"id":11723,"date":"2017-05-12T11:25:24","date_gmt":"2017-05-12T09:25:24","guid":{"rendered":"http:\/\/www.german-startups.com\/?page_id=11723"},"modified":"2019-07-12T11:25:45","modified_gmt":"2019-07-12T09:25:45","slug":"pressemitteilung-vom-12-mai-2017","status":"publish","type":"page","link":"https:\/\/tpgholding.com\/index.php\/pressemitteilung-vom-12-mai-2017\/","title":{"rendered":"Pressemitteilung vom <br> 12. Mai 2017"},"content":{"rendered":"<p style=\"text-align: center;\"><img decoding=\"async\" src=\"https:\/\/tpgholding.com\/wp-content\/uploads\/2014\/08\/germanstartupsgroup-logo.png\" alt=\"GS_Group_old\" \/><\/p>\n<p>&nbsp;<\/p>\n<p style=\"text-align: center; padding:0px; margin:0px\">+++ Pressemitteilung +++<\/p>\n<p style=\"text-align: center; padding:50px; margin:0px\"><strong>German Startups Group im ersten Quartal 2017 profitabel<\/strong><\/p>\n<p><strong>Berlin, 12. Mai 2017 \u2013 <\/strong>Die German Startups Group, aktivster privater Venture-Capital-Investor im Zeitraum seit 2012 (CB Insights 2015, PitchBook 2016), war nach 2016, dem ersten Verlustjahr in der Firmengeschichte, im ersten Quartal 2017 wieder profitabel und erzielte laut vorl\u00e4ufigem, ungepr\u00fcftem IFRS-Quartalsabschluss einen niedrigen sechsstelligen Konzern-Nettogewinn. Das in den Konzern konsolidierte Agenturgesch\u00e4ft der Mehrheitsbeteiligung Exozet ist einer Saisonalit\u00e4t unterworfen und in der Regel im zweiten Halbjahr sp\u00fcrbar ertragreicher. Die Ertr\u00e4ge aus dem Venture-Capital-Gesch\u00e4ft schwanken stark, aber ohne saisonale Muster. Die Gesch\u00e4ftsf\u00fchrung rechnet mit einem sp\u00fcrbar profitablen zweiten Quartal 2017.<\/p>\n<p>Im Mai ist einem Portfoliounternehmen, an dem die German Startups Group eine f\u00fcr sie nicht wesentliche Beteiligung hielt, ein Exit gelungen. Der German Startups Group flie\u00dft daraus ein niedriger sechsstelliger Ver\u00e4u\u00dferungserl\u00f6s sp\u00fcrbar oberhalb des Buchwerts zu, mit dem die Gesellschaft ein Multiple von 3x erzielt.<\/p>\n<p>&nbsp;<\/p>\n<p><strong>Investor Relations Kontakt<\/strong><br \/>\n<strong>German Startups Group<\/strong><br \/>\nMarcel Doeppes<br \/>\nir@tpgholding.com<br \/>\n<a href=\"https:\/\/tpgholding.com\/\">www.tpgholding.com<\/a><\/p>\n<p>&nbsp;<\/p>\n<p><u><a href=\"https:\/\/tpgholding.com\/wp-content\/uploads\/2017\/05\/GSG-im-ersten-Quartal-2017-profitabel.pdf\" rel=\"\" target=\"_blank\" rel=\"nofollow\">Hier klicken f\u00fcr die PDF-Version<\/a><\/u><\/p>\n<p>&nbsp;<\/p>\n<p><strong>German Startups Group \u2013 Wir lieben Startups!<\/strong><\/p>\n<p>Die German Startups Group ist eine b\u00f6rsennotierte Beteiligungsgesellschaft mit Sitz in Berlin und mit Fokus auf junge, schnell wachsende Unternehmen, sog. Startups. Sie erwirbt Mehrheits- und Minderheitsbeteiligungen, insb. durch Bereitstellung von Venture Capital. Die Portfoliounternehmen der German Startups Group k\u00f6nnen zudem unter anderem bei Strategieentwicklung, im Hinblick auf Finanzierungsrunden, Restrukturierungsnotwendigkeiten, M&#038;A-Transaktionen oder dem Unternehmensverkauf einschlie\u00dflich eines m\u00f6glichen B\u00f6rsengangs von der Expertise, der Erfahrung und dem Netzwerk des Teams der German Startups Group profitieren. Nach eigener Einsch\u00e4tzung stellt die German Startups Group den Startups im Rahmen des Anteilserwerbs damit sog. &#8220;Smart Money&#8221; zur Verf\u00fcgung. Ihr Fokus liegt auf Unternehmen, deren Produkte oder Gesch\u00e4ftsmodelle eine disruptive Innovation aufweisen, eine hohe Skalierbarkeit erwarten lassen und bei denen sie Vertrauen in die unternehmerischen F\u00e4higkeiten der Gr\u00fcnder hat, zu denen sie nach eigener Einsch\u00e4tzung aufgrund ihrer engen Beziehungenzu relevanten Akteuren der Startup-Szene fr\u00fchen Zugang erh\u00e4lt. Der geografische Fokus liegt auf dem deutschsprachigen Raum. Seit der Aufnahme der Gesch\u00e4ftst\u00e4tigkeit im Jahr 2012 hat die German Startups Group ein ihrer Ansicht nach diversifiziertes Portfolio von Anteilen an jungen Unternehmen aufgebaut und sich zum aktivsten privaten Venture-Capital-Investor seit 2012 in Deutschland entwickelt (CB Insights 2015, PitchBook 2016). Von den 43 Minderheitsbeteiligungen an operativ t\u00e4tigen Unternehmen sind 24 f\u00fcr die Gesellschaft wesentlich und machen zusammen 91% des Werts aller 43 aktiven Minderheitsbeteiligungen aus. Die zehn Fokusbeteiligungen verk\u00f6rpern 62% des Werts aller aktiven Minderheitsbeteiligungen. Nach Ansicht der Gesellschaft spiegelt das Beteiligungsportfolio einen Querschnitt von vielversprechenden deutschen Startups verschiedener Reifegrade (&#8220;Seed&#8221;, &#8220;Early&#8221; und &#8220;Growth Stage&#8221; nach Definition der Gesellschaft) wider und enth\u00e4lt manche der erfolgreichsten und bekanntesten deutschen Startups.<\/p>\n<p>&nbsp;<\/p>\n<p>Mehr Informationen unter <a href=\"https:\/\/tpgholding.com\/\">https:\/\/tpgholding.com\/<\/a>.<\/p>\n<p>&nbsp;<\/p>\n","protected":false},"excerpt":{"rendered":"<p>&nbsp; +++ Pressemitteilung +++ German Startups Group im ersten Quartal 2017 profitabel Berlin, 12. Mai 2017 \u2013 Die German Startups Group, aktivster privater Venture-Capital-Investor im Zeitraum seit 2012 (CB Insights 2015, PitchBook 2016), war nach 2016, dem ersten Verlustjahr in der Firmengeschichte, im ersten Quartal 2017 wieder profitabel und erzielte laut vorl\u00e4ufigem, ungepr\u00fcftem IFRS-Quartalsabschluss einen [&hellip;]<\/p>\n","protected":false},"author":4,"featured_media":0,"parent":0,"menu_order":0,"comment_status":"closed","ping_status":"closed","template":"page-full.php","meta":[],"_links":{"self":[{"href":"https:\/\/tpgholding.com\/index.php\/wp-json\/wp\/v2\/pages\/11723"}],"collection":[{"href":"https:\/\/tpgholding.com\/index.php\/wp-json\/wp\/v2\/pages"}],"about":[{"href":"https:\/\/tpgholding.com\/index.php\/wp-json\/wp\/v2\/types\/page"}],"author":[{"embeddable":true,"href":"https:\/\/tpgholding.com\/index.php\/wp-json\/wp\/v2\/users\/4"}],"replies":[{"embeddable":true,"href":"https:\/\/tpgholding.com\/index.php\/wp-json\/wp\/v2\/comments?post=11723"}],"version-history":[{"count":1,"href":"https:\/\/tpgholding.com\/index.php\/wp-json\/wp\/v2\/pages\/11723\/revisions"}],"predecessor-version":[{"id":12506,"href":"https:\/\/tpgholding.com\/index.php\/wp-json\/wp\/v2\/pages\/11723\/revisions\/12506"}],"wp:attachment":[{"href":"https:\/\/tpgholding.com\/index.php\/wp-json\/wp\/v2\/media?parent=11723"}],"curies":[{"name":"wp","href":"https:\/\/api.w.org\/{rel}","templated":true}]}}