{"id":11857,"date":"2017-04-07T11:41:55","date_gmt":"2017-04-07T09:41:55","guid":{"rendered":"http:\/\/www.german-startups.com\/?page_id=11857"},"modified":"2019-07-12T11:21:14","modified_gmt":"2019-07-12T09:21:14","slug":"pressemitteilung-vom-07-april-2017","status":"publish","type":"page","link":"https:\/\/tpgholding.com\/index.php\/pressemitteilung-vom-07-april-2017\/","title":{"rendered":"Pressemitteilung vom <br> 07. April 2017"},"content":{"rendered":"<p style=\"text-align: center;\"><img decoding=\"async\" src=\"https:\/\/tpgholding.com\/wp-content\/uploads\/2014\/08\/germanstartupsgroup-logo.png\" alt=\"GS_Group_transparent\" \/><\/p>\n<p>&nbsp;<\/p>\n<p style=\"text-align: center; padding: 0px; margin: 0px;\">+++ Pressemitteilung +++<\/p>\n<p style=\"text-align: center; padding: 50px; margin: 0px;\"><strong>Die German Startups Group erzielt Ver\u00e4u\u00dferungsgewinne und \u00f6ffnet sich f\u00fcr Partnerschaften<\/strong><\/p>\n<ul>\n<li>&#8211; Ver\u00e4u\u00dferungsgewinne durch Anteilsverk\u00e4ufe zweier Portfoliounternehmen und Buchgewinne durch Fremdobjektivierung h\u00f6herer Anteilspreise<\/li>\n<li>&#8211; Gesch\u00e4ftsf\u00fchrung sieht zunehmend starkes Interesse von Corporates am boomenden deutschen Startup-\u00d6kosystem<\/li>\n<li>&#8211; Befragte Gro\u00dfaktion\u00e4re der German Startups Group haben einen Verkauf ihrer Aktien f\u00fcr angefragte 2,40 EUR pro Aktie abgelehnt<\/li>\n<\/ul>\n<p><strong>Berlin, 07. April 2017 \u2013 <\/strong>Die German Startups Group, aktivster privater Venture-Capital-Investor in Deutschland im Zeitraum seit 2012 (CB Insights 2015, PitchBook 2016),wird ihre Anteile an einer f\u00fcr sie wesentlichen Beteiligungan zwei Finanzinvestoren ver\u00e4u\u00dfern und damit knapp eine Million Euro erl\u00f6sen. Dabei wird die German Startups Group ein Multiple auf das investierte Kapital von 2,5x sowie eine Internal Rate of Return (IRR) von 60% p.a. und einen Ver\u00e4u\u00dferungsgewinn von 550TEUR erzielen. Durch einen Teilverkauf der Anteile einer weiteren f\u00fcr sie wesentlichen Beteiligung wird die German Startups Group zudem einen Ver\u00e4u\u00dferungsgewinn gegen\u00fcber dem Buchwert von 60 TEUR realisieren. Im Zuge des Einstiegs eines Finanzinvestors bei dem Portfoliounternehmen wird die German Startups Group die H\u00e4lfte ihrer Anteile verkaufen und damit einen Barmittelzufluss von \u00fcber 350 TEUR erzielen. Die German Startups Group h\u00e4lt an ihren \u00fcbrigen Anteilen fest, da es konkrete Aussichten f\u00fcr eine weitere Wertsteigerung gibt. Die gehaltenen Anteile sind durch die Fremdobjektivierung des Anteilspreises im Rahmen der Transaktion h\u00f6her zu bewerten und f\u00fchren zu einem Buchgewinn von 60 TEUR. Die beiden betroffenen Portfoliounternehmen wird die Gesellschaft nach Abschluss der Formalit\u00e4ten der Transaktionen benennen.<\/p>\n<p>Daneben erzielt die German Startups Group bei einem weiteren Portfoliounternehmen einen kleinen Buchgewinn aufgrund h\u00f6herer Anteilspreise bei einer Finanzierungsrunde, nach der die von der Gesellschaft gehaltenen Anteile nun doppelt so viel wert sind wie zuvor.<\/p>\n<p>Insgesamt erzielt die Gesellschaft aus den vorstehenden Sachverhalten einen positiven Ergebniseffekt von \u00fcber 700 TEUR bzw. 0,06 Euro pro Aktie(IFRS). Im nahezu gleichen Umfang tritt eine Erh\u00f6hung des Net Asset Value (NAV) pro Aktie ein.Ende Januar hatte die German Startups Group bereits durch die Ver\u00e4u\u00dferung zweier Beteiligungen einen Erl\u00f6s von 800 TEUR realisiert.<\/p>\n<p>Die German Startups Group sieht derzeit weitere positive Entwicklungen in ihrem Beteiligungsportfolio und \u00f6ffnet sich zugleich zur Erreichung ihrer Wachstumsziele auch Partnerschaften mit anderen Playern der VC-und M&#038;A-Szene im deutschen Startup-\u00d6kosystem und dort neu eintretenden Investoren. Damit w\u00fcrde sie sowohl ihre gute Marktposition und die von ihr aufgebauten Ressourcen besser ausnutzen als auch am VC-und am Kapitalmarkt \u00fcber mehr Gewicht verf\u00fcgen. Im VC-Markt w\u00fcrde ihr das die Fortsetzung ihrer aktiven Beteiligungst\u00e4tigkeit an ihren bestehenden und neuen Portfoliounternehmen erm\u00f6glichen. Am Kapitalmarkt f\u00fchrt dies in der Regel zu mehr Liquidit\u00e4t im B\u00f6rsenhandel der eigenen Aktie.<\/p>\n<p>Im M\u00e4rz hatte die German Startups Group mit einem Erwerbsinteressenten an einer Aktienmehrheit eine Vorvereinbarung \u00fcber eine Partnerschaft getroffen, in deren Rahmen dieser eine Kapitalerh\u00f6hung von knapp 10% h\u00e4tte zeichnen und weitere Aktien zum Kurs von 2,40 Euro von bestehenden Aktion\u00e4ren h\u00e4tte erwerben wollen. Dies ist zwischenzeitlich hinf\u00e4llig geworden, weil hierzu unter Vertraulichkeitsvereinbarung befragte Gro\u00dfaktion\u00e4re der German Startups Group zu diesem Kurs nicht zum Verkauf ihrer Aktien bereit waren.<\/p>\n<p>Christoph Gerlinger, CEO der German Startups Group kommentiert: \u201eDie German Startups Group und ihre von mir geleitete gesch\u00e4ftsf\u00fchrende Komplement\u00e4rin sind nunmehr auch offen f\u00fcr Kooperations-, Fusions-und \u00dcbernahmegespr\u00e4che. In den vergangenen f\u00fcnf Jahren haben wir uns das Privileg des Zugangs zu solchen Beteiligungsopportunit\u00e4ten erarbeitet, die von erfolgreichen Seriengr\u00fcndern generiert werden, also zu sog. hochqualitativen, origin\u00e4ren Dealflow. Es w\u00e4re leicht f\u00fcr uns, innerhalb k\u00fcrzester Zeit deutlich mehr Kapital in dem f\u00fcr Investments hoch attraktiven, boomenden deutschen Startup-\u00d6kosystem zur Wertsch\u00f6pfung zu bringen. Inzwischen \u00e4u\u00dfern neben Medien-und Telekomkonzernen auch Finanzkonzerne und andere Industrieunternehmen zunehmend Appetit auf Investments in Tech-Startups aus Deutschland.\u201c<\/p>\n<p>&nbsp;<\/p>\n<p><strong>Investor Relations Kontakt<\/strong><br \/>\n<strong>German Startups Group<\/strong><br \/>\nMarcel Doeppes<br \/>\nir@tpgholding.com<br \/>\n<a href=\"https:\/\/tpgholding.com\/\">www.tpgholding.com<\/a><\/p>\n<p>&nbsp;<\/p>\n<p><u><a href=\"https:\/\/tpgholding.com\/wp-content\/uploads\/2018\/06\/20180406-German-Startups-Group-Trennung-von-Nikolas-Samios-und-seiner-Cooperativa-auch-auf-Aktionariatsebene.pdf\" rel=\"\" target=\"_blank\" rel=\"nofollow\">Hier klicken f\u00fcr die PDF-Version<\/a><\/u><\/p>\n<p>&nbsp;<\/p>\n<p><strong>German Startups Group \u2013 Wir lieben Startups!<\/strong><\/p>\n<p>Die German Startups Group ist eine b\u00f6rsennotierte Beteiligungsgesellschaft mit Sitz in Berlin und mit Fokus auf junge, schnell wachsende Unternehmen, sog. Startups. Sie erwirbt Mehrheits- und Minderheitsbeteiligungen, insb. durch Bereitstellung von Venture Capital. Die Portfoliounternehmen der German Startups Group k\u00f6nnen zudem unter anderem bei Strategieentwicklung, im Hinblick auf Finanzierungsrunden, Restrukturierungsnotwendigkeiten, M&#038;A-Transaktionen oder dem Unternehmensverkauf einschlie\u00dflich eines m\u00f6glichen B\u00f6rsengangs von der Expertise, der Erfahrung und dem Netzwerk des Teams der German Startups Group profitieren. Nach eigener Einsch\u00e4tzung stellt die German Startups Group den Startups im Rahmen des Anteilserwerbs damit sog. &#8220;Smart Money&#8221; zur Verf\u00fcgung. Ihr Fokus liegt auf Unternehmen, deren Produkte oder Gesch\u00e4ftsmodelle eine disruptive Innovation aufweisen, eine hohe Skalierbarkeit erwarten lassen und bei denen sie Vertrauen in die unternehmerischen F\u00e4higkeiten der Gr\u00fcnder hat, zu denen sie nach eigener Einsch\u00e4tzung aufgrund ihrer engen Beziehungen zu relevanten Akteuren der Startup-Szene fr\u00fchen Zugang erh\u00e4lt. Der geografische Fokus liegt auf dem deutschsprachigen Raum. Seitder Aufnahme der Gesch\u00e4ftst\u00e4tigkeit im Jahr 2012 hat die German Startups Group ein ihrer Ansicht nach diversifiziertes Portfolio von Anteilen an jungen Unternehmen aufgebaut und sich zum aktivsten privaten Venture-Capital-Investor seit 2012 in Deutschland entwickelt (CB Insights 2015, PitchBook 2016). Von den 43 Minderheitsbeteiligungen an operativ t\u00e4tigen Unternehmen sind 24 f\u00fcr die Gesellschaft wesentlich und machen zusammen 91% des Werts aller 43 aktiven Minderheitsbeteiligungen aus. Die zehn Fokusbeteiligungen verk\u00f6rpern 62% des Werts aller aktiven Minderheitsbeteiligungen. Nach Ansicht der Gesellschaft spiegelt das Beteiligungsportfolio einen Querschnitt von vielversprechenden deutschen Startups verschiedener Reifegrade (&#8220;Seed&#8221;, &#8220;Early&#8221; und &#8220;Growth Stage&#8221; nach Definition der Gesellschaft) wider und enth\u00e4lt manche der erfolgreichsten und bekanntesten deutschen Startups.<\/p>\n<p>&nbsp;<\/p>\n<p>Mehr Informationen unter <a href=\"https:\/\/tpgholding.com\/\">https:\/\/tpgholding.com\/<\/a>.<\/p>\n<p>&nbsp;<\/p>\n","protected":false},"excerpt":{"rendered":"<p>&nbsp; +++ Pressemitteilung +++ Die German Startups Group erzielt Ver\u00e4u\u00dferungsgewinne und \u00f6ffnet sich f\u00fcr Partnerschaften &#8211; Ver\u00e4u\u00dferungsgewinne durch Anteilsverk\u00e4ufe zweier Portfoliounternehmen und Buchgewinne durch Fremdobjektivierung h\u00f6herer Anteilspreise &#8211; Gesch\u00e4ftsf\u00fchrung sieht zunehmend starkes Interesse von Corporates am boomenden deutschen Startup-\u00d6kosystem &#8211; Befragte Gro\u00dfaktion\u00e4re der German Startups Group haben einen Verkauf ihrer Aktien f\u00fcr angefragte 2,40 EUR [&hellip;]<\/p>\n","protected":false},"author":4,"featured_media":0,"parent":0,"menu_order":0,"comment_status":"closed","ping_status":"closed","template":"page-full.php","meta":[],"_links":{"self":[{"href":"https:\/\/tpgholding.com\/index.php\/wp-json\/wp\/v2\/pages\/11857"}],"collection":[{"href":"https:\/\/tpgholding.com\/index.php\/wp-json\/wp\/v2\/pages"}],"about":[{"href":"https:\/\/tpgholding.com\/index.php\/wp-json\/wp\/v2\/types\/page"}],"author":[{"embeddable":true,"href":"https:\/\/tpgholding.com\/index.php\/wp-json\/wp\/v2\/users\/4"}],"replies":[{"embeddable":true,"href":"https:\/\/tpgholding.com\/index.php\/wp-json\/wp\/v2\/comments?post=11857"}],"version-history":[{"count":2,"href":"https:\/\/tpgholding.com\/index.php\/wp-json\/wp\/v2\/pages\/11857\/revisions"}],"predecessor-version":[{"id":12500,"href":"https:\/\/tpgholding.com\/index.php\/wp-json\/wp\/v2\/pages\/11857\/revisions\/12500"}],"wp:attachment":[{"href":"https:\/\/tpgholding.com\/index.php\/wp-json\/wp\/v2\/media?parent=11857"}],"curies":[{"name":"wp","href":"https:\/\/api.w.org\/{rel}","templated":true}]}}