{"id":12125,"date":"2018-12-11T11:40:10","date_gmt":"2018-12-11T10:40:10","guid":{"rendered":"http:\/\/www.german-startups.com\/?page_id=12125"},"modified":"2019-07-12T11:26:24","modified_gmt":"2019-07-12T09:26:24","slug":"pressemitteilung-vom-11-dezember-2018","status":"publish","type":"page","link":"https:\/\/tpgholding.com\/index.php\/pressemitteilung-vom-11-dezember-2018\/","title":{"rendered":"Pressemitteilung vom <br> 11. Dezember 2018"},"content":{"rendered":"<p style=\"text-align: center;\"><img decoding=\"async\" src=\"https:\/\/tpgholding.com\/wp-content\/uploads\/2018\/08\/GS_Group_transparent-150x150.png\" alt=\"GS_Group_transparent\" \/><\/p>\n<p>&nbsp;<\/p>\n<p style=\"text-align: center; padding: 0px; margin: 0px;\">+++ Pressemitteilung +++<\/p>\n<p style=\"text-align: center; padding: 50px; margin: 0px;\"><strong>German Startups Group setzt neue Verg\u00fctungs- und Inzentivierungsstruktur f\u00fcr ihre Gesch\u00e4ftsf\u00fchrung in Kraft<\/strong><\/p>\n<p><strong>Berlin, 11. Dezember 2018 \u2013 <\/strong>Der Aufsichtsrat der German Startups Group, einem f\u00fchrenden Venture-Capital-Investor in Deutschland und Digitalagentur mit 150 Mitarbeitern mit Sitz in Berlin, hat im Hinblick auf den gesunkenen Aktienkurs mit dem gesch\u00e4ftsf\u00fchrenden Gesellschafter ihrer Komplement\u00e4rin, Christoph Gerlinger, vereinbart, dass die H\u00f6he ihrer Gesch\u00e4ftsf\u00fchrungs- und Haftungsverg\u00fctung in 2019 direkt vom Aktienkurs abh\u00e4ngen soll. Der Aufsichtsrat hat zu Gunsten der Aktion\u00e4re eine Mechanik durchgesetzt, wonach die sog. Management Fee bei Kursen von unter 1,80 EUR deutlich niedriger liegt als nach der bisherigen Regelung. Mit dem Akzeptieren der Berechnungsformel bringt der CEO Christoph Gerlinger seine \u00dcberzeugung zum Ausdruck, dass der Aktienkurs k\u00fcnftig auf mindestens 1,80 EUR steigen wird.<\/p>\n<p>Auch bei deutlichem Kursanstieg bleibt die Management Fee indessen nach oben auf den in der urspr\u00fcnglichen Gesch\u00e4ftsf\u00fchrungs- und Haftungs\u00fcbernahmevereinbarung genannten Umfang beschr\u00e4nkt (\u201eCap\u201c). Der bisherige freiwillige Verzicht der Komplement\u00e4rin auf einen Teil der Management Fee f\u00e4llt also k\u00fcnftig bei Kursen von unter 1,80 EUR noch h\u00f6her aus als bisher und verringert sich bei Kursen ab 1,80 EUR graduell. Damit sollen die Interessen der Komplement\u00e4rin noch st\u00e4rker mit denen der Aktion\u00e4re \u00fcbereingebracht werden.<\/p>\n<p>&nbsp;<\/p>\n<p><strong>Investor Relations Kontakt<\/strong><br \/>\n<strong>German Startups Group<\/strong><br \/>\nMarcel Doeppes<br \/>\nir@tpgholding.com<br \/>\n<a href=\"https:\/\/tpgholding.com\/\">www.tpgholding.com<\/a><\/p>\n<p>&nbsp;<\/p>\n<p><u><a href=\"https:\/\/tpgholding.com\/wp-content\/uploads\/2018\/12\/20181211-German-Startups-Group-setzt-neue-Verguetungs-und-Inzentivierungsstruktur-fuer-ihre-Geschaeftsfuehrung-in-Kraft.pdf\" rel=\"\" target=\"_blank\" rel=\"nofollow\">Hier klicken f\u00fcr die PDF-Version<\/a><\/u><\/p>\n<p>&nbsp;<\/p>\n<p><strong>German Startups Group \u2013 Wir lieben Startups!<\/strong><\/p>\n<p>Die German Startups Group ist ein b\u00f6rsennotierter, f\u00fchrender Venture Capital-Anbieter in Deutschland und zugleich Digitalagentur mit 150 Mitarbeitern mit Sitz in Berlin und mit Fokus auf junge, schnell wachsende Unternehmen, sog. Startups. Sie erwirbt Mehrheits- und Minderheitsbeteiligungen durch Bereitstellung von Venture Capital. Ihr Fokus liegt auf deutschen Tech-Wachstumsunternehmen, deren Produkte oder Gesch\u00e4ftsmodelle eine disruptive Innovation aufweisen, eine hohe Skalierbarkeit erwarten lassen und bei denen sie Vertrauen in die unternehmerischen F\u00e4higkeiten der Gr\u00fcnder hat. Seit der Aufnahme der Gesch\u00e4ftst\u00e4tigkeit im Jahr 2012 hat die German Startups Group ein diversifiziertes Portfolio von Anteilen an solchen Unternehmen aufgebaut und sich zum aktivsten privaten Venture-Capital-Investor seit 2012 in Deutschland entwickelt (CB Insights 2015, PitchBook 2016). Daneben betreibt die Gesellschaft mit der G|S Market\u2122 ihrer hundertprozentigen Tochtergesellschaft German Startups Market GmbH seit Juni 2018 eine Sekund\u00e4rmarktplattform f\u00fcr die Assetklasse &lt;German Startups | VC | Tech&gt;. Ihre mehrheitliche Beteiligung German Startups Asset Management GmbH wird k\u00fcnftig neuartige, eigene VC-Fonds auflegen und auf G|S Market auf Erwerberseite Zweckgesellschaften (\u201eSPVs\u201c) bereitstellen, um mehreren Anlegern in Form von gepoolten Investments auch den Erwerb gr\u00f6\u00dferer Investmentopportunit\u00e4ten zu erm\u00f6glichen.<\/p>\n<p>&nbsp;<\/p>\n<p>Mehr Informationen unter <a href=\"https:\/\/tpgholding.com\/\">https:\/\/tpgholding.com\/<\/a>.<\/p>\n<p>&nbsp;<\/p>\n","protected":false},"excerpt":{"rendered":"<p>&nbsp; +++ Pressemitteilung +++ German Startups Group setzt neue Verg\u00fctungs- und Inzentivierungsstruktur f\u00fcr ihre Gesch\u00e4ftsf\u00fchrung in Kraft Berlin, 11. Dezember 2018 \u2013 Der Aufsichtsrat der German Startups Group, einem f\u00fchrenden Venture-Capital-Investor in Deutschland und Digitalagentur mit 150 Mitarbeitern mit Sitz in Berlin, hat im Hinblick auf den gesunkenen Aktienkurs mit dem gesch\u00e4ftsf\u00fchrenden Gesellschafter ihrer Komplement\u00e4rin, [&hellip;]<\/p>\n","protected":false},"author":4,"featured_media":0,"parent":0,"menu_order":0,"comment_status":"closed","ping_status":"closed","template":"page-full.php","meta":[],"_links":{"self":[{"href":"https:\/\/tpgholding.com\/index.php\/wp-json\/wp\/v2\/pages\/12125"}],"collection":[{"href":"https:\/\/tpgholding.com\/index.php\/wp-json\/wp\/v2\/pages"}],"about":[{"href":"https:\/\/tpgholding.com\/index.php\/wp-json\/wp\/v2\/types\/page"}],"author":[{"embeddable":true,"href":"https:\/\/tpgholding.com\/index.php\/wp-json\/wp\/v2\/users\/4"}],"replies":[{"embeddable":true,"href":"https:\/\/tpgholding.com\/index.php\/wp-json\/wp\/v2\/comments?post=12125"}],"version-history":[{"count":1,"href":"https:\/\/tpgholding.com\/index.php\/wp-json\/wp\/v2\/pages\/12125\/revisions"}],"predecessor-version":[{"id":12510,"href":"https:\/\/tpgholding.com\/index.php\/wp-json\/wp\/v2\/pages\/12125\/revisions\/12510"}],"wp:attachment":[{"href":"https:\/\/tpgholding.com\/index.php\/wp-json\/wp\/v2\/media?parent=12125"}],"curies":[{"name":"wp","href":"https:\/\/api.w.org\/{rel}","templated":true}]}}