{"id":12145,"date":"2019-01-07T11:15:07","date_gmt":"2019-01-07T10:15:07","guid":{"rendered":"http:\/\/www.german-startups.com\/?page_id=12145"},"modified":"2019-07-12T10:48:18","modified_gmt":"2019-07-12T08:48:18","slug":"pressemitteilung-vom-7-januar-2019","status":"publish","type":"page","link":"https:\/\/tpgholding.com\/index.php\/pressemitteilung-vom-7-januar-2019\/","title":{"rendered":"Pressemitteilung vom <br> 7. Januar 2019"},"content":{"rendered":"<p style=\"text-align: center;\"><img decoding=\"async\" src=\"https:\/\/tpgholding.com\/wp-content\/uploads\/2019\/01\/GS_Market_150x150.png\" alt=\"GS_Market_logo\" \/><\/p>\n<p>&nbsp;<\/p>\n<p style=\"text-align: center; padding: 0px; margin: 0px;\">+++ Pressemitteilung +++<\/p>\n<p style=\"text-align: center; padding: 50px; margin: 0px;\"><strong>Die Sekund\u00e4rmarktplattform der German Startups Group, G|S Market\u2122, nimmt Fahrt auf<\/strong><\/p>\n<p><strong>Berlin, 07. Januar 2019 \u2013 <\/strong>Die 2018 gestartete G|S Market\u2122, Deutschlands erste und bislang einzige Online-Plattform f\u00fcr Angebot und Nachfrage bzgl. Startup-Anteilen und \u00e4hnlichen Tech-Assets, nimmt Fahrt auf. \u00dcber den Marktplatz der hundertprozentigen Tochter der b\u00f6rsennotierten German Startups Group wurden Ende 2018 die Abschl\u00fcsse von zwei Transaktionen im Volumen von \u00fcber einer Mio. Euro vermittelt. Ein weiterer \u00fcber die Plattform vermittelter Investor f\u00fcr die Zeichnung eines Venture Loan von drei Mio. Euro kam leider wegen eines konkurrierenden Angebots nicht zum Zuge. Derzeit finden Gespr\u00e4che mit Investoren \u00fcber zwei Beteiligungen an reifen deutschen Startups mit jeweils deutlich siebenstelligen Volumina statt.<\/p>\n<p>G|S Market\u2122 bringt Verkaufsinteressenten von Startup-Anteilen, also Gr\u00fcnder, Business Angels, Mitarbeiter oder Venture Capitalists, auf ihrer Plattform mit qualifizierten Anlegern als Kaufinteressenten zusammen. Inzwischen liegt ihr auch eine Anlagevermittlungserlaubnis der zust\u00e4ndigen Beh\u00f6rde vor, sodass sie f\u00fcr indirekte, \u00fcber eigene SPV strukturierte Anlagen in Startup- und Fondsanteile k\u00fcnftig auch Vertragsabschl\u00fcsse direkt auf der Plattform erm\u00f6glichen kann. Damit w\u00fcrde sie f\u00fcr qualifizierte Anlegern eine einzigartig einfache M\u00f6glichkeit schaffen, in die Assetklasse \u201eGerman Tech\u201c zu investieren.<\/p>\n<p>G|S Market\u2122 verschafft qualifizierten Anlegern Zugang zu Anlagem\u00f6glichkeiten in der Assetklasse \u201eGerman Tech\u201c und zwar schon mit Investmentbetr\u00e4gen ab 200 TEUR, w\u00e4hrend Direktinvestments und VC-Fonds oft erst ab siebenstelligen Mindestbetr\u00e4gen zug\u00e4nglich sind. So kann sie es Anlegern erm\u00f6glichen, neben VC-Fonds auch Direktinvestments zu t\u00e4tigen, dabei Rosinen zu picken und ma\u00dfgeschneiderte Tech-Portfolios zusammenzustellen. Ein immer gr\u00f6\u00dferer Anteil der Schaffung von Shareholder Value durch junge Unternehmen findet in der Phase statt, in der Wachstumsunternehmen noch nicht b\u00f6rsennotiert und Anlegern damit \u00fcber den Kapitalmarkt noch nicht zug\u00e4nglich sind, weil B\u00f6rseng\u00e4nge immer mehr Gr\u00f6\u00dfe erfordern. Angesichts immer k\u00fcrzer werdender Innovations- und Disruptionszyklen nimmt dabei die Bedeutung von Tech Assets als Beimischung f\u00fcr Anlageportfolios immer mehr zu. Die M\u00f6glichkeiten von Anlegern, sich an disruptiven deutschen Wachstumsunternehmen, deutschen VC Fonds und weiteren Tech-Investments zu beteiligen, waren bislang einem eingeschr\u00e4nkten Kreis von VC Investoren und sehr verm\u00f6genden Familien vorbehalten. <\/p>\n<p>Weitere Informationen zu G|S Market\u2122 finden Sie auf der Internetseite des Unternehmens: www.german-startups.market<\/p>\n<p>&nbsp;<\/p>\n<p><strong>Kontakt<\/strong><br \/>\n<strong>German Startups Market GmbH<\/strong><br \/>\nMarcel Doeppes<br \/>\nmarket@tpgholding.com<br \/>\n<a href=\"http:\/\/www.german-startups.market\/\" class=\"broken_link\">www.german-startups.market<\/a><\/p>\n<p>&nbsp;<\/p>\n<p><u><a href=\"https:\/\/tpgholding.com\/wp-content\/uploads\/2019\/01\/2019-01-07_GS-Market-_Die-Sekundaermarktplattform-der-German-Startups-Group-nimmt-Fahrt-auf.pdf\" rel=\"\" target=\"_blank\" rel=\"nofollow\">Hier klicken f\u00fcr die PDF-Version<\/a><\/u><\/p>\n","protected":false},"excerpt":{"rendered":"<p>&nbsp; +++ Pressemitteilung +++ Die Sekund\u00e4rmarktplattform der German Startups Group, G|S Market\u2122, nimmt Fahrt auf Berlin, 07. Januar 2019 \u2013 Die 2018 gestartete G|S Market\u2122, Deutschlands erste und bislang einzige Online-Plattform f\u00fcr Angebot und Nachfrage bzgl. Startup-Anteilen und \u00e4hnlichen Tech-Assets, nimmt Fahrt auf. \u00dcber den Marktplatz der hundertprozentigen Tochter der b\u00f6rsennotierten German Startups Group wurden [&hellip;]<\/p>\n","protected":false},"author":4,"featured_media":0,"parent":0,"menu_order":0,"comment_status":"closed","ping_status":"closed","template":"page-full.php","meta":[],"_links":{"self":[{"href":"https:\/\/tpgholding.com\/index.php\/wp-json\/wp\/v2\/pages\/12145"}],"collection":[{"href":"https:\/\/tpgholding.com\/index.php\/wp-json\/wp\/v2\/pages"}],"about":[{"href":"https:\/\/tpgholding.com\/index.php\/wp-json\/wp\/v2\/types\/page"}],"author":[{"embeddable":true,"href":"https:\/\/tpgholding.com\/index.php\/wp-json\/wp\/v2\/users\/4"}],"replies":[{"embeddable":true,"href":"https:\/\/tpgholding.com\/index.php\/wp-json\/wp\/v2\/comments?post=12145"}],"version-history":[{"count":1,"href":"https:\/\/tpgholding.com\/index.php\/wp-json\/wp\/v2\/pages\/12145\/revisions"}],"predecessor-version":[{"id":12427,"href":"https:\/\/tpgholding.com\/index.php\/wp-json\/wp\/v2\/pages\/12145\/revisions\/12427"}],"wp:attachment":[{"href":"https:\/\/tpgholding.com\/index.php\/wp-json\/wp\/v2\/media?parent=12145"}],"curies":[{"name":"wp","href":"https:\/\/api.w.org\/{rel}","templated":true}]}}