{"id":12301,"date":"2019-05-16T10:24:20","date_gmt":"2019-05-16T08:24:20","guid":{"rendered":"http:\/\/www.german-startups.com\/?page_id=12301"},"modified":"2019-07-12T11:17:07","modified_gmt":"2019-07-12T09:17:07","slug":"pressemitteilung-vom-16-mai-2019","status":"publish","type":"page","link":"https:\/\/tpgholding.com\/index.php\/pressemitteilung-vom-16-mai-2019\/","title":{"rendered":"Pressemitteilung vom <br> 16. Mai 2019"},"content":{"rendered":"<p style=\"text-align: center;\"><img decoding=\"async\" src=\"https:\/\/tpgholding.com\/wp-content\/uploads\/2018\/08\/GS_Group_transparent-150x150.png\" alt=\"GS_Group_transparent\" \/><\/p>\n<p>&nbsp;<\/p>\n<p style=\"text-align: center; padding: 0px; margin: 0px;\">+++ Pressemitteilung +++<\/p>\n<p style=\"text-align: center; padding: 50px; margin: 0px;\"><strong>German Startups Group verzeichnet bei einer Fokusbeteiligung eine siebenstellige Wertsteigerung<\/strong><\/p>\n<ul>\n<li>&#8211; Abwertung einer Beteiligung<br \/>\n                &#8211; Anteilsaufstockung bei der Fokusbeteiligung AuctionTech<br \/>\n                &#8211; Erzielung eines ebenfalls siebenstelligen Ver\u00e4u\u00dferungserl\u00f6ses<br \/>\n                &#8211; Auszeichnung der Mehrheitsbeteiligung Exozet<\/li>\n<\/ul>\n<p><strong>Berlin, 16. Mai 2019 \u2013 <\/strong>Die German Startups Group, ein f\u00fchrender Venture-Capital-Investor in Deutschland und Digitalagentur mit 150 Mitarbeitern mit Sitz in Berlin, verzeichnet bei einer ihrer Fokusbeteiligungen eine Wertsteigerung in H\u00f6he von rund 1,0 Mio. EUR aufgrund der Fremdobjektivierung wesentlich h\u00f6herer Anteilspreise. Bei einer anderen, f\u00fcr die Gesellschaft wesentlichen Beteiligung verzeichnet die German Startups Group eine weitere, jedoch deutlich geringere Wertsteigerung.<\/p>\n<p>Bei einer der insgesamt 16 f\u00fcr die Gesellschaft wesentlichen Beteiligungen hat die Gesch\u00e4ftsf\u00fchrung aus Vorsichtsgr\u00fcnden eine bilanzielle Abwertung der von der German Startups Group gehaltenen Anteile um rund 0,7 Mio. EUR vorgenommen.<\/p>\n<p>Im Zuge einer k\u00fcrzlichen Finanzierungsrunde ihrer sich \u00e4u\u00dferst positiv entwickelnden Fokusbeteiligung AuctionTech hat die German Startups Group ein Follow-on Investment von knapp 0,4 Mio. EUR get\u00e4tigt und so ihre Beteiligungsquote weiter erh\u00f6ht. Sie h\u00e4lt nunmehr 23,4% an AuctionTech und ist weiterhin Lead Investor.<\/p>\n<p>Des Weiteren verkauft die German Startups Group zwei F\u00fcnftel ihres Anteils an einer Fokusbeteiligung, f\u00fcr den sich eine besondere Verkaufsopportunit\u00e4t ergab, und erzielt einen Verkaufserl\u00f6s in H\u00f6he seines Buchwerts von rund 1,7 Mio. EUR. F\u00fcr ihren restlichen Anteil ist die Gesch\u00e4ftsf\u00fchrung der German Startups Group sehr zuversichtlich, dass er wie schon in der Vergangenheit kontinuierlich und nachhaltig weiter im Wert wachsen wird.<\/p>\n<p>Die Mehrheitsbeteiligung der German Startups Group, Exozet, wurde mit dem ITB Innovation Award ausgezeichnet. Die Digitalagentur hatte f\u00fcr seinen Kunden a&#038;o Hostels, den gr\u00f6\u00dften Hostel-Betreiber Europas, eine komplett neue All-in-one-App geschaffen, die G\u00e4sten als erste Hostelgruppe Europas sowohl die Buchungs-, Bezahl-, Check-In- als auch Schl\u00fcsselfunktion in einer mobilen Anwendung bietet. Damit stellt Exozet erneut eindrucksvoll ihre Expertise f\u00fcr digitale Transformation und innovative kundenzentrierte L\u00f6sungen unter Beweis.<\/p>\n<p>&nbsp;<\/p>\n<p><strong>Investor Relations Kontakt<\/strong><br \/>\n<strong>German Startups Group<\/strong><br \/>\nMarcel Doeppes<br \/>\nir@tpgholding.com<br \/>\n<a href=\"https:\/\/tpgholding.com\/\">www.tpgholding.com<\/a><\/p>\n<p>&nbsp;<\/p>\n<p><u><a href=\"https:\/\/tpgholding.com\/wp-content\/uploads\/2019\/05\/20190516-German-Startups-Group-verzeichnet-deutliche-Wertsteigerung-bei-einer-Fokusbeteiligung.pdf\" rel=\"\" target=\"_blank\" rel=\"nofollow\">Hier klicken f\u00fcr die PDF-Version<\/a><\/u><\/p>\n<p>&nbsp;<\/p>\n<p><strong>German Startups Group \u2013 Wir lieben Startups!<\/strong><\/p>\n<p>Die German Startups Group ist ein b\u00f6rsennotierter, f\u00fchrender Venture Capital-Anbieter in Deutschland und zugleich Digitalagentur mit 150 Mitarbeitern mit Sitz in Berlin und mit Fokus auf junge, schnell wachsende Unternehmen, sog. Startups. Sie erwirbt Mehrheits- und Minderheitsbeteiligungen durch Bereitstellung von Venture Capital. Ihr Fokus liegt auf deutschen Tech-Wachstumsunternehmen, deren Produkte oder Gesch\u00e4ftsmodelle eine disruptive Innovation aufweisen, eine hohe Skalierbarkeit erwarten lassen und bei denen sie Vertrauen in die unternehmerischen F\u00e4higkeiten der Gr\u00fcnder hat. Seit der Aufnahme der Gesch\u00e4ftst\u00e4tigkeit im Jahr 2012 hat die German Startups Group ein diversifiziertes Portfolio von Anteilen an solchen Unternehmen aufgebaut und sich zum aktivsten privaten Venture-Capital-Investor seit 2012 in Deutschland entwickelt (CB Insights 2015, PitchBook 2016). Daneben betreibt die Gesellschaft mit der G|S Market\u2122 ihrer hundertprozentigen Tochtergesellschaft German Startups Market GmbH seit Juni 2018 eine Sekund\u00e4rmarktplattform f\u00fcr die Assetklasse &lt;German Startups | VC | Tech&gt;. Ihre mehrheitliche Beteiligung German Startups Asset Management GmbH wird k\u00fcnftig neuartige, eigene VC-Fonds auflegen und auf G|S Market auf Erwerberseite Zweckgesellschaften (\u201eSPVs\u201c) bereitstellen, um mehreren Anlegern in Form von gepoolten Investments auch den Erwerb gr\u00f6\u00dferer Investmentopportunit\u00e4ten zu erm\u00f6glichen.<\/p>\n<p>&nbsp;<\/p>\n<p>Mehr Informationen unter <a href=\"https:\/\/tpgholding.com\/\">https:\/\/tpgholding.com\/<\/a>.<\/p>\n<p>&nbsp;<\/p>\n","protected":false},"excerpt":{"rendered":"<p>&nbsp; +++ Pressemitteilung +++ German Startups Group verzeichnet bei einer Fokusbeteiligung eine siebenstellige Wertsteigerung &#8211; Abwertung einer Beteiligung &#8211; Anteilsaufstockung bei der Fokusbeteiligung AuctionTech &#8211; Erzielung eines ebenfalls siebenstelligen Ver\u00e4u\u00dferungserl\u00f6ses &#8211; Auszeichnung der Mehrheitsbeteiligung Exozet Berlin, 16. Mai 2019 \u2013 Die German Startups Group, ein f\u00fchrender Venture-Capital-Investor in Deutschland und Digitalagentur mit 150 Mitarbeitern mit [&hellip;]<\/p>\n","protected":false},"author":4,"featured_media":0,"parent":0,"menu_order":0,"comment_status":"closed","ping_status":"closed","template":"page-full.php","meta":[],"_links":{"self":[{"href":"https:\/\/tpgholding.com\/index.php\/wp-json\/wp\/v2\/pages\/12301"}],"collection":[{"href":"https:\/\/tpgholding.com\/index.php\/wp-json\/wp\/v2\/pages"}],"about":[{"href":"https:\/\/tpgholding.com\/index.php\/wp-json\/wp\/v2\/types\/page"}],"author":[{"embeddable":true,"href":"https:\/\/tpgholding.com\/index.php\/wp-json\/wp\/v2\/users\/4"}],"replies":[{"embeddable":true,"href":"https:\/\/tpgholding.com\/index.php\/wp-json\/wp\/v2\/comments?post=12301"}],"version-history":[{"count":1,"href":"https:\/\/tpgholding.com\/index.php\/wp-json\/wp\/v2\/pages\/12301\/revisions"}],"predecessor-version":[{"id":12487,"href":"https:\/\/tpgholding.com\/index.php\/wp-json\/wp\/v2\/pages\/12301\/revisions\/12487"}],"wp:attachment":[{"href":"https:\/\/tpgholding.com\/index.php\/wp-json\/wp\/v2\/media?parent=12301"}],"curies":[{"name":"wp","href":"https:\/\/api.w.org\/{rel}","templated":true}]}}