{"id":12348,"date":"2019-06-14T09:46:10","date_gmt":"2019-06-14T07:46:10","guid":{"rendered":"http:\/\/www.german-startups.com\/?page_id=12348"},"modified":"2019-07-12T11:18:01","modified_gmt":"2019-07-12T09:18:01","slug":"pressemitteilung-vom-14-juni-2019","status":"publish","type":"page","link":"https:\/\/tpgholding.com\/index.php\/pressemitteilung-vom-14-juni-2019\/","title":{"rendered":"Pressemitteilung vom <br> 14. Juni 2019"},"content":{"rendered":"<p style=\"text-align: center;\"><img decoding=\"async\" src=\"https:\/\/tpgholding.com\/wp-content\/uploads\/2018\/08\/GS_Group_transparent-150x150.png\" alt=\"GS_Group_transparent\" \/><\/p>\n<p>&nbsp;<\/p>\n<p style=\"text-align: center; padding: 0px; margin: 0px;\">+++ Pressemitteilung +++<\/p>\n<p style=\"text-align: center; padding: 50px; margin: 0px;\"><strong>German Startups Group &#8211; Deutliches Umsatzwachstum<br \/>\nim ersten Halbjahr erwartet<\/strong><\/p>\n<ul>\n<li>&#8211; Verl\u00e4ngerung der Frist des laufenden Aktienr\u00fcckkaufprogramms<\/li>\n<\/ul>\n<p><strong>Berlin, 14. Juni 2019 \u2013 <\/strong>Die German Startups Group, ein f\u00fchrender Venture-Capital-Investor in Deutschland und Digitalagentur mit 150 Mitarbeitern mit Sitz in Berlin, erwartet bei ihrer voll konsolidierten Mehrheitsbeteiligung, der Exozet-Gruppe, und damit auch f\u00fcr die eigene Gewinn-und Verlustrechnung f\u00fcr das erste Halbjahr 2019 ein deutliches Umsatzwachstum um mehr als 30% vs. 1H18. Die Auftragslage f\u00fcr das zweite Halbjahr ist ebenfalls sehr gut. Die German Startups Group hatte sich vor allem in den Jahren 2014 \u2013 2015 in verschiedenen Tranchen an der Exozet-Gruppe beteiligt, die seither deutlich gewachsen ist. Wie bereits in 2018 gemeldet, zieht die German Startups Group weiterhin eine Ver\u00e4u\u00dferung ihres 50,7%igen Anteils an Exozet in 2019 in Erw\u00e4gung, hat aber noch keinerlei Beschl\u00fcsse dazu gefasst. Die Gesch\u00e4ftsf\u00fchrung der German Startups Group rechnet unver\u00e4ndert und angesichts der sehr guten Gesch\u00e4ftsentwicklung zunehmend damit, dass der dabei zu erzielende Verkaufserl\u00f6s deutlich \u00fcber den Anschaffungskosten und dem Buchwert der Beteiligung l\u00e4ge. Ein Gesellschafterwechsel bzgl. des Anteils der German Startups Group h\u00e4tte keinerlei Auswirkungen auf die Mitarbeiter, Kunden und Projekte der Exozet.<\/p>\n<p>Die Aktion\u00e4re der German Startups Group haben von dem von der Gesellschaft am 22.05. ausgesprochenen \u00f6ffentlichen Aktienr\u00fcckkaufangebot bislang nur z\u00f6gerlich Gebrauch gemacht. Die Gesellschaft verl\u00e4ngert die Frist zur Annahme ihres \u00f6ffentlichen Aktienr\u00fcckkaufangebots deshalb bis zum 8.07.19 12:00 Uhr MEZ.<\/p>\n<p>&nbsp;<\/p>\n<p><strong>Investor Relations Kontakt<\/strong><br \/>\n<strong>German Startups Group<\/strong><br \/>\nMarcel Doeppes<br \/>\nir@tpgholding.com<br \/>\n<a href=\"https:\/\/tpgholding.com\/\">www.tpgholding.com<\/a><\/p>\n<p>&nbsp;<\/p>\n<p><u><a href=\"https:\/\/tpgholding.com\/wp-content\/uploads\/2019\/06\/20190614-German-Startups-Group-Deutliches-Umsatzwachstum-im-ersten-Halbjahr.pdf\" rel=\"\" target=\"_blank\" rel=\"nofollow\">Hier klicken f\u00fcr die PDF-Version<\/a><\/u><\/p>\n<p>&nbsp;<\/p>\n<p><strong>German Startups Group \u2013 Wir lieben Startups!<\/strong><\/p>\n<p>Die German Startups Group ist ein b\u00f6rsennotierter, f\u00fchrender Venture Capital-Anbieter in Deutschland und zugleich Digitalagentur mit 150 Mitarbeitern mit Sitz in Berlin und mit Fokus auf junge, schnell wachsende Unternehmen, sog. Startups. Sie erwirbt Mehrheits- und Minderheitsbeteiligungen durch Bereitstellung von Venture Capital. Ihr Fokus liegt auf deutschen Tech-Wachstumsunternehmen, deren Produkte oder Gesch\u00e4ftsmodelle eine disruptive Innovation aufweisen, eine hohe Skalierbarkeit erwarten lassen und bei denen sie Vertrauen in die unternehmerischen F\u00e4higkeiten der Gr\u00fcnder hat. Seit der Aufnahme der Gesch\u00e4ftst\u00e4tigkeit im Jahr 2012 hat die German Startups Group ein diversifiziertes Portfolio von Anteilen an solchen Unternehmen aufgebaut und sich zum aktivsten privaten Venture-Capital-Investor seit 2012 in Deutschland entwickelt (CB Insights 2015, PitchBook 2016). Daneben betreibt die Gesellschaft mit der G|S Market\u2122 ihrer hundertprozentigen Tochtergesellschaft German Startups Market GmbH seit Juni 2018 eine Sekund\u00e4rmarktplattform f\u00fcr die Assetklasse &lt;German Startups | VC | Tech&gt;. Ihre mehrheitliche Beteiligung German Startups Asset Management GmbH wird k\u00fcnftig neuartige, eigene VC-Fonds auflegen und auf G|S Market auf Erwerberseite Zweckgesellschaften (\u201eSPVs\u201c) bereitstellen, um mehreren Anlegern in Form von gepoolten Investments auch den Erwerb gr\u00f6\u00dferer Investmentopportunit\u00e4ten zu erm\u00f6glichen.<\/p>\n<p>&nbsp;<\/p>\n<p>Mehr Informationen unter <a href=\"https:\/\/tpgholding.com\/\">https:\/\/tpgholding.com\/<\/a>.<\/p>\n<p>&nbsp;<\/p>\n","protected":false},"excerpt":{"rendered":"<p>&nbsp; +++ Pressemitteilung +++ German Startups Group &#8211; Deutliches Umsatzwachstum im ersten Halbjahr erwartet &#8211; Verl\u00e4ngerung der Frist des laufenden Aktienr\u00fcckkaufprogramms Berlin, 14. Juni 2019 \u2013 Die German Startups Group, ein f\u00fchrender Venture-Capital-Investor in Deutschland und Digitalagentur mit 150 Mitarbeitern mit Sitz in Berlin, erwartet bei ihrer voll konsolidierten Mehrheitsbeteiligung, der Exozet-Gruppe, und damit auch [&hellip;]<\/p>\n","protected":false},"author":4,"featured_media":0,"parent":0,"menu_order":0,"comment_status":"closed","ping_status":"closed","template":"page-full.php","meta":[],"_links":{"self":[{"href":"https:\/\/tpgholding.com\/index.php\/wp-json\/wp\/v2\/pages\/12348"}],"collection":[{"href":"https:\/\/tpgholding.com\/index.php\/wp-json\/wp\/v2\/pages"}],"about":[{"href":"https:\/\/tpgholding.com\/index.php\/wp-json\/wp\/v2\/types\/page"}],"author":[{"embeddable":true,"href":"https:\/\/tpgholding.com\/index.php\/wp-json\/wp\/v2\/users\/4"}],"replies":[{"embeddable":true,"href":"https:\/\/tpgholding.com\/index.php\/wp-json\/wp\/v2\/comments?post=12348"}],"version-history":[{"count":1,"href":"https:\/\/tpgholding.com\/index.php\/wp-json\/wp\/v2\/pages\/12348\/revisions"}],"predecessor-version":[{"id":12492,"href":"https:\/\/tpgholding.com\/index.php\/wp-json\/wp\/v2\/pages\/12348\/revisions\/12492"}],"wp:attachment":[{"href":"https:\/\/tpgholding.com\/index.php\/wp-json\/wp\/v2\/media?parent=12348"}],"curies":[{"name":"wp","href":"https:\/\/api.w.org\/{rel}","templated":true}]}}