{"id":12368,"date":"2019-07-04T16:38:11","date_gmt":"2019-07-04T14:38:11","guid":{"rendered":"http:\/\/www.german-startups.com\/?page_id=12368"},"modified":"2019-07-12T11:15:41","modified_gmt":"2019-07-12T09:15:41","slug":"ad-hoc-mitteilung-vom-4-juli-2019","status":"publish","type":"page","link":"https:\/\/tpgholding.com\/index.php\/ad-hoc-mitteilung-vom-4-juli-2019\/","title":{"rendered":"Ad-hoc Mitteilung vom <br> 4. Juli 2019"},"content":{"rendered":"<p style=\"text-align: center;\"><img decoding=\"async\" src=\"https:\/\/tpgholding.com\/wp-content\/uploads\/2018\/08\/GS_Group_transparent-150x150.png\" alt=\"GS_Group_transparent\" \/><\/p>\n<p>&nbsp;<\/p>\n<p style=\"text-align: center; padding:0px; margin:0px\">+++ Ad-hoc Mitteilung +++<\/p>\n<p style=\"text-align: center; padding:0px; margin:0px\">Ver\u00f6ffentlichung einer Insiderinformation nach Artikel 17 Absatz 1 der Verordnung (EU) 596\/2014 \u00fcber Marktmissbrauch (Marktmissbrauchsverordnung &#8211; MAR)<\/p>\n<p style=\"text-align: center; padding:50px; margin:0px\"><strong>German Startups Group beschlie\u00dft Erh\u00f6hung des \u00f6ffentlichen Aktienr\u00fcckkaufangebots von 300.000 auf 900.115 Aktien<\/strong><\/p>\n<p><strong>Berlin, 4. Juli 2019 \u2013 <\/strong>Die gesch\u00e4ftsf\u00fchrende Komplement\u00e4rin der German Startups Group GmbH &#038; Co. KGaA (ISIN DE000A1MMEV4 \/ WKN A1MMEV), einem f\u00fchrenden Venture-Capital-Investor in Deutschland und Digitalagentur mit 150 Mitarbeitern mit Sitz in Berlin, hat beschlossen, das urspr\u00fcngliche Volumen des aktuell laufenden \u00f6ffentlichen Aktienr\u00fcckkaufangebots zu verdreifachen und somit nun bis zu 900.115 Aktien zu erwerben.<\/p>\n<p>Die Annahmefrist endet voraussichtlich am 8. Juli 2019, 12:00 Uhr (MESZ). Sofern im Rahmen des Angebots mehr als 900.115 Aktien zum R\u00fcckkauf eingereicht werden sollten, werden die Annahmeerkl\u00e4rungen im Verh\u00e4ltnis der 900.115 Aktien zur Anzahl der insgesamt zum R\u00fcckkauf von den Aktion\u00e4ren eingereichten Aktien ber\u00fccksichtigt. Die weiteren Einzelheiten des \u00f6ffentlichen Aktienr\u00fcckkaufangebots sind der Angebotsunterlage zu entnehmen, die vor auf der Internetseite der Gesellschaft (www.tpgholding.com) im Bereich &#8220;F\u00fcr Aktion\u00e4re&#8221; sowie im Bundesanzeiger unter www.bundesanzeiger.de ver\u00f6ffentlicht worden wird.<\/p>\n<p>&nbsp;<\/p>\n<p><strong>Investor Relations Kontakt<\/strong><br \/>\n<strong>German Startups Group<\/strong><br \/>\nMarcel Doeppes<br \/>\nir@tpgholding.com<br \/>\n<a href=\"https:\/\/tpgholding.com\/\">www.tpgholding.com<\/a><\/p>\n<p>&nbsp;<\/p>\n<p><u><a href=\"https:\/\/tpgholding.com\/wp-content\/uploads\/2019\/07\/20190704-ad-hoc-GSG-beschliesst-Angebotserh\u00f6hung-des-\u00f6ffentlichen-Aktienr\u00fcckkaufangebots.pdf\"rel=\"\" target=\"_blank\" rel=\"nofollow\">Hier klicken f\u00fcr die PDF-Version<\/a><\/u><\/p>\n<p>&nbsp;<\/p>\n<p><strong>Haftungsausschluss<\/strong><\/p>\n<p>Diese Mitteilung darf nicht in den Vereinigten Staaten von Amerika, Kanada, Australien oder Japan ver\u00f6ffentlicht, verteilt oder \u00fcbermittelt werden. Diese Mitteilung ist nicht an Personen gerichtet oder zur \u00dcbermittlung an bzw. zur Nutzung durch solche Personen bestimmt, die Staatsb\u00fcrger oder Einwohner eines Staates, Landes oder anderer Jurisdiktion sind, oder sich dort befinden, wo die \u00dcbermittlung, Ver\u00f6ffentlichung, Zug\u00e4nglichmachung oder Nutzung der Mitteilung gegen geltendes Recht versto\u00dfen oder irgendeine Registrierung oder Zulassung innerhalb einer solchen Jurisdiktion erfordern w\u00fcrde. Weder diese Mitteilung noch ihr Inhalt d\u00fcrfen in den Vereinigten Staaten von Amerika ver\u00f6ffentlicht, versendet, verteilt oder verbreitet werden, und zwar jeweils weder durch Verwendung eines Postdienstes noch eines anderen Mittels oder Instrumentariums des Wirtschaftsverkehrs zwischen den Einzelstaaten oder des Au\u00dfenhandels oder der Einrichtungen einer nationalen Wertpapierb\u00f6rse der Vereinigten Staaten von Amerika. Dies schlie\u00dft unter anderem Fax\u00fcbertragung, elektronische Post, Telex, Telefon und das Internet ein. Auch Kopien dieses Angebots und sonstige damit in Zusammenhang stehende Unterlagen d\u00fcrfen weder in die Vereinigten Staaten von Amerika noch innerhalb der Vereinigten Staaten von Amerika \u00fcbersandt oder \u00fcbermittelt werden. <\/p>\n<p>Diese Mitteilung stellt weder ein Angebot zum Kauf von Wertpapieren noch die Aufforderung zur Abgabe eines Angebots zum Kauf von Wertpapieren der Gesellschaft in den Vereinigten Staaten von Amerika, Deutschland oder sonstigen Staaten dar.<\/p>\n<p>Diese Mitteilung enth\u00e4lt zukunftsgerichtete Aussagen. Diese Aussagen basieren auf der gegenw\u00e4rtigen Sicht, Erwartungen und Annahmen des Managements der German Startups Group GmbH &#038; Co. KGaA und beinhalten bekannte und unbekannte Risiken und Unsicherheiten, die dazu f\u00fchren k\u00f6nnen, dass die tats\u00e4chlichen Resultate, Ergebnisse oder Ereignisse erheblich von den darin enthalten ausdr\u00fccklichen oder impliziten Aussagen abweichen k\u00f6nnen. Die tats\u00e4chlichen Resultate, Ergebnisse oder Ereignisse k\u00f6nnen wesentlich von den darin beschriebenen abweichen aufgrund von, unter anderem, Ver\u00e4nderungen des allgemeinen wirtschaftlichen Umfelds oder der Wettbewerbssituation, Risiken in Zusammenhang mit Kapitalm\u00e4rkten, Wechselkursschwankungen und dem Wettbewerb durch andere Unternehmen, \u00c4nderungen in einer ausl\u00e4ndischen oder inl\u00e4ndischen Rechtsordnung insbesondere betreffend das steuerrechtliche Umfeld, die German Startups Group GmbH &#038; Co. KGaA betreffen, oder durch andere Faktoren. Die German Startups Group GmbH &#038; Co. KGaA \u00fcbernimmt keine Verpflichtung, zukunftsgerichtete Aussagen zu aktualisieren.<\/p>\n<p>&nbsp;<\/p>\n<p>Mehr Informationen unter <a href=\"https:\/\/tpgholding.com\/\">https:\/\/tpgholding.com\/<\/a>.<\/p>\n<p>&nbsp;<\/p>\n","protected":false},"excerpt":{"rendered":"<p>&nbsp; +++ Ad-hoc Mitteilung +++ Ver\u00f6ffentlichung einer Insiderinformation nach Artikel 17 Absatz 1 der Verordnung (EU) 596\/2014 \u00fcber Marktmissbrauch (Marktmissbrauchsverordnung &#8211; MAR) German Startups Group beschlie\u00dft Erh\u00f6hung des \u00f6ffentlichen Aktienr\u00fcckkaufangebots von 300.000 auf 900.115 Aktien Berlin, 4. Juli 2019 \u2013 Die gesch\u00e4ftsf\u00fchrende Komplement\u00e4rin der German Startups Group GmbH &#038; Co. KGaA (ISIN DE000A1MMEV4 \/ WKN [&hellip;]<\/p>\n","protected":false},"author":4,"featured_media":0,"parent":0,"menu_order":0,"comment_status":"closed","ping_status":"closed","template":"page-full.php","meta":[],"_links":{"self":[{"href":"https:\/\/tpgholding.com\/index.php\/wp-json\/wp\/v2\/pages\/12368"}],"collection":[{"href":"https:\/\/tpgholding.com\/index.php\/wp-json\/wp\/v2\/pages"}],"about":[{"href":"https:\/\/tpgholding.com\/index.php\/wp-json\/wp\/v2\/types\/page"}],"author":[{"embeddable":true,"href":"https:\/\/tpgholding.com\/index.php\/wp-json\/wp\/v2\/users\/4"}],"replies":[{"embeddable":true,"href":"https:\/\/tpgholding.com\/index.php\/wp-json\/wp\/v2\/comments?post=12368"}],"version-history":[{"count":1,"href":"https:\/\/tpgholding.com\/index.php\/wp-json\/wp\/v2\/pages\/12368\/revisions"}],"predecessor-version":[{"id":12481,"href":"https:\/\/tpgholding.com\/index.php\/wp-json\/wp\/v2\/pages\/12368\/revisions\/12481"}],"wp:attachment":[{"href":"https:\/\/tpgholding.com\/index.php\/wp-json\/wp\/v2\/media?parent=12368"}],"curies":[{"name":"wp","href":"https:\/\/api.w.org\/{rel}","templated":true}]}}