{"id":12391,"date":"2019-07-11T11:51:30","date_gmt":"2019-07-11T09:51:30","guid":{"rendered":"http:\/\/www.german-startups.com\/?page_id=12391"},"modified":"2019-07-12T10:45:13","modified_gmt":"2019-07-12T08:45:13","slug":"pressemitteilung-vom-11-juli-2019","status":"publish","type":"page","link":"https:\/\/tpgholding.com\/index.php\/pressemitteilung-vom-11-juli-2019\/","title":{"rendered":"Pressemitteilung vom <br> 11. Juli 2019"},"content":{"rendered":"<p style=\"text-align: center;\"><img decoding=\"async\" src=\"https:\/\/tpgholding.com\/wp-content\/uploads\/2018\/08\/GS_Group_transparent-150x150.png\" alt=\"GS_Group_transparent\" \/><\/p>\n<p>&nbsp;<\/p>\n<p style=\"text-align: center; padding: 0px; margin: 0px;\">+++ Pressemitteilung +++<\/p>\n<p style=\"text-align: center; padding: 50px; margin: 0px;\"><strong>German Startups Group schlie\u00dft Aktienr\u00fcckkauf von 900.115 eigenen Aktien ab<\/strong><\/p>\n<p><strong>Berlin, 11. Juli 2019 \u2013 <\/strong>Die German Startups Group, ein f\u00fchrender Venture-Capital-Investor in Deutschland und Digitalagentur mit 150 Mitarbeitern mit Sitz in Berlin, hat ihren Aktienr\u00fcckkauf abgeschlossen. Im Rahmen des am 29. Mai 2019 auf der Internetseite der Gesellschaft und im Bundesanzeiger ver\u00f6ffentlichten \u00f6ffentlichen Aktienr\u00fcckkaufangebots sind der German Startups Group GmbH &amp; Co. KGaA bis zum Ablauf der verl\u00e4ngerten Annahmefrist am 8. Juli 2019 (12:00 MEZ) insgesamt 1.138.342 Aktien angedient worden.<\/p>\n<p>Das Aktienr\u00fcckkaufangebot bezog sich auf den Erwerb von bis zu 900.115 auf den Namen lautenden nennwertlosen St\u00fcckaktien der German Startups Group GmbH &amp; Co. KGaA gegen Zahlung von EUR 1,50 je Aktie. Die Gesamtzahl der Aktien, die im Rahmen des Angebots angedient wurden, hat 900.115 St\u00fcck \u00fcberschritten, sodass alle Annahmeerkl\u00e4rungen f\u00fcr bis zu 100 Aktien voll sowie alle dar\u00fcber nach Ma\u00dfgabe von Ziffer 3.5 der Angebotsunterlage des Aktienr\u00fcckkaufangebots pro rata ber\u00fccksichtigt, also pro 100 angediente Aktien durchschnittlich 79 Aktien von der Gesellschaft zum Kurs von EUR 1,50 erworben, wurden.<\/p>\n<p>Die Aktien der Aktion\u00e4re, die unter der Annahmeerkl\u00e4rung ber\u00fccksichtigt werden k\u00f6nnen, werden vorausschauend beginnend am 16. Juli 2019 gegen Gutschrift des Angebotspreises aus den Kundendepots ausgebucht. Die nicht ber\u00fccksichtigten Aktien verbleiben in den Kundendepots und werden auf die f\u00fcr die \u00fcbrigen GSG-Aktien geltende urspr\u00fcngliche, im Scale Segment des Freiverkehrs der Frankfurter Wertpapierb\u00f6rse gehandelte Wertpapierkennnummer WKN A1MMEV4 bzw. ISIN DE000A1MMEV4 zur\u00fcckgebucht.<\/p>\n<p>Die German Startups Group ist nach abgeschlossenem R\u00fcckkauf im Besitz von 1.130.400 St\u00fcck eigener Aktien, was ca. 9,4% des derzeitigen Grundkapitals der Gesellschaft entspricht.<\/p>\n<p>Die Gesch\u00e4ftsf\u00fchrung der German Startups Group sieht sich durch den Erfolg ihres \u00f6ffentlichen Aktienr\u00fcckkaufangebots in ihrer Absicht best\u00e4rkt, weitere Beteiligungsver\u00e4u\u00dferungen durchzuf\u00fchren, dabei m\u00f6glichst Ver\u00e4u\u00dferungsgewinne zu realisieren und diese den Aktion\u00e4ren in Form von Aktienr\u00fcckk\u00e4ufen gutzubringen, solange die GSG-Aktie in den Augen der Gesch\u00e4ftsf\u00fchrung deutlich unter dem Net Asset Value (NAV) pro Aktie notiert, und dabei den f\u00fcr die bezugsrechtsfreie Verwendung der eigenen Aktien zul\u00e4ssigen Rahmen von je 10% der Gesamtanzahl Aktien zwischen zwei Hauptversammlungen voll aussch\u00f6pfen.<\/p>\n<p>&nbsp;<\/p>\n<p><strong>Investor Relations Kontakt<\/strong><br \/>\n<strong>German Startups Group<\/strong><br \/>\nMarcel Doeppes<br \/>\nir@tpgholding.com<br \/>\n<a href=\"https:\/\/tpgholding.com\/\">www.tpgholding.com<\/a><\/p>\n<p>&nbsp;<\/p>\n<p><a href=\"https:\/\/tpgholding.com\/wp-content\/uploads\/2019\/07\/20190711-German-Startups-Group-schliesst-Aktienrueckkauf-von-900.115-eigenen-Aktien-ab_final.pdf\" rel=\"\" target=\"_blank\" rel=\"nofollow\">Hier klicken f\u00fcr die PDF-Version<\/a><\/p>\n<p>&nbsp;<\/p>\n<p><strong>German Startups Group \u2013 Wir lieben Startups!<\/strong><\/p>\n<p>Die German Startups Group ist ein b\u00f6rsennotierter, f\u00fchrender Venture Capital-Anbieter in Deutschland und zugleich Digitalagentur mit 150 Mitarbeitern mit Sitz in Berlin und mit Fokus auf junge, schnell wachsende Unternehmen, sog. Startups. Sie erwirbt Mehrheits- und Minderheitsbeteiligungen durch Bereitstellung von Venture Capital. Ihr Fokus liegt auf deutschen Tech-Wachstumsunternehmen, deren Produkte oder Gesch\u00e4ftsmodelle eine disruptive Innovation aufweisen, eine hohe Skalierbarkeit erwarten lassen und bei denen sie Vertrauen in die unternehmerischen F\u00e4higkeiten der Gr\u00fcnder hat. Seit der Aufnahme der Gesch\u00e4ftst\u00e4tigkeit im Jahr 2012 hat die German Startups Group ein diversifiziertes Portfolio von Anteilen an solchen Unternehmen aufgebaut und sich zum aktivsten privaten Venture-Capital-Investor seit 2012 in Deutschland entwickelt (CB Insights 2015, PitchBook 2016). Daneben betreibt die Gesellschaft mit der G|S Market\u2122 ihrer hundertprozentigen Tochtergesellschaft German Startups Market GmbH seit Juni 2018 eine Sekund\u00e4rmarktplattform f\u00fcr die Assetklasse &lt;German Startups | VC | Tech&gt;. Ihre mehrheitliche Beteiligung German Startups Asset Management GmbH wird k\u00fcnftig neuartige, eigene VC-Fonds auflegen und auf G|S Market auf Erwerberseite Zweckgesellschaften (\u201eSPVs\u201c) bereitstellen, um mehreren Anlegern in Form von gepoolten Investments auch den Erwerb gr\u00f6\u00dferer Investmentopportunit\u00e4ten zu erm\u00f6glichen.<\/p>\n<p>&nbsp;<\/p>\n<p>Mehr Informationen unter <a href=\"https:\/\/tpgholding.com\/\">https:\/\/tpgholding.com\/<\/a>.<\/p>\n<p>&nbsp;<\/p>\n","protected":false},"excerpt":{"rendered":"<p>&nbsp; +++ Pressemitteilung +++ German Startups Group schlie\u00dft Aktienr\u00fcckkauf von 900.115 eigenen Aktien ab Berlin, 11. Juli 2019 \u2013 Die German Startups Group, ein f\u00fchrender Venture-Capital-Investor in Deutschland und Digitalagentur mit 150 Mitarbeitern mit Sitz in Berlin, hat ihren Aktienr\u00fcckkauf abgeschlossen. Im Rahmen des am 29. Mai 2019 auf der Internetseite der Gesellschaft und im [&hellip;]<\/p>\n","protected":false},"author":9,"featured_media":0,"parent":0,"menu_order":0,"comment_status":"closed","ping_status":"closed","template":"page-full.php","meta":[],"_links":{"self":[{"href":"https:\/\/tpgholding.com\/index.php\/wp-json\/wp\/v2\/pages\/12391"}],"collection":[{"href":"https:\/\/tpgholding.com\/index.php\/wp-json\/wp\/v2\/pages"}],"about":[{"href":"https:\/\/tpgholding.com\/index.php\/wp-json\/wp\/v2\/types\/page"}],"author":[{"embeddable":true,"href":"https:\/\/tpgholding.com\/index.php\/wp-json\/wp\/v2\/users\/9"}],"replies":[{"embeddable":true,"href":"https:\/\/tpgholding.com\/index.php\/wp-json\/wp\/v2\/comments?post=12391"}],"version-history":[{"count":2,"href":"https:\/\/tpgholding.com\/index.php\/wp-json\/wp\/v2\/pages\/12391\/revisions"}],"predecessor-version":[{"id":12423,"href":"https:\/\/tpgholding.com\/index.php\/wp-json\/wp\/v2\/pages\/12391\/revisions\/12423"}],"wp:attachment":[{"href":"https:\/\/tpgholding.com\/index.php\/wp-json\/wp\/v2\/media?parent=12391"}],"curies":[{"name":"wp","href":"https:\/\/api.w.org\/{rel}","templated":true}]}}