{"id":12623,"date":"2019-08-29T13:48:47","date_gmt":"2019-08-29T11:48:47","guid":{"rendered":"http:\/\/www.german-startups.com\/?page_id=12623"},"modified":"2019-09-03T12:40:22","modified_gmt":"2019-09-03T10:40:22","slug":"vorwort-zwischenbericht-2018","status":"publish","type":"page","link":"https:\/\/tpgholding.com\/index.php\/vorwort-zwischenbericht-2018\/","title":{"rendered":"Vorwort Zwischenbericht 2018"},"content":{"rendered":"<figure><img decoding=\"async\" class=\"alignleft\" src=\"https:\/\/tpgholding.com\/wp-content\/uploads\/2015\/10\/Christoph-Gerlinger.jpg\" alt=\"Christoph-Gerlinger\" \/><\/figure>\n<p>Christoph Gerlinger | CEO<\/p>\n<p><strong>Liebe Aktion\u00e4re, Freunde und Kollegen,<\/strong><\/p>\n<p>wir legen Ihnen heute unseren Zwischenabschluss f\u00fcr das erste Halbjahr 2018 vor.<\/p>\n<p>Die German Startups Group ist eine Beteiligungsgesellschaft mit Sitz in Berlin, die sich direkt oder indirekt \u00fcber Mehrheits- oder Minderheitsbeteiligungen insbesondere an Startups zu beteiligt, also Venture Capital zur Verf\u00fcgung stellt. Der Fokus der German Startups Group liegt auf Unternehmen, deren Produkte oder Gesch\u00e4ftsmodelle eine disruptive, also sprunghafte, Innovation beinhalten, eine hohe Skalierbarkeit erwarten lassen und bei denen die German Startups Group an die unternehmerischen F\u00e4higkeiten der Gr\u00fcnder glaubt, zum Beispiel wenn diese bereits Erfahrungen als Gr\u00fcnder oder leitende Mitarbeiter von Startups oder Company Buildern bez\u00fcglich dem Aufbau und der F\u00fchrung von Startups sammeln konnten.<br \/>\nIm ersten Halbjahr 2018 haben wir mit einem Konzern-Nettogewinn von 1,4 Mio. EUR (IFRS) nach einem Konzern-Nettogewinn von 1,7 Mio. EUR im Gesamtjahr 2017 (IFRS) erneut ein positives Ergebnis erzielt und setzen damit den Trend der Profitabilit\u00e4t fort, der durch den Nettoverlust in 2016 einmalig seit Gr\u00fcndung in 2012 unterbrochen wurde. Davon entfallen -201 TEUR auf die Minderheitsgesellschafter der vollkonsolidierten Mehrheitsbeteiligung Exozet Berlin GmbH (\u201eExozet\u201c) und 1,6 Mio. EUR auf die Aktion\u00e4re der German Startups Group. Bei einer Durchschnittsanzahl von 11.954.033 Aktien im ersten Halbjahr 2018 entspricht das einem Ergebnis je Aktie von 0,14 EUR nach Steuern (Gesamtjahr 2017: 0,14 EUR).<\/p>\n<p>Die erfreuliche Entwicklung ist vor allem dem Wertzuwachs einiger unserer wesentlichen Portfoliounternehmen im vergangenen Halbjahr zuzuschreiben, den wir bei 5 der 20 f\u00fcr die Gesellschaft wesentlichen Minderheitsbeteiligungen verbuchen konnten. Die Mehrheitsbeteiligung an der sich weiterhin positiv entwickelnden Exozet-Gruppe wird im Konzernabschluss nicht bewertet, sondern vollkonsolidiert. Mithin k\u00f6nnen wir ihren Wertzuwachs nicht in Bilanz und GuV verbuchen, sondern f\u00fchrt dieser zur Entstehung von stillen Reserven.<\/p>\n<p>Insgesamt gab es im ersten Halbjahr 2018 ein Neuinvestment &#8211;<\/p>\n<div style=\"margin-left: 40px;\">\n<li>Chrono24<\/li>\n<\/div>\n<figure><\/figure>\n<p>und Follow-On Investments bei den folgenden vier f\u00fcr die Gesellschaft wesentlichen Portfoliounternehmen \u2013<\/p>\n<div style=\"margin-left: 40px;\">\n<li>Ceritech<\/li>\n<li>Fiagon<\/li>\n<li>Remerge<\/li>\n<li>TVSmiles.<\/li>\n<\/div>\n<figure><\/figure>\n<p>Zum 30. Juni 2018 h\u00e4lt die Gesellschaft 20 f\u00fcr sie wesentliche Beteiligungen. Diese 20 f\u00fcr die Gesellschaft wesentlichen Beteiligungen machen zusammen 91% des Werts aller 38 aktiven Minderheitsbeteiligungen aus. Allein auf die 11 Fokusbeteiligungen entfallen 74% des Werts aller 38 aktiven Minderheitsbeteiligungen.<\/p>\n<p>Die Gesellschaft bewertet die von ihr gehaltenen Unternehmensanteile \u00fcberwiegend auf Basis der von fremden Dritten zuletzt f\u00fcr gleiche oder \u00e4hnliche Anteile bezahlten Preise. Dies ist bei 16 der 20 f\u00fcr die Gesellschaft wesentlichen Beteiligungen der Fall. Bezogen auf den Wert des Gesamtportfolios sind 85% des Fair Value fremdobjektiviert. 15% des Fair Value des Gesamtportfolios verk\u00f6rpern eine H\u00f6herbewertung gegen\u00fcber dem letzten fremdobjektvierten Anteilspreis aufgrund einer Anpassung des fremdobjektivierten Anteilspreises oder der Anwendung alternativer Bewertungsmethoden. Die Fremdobjektivierungsereignisse dieser 16 fremdobjektivierten, f\u00fcr die German Startups Group wesentlichen Beteiligungen lagen am<br \/>\n30. Juni 2018 im Durchschnitt &#8211; gewichtet nach dem Anteil des Fair Value der einzelnen Beteiligung zum 30. Juni 2018 am Fair Value der gesamten 16 fremdobjektivierten, f\u00fcr die Gesellschaft wesentlichen Beteiligungen in H\u00f6he von 17.283 TEUR &#8211; 226 Tage zur\u00fcck.<\/p>\n<p>Das Eigenkapital beinhaltet in der Regel auch einen fiktiven Anspruch der German Startups Group Management GmbH am Bilanzergebnis. Der Komplement\u00e4rin steht an einem positiven handelsrechtlichen Ergebnis der German Startups Group GmbH &amp; Co. KGaA, nach Verrechnung mit handelsrechtlichen Verlustvortr\u00e4gen, ein Gewinnvorab in H\u00f6he von 25 Prozent (bzw. 20 Prozent, soweit das Beteiligungskapital 100 Mio. EUR \u00fcberschreitet, f\u00fcr den \u00fcbersteigenden Teil) zu. Wenn die Finanzanlagen am 30. Juni 2018 zu ihrem IFRS Fair Value ver\u00e4u\u00dfert worden w\u00e4ren, h\u00e4tte der Komplement\u00e4rin eine Vorabaussch\u00fcttung in H\u00f6he von 997 TEUR zugestanden.<\/p>\n<p>Unter anderem h\u00e4lt die German Startups Group Minderheitsbeteiligungen an den folgenden<br \/>\nWachstumsunternehmen:<\/p>\n<figure><img decoding=\"async\" class=\"alignleft\" src=\"https:\/\/tpgholding.com\/wp-content\/uploads\/2019\/08\/ZW18-e1567080591214.png\" alt=\"ZW18\" \/><\/figure>\n<p>&nbsp;<\/p>\n<p>Die Portfoliounternehmen der Gesellschaft k\u00f6nnen im Bereich Strategieentwicklung, im Hinblick auf Finanzierungsrunden, M&amp;A-Transaktionen, B\u00f6rseng\u00e4nge oder Restrukturierungsnotwendig-keiten von der Expertise, der Erfahrung und dem Netzwerk der German Startups Group profitieren. Nach eigener Einsch\u00e4tzung stellt die German Startups Group den Startups im Rahmen des Anteilserwerbs damit sogenanntes &#8220;Smart Money&#8221; zur Verf\u00fcgung.<\/p>\n<p>Eine besondere Wettbewerbsst\u00e4rke unserer Gesellschaft liegt nach unserer Einsch\u00e4tzung darin, dass wir nicht nur neue Anteile aus Kapitalerh\u00f6hungen zeichnen, sondern auch bereits bestehende Anteile von Altgesellschaftern (sog. \u201eSecondary Shares\u201c) erwerben k\u00f6nnen, w\u00e4hrend klassische Venture Capital-Fonds, nach Beobachtung der Gesellschaft, in der Regel fast ausschlie\u00dflich in \u201ePrimary Shares\u201c investieren, also neue Anteile aus Kapitalerh\u00f6hungen. Au\u00dferdem ist die German Startups Group aufgrund der zeitlichen Langlebigkeit unserer &#8220;Evergreen-Struktur&#8221; unserer Einsch\u00e4tzung nach einer der wenigen institutionellen Investoren in Deutschland, der theoretisch auch \u00fcber viele Jahre und in diversen Finanzierungsrunden und verschiedenen Reifegraden in ein Portfoliounternehmen investieren kann.<\/p>\n<p>Unsere Mehrheitsbeteiligung Exozet ist eine mehrfach pr\u00e4mierte Agentur f\u00fcr Digitale Transformation und besch\u00e4ftigt rund 150 Mitarbeiter in Berlin, Potsdam-Babelsberg und Wien. Neben Medienh\u00e4usern wie Axel Springer, ZDF, ORF, Deutsche Welle und BBC ist Exozet f\u00fcr etablierte Marken und Unternehmen wie Gothaer Versicherungen, die Deutsche Bahn, Audi, Deutsche Telekom sowie f\u00fcr Startups wie z.B. EU Flights, DAZN, Wooga, LaterPay, Goodstuff Media, concertVR und f\u00fcr Portfoliounternehmen der GSG t\u00e4tig. Exozet begleitet die Kunden durch den Prozess der Digitalen Transformation, entwickelt neue digitale Strategien und Anwendungen und unterst\u00fctzt sie so ma\u00dfgeblich dabei, ihr Gesch\u00e4ft zukunftsf\u00e4hig zu machen. Exozet ist hierbei nicht nur Berater, sondern setzt die entwickelten Konzepte f\u00fcr ihre Kunden anschlie\u00dfend auch nahtlos mit umfangreichen Humanressourcen an Softwareentwicklern und Kreativen um. Ein weiteres wichtiges Standbein und Alleinstellungsmerkmal von Exozet ist die hohe Kompetenz bei der Erstellung von videozentrierten L\u00f6sungen z.B. Portale, Player und Apps. Exozet hat fr\u00fchzeitig auf die Entwicklung von Virtual Reality und Augmented Reality Produkten gesetzt.<\/p>\n<p>Aufbauend auf ihrem bisher gr\u00f6\u00dften Einzelauftrag der Firmengeschichte aus 2016 konnte Exozet Folgeauftr\u00e4ge f\u00fcr die Weiterentwicklung der Mediathek des \u00f6ffentlich-rechtlichen Fernsehsenders ZDF gewinnen und erfolgreich umsetzen. Der Fokus 2018 lag u.a. in der erfolgreichen medialen Begleitung der WM in Russland, der Umbau der Plattform nach DSVGO Richtlinien und der \u00dcberarbeitung der Search &amp; Recommendation Systeme. 2017 hatte Exozet den Relaunchs der heute.de-Webseite, des Teletextsystems und der Integration von ZDFtivi in die ZDFmediathek mitumgesetzt. F\u00fcr ZDFtivi wurden zus\u00e4tzlich auch die Mobile Apps entwickelt. Parallel dazu wurde die ZDFmediathek kontinuierlich weiterentwickelt. Mit neuem Design, neuer Nutzerf\u00fchrung und deutlich mehr und intelligenteren Funktionen wurden diese Seiten von Grund auf neu gestaltet und den ge\u00e4nderten Sehgewohnheiten der Zuschauer angepasst. So werden z.B. f\u00fcr eingeloggte Benutzer, beruhend auf ihrer Nutzungshistorie, mit einem eigens daf\u00fcr entwickelten Algorithmus personalisierte Empfehlungen ausgespielt. Auch die verbesserte Suche bietet durch Indizierungs- und Taggingservices unterschiedliche semantische Empfehlungsverfahren. Etwa ein Drittel der monatlich 45 Mio. Besuche der ZDFmediathek erfolgen mittlerweile \u00fcber mobile Ger\u00e4te. Exozet begleitet den Sender auch in Zukunft dabei, sich im digitalen Markt neu aufzustellen.<\/p>\n<p>Das Audi e-tron VR-experience Kundenprojekt unserer Mehrheitsbeteiligung ist ein weiteres Beispiel einer der strategischen Sto\u00dfrichtungen Exozets: &#8220;&#8230;we deliver next generation experiences&#8230;&#8221;. Exozet erm\u00f6glicht dem Kunden Audi mit Virtual \/ Augmented Reality die neu entwickelten Fahrzeuge in einem real anmutenden Erlebnis darzustellen und den Betrachter zum Teil des Geschehens werden zu lassen.<br \/>\nF\u00fcr das Berliner Startup concertVR entwickelt Exozet eine immersive Virtual Reality L\u00f6sung f\u00fcr Konzertbesuche, mit der Nutzer Live-Konzerterlebnisse zu Hause nachempfinden k\u00f6nnen. Mit Hilfe von Virtual Reality Brillen kann ein Platz mitten im Publikum eingenommen und so die Zuschauer, die Akustik und der K\u00fcnstler selbst wie vor Ort erlebt werden. Durch heutige 360\u00b0 Kameratechnik kann jedes Konzert mit sehr geringem Aufwand und platzsparend VR-f\u00e4hig gemacht werden, wodurch sich k\u00fcnftig enorme M\u00f6glichkeiten f\u00fcr Aufzeichnungen oder sogar Live\u00fcbertragungen ergeben. Exozet ist f\u00fcr die gesamte technische Umsetzung zust\u00e4ndig, angefangen von der MVP Entwicklung bis hin zur Programmierung des Marktplatzes, auf dem K\u00fcnstler sp\u00e4ter selbst ihre Konzerterlebnisse vermarkten k\u00f6nnen.<\/p>\n<p>Mit EUflight nimmt ein weiteres Startup die umfangreiche Expertise von Exozet im Umgang mit Datenbankeninfrastrukturen in Anspruch. Das Unternehmen, das Fluggastrechte bei Versp\u00e4tungen und Annullierungen durchsetzt, beauftragte Exozet damit, das komplette Backend neu zu programmieren. Durch eine verbesserte Systemarchitektur k\u00f6nnen erh\u00f6htes Benutzeraufkommen, insbesondere bei kurzfristigen Spitzen, besser gehandhabt und Ressourcen dynamisch angepasst werden.<\/p>\n<figure><img decoding=\"async\" class=\"alignleft\" src=\"https:\/\/tpgholding.com\/wp-content\/uploads\/2019\/08\/Exozet-Buero-e1567065204119.png\" alt=\"Exozet-Buero\" \/><\/figure>\n<p>Exozet-B\u00fcros in Berlin<\/p>\n<p>Am 19. Juni 2018 haben wir des Weiteren unsere angek\u00fcndigte Online-Matchmaking-Plattform f\u00fcr Anbieter und Nachfrager von sog. Secondary Shares an deutschen Startups gestartet. Die im November 2017 gegr\u00fcndete 100%ige Tochtergesellschaft German Startups Market GmbH (www.german-startups.market) bringt unter der Marke G|S Market\u2122 k\u00fcnftig Verkaufsinteressenten von Secondary Shares, also Startup-Anteilen in Besitz von Gr\u00fcndern, Business Angels, Mitarbeitern oder Venture Capitalists auf einer Online Plattform mit qualifizierten Anlegern als Kaufinteressenten zusammen und schafft damit Liquidit\u00e4t f\u00fcr solche bisher weitgehend illiquiden Anteile. Kaufinteressenten k\u00f6nnen nach erfolgreicher Akkreditierung auf der Plattform die sich bietenden Investmentopportunit\u00e4ten einsehen und \u00fcber die Plattform in Kontakt mit den jeweiligen Anbietern treten. Die Gesellschaft hat im Vorfeld umfassende Recherchen angestellt und in dessen Zusammenhang auch etliche Meinungsbildner der deutschen Startup- und VC-Szene befragt und von ihnen \u00fcberwiegend sehr positives Feedback erhalten. Die Programmierung der responsiven Seite wurde von unserer Mehrheitsbeteiligung Exozet durchgef\u00fchrt.<\/p>\n<p>Die German Startups Group wird die Plattform auch f\u00fcr weitere Anlageformen \u00f6ffnen, wie z.B. Zeichnung und Erwerb von Anteilen neu aufgelegter sowie bereits laufender VC-Fonds, Wandeldarlehen, Venture Debt-Finanzierungen und gesamter Angel-\/VC-Portfolios, und f\u00fcr von der German Startups Group syndizierte, also gepoolte Investments. Die neue Onlineplattform soll qualifizierten Anlegern Zugang zum gesamten Spektrum von Anlagem\u00f6glichkeiten in der Assetklasse verschaffen und zwar schon mit Investmentbetr\u00e4gen ab 200 TEUR, w\u00e4hrend Direktinvestments und VC-Fonds oft erst ab siebenstelligen Mindestbetr\u00e4gen zug\u00e4nglich sind. Da die genannten Anlageformen in der Regel nicht ohne notarielle Urkunde und\/oder Zustimmung Dritter \u00fcbertragbar sind, findet das Matchmaking als \u201einvitatio ad offerandum\u201c statt. Die German Startups Group strebt Provisionen an, die im Mittel bei 5% des Werts der Anlage liegen d\u00fcrften. In den USA gibt es erfolgreiche Vorbilder f\u00fcr solche Plattformen.<\/p>\n<p>Parallel beabsichtigt die German Startups Group mit einer weiteren von ihr zu 50% mehrheitlich mitgegr\u00fcndeten Tochtergesellschaft German Startups Asset Management GmbH Ende 2018 die Auflage eines passiven VC-Fonds namens G|S Tech50\u2122, dessen Ziel es ist, an m\u00f6glichst vielen der Top50 wertvollsten deutschen Startups Anteile zu erwerben und damit Anlegern in einem einzigen Anteilsschein die Partizipation an einer ganzen Zahl f\u00fchrender deutscher Technologie-Wachstumsunternehmen zu erm\u00f6glichen. Daneben wird die German Startups Asset Management Single Asset Special Purpose Vehicles (SPVs) auflegen, mit denen wir es Investoren auch in der Assetklasse erm\u00f6glichen wollen, Cherry Picking zu betreiben, indem sie sich an den SPVs unterbeteiligen und zwar schon mit Investmentbetr\u00e4gen ab 200 TEUR, w\u00e4hrend Direktinvestments und VC-Fonds oft erst ab siebenstelligen Mindestbetr\u00e4gen zug\u00e4nglich sind. Die German Startups Asset Management GmbH ist als sog. Kapitalverwaltungsgesellschaft bei der BaFin registriert.<\/p>\n<p>Die German Startups Group vollzieht damit in 2018 eine Transformation vom Asset-Owner zu einem Asset Manager und zu einer Plattform, die Tech-Asset-Owner, VC-Asset-Manager und qualifizierte Anleger zusammenbringt und erweitert so ihr bisheriges Gesch\u00e4ftsmodell der Erzielung des Wertzuwachses von Beteiligungen in der eigenen Bilanz und der Digitalagentur um transaktionsbasierte Kommissionen, Management Fees und Carries aus Anlagen au\u00dferhalb ihrer eigenen Bilanz. Die Losl\u00f6sung von der eigenen Bilanz er\u00f6ffnet ihr ganz neue Wachstumsperspektiven, weil die Gesellschaft aufgrund des \u2013 in den Augen ihres Managements im derzeitigen Aktienkurs verk\u00f6rperten \u2013 deutlichen Discounts auf den NAV pro Aktie zur Vermeidung einer Verw\u00e4sserung ihrer Aktion\u00e4re zu diesen Kursen von Kapitalerh\u00f6hungen abgesehen hat und das auch weiter tut. F\u00fcr die Entwicklung vom Asset-Owner zum Asset-Manager gibt es unter deutschen Beteiligungsgesellschaften erfolgreiche Beispiele.<\/p>\n<p>Das Tempo und die Tragweite digitaler Disruption in allen Lebens- und Wertsch\u00f6pfungsbereichen nehmen weiter zu. Technologieinvestments werden so als Assetklasse auch f\u00fcr deutsche Anleger immer wichtiger. Entsprechend sch\u00e4tzen wir das Marktpotential des geplanten Angebots der Online Plattform G|S Market\u2122 und von weiteren, teils neuartigen VC-Fonds, wie unserem geplanten G|S Tech50\u2122 Fonds, als gro\u00df ein.<\/p>\n<p>Neben der strategischen Mehrheitsbeteiligung an Exozet, an der German Startups Market GmbH und an der German Startups Asset Management GmbH streben wir mittel- und langfristig den Aufbau weiterer operativer Gesch\u00e4ftsfelder an, f\u00fcr deren Durchf\u00fchrung wir aufgrund unserer Kenntnisse, Erfahrungen und unseres Netzwerks besonders bef\u00e4higt sind und die wir mit \u00fcberschaubaren Investitionen realisieren k\u00f6nnen.<\/p>\n<p>Bzgl. unserer Minderheitsbeteiligungen stellen wir bis auf weiteres die Gewinnrealisierung durch Anteilsverk\u00e4ufe aus dem Minderheitenportfolio in den Vordergrund, da wir f\u00fcr die Dauer des hohen Kursabschlags auf den von uns gesch\u00e4tzten deutlich h\u00f6heren Net Asset Value pro Aktie keine Kapitalerh\u00f6hungen durchf\u00fchren wollen, um die Altaktion\u00e4re nicht zu niedrigen Kursen zu verw\u00e4ssern. Zus\u00e4tzlich haben wir bereits in 2017 weitreichende Kostensenkungsma\u00dfnahmen durchgef\u00fchrt. Dar\u00fcber hinaus verzichtet die Komplement\u00e4rin seit 1. Juli 2017 bis auf weiteres auf einen Prozentpunkt des 2,5%igen variablen Teils der Gesch\u00e4ftsf\u00fchrungs- und Haftungsverg\u00fctung (\u201eManagement Fee\u201c). Ziel dieser Ma\u00dfnahmen ist es, im Interesse der Aktion\u00e4re den in unseren Augen im aktuellen Aktienkurs verk\u00f6rperten Abschlag auf den Net Asset Value pro Aktie zu verringern oder zu eliminieren und bei der Realisierung von Ver\u00e4u\u00dferungsgewinnen die Nettoerl\u00f6se nicht allzu sehr durch Kosten zu schm\u00e4lern. Unsere Ver\u00e4u\u00dferungserl\u00f6se k\u00f6nnen wir k\u00fcnftig auch zum Aktienr\u00fcckkauf oder f\u00fcr Aussch\u00fcttungen nutzen, soweit sie nicht zur Tilgung von Darlehen und in 2023 der Wandelanleihe zur\u00fcckzustellen sind.<\/p>\n<p>Mit der German Startups Group ist es uns in nur sechs Jahren seit Gesch\u00e4ftsaufnahme im Fr\u00fchjahr 2012 gelungen,<\/p>\n<div style=\"margin-left: 40px;\">\n<li>unsere Marke zu etablieren, breite Bekanntheit und nach unserer \u00dcberzeugung hohe Reputation zu erzeugen,<\/li>\n<figure><\/figure>\n<li>seither zweitaktivster VC Investor in Deutschland nach dem \u2013 \u00fcberwiegend aus \u00f6ffentlichen Mitteln gespeisten &#8211; High-Tech Gr\u00fcnderfonds zu sein,<\/li>\n<figure><\/figure>\n<li>Ende 2015 mit Erfolg an die B\u00f6rse zu gehen,<\/li>\n<figure><\/figure>\n<li>ein Portfolio von 21 f\u00fcr uns wesentlichen, teilweise sehr bekannten und erfolgreichen deutschen Startups der Growth, Early und Seed Stage aufzubauen, inkl. reiferen Wachstumsunternehmen wie Armedangels, Book-a-Tiger, Chrono24, Juniqe, Mister Spex, sowie j\u00fcngeren Hoffnungstr\u00e4gern wie Finiata, Remerge uvm.,<\/li>\n<figure><\/figure>\n<li>einige Exits zu realisieren, darunter Delivery Hero, eWings, Fyber und Amorelie,<\/li>\n<figure><\/figure>\n<li>mehrere Beteiligungen mit teils hohem Gewinn zu ver\u00e4u\u00dfern, darunter Scalable Capital, CRX Markets, realbest und Pyreg,<\/li>\n<figure><\/figure>\n<li>eine Wandelanleihe in H\u00f6he von 3 Mio. EUR mit Wandelrecht zu 2,50 EUR und 5 Jahren Laufzeit zu begeben, die seit 3. April 2018 im Freiverkehr der B\u00f6rse Frankfurt gehandelt wird,<\/li>\n<figure><\/figure>\n<li>mit der G|S Market\u2122 erfolgreich den ersten Marktplatz f\u00fcr deutsche Tech Assets ins Leben zu rufen,<\/li>\n<figure><\/figure>\n<li>die German Startups Asset Management GmbH f\u00fcr das Asset Management von neuartigen Fonds, Feeder-Funds, Fund-of-Funds und SPVs zu gr\u00fcnden und als KVG bei der BaFin zu registrieren sowie<\/li>\n<figure><\/figure>\n<li>in allen Gesch\u00e4ftsjahren seit dem ersten vollen Kalenderjahr profitabel zu sein, nur mit Ausnahme des Gesch\u00e4ftsjahrs 2016.<\/li>\n<figure><\/figure>\n<\/div>\n<p>Die Aktien der German Startups Group werden seit 11. November 2015 an der Frankfurter Wertpapierb\u00f6rse gehandelt. Das gesamte Grundkapital von 11.984.400 Aktien der German Startups Group ist in den Handel im Qualit\u00e4tssegment Scale der Deutschen B\u00f6rse einbezogen. Mit der Kursentwicklung der letzten 24 Monate sind wir leider nicht zufrieden. Trotz positiver Nachrichten, insbesondere zum Thema gewinntr\u00e4chtiger Anteilsver\u00e4u\u00dferungen, den Gewinnen 2017 und 1H18 und der Erweiterung unseres Gesch\u00e4ftsmodells, dem Erwerb eigener Aktien, Directors\u2018 Dealings usw. konnten wir keinen Kursanstieg verzeichnen. Wir bleiben dennoch bei unserer Hypothese, dass deutsche Innovationskraft auch in turbulenten Zeiten unabh\u00e4ngig von Niedrigzinsumfeld, Eurokrise, Konjunktur, Geldpolitik, Rohstoffpreisen und dem Kapitalmarktumfeld Wert schafft und im \u00dcbrigen nicht stark mit B\u00f6rsenkursen der wichtigsten Assetklassen korrelieren. Jedoch ist es f\u00fcr Anleger bisher nicht leicht, daran unmittelbar teilzuhaben. Wir schlagen mit unserer Aktie die Br\u00fccke zwischen der Startup-Szene und dem Kapitalmarkt, sodass alle Anleger die Chance haben, an dem unerm\u00fcdlichen kreativen Wirken deutscher Gr\u00fcnder, Tech-Unternehmer und Software-Ingenieure zu partizipieren. Mit unserer Online-Matchmaking-Plattform f\u00fcr Anbieter und Nachfrager von sog. Secondary Shares an deutschen Startups schaffen wir neue M\u00f6glichkeiten f\u00fcr Anleger, Tech-Investments zu t\u00e4tigen. Vom 2. Mai bis 7. Juni 2018 haben wir ein erstes Aktienr\u00fcckkaufprogramm durchgef\u00fchrt und im Anschluss ein \u00f6ffentliches Aktienr\u00fcckkaufangebot get\u00e4tigt. Derzeit besitzen wir 230.285 eigene Aktien.<\/p>\n<p>Wir danken unserem gesamten Team f\u00fcr die geleistete Mitarbeit und ihren Beitrag zum gemeinsamen Erfolg.<\/p>\n<p>Berlin, im September 2018<\/p>\n<p>Das Management<\/p>\n<p>German Startups Group GmbH &amp; Co. KGaA<\/p>\n<p><strong>Christoph Gerlinger<\/strong><br \/>\nCEO | Gesch\u00e4ftsf\u00fchrer<br \/>\nGerman Startups Group<br \/>\nManagement GmbH<\/p>\n<p>&nbsp;<\/p>\n<p><a href=\"https:\/\/ir.tpgholding.com\/fileadmin\/user_upload\/documents\/GSG_Zwischenbericht_2018_web.pdf\">Hier gelangen Sie zum vollst\u00e4ndigen Zwischenbericht 2018<\/a><\/p>\n","protected":false},"excerpt":{"rendered":"<p>Christoph Gerlinger | CEO Liebe Aktion\u00e4re, Freunde und Kollegen, wir legen Ihnen heute unseren Zwischenabschluss f\u00fcr das erste Halbjahr 2018 vor. Die German Startups Group ist eine Beteiligungsgesellschaft mit Sitz in Berlin, die sich direkt oder indirekt \u00fcber Mehrheits- oder Minderheitsbeteiligungen insbesondere an Startups zu beteiligt, also Venture Capital zur Verf\u00fcgung stellt. Der Fokus der [&hellip;]<\/p>\n","protected":false},"author":9,"featured_media":0,"parent":0,"menu_order":0,"comment_status":"closed","ping_status":"closed","template":"page-full.php","meta":[],"_links":{"self":[{"href":"https:\/\/tpgholding.com\/index.php\/wp-json\/wp\/v2\/pages\/12623"}],"collection":[{"href":"https:\/\/tpgholding.com\/index.php\/wp-json\/wp\/v2\/pages"}],"about":[{"href":"https:\/\/tpgholding.com\/index.php\/wp-json\/wp\/v2\/types\/page"}],"author":[{"embeddable":true,"href":"https:\/\/tpgholding.com\/index.php\/wp-json\/wp\/v2\/users\/9"}],"replies":[{"embeddable":true,"href":"https:\/\/tpgholding.com\/index.php\/wp-json\/wp\/v2\/comments?post=12623"}],"version-history":[{"count":3,"href":"https:\/\/tpgholding.com\/index.php\/wp-json\/wp\/v2\/pages\/12623\/revisions"}],"predecessor-version":[{"id":12697,"href":"https:\/\/tpgholding.com\/index.php\/wp-json\/wp\/v2\/pages\/12623\/revisions\/12697"}],"wp:attachment":[{"href":"https:\/\/tpgholding.com\/index.php\/wp-json\/wp\/v2\/media?parent=12623"}],"curies":[{"name":"wp","href":"https:\/\/api.w.org\/{rel}","templated":true}]}}