{"id":12709,"date":"2019-09-13T12:20:16","date_gmt":"2019-09-13T10:20:16","guid":{"rendered":"http:\/\/www.german-startups.com\/?page_id=12709"},"modified":"2019-09-13T12:20:16","modified_gmt":"2019-09-13T10:20:16","slug":"pressemitteilung-vom-13-september-2019","status":"publish","type":"page","link":"https:\/\/tpgholding.com\/index.php\/pressemitteilung-vom-13-september-2019\/","title":{"rendered":"Pressemitteilung vom <br> 13. September 2019"},"content":{"rendered":"<p style=\"text-align: center;\"><img decoding=\"async\" src=\"https:\/\/tpgholding.com\/wp-content\/uploads\/2018\/08\/GS_Group_transparent-150x150.png\" alt=\"GS_Group_transparent\" \/><\/p>\n<p>&nbsp;<\/p>\n<p style=\"text-align: center; padding: 0px; margin: 0px;\">+++ Pressemitteilung +++<\/p>\n<p style=\"text-align: center; padding: 50px; margin: 0px;\"><strong>German Startups Group: Fokusbeteiligung AuctionTech schlie\u00dft globale Partnerschaft mit Star-Auktionator Simon de Pury<\/strong><\/p>\n<p><strong>Berlin, 13. September 2019 \u2013 <\/strong>AuctionTech, ein in Berlin ans\u00e4ssiger Softwareanbieter von ma\u00dfgeschneiderten, hochskalierbaren Online-Auktionsl\u00f6sungen und eine Fokusbeteiligung der German Startups Group, schlie\u00dft eine Partnerschaft mit Star-Auktionator Simon de Pury zur Einf\u00fchrung einer globalen Online Live-Video-Auktionstechnologie. Simon de Pury ist eine der f\u00fchrenden Pers\u00f6nlichkeiten des internationalen Kunstmarktes und hat im Laufe seiner Karriere eine betr\u00e4chtliche Anzahl der bekanntesten Kunstsammlungen f\u00fcr Auktionen und private Verk\u00e4ufe akquiriert und versteigert. Er gr\u00fcndete das drittgr\u00f6\u00dfte Auktionshaus der Welt, Phillipps de Pury und war als weltweit Leitender Auktionator bei Sotheby`s t\u00e4tig. Dar\u00fcber hinaus ist er Auktionator von Wohlt\u00e4tigkeitsauktionen vieler Stiftungen, wie z.B. der Leonardo DiCaprio Foundation oder der F\u00fcrst Albert II. von Monaco Stiftung.<\/p>\n<p>Zusammen mit de Pury hat AuctionTech ein neuartiges Live-Video-Online-Auktionsformat entwickelt, mit dem Live-Auktionen per Internet von jedem Ort der Welt gesendet werden k\u00f6nnen. Kunden auf der ganzen Welt k\u00f6nnen von jedem Endger\u00e4t aus in Echtzeit daran teilnehmen und mitbieten. Die Auktion selbst wird ohne die sonst \u00fcblichen 3-5 Sekunden Latenzzeiten in h\u00f6chster TV Bild- und Tonqualit\u00e4t per Live-Stream \u00fcbertragen. Damit setzt AuctionTech einen neuen Standard f\u00fcr die Durchf\u00fchrung digitaler Auktionen weltweit.<\/p>\n<p>Die Basis der daf\u00fcr notwendigen Soft- und Hardware-Technologie hatte die German Startups Group im Jahr 2017 gemeinsam mit AuctionTech aus der Insolvenzmasse der ehemaligen Auctionata herausgekauft, die dort vom heutigen Kernteam von AuctionTech rund um CEO Jan Thiel f\u00fcr einen zweistelligen Millionenbetrag entwickelt worden war. Die German Startups Group ist in 2017 als Lead Investor bei AuctionTech eingestiegen und hat seitdem ihren Anteil sukzessive aufgestockt. Derzeit h\u00e4lt sie 23,1% an AuctionTech.<\/p>\n<p>&nbsp;<\/p>\n<p><strong>Investor Relations Kontakt<\/strong><br \/>\n<strong>German Startups Group<\/strong><br \/>\nMarcel Doeppes<br \/>\nir@tpgholding.com<br \/>\n<a href=\"https:\/\/tpgholding.com\/\">www.tpgholding.com<\/a><\/p>\n<p>&nbsp;<\/p>\n<p><a href=\"https:\/\/tpgholding.com\/wp-content\/uploads\/2019\/09\/20190913-AuctionTech-gibt-globale-Partnerschaft-mit-Star-Auktionator-Simon-de-Pury-bekannt.pdf\" rel=\"\" target=\"_blank\" rel=\"nofollow\">Hier klicken f\u00fcr die PDF-Version<\/a><\/p>\n<p>&nbsp;<\/p>\n<p><strong>German Startups Group \u2013 Wir lieben Startups!<\/strong><\/p>\n<p>Die German Startups Group ist ein b\u00f6rsennotierter, f\u00fchrender Venture Capital-Anbieter in Deutschland und zugleich Digitalagentur mit 150 Mitarbeitern mit Sitz in Berlin und mit Fokus auf junge, schnell wachsende Unternehmen, sog. Startups. Sie erwirbt Mehrheits- und Minderheitsbeteiligungen durch Bereitstellung von Venture Capital. Ihr Fokus liegt auf deutschen Tech-Wachstumsunternehmen, deren Produkte oder Gesch\u00e4ftsmodelle eine disruptive Innovation aufweisen, eine hohe Skalierbarkeit erwarten lassen und bei denen sie Vertrauen in die unternehmerischen F\u00e4higkeiten der Gr\u00fcnder hat. Seit der Aufnahme der Gesch\u00e4ftst\u00e4tigkeit im Jahr 2012 hat die German Startups Group ein diversifiziertes Portfolio von Anteilen an solchen Unternehmen aufgebaut und sich zum aktivsten privaten Venture-Capital-Investor seit 2012 in Deutschland entwickelt (CB Insights 2015, PitchBook 2016). Daneben betreibt die Gesellschaft mit der G|S Market\u2122 ihrer hundertprozentigen Tochtergesellschaft German Startups Market GmbH seit Juni 2018 eine Sekund\u00e4rmarktplattform f\u00fcr die Assetklasse &lt;German Startups | VC | Tech&gt;. Ihre mehrheitliche Beteiligung German Startups Asset Management GmbH wird k\u00fcnftig neuartige, eigene VC-Fonds auflegen und auf G|S Market auf Erwerberseite Zweckgesellschaften (\u201eSPVs\u201c) bereitstellen, um mehreren Anlegern in Form von gepoolten Investments auch den Erwerb gr\u00f6\u00dferer Investmentopportunit\u00e4ten zu erm\u00f6glichen.<\/p>\n<p>&nbsp;<\/p>\n<p>Mehr Informationen unter <a href=\"https:\/\/tpgholding.com\/\">https:\/\/tpgholding.com\/<\/a>.<\/p>\n<p>&nbsp;<\/p>\n","protected":false},"excerpt":{"rendered":"<p>&nbsp; +++ Pressemitteilung +++ German Startups Group: Fokusbeteiligung AuctionTech schlie\u00dft globale Partnerschaft mit Star-Auktionator Simon de Pury Berlin, 13. September 2019 \u2013 AuctionTech, ein in Berlin ans\u00e4ssiger Softwareanbieter von ma\u00dfgeschneiderten, hochskalierbaren Online-Auktionsl\u00f6sungen und eine Fokusbeteiligung der German Startups Group, schlie\u00dft eine Partnerschaft mit Star-Auktionator Simon de Pury zur Einf\u00fchrung einer globalen Online Live-Video-Auktionstechnologie. Simon de [&hellip;]<\/p>\n","protected":false},"author":4,"featured_media":0,"parent":0,"menu_order":0,"comment_status":"closed","ping_status":"closed","template":"page-full.php","meta":[],"_links":{"self":[{"href":"https:\/\/tpgholding.com\/index.php\/wp-json\/wp\/v2\/pages\/12709"}],"collection":[{"href":"https:\/\/tpgholding.com\/index.php\/wp-json\/wp\/v2\/pages"}],"about":[{"href":"https:\/\/tpgholding.com\/index.php\/wp-json\/wp\/v2\/types\/page"}],"author":[{"embeddable":true,"href":"https:\/\/tpgholding.com\/index.php\/wp-json\/wp\/v2\/users\/4"}],"replies":[{"embeddable":true,"href":"https:\/\/tpgholding.com\/index.php\/wp-json\/wp\/v2\/comments?post=12709"}],"version-history":[{"count":1,"href":"https:\/\/tpgholding.com\/index.php\/wp-json\/wp\/v2\/pages\/12709\/revisions"}],"predecessor-version":[{"id":12710,"href":"https:\/\/tpgholding.com\/index.php\/wp-json\/wp\/v2\/pages\/12709\/revisions\/12710"}],"wp:attachment":[{"href":"https:\/\/tpgholding.com\/index.php\/wp-json\/wp\/v2\/media?parent=12709"}],"curies":[{"name":"wp","href":"https:\/\/api.w.org\/{rel}","templated":true}]}}