{"id":12806,"date":"2019-10-10T11:45:53","date_gmt":"2019-10-10T09:45:53","guid":{"rendered":"http:\/\/www.german-startups.com\/?page_id=12806"},"modified":"2019-12-12T17:50:07","modified_gmt":"2019-12-12T16:50:07","slug":"vorwort-zwischenbericht-2019","status":"publish","type":"page","link":"https:\/\/tpgholding.com\/index.php\/vorwort-zwischenbericht-2019\/","title":{"rendered":"Vorwort Zwischenbericht 2019"},"content":{"rendered":"<p><a href=\"https:\/\/tpgholding.com\/wp-content\/uploads\/2019\/04\/DSCF7531-Farbe-e1555339461185.jpg\" rel=\"attachment wp-att-12226\"><img decoding=\"async\" loading=\"lazy\" class=\"alignleft\" src=\"https:\/\/tpgholding.com\/wp-content\/uploads\/2019\/04\/DSCF7531-Farbe-1024x683.jpg\" alt=\"DSCF7531 Farbe\" width=\"284\" height=\"189\" \/><\/a><br \/>\nChristoph Gerlinger | CEO<\/p>\n<p><strong>Liebe Aktion\u00e4re, <\/strong><\/p>\n<p><strong>Liebe Freunde der German Startups Group,<\/strong><\/p>\n<p>wir legen Ihnen heute unseren Zwischenabschluss f\u00fcr das erste Halbjahr 2019 vor.<\/p>\n<p>Die German Startups Group ist eine Beteiligungsgesellschaft mit Sitz in Berlin, die sich direkt oder indirekt \u00fcber Mehrheits- oder Minderheitsbeteiligungen insbesondere an Startups beteiligt, also Venture Capital zur Verf\u00fcgung stellt. Der Fokus der German Startups Group liegt auf Unternehmen, deren Produkte oder Gesch\u00e4ftsmodelle eine disruptive, also sprunghafte, Innovation beinhalten, eine hohe Skalierbarkeit erwarten lassen und bei denen die German Startups Group an die unternehmerischen F\u00e4higkeiten der Gr\u00fcnder glaubt, zum Beispiel wenn diese bereits Erfahrungen als Gr\u00fcnder oder leitende Mitarbeiter von Startups oder Company Buildern bez\u00fcglich dem Aufbau und der F\u00fchrung von Startups sammeln konnten.<\/p>\n<p>Im ersten Halbjahr 2019 haben wir mit 1,3 Mio. EUR nach 2,3 Mio. EUR im Gesamtjahr 2018 erneut ein positives EBITDA erzielt (IFRS Konzern). Zum 30. Juni 2019 betr\u00e4gt das Gesamtergebnis 457 TEUR (Gesamtjahr 2018: -676 TEUR), wovon 267 TEUR auf die Minderheitsgesellschafter der vollkonsolidierten Mehrheitsbeteiligung Exozet Berlin GmbH und 191 TEUR auf die Aktion\u00e4re der German Startups Group entfallen. Bei einer Durchschnittsanzahl von 11.754.115 Aktien im ersten Halbjahr 2019 entspricht das einem Ergebnis je Aktie von 0,02 EUR nach Steuern (Gesamtjahr 2018: -0,05 EUR).<\/p>\n<p>Bei 3 der 15 f\u00fcr die Gesellschaft wesentlichen Minderheitsbeteiligungen konnten wir einen Wertzuwachs verbuchen. Die Mehrheitsbeteiligung an der sich weiterhin positiv entwickelnden Exozet-Gruppe wird im Konzernabschluss nicht bewertet, sondern vollkonsolidiert. Mithin k\u00f6nnen wir ihren Wertzuwachs nicht in Bilanz und GuV verbuchen, sondern f\u00fchrt dieser zur Entstehung von stillen Reserven.<\/p>\n<p>Insgesamt gab es in 2019 ein Neuinvestment von nur 2.500 EUR (nominal) \u2013<\/p>\n<ul>\n<li>German Crypto Tech<\/li>\n<\/ul>\n<p>und ein Follow-On Investment bei dem folgenden f\u00fcr die Gesellschaft wesentlichen Portfoliounternehmen \u2013<\/p>\n<ul>\n<li>AuctionTech<\/li>\n<\/ul>\n<p>sowie die folgenden Exits bzw. (Teil-)Ver\u00e4u\u00dferungen \u2013<\/p>\n<ul>\n<li>Chrono24,<\/li>\n<figure><\/figure>\n<li>Service Partner One und<\/li>\n<figure><\/figure>\n<li>Dalia Research.<\/li>\n<\/ul>\n<p>Zum 30. Juni 2019 h\u00e4lt die Gesellschaft 15 f\u00fcr sie wesentliche Beteiligungen. Diese 15 f\u00fcr die Gesellschaft wesentlichen Beteiligungen machen zusammen 86% des Werts aller 31 aktiven Minderheitsbeteiligungen aus. Allein auf die 8 Fokusbeteiligungen entfallen 76% des Werts aller 31 aktiven Minderheitsbeteiligungen.<\/p>\n<p>Die Gesellschaft bewertet die von ihr gehaltenen Unternehmensanteile \u00fcberwiegend auf Basis der von fremden Dritten zuletzt f\u00fcr gleiche oder \u00e4hnliche Anteile bezahlten Preise. Dies ist bei 12 der 15 f\u00fcr die Gesellschaft wesentlichen Beteiligungen der Fall. Bezogen auf den Wert des Gesamtportfolios sind 81% des Fair Value fremdobjektiviert. 19% des Fair Value des Gesamtportfolios verk\u00f6rpern eine H\u00f6herbewertung gegen\u00fcber dem letzten fremdobjektvierten Anteilspreis aufgrund einer Anpassung des fremdobjektivierten Anteilspreises oder der Anwendung alternativer Bewertungsmethoden. Die Fremdobjektivierungsereignisse dieser 12 fremdobjektivierten, f\u00fcr die German Startups Group wesentlichen Beteiligungen lagen am 30. Juni 2019 im Durchschnitt &#8211; gewichtet nach dem Anteil des Fair Value der einzelnen Beteiligung zum 30. Juni 2019 am Fair Value der gesamten 12 fremdobjektivierten, f\u00fcr die Gesellschaft wesentlichen Beteiligungen in H\u00f6he von 14.410 TEUR &#8211; 357 Tage zur\u00fcck.<\/p>\n<p>Die German Startups Group befindet sich in folgenden Rechtsauseinandersetzungen:<\/p>\n<ul>\n<li>Die German Startups Group fordert von Nikolas Samios den Teilbetrag von 120.000 EUR einer Verg\u00fctung von 130.000 EUR zur\u00fcck, die seine wiredworld GmbH in 2015 bei dem Anteilsverk\u00e4ufer eines Unternehmens eingefordert und vereinnahmt hat, an dem sich die GSG im gleichen Jahr mit 1,76 Mio. EUR beteiligte. Die German Startups Group ist der Auffassung, dass diese drittseitige 7,4%ige Verg\u00fctung zu ihren Lasten erfolgte und zudem marktun\u00fcblich hoch war und ihr somit zu erstatten ist. Die Gegenseite ist anderer Meinung und hat gerichtliche Schritte eingeleitet. Herr Samios hatte Christoph Gerlinger zwar ex ante die Absicht offengelegt, im Falle eines Anteilskaufvertrags bei den Verk\u00e4ufern einen Provisionsanspruch geltend zu machen. Einen solchen geltend zu machen hatte ihn Christoph Gerlinger sodann aufgefordert zu unterlassen, weil es ausgerechnet die von Herrn Samios mitgeleitete GSG selbst war, die die fraglichen Anteile erwarb, und das dem Streubesitz und der Anlegerpresse nicht erkl\u00e4rbar sei, sondern eine Art Skandal und Entr\u00fcstung verursachen w\u00fcrde, und vorgeschlagen, stattdessen eine Abfindung f\u00fcr von ihm erbrachte, noch nicht verg\u00fctete Leistungen zu vereinbaren. Aktuell bahnt sich eine weitere Rechtsauseinander-setzung mit Nikolas Samios an, diesmal mit der Mehrheitsbeteiligung Exozet, von der er im Falle eines Verkaufs der Exozet die Auszahlung von virtuellen Optionen fordert, die ihm im Zusammenhang mit einer Beratungs- und Beiratst\u00e4tigkeit im ersten Halbjahr 2017 zugestanden worden waren, welche Exozet allerdings am 21.09.2017 aus wichtigem Grund fristlos aufgek\u00fcndigt hatte, genau wie seine Teilnahme am fraglichen Virtual Stock Option Plan am 21.11.2017. Wir halten die Anspr\u00fcche f\u00fcr unangemessen und unbegr\u00fcndet.<\/li>\n<\/ul>\n<ul>\n<li>Die Rechtsauseinandersetzungen mit den beiden ehemaligen Gesch\u00e4ftsf\u00fchrern der inzwischen liquidierten MimoOn GmbH und mit der von Murat \u00dcnal geleiteten SoNeAn GmbH wurden in 2018 fortgesetzt. Gegen die Gesch\u00e4ftsf\u00fchrer der MimoOn GmbH (vermutlich gedeckt durch deren D&amp;O Versicherung) hatte die GSG in 2016 Klage auf Schadenersatz iHv. 260 TEUR wegen unrichtiger und unvollst\u00e4ndiger Informationen bei Vertragsabschluss eingereicht.<\/li>\n<\/ul>\n<ul>\n<li>Von der SoNeAn GmbH hatte die GSG 2017 von ihr geleistete Beratungshonorare iHv. 159 TEUR wegen Nichtleistung zur\u00fcckgefordert und ist damit in erster Instanz nicht erfolgreich gewesen. Der Rechtsstreit befindet sich seit Oktober 2018 im Berufungsverfahren.<\/li>\n<\/ul>\n<p>Die German Startups Group h\u00e4lt Minderheitsbeteiligungen unter anderem an den folgenden Wachstumsunternehmen:<\/p>\n<p>&nbsp;<\/p>\n<figure><img decoding=\"async\" class=\"aligncenter\" src=\"https:\/\/tpgholding.com\/wp-content\/uploads\/2019\/10\/d_Portfolio-overview_190630-e1570699779857.png\" alt=\"d_Portfolio overview_190630\" \/><\/figure>\n<p>&nbsp;<\/p>\n<p>Die Portfoliounternehmen der Gesellschaft k\u00f6nnen im Bereich Strategieentwicklung, im Hinblick auf Finanzierungsrunden, M&amp;A-Transaktionen, B\u00f6rseng\u00e4nge oder Restrukturierungs-notwendigkeiten von der Expertise, der Erfahrung und dem Netzwerk der German Startups Group profitieren. Nach eigener Einsch\u00e4tzung stellt die German Startups Group den Startups im Rahmen des Anteilserwerbs damit sogenanntes &#8220;Smart Money&#8221; zur Verf\u00fcgung.<\/p>\n<p>Eine besondere Wettbewerbsst\u00e4rke unserer Gesellschaft liegt nach unserer Einsch\u00e4tzung darin, dass wir nicht nur neue Anteile aus Kapitalerh\u00f6hungen zeichnen, sondern auch bereits bestehende Anteile von Altgesellschaftern (sog. \u201eSecondary Shares\u201c) erwerben k\u00f6nnen, w\u00e4hrend klassische Venture Capital-Fonds, nach Beobachtung der Gesellschaft, in der Regel fast ausschlie\u00dflich in \u201ePrimary Shares\u201c investieren, also neue Anteile aus Kapitalerh\u00f6hungen. Au\u00dferdem ist die German Startups Group aufgrund der zeitlichen Langlebigkeit unserer &#8220;Evergreen-Struktur&#8221; unserer Einsch\u00e4tzung nach einer der wenigen institutionellen Investoren in Deutschland, der theoretisch auch \u00fcber viele Jahre und in diversen Finanzierungsrunden und verschiedenen Reifegraden in ein Portfoliounternehmen investieren kann.<\/p>\n<p>Unsere Mehrheitsbeteiligung Exozet wurde mehrfach pr\u00e4miert und ist f\u00fcr klassische Medienh\u00e4user wie ZDF, ORF, Deutsche Welle, ProSiebenSat1, 3Sat, MDR, Deutschlandradio und BBC sowie f\u00fcr Verlage wie den Zeitverlag oder die Mitteldeutsche Zeitung t\u00e4tig. Weiterhin liefert Exozet Dienstleistungen f\u00fcr etablierte Marken und Unternehmen wie Freenet (Media Broadcast), Siemens, Deutsche Bahn, Audi, Deutsche Telekom, Coca-Cola, Europapark sowie an Internet-basierte Unternehmen wie z.B. DAZN, Wooga, Ebay Gruppe, ConcertVR oder EUFlight. Exozet bedient dar\u00fcber hinaus ein Portfolio an Kunden in der Finanz- und Versicherungsbranche, wie z.B. Payone, Albis Leasing, Computop und Gothaer Versicherung.<\/p>\n<p>Exozet begleitet die Kunden durch den Prozess der Digitalen Transformation, entwickelt neue digitale Strategien und Anwendungen und unterst\u00fctzt sie so ma\u00dfgeblich dabei, ihr Gesch\u00e4ft zukunftsf\u00e4hig zu machen. Erst k\u00fcrzlich wurde Exozet daf\u00fcr mit dem ITB Innovation Award ausgezeichnet. Die Digitalagentur hatte f\u00fcr ihren Kunden a&amp;o Hostels, den gr\u00f6\u00dften Hostel-Betreiber Europas, eine komplett neue All-in-one-App geschaffen, die G\u00e4sten als erste Hostelgruppe Europas sowohl die Buchungs-, Bezahl-, Check-In- als auch Schl\u00fcsselfunktion in einer mobilen Anwendung bietet. Damit stellt Exozet erneut eindrucksvoll seine Expertise f\u00fcr digitale Transformation und innovative kundenzentrierte L\u00f6sungen unter Beweis.<\/p>\n<p>Ein wichtiges Standbein und ein Alleinstellungsmerkmal von Exozet ist die hohe Kompetenz bei der Erstellung von videozentrierten L\u00f6sungen, z.B. Portalen, Mediatheken, Playern und Apps. So entwickelte Exozet f\u00fcr seinen Kunden 3Sat unter anderem deren Mediathek von Grund auf neu, um diese in Zeiten von Video-on-Demand zukunftstauglich f\u00fcr Web und App zu machen. Fokus des neuen Formats ist es, auf das heutige Zuschauerverhalten einzugehen und Nutzern eine einzigartige User Experience zu bieten, indem redaktioneller Teil und Streams verschmelzen, wodurch Inhalte noch einfacher gefunden und vor allem geschaut werden k\u00f6nnen, unabh\u00e4ngig von Ort, Zeit und Ger\u00e4t.<\/p>\n<p>Ebenso setzte Exozet bereits fr\u00fchzeitig auf die Entwicklung von Virtual Reality und Augmented Reality Produkten. Dieses Gesch\u00e4ftsfeld ist auch im ersten Halbjahr 2019 weiter \u00fcberdurchschnittlich und vor allem profitabel gewachsen, sodass Exozet mittlerweile zu den Top Playern bei derartigen Applikationen im deutschen Markt z\u00e4hlt. F\u00fcr die Deutsche Zentrale f\u00fcr Tourismus wurde von Exozet beispielsweise in Zusammenarbeit mit dem Konzerthaus Berlin und der Beethoven Gesellschaft anl\u00e4sslich des 250. Geburtstag Beethovens in 2020 eine eindr\u00fcckliche Anwendung programmiert. Dabei wurde eine Simulation eines Fluges durch das Siebengebirge in 360\u00b0mit Start im Geburtshaus von Beethoven geschaffen. Der User lernt die 9. Symphonie auf einem echten Klavier zu spielen und betrachtet das Klavier gleichzeitig in VR (multisensorischer Aufbau). Daf\u00fcr hat das Exozet VR\/AR Team einen Beethoven Schauspieler, welcher mit volumetrischer Videoaufnahmen von Volucap erfasst wurde, in den 3D-Raum integriert, sodass Zuschauer diesem aus jeglichem Winkel beim Spielen zusehen konnten. Damit ist eine herausragende Realit\u00e4tsn\u00e4he entstanden.<\/p>\n<p>Mit EUflight nahm ein weiteres Startup die umfangreiche Expertise von Exozet im Umgang mit Datenbankeninfrastrukturen in Anspruch. Das Unternehmen, das Fluggastrechte bei Versp\u00e4tungen und Annullierungen durchsetzt, beauftragte Exozet damit, das komplette Backend neu zu programmieren. Durch eine verbesserte Systemarchitektur k\u00f6nnen erh\u00f6htes Benutzeraufkommen, insbesondere bei kurzfristigen Spitzen, besser gehandhabt und Ressourcen dynamisch angepasst werden.<\/p>\n<figure><img decoding=\"async\" class=\"aligncenter\" src=\"https:\/\/tpgholding.com\/wp-content\/uploads\/2019\/08\/Exozet-Buero-e1567065204119.png\" alt=\"Exozet-Buero\" \/><\/figure>\n<p>Exozet-B\u00fcros in Berlin<\/p>\n<p>Unsere im November 2017 gegr\u00fcndete 100%ige Tochtergesellschaft German Startups Market GmbH bringt unter der Marke G|S Market\u2122 Verkaufsinteressenten von Secondary Shares, also Startup-Anteilen in Besitz von Gr\u00fcndern, Business Angels, Mitarbeitern oder Venture Capitalists auf der Online Plattform www.german-startups.market mit qualifizierten Anlegern als Kaufinteressenten zusammen und schafft damit Liquidit\u00e4t f\u00fcr solche bisher weitgehend illiquiden Anteile. Kaufinteressenten k\u00f6nnen nach erfolgreicher Akkreditierung auf der Plattform die sich bietenden Investmentopportunit\u00e4ten einsehen und \u00fcber die Plattform in Kontakt mit den jeweiligen Anbietern treten.<\/p>\n<p>Die German Startups Group strebt Provisionen an, die im Mittel bei 5% liegen d\u00fcrften. In den USA gibt es erfolgreiche Vorbilder f\u00fcr solche Plattformen. Inzwischen hat die German Startups Market die K\u00e4ufer- und Verk\u00e4uferseite von insgesamt vier Beteiligungen im Wert von \u00fcber 3,5 Mio. EUR zusammengebracht und rund 150 TEUR Kommissionsumsatz erzielt. Das Matchmaking findet als \u201einvitatio ad offerandum\u201c statt.<\/p>\n<p>Parallel beabsichtigt die German Startups Group mit einer weiteren von ihr zu 50,01% mehrheitlich mitgegr\u00fcndeten Tochtergesellschaft German Startups Asset Management GmbH die Auflage von VC-Fonds und zwar schon mit Investmentbetr\u00e4gen ab 200 TEUR, w\u00e4hrend Direktinvestments und VC-Fonds oft erst ab siebenstelligen Mindestbetr\u00e4gen zug\u00e4nglich sind. Die German Startups Asset Management GmbH ist als sog. Kapitalverwaltungsgesellschaft bei der BaFin registriert.<\/p>\n<p>Die German Startups Group vollzieht damit eine Transformation vom Asset-Owner zu einem Asset Manager und zu einer Plattform, die Tech-Asset-Owner, VC-Asset-Manager und qualifizierte Anleger zusammenbringt und erweitert so ihr bisheriges Gesch\u00e4ftsmodell der Erzielung des Wertzuwachses von Beteiligungen in der eigenen Bilanz und der Digitalagentur um transaktionsbasierte Kommissionen, Management Fees und Carries aus Anlagen au\u00dferhalb ihrer eigenen Bilanz. Die Losl\u00f6sung von der eigenen Bilanz er\u00f6ffnet ihr ganz neue Wachstumsperspektiven, weil die Gesellschaft aufgrund des \u2013 in den Augen ihres Managements im derzeitigen Aktienkurs verk\u00f6rperten \u2013 deutlichen Discounts auf den NAV pro Aktie zur Vermeidung einer Verw\u00e4sserung ihrer Aktion\u00e4re zu diesen Kursen von Kapitalerh\u00f6hungen abgesehen hat und das auch weiter tut. F\u00fcr die Entwicklung vom Asset-Owner zum Asset-Manager gibt es unter deutschen Beteiligungsgesellschaften erfolgreiche Beispiele.<\/p>\n<p>Neben der strategischen Mehrheitsbeteiligung an Exozet, an der German Startups Market GmbH und an der German Startups Asset Management GmbH streben wir mittel- und langfristig den Aufbau weiterer operativer Gesch\u00e4ftsfelder an, f\u00fcr deren Durchf\u00fchrung wir aufgrund unserer Kenntnisse, Erfahrungen und unseres Netzwerks besonders bef\u00e4higt sind und die wir mit \u00fcberschaubaren Investitionen realisieren k\u00f6nnen. Ein Beispiel daf\u00fcr ist die im Mai 2019 gegr\u00fcndete German Crypto Tech GmbH, die k\u00fcnftig im Bereich der Tokenisierung von Assets t\u00e4tig werden wird und bei der die German Startups Group Gr\u00fcndungsgesellschafterin ist.<br \/>\nDie German Crypto Tech GmbH verfolgt das Ziel, noch in 2019 in Kooperation mit der German Property Berlin AG unter der gesch\u00fctzten Bezeichnung German Property Token\u2122 einen der ersten deutschen Property-backed Token auf den Markt zu bringen und der breiten \u00d6ffentlichkeit zug\u00e4nglich und f\u00fcr sie einfach handelbar zu machen.<\/p>\n<figure><img decoding=\"async\" loading=\"lazy\" class=\"aligncenter\" src=\"https:\/\/tpgholding.com\/wp-content\/uploads\/2019\/10\/GPT1_final_lowres-e1570700918396.png\" alt=\"GPT1_final_lowres\" width=\"495\" height=\"495\" \/><\/figure>\n<p>Bzgl. unserer Minderheitsbeteiligungen stellen wir bis auf Weiteres die Gewinnrealisierung durch Anteilsverk\u00e4ufe aus dem Minderheitenportfolio in den Vordergrund, da wir f\u00fcr die Dauer des hohen Kursabschlags auf den von uns gesch\u00e4tzten deutlich h\u00f6heren Net Asset Value pro Aktie keine Kapitalerh\u00f6hungen durchf\u00fchren wollen, um die Altaktion\u00e4re nicht zu niedrigen Kursen zu verw\u00e4ssern. Zus\u00e4tzlich haben wir bereits in 2017 weitreichende Kostensenkungsma\u00dfnahmen durchgef\u00fchrt. Unter anderem verzichtet die Komplement\u00e4rin seit 1. Juli 2017 bis auf weiteres auf einen wesentlichen Teil der Gesch\u00e4ftsf\u00fchrungs- und Haftungsverg\u00fctung (\u201eManagement Fee\u201c). Zum Jahresende 2018 haben Gesch\u00e4ftsf\u00fchrung und Aufsichtsrat gemeinsam vereinbart, die Management Fee k\u00fcnftig st\u00e4rker an den Aktienkurs zu kn\u00fcpfen, sodass der Verzicht der Komplement\u00e4rin auf die Management Fee seitdem bei Kursen unter 1,80 EUR noch h\u00f6her ausf\u00e4llt. Bei Kursen \u00fcber 1,80 EUR verringert sich der Verzicht graduell, bis die urspr\u00fcnglich vereinbarte Management Fee erreicht ist (die dann nicht weiter \u00fcberschritten werden kann). Ziel dieser Ma\u00dfnahmen ist es, im Interesse der Aktion\u00e4re den in unseren Augen im aktuellen Aktienkurs verk\u00f6rperten Abschlag auf den Net Asset Value pro Aktie zu verringern oder zu eliminieren und bei der Realisierung von Ver\u00e4u\u00dferungsgewinnen die Nettoerl\u00f6se nicht allzu sehr durch Kosten zu schm\u00e4lern. Unsere Ver\u00e4u\u00dferungserl\u00f6se k\u00f6nnen wir k\u00fcnftig auch zum Aktienr\u00fcckkauf oder f\u00fcr Aussch\u00fcttungen nutzen, soweit sie nicht zur Tilgung von Darlehen und in 2023 der Wandelanleihe zur\u00fcckzustellen sind.<\/p>\n<p>Die Aktien der German Startups Group werden seit 11. November 2015 an der Frankfurter Wertpapierb\u00f6rse gehandelt. Das gesamte Grundkapital von 11.984.400 Aktien der German Startups Group ist in den Handel im Qualit\u00e4tssegment Scale der Deutschen B\u00f6rse einbezogen. Mit der Kursentwicklung sind wir leider nicht zufrieden. Trotz positiver Nachrichten, insbesondere zum Thema gewinntr\u00e4chtiger Anteilsver\u00e4u\u00dferungen, den Gewinnen 2017 und 2018 und der Erweiterung unseres Gesch\u00e4ftsmodells, dem Erwerb eigener Aktien, Directors\u2018 Dealings usw. konnten wir keinen Kursanstieg verzeichnen. Wir bleiben dennoch bei unserer Hypothese, dass deutsche Innovationskraft auch in turbulenten Zeiten unabh\u00e4ngig von Niedrigzinsumfeld, Eurokrise, Konjunktur, Geldpolitik, Rohstoffpreisen und dem Kapitalmarktumfeld Wert schafft und im \u00dcbrigen nicht stark mit B\u00f6rsenkursen der wichtigsten Assetklassen korrelieren. Jedoch ist es f\u00fcr Anleger bisher nicht leicht, daran unmittelbar teilzuhaben. Wir schlagen mit unserer Aktie die Br\u00fccke zwischen der Startup-Szene und dem Kapitalmarkt, sodass alle Anleger die Chance haben, an dem unerm\u00fcdlichen kreativen Wirken deutscher Gr\u00fcnder, Tech-Unternehmer und Software-Ingenieure zu partizipieren. Mit unserer Online-Matchmaking-Plattform f\u00fcr Anbieter und Nachfrager von sog. Secondary Shares an deutschen Startups schaffen wir neue M\u00f6glichkeiten f\u00fcr Anleger, Tech-Investments zu t\u00e4tigen.<\/p>\n<p>Vom 2. Mai bis 7. Juni 2018 haben wir ein erstes Aktienr\u00fcckkaufprogramm durchgef\u00fchrt und im Anschluss ein \u00f6ffentliches Aktienr\u00fcckkaufangebot get\u00e4tigt. Am 22. Mai 2019 haben wir ein weiteres \u00f6ffentliches Aktienr\u00fcckkaufangebot \u00fcber bis zu 900.115 Aktien zu 1,50 EUR beschlossen, welches am 8. Juli 2019 beendet wurde. Derzeit besitzen wir 1.130.400 eigene Aktien.<\/p>\n<p>Wir danken unserem Team f\u00fcr die geleistete Mitarbeit und ihren Beitrag zum gemeinsamen Erfolg.<\/p>\n<p>Berlin, im September 2019<\/p>\n<p>Das Management<br \/>\nGerman Startups Group GmbH &amp; Co. KGaA<strong>\u00a0<\/strong><\/p>\n<p>&nbsp;<\/p>\n<p><strong>Christoph Gerlinger\u00a0\u00a0\u00a0\u00a0\u00a0\u00a0\u00a0\u00a0\u00a0\u00a0\u00a0\u00a0\u00a0\u00a0\u00a0\u00a0\u00a0\u00a0\u00a0\u00a0\u00a0\u00a0 \u00a0\u00a0\u00a0\u00a0\u00a0\u00a0\u00a0\u00a0\u00a0\u00a0\u00a0\u00a0\u00a0\u00a0\u00a0\u00a0\u00a0\u00a0\u00a0\u00a0\u00a0\u00a0\u00a0\u00a0\u00a0\u00a0\u00a0\u00a0\u00a0\u00a0\u00a0\u00a0\u00a0\u00a0\u00a0\u00a0\u00a0\u00a0\u00a0\u00a0\u00a0\u00a0\u00a0\u00a0\u00a0\u00a0 <\/strong><\/p>\n<p>CEO | Gesch\u00e4ftsf\u00fchrer<\/p>\n<p>German Startups Group<br \/>\nManagement GmbH<\/p>\n<p><a href=\"https:\/\/ir.tpgholding.com\/fileadmin\/user_upload\/documents\/GSG_Zwischenbericht_2019_web.pdf\">Hier gelangen Sie zum vollst\u00e4ndigen Zwischenbericht 2019<\/a><\/p>\n","protected":false},"excerpt":{"rendered":"<p>Christoph Gerlinger | CEO Liebe Aktion\u00e4re, Liebe Freunde der German Startups Group, wir legen Ihnen heute unseren Zwischenabschluss f\u00fcr das erste Halbjahr 2019 vor. Die German Startups Group ist eine Beteiligungsgesellschaft mit Sitz in Berlin, die sich direkt oder indirekt \u00fcber Mehrheits- oder Minderheitsbeteiligungen insbesondere an Startups beteiligt, also Venture Capital zur Verf\u00fcgung stellt. Der [&hellip;]<\/p>\n","protected":false},"author":4,"featured_media":0,"parent":0,"menu_order":0,"comment_status":"closed","ping_status":"closed","template":"page-full.php","meta":[],"_links":{"self":[{"href":"https:\/\/tpgholding.com\/index.php\/wp-json\/wp\/v2\/pages\/12806"}],"collection":[{"href":"https:\/\/tpgholding.com\/index.php\/wp-json\/wp\/v2\/pages"}],"about":[{"href":"https:\/\/tpgholding.com\/index.php\/wp-json\/wp\/v2\/types\/page"}],"author":[{"embeddable":true,"href":"https:\/\/tpgholding.com\/index.php\/wp-json\/wp\/v2\/users\/4"}],"replies":[{"embeddable":true,"href":"https:\/\/tpgholding.com\/index.php\/wp-json\/wp\/v2\/comments?post=12806"}],"version-history":[{"count":3,"href":"https:\/\/tpgholding.com\/index.php\/wp-json\/wp\/v2\/pages\/12806\/revisions"}],"predecessor-version":[{"id":12893,"href":"https:\/\/tpgholding.com\/index.php\/wp-json\/wp\/v2\/pages\/12806\/revisions\/12893"}],"wp:attachment":[{"href":"https:\/\/tpgholding.com\/index.php\/wp-json\/wp\/v2\/media?parent=12806"}],"curies":[{"name":"wp","href":"https:\/\/api.w.org\/{rel}","templated":true}]}}