{"id":12894,"date":"2019-12-13T14:30:23","date_gmt":"2019-12-13T13:30:23","guid":{"rendered":"http:\/\/www.german-startups.com\/?page_id=12894"},"modified":"2019-12-13T13:26:43","modified_gmt":"2019-12-13T12:26:43","slug":"pressemitteilung-vom-13-dezember-2019","status":"publish","type":"page","link":"https:\/\/tpgholding.com\/index.php\/pressemitteilung-vom-13-dezember-2019\/","title":{"rendered":"Pressemitteilung vom <br> 13. Dezember 2019"},"content":{"rendered":"<p style=\"text-align: center;\"><img decoding=\"async\" src=\"https:\/\/tpgholding.com\/wp-content\/uploads\/2018\/08\/GS_Group_transparent-150x150.png\" alt=\"GS_Group_transparent\" \/><\/p>\n<p>&nbsp;<\/p>\n<p style=\"text-align: center; padding: 0px; margin: 0px;\">+++ Pressemitteilung +++<\/p>\n<p style=\"text-align: center; padding: 50px; margin: 0px;\"><strong>German Startups Group: Fokusbeteiligung AuctionTech schlie\u00dft weitere bedeutende Partnerschaft f\u00fcr ihre Software-Technologie zur professionellen Online-Immobilienvermarktung<\/strong><\/p>\n<p><strong>Berlin, 13. Dezember 2019 \u2013 <\/strong>AuctionTech, ein in Berlin ans\u00e4ssiger Softwareanbieter von ma\u00dfgeschneiderten, hochskalierbaren Online-Auktionsl\u00f6sungen und eine Fokusbeteiligung der German Startups Group, schlie\u00dft eine Partnerschaft mit RE\/MAX Switzerland, gr\u00f6\u00dfter Immobilienmakler der Schweiz und L\u00e4ndergesellschaft des gr\u00f6\u00dften Maklerunternehmens weltweit, zur Einf\u00fchrung des in 2018 bereits in \u00d6sterreich erfolgreich etablierten digitalen Angebotsverfahrens von Immobilienverk\u00e4ufen in der Schweiz.<\/p>\n<p>Das als White-Label-L\u00f6sung entwickelte digitale Angebotsverfahren ist bereits seit dem 23. Oktober 2018 bei RE\/MAX Austria, dem dortigen Marktf\u00fchrer, im Einsatz und verhalf Maklern dazu, \u00fcber 600 Immobilien zu vermitteln, wobei ein 5-10% besserer Preis als im traditionellen Offline-Verkauf realisiert werden konnte. Dar\u00fcber hinaus erm\u00f6glicht das Verfahren einen schnelleren und transparenteren Verkaufserfolg. AuctionTech plant die Softwarel\u00f6sung in weitere europ\u00e4ische L\u00e4nder auszurollen.<\/p>\n<p>Die German Startups Group ist Lead Investor von AuctionTech und h\u00e4lt 23,4%.<\/p>\n<p>&nbsp;<\/p>\n<p><strong>Investor Relations Kontakt<\/strong><br \/>\n<strong>German Startups Group<\/strong><br \/>\nMarcel Doeppes<br \/>\nir@tpgholding.com<br \/>\n<a href=\"https:\/\/tpgholding.com\/\">www.tpgholding.com<\/a><\/p>\n<p>&nbsp;<\/p>\n<p><a href=\"https:\/\/tpgholding.com\/wp-content\/uploads\/2019\/12\/20191213-German-Startups-Group-Fokusbeteiligung-AuctionTech-schlie\u00dft-weitere-bedeutende-Partnerschaft-f\u00fcr-ihre-Software-Technologie-zur-professionellen-Online-Immobilienvermarktung.pdf\" rel=\"\" target=\"_blank\" rel=\"nofollow\">Hier klicken f\u00fcr die PDF-Version<\/a><\/p>\n<p>&nbsp;<\/p>\n<p><strong>German Startups Group \u2013 Wir lieben Startups!<\/strong><\/p>\n<p>Die German Startups Group ist ein b\u00f6rsennotierter, f\u00fchrender Venture Capital-Anbieter in Deutschland und zugleich Digitalagentur mit 150 Mitarbeitern mit Sitz in Berlin und mit Fokus auf junge, schnell wachsende Unternehmen, sog. Startups. Sie erwirbt Mehrheits- und Minderheitsbeteiligungen durch Bereitstellung von Venture Capital. Ihr Fokus liegt auf deutschen Tech-Wachstumsunternehmen, deren Produkte oder Gesch\u00e4ftsmodelle eine disruptive Innovation aufweisen, eine hohe Skalierbarkeit erwarten lassen und bei denen sie Vertrauen in die unternehmerischen F\u00e4higkeiten der Gr\u00fcnder hat. Seit der Aufnahme der Gesch\u00e4ftst\u00e4tigkeit im Jahr 2012 hat die German Startups Group ein diversifiziertes Portfolio von Anteilen an solchen Unternehmen aufgebaut und sich zum aktivsten privaten Venture-Capital-Investor seit 2012 in Deutschland entwickelt (CB Insights 2015, PitchBook 2016). Daneben betreibt die Gesellschaft mit der G|S Market\u2122 ihrer hundertprozentigen Tochtergesellschaft German Startups Market GmbH seit Juni 2018 eine Sekund\u00e4rmarktplattform f\u00fcr die Assetklasse &lt;German Startups | VC | Tech&gt;. Ihre mehrheitliche Beteiligung German Startups Asset Management GmbH wird k\u00fcnftig neuartige, eigene VC-Fonds auflegen und auf G|S Market auf Erwerberseite Zweckgesellschaften (\u201eSPVs\u201c) bereitstellen, um mehreren Anlegern in Form von gepoolten Investments auch den Erwerb gr\u00f6\u00dferer Investmentopportunit\u00e4ten zu erm\u00f6glichen.<\/p>\n<p>&nbsp;<\/p>\n<p>Mehr Informationen unter <a href=\"https:\/\/tpgholding.com\/\">https:\/\/tpgholding.com\/<\/a>.<\/p>\n<p>&nbsp;<\/p>\n","protected":false},"excerpt":{"rendered":"<p>&nbsp; +++ Pressemitteilung +++ German Startups Group: Fokusbeteiligung AuctionTech schlie\u00dft weitere bedeutende Partnerschaft f\u00fcr ihre Software-Technologie zur professionellen Online-Immobilienvermarktung Berlin, 13. Dezember 2019 \u2013 AuctionTech, ein in Berlin ans\u00e4ssiger Softwareanbieter von ma\u00dfgeschneiderten, hochskalierbaren Online-Auktionsl\u00f6sungen und eine Fokusbeteiligung der German Startups Group, schlie\u00dft eine Partnerschaft mit RE\/MAX Switzerland, gr\u00f6\u00dfter Immobilienmakler der Schweiz und L\u00e4ndergesellschaft des gr\u00f6\u00dften [&hellip;]<\/p>\n","protected":false},"author":4,"featured_media":0,"parent":0,"menu_order":0,"comment_status":"closed","ping_status":"closed","template":"page-full.php","meta":[],"_links":{"self":[{"href":"https:\/\/tpgholding.com\/index.php\/wp-json\/wp\/v2\/pages\/12894"}],"collection":[{"href":"https:\/\/tpgholding.com\/index.php\/wp-json\/wp\/v2\/pages"}],"about":[{"href":"https:\/\/tpgholding.com\/index.php\/wp-json\/wp\/v2\/types\/page"}],"author":[{"embeddable":true,"href":"https:\/\/tpgholding.com\/index.php\/wp-json\/wp\/v2\/users\/4"}],"replies":[{"embeddable":true,"href":"https:\/\/tpgholding.com\/index.php\/wp-json\/wp\/v2\/comments?post=12894"}],"version-history":[{"count":1,"href":"https:\/\/tpgholding.com\/index.php\/wp-json\/wp\/v2\/pages\/12894\/revisions"}],"predecessor-version":[{"id":12905,"href":"https:\/\/tpgholding.com\/index.php\/wp-json\/wp\/v2\/pages\/12894\/revisions\/12905"}],"wp:attachment":[{"href":"https:\/\/tpgholding.com\/index.php\/wp-json\/wp\/v2\/media?parent=12894"}],"curies":[{"name":"wp","href":"https:\/\/api.w.org\/{rel}","templated":true}]}}