{"id":12978,"date":"2020-03-10T13:47:31","date_gmt":"2020-03-10T12:47:31","guid":{"rendered":"http:\/\/www.german-startups.com\/?page_id=12978"},"modified":"2020-03-10T15:23:35","modified_gmt":"2020-03-10T14:23:35","slug":"pressemitteilung-vom-10-maerz-2020","status":"publish","type":"page","link":"https:\/\/tpgholding.com\/index.php\/pressemitteilung-vom-10-maerz-2020\/","title":{"rendered":"Pressemitteilung vom <br> 10. M\u00e4rz 2020"},"content":{"rendered":"<p style=\"text-align: center;\"><img decoding=\"async\" src=\"https:\/\/tpgholding.com\/wp-content\/uploads\/2018\/08\/GS_Group_transparent-150x150.png\" alt=\"GS_Group_transparent\" \/><\/p>\n<p>&nbsp;<\/p>\n<p style=\"text-align: center; padding: 0px; margin: 0px;\">+++ Pressemitteilung +++<\/p>\n<p style=\"text-align: center; padding: 50px; margin: 0px;\"><strong>Die German Startups Group nimmt einzelne Neubewertungen in ihrem Beteiligungsportfolio vor<\/strong><\/p>\n<ul>\n<li> Abwertung von Ceritech und H\u00f6herbewertung von zwei Fokusbeteiligungen<\/li>\n<li> Gewinnerwartung 2019 innerhalb der bisherigen Spanne<\/li>\n<li> Hohe Barmittel und -\u00e4quivalente<\/li>\n<\/ul>\n<p><strong>Berlin, 10. M\u00e4rz 2020 \u2013 <\/strong>Die German Startups Group, ein f\u00fchrender Venture-Capital-Investor in Deutschland mit Sitz in Berlin, wurde heute von Ceritech AG, an der sie mit 8,8% beteiligt ist, dar\u00fcber unterrichtet, dass Ceritechs wichtigster Partner sie informiert hat, dass der ausgehandelte Vertrag \u00fcber ihr gemeinsames Seltenerden-Projekt auf absehbare Zeit nicht zustande kommen wird. Die German Startups Group hat deshalb im Jahresabschluss 2019 (IFRS) aus Vorsichtsgr\u00fcnden eine au\u00dferplanm\u00e4\u00dfige Abwertung in H\u00f6he des gesamten aktivierten Buchwerts des Anteils vorgenommen.<\/p>\n<p>Bei mehreren anderen Portfoliounternehmen der German Startups Group, insbesondere zwei ihrer Fokusbeteiligungen, gibt es indessen sehr erfreuliche Entwicklungen, sodass diese zum 31.12.19 h\u00f6her zu bewerten sind (IFRS). Insgesamt bleibt die Gewinnerwartung (IFRS) f\u00fcr 2019 innerhalb der im Dezember ver\u00f6ffentlichten Spanne von 3 bis 5 Mio. EUR, voraussichtlich aber in der unteren H\u00e4lfte, oder bei 0,27 bis 0,35 EUR pro Aktie. Das entspricht einem Eigenkapital per 31.12.2019 von etwa 2,70 bis 2,80 EUR pro Aktie (IFRS). Die Bilanzpositionen Fl\u00fcssige Mittel und Sonstige kurzfristige finanzielle Verm\u00f6genswerte allein betragen bereits zum 31.12.2019 mehr als 1,00 EUR pro Aktie und d\u00fcrften sich durch geplante Anteilsver\u00e4u\u00dferungen per Saldo weiter sp\u00fcrbar erh\u00f6hen.<\/p>\n<p>Die German Startups Group h\u00e4lt aus den Anteilsver\u00e4u\u00dferungen in 2019 Barmittel und Barmittel-\u00c4quivalente in H\u00f6he von zwei Dritteln ihrer derzeitigen Marktkapitalisierung und daneben weiterhin ein umfangreiches Portfolio aussichtsreicher Beteiligungen an jungen deutschen Technologie-Wachstumsunternehmen, darunter AuctionTech, Fiagon, Mister Spex, Remerge und Simplesurance. Die Gesch\u00e4ftsf\u00fchrung stellt weiterhin Anteilsver\u00e4u\u00dferungen in den Vordergrund. Die Ver\u00e4u\u00dferung von vier Beteiligungen hat sich inzwischen konkretisiert.<\/p>\n<p>Die Gesch\u00e4ftsf\u00fchrung plant keine Re-Investments ihrer Ver\u00e4u\u00dferungserl\u00f6se in Beteiligungen an Startups im Venture Capital-Reifestadium, nachdem die letzten Jahre gezeigt haben, dass die unausweichlich eingeschr\u00e4nkte Transparenz bzgl. der Finanzzahlen ihrer Beteiligungen am Kapitalmarkt zu einem hohen Kursabschlag auf den Net Asset Value (NAV) pro Aktie f\u00fchrt. Solange die Aktie in den Augen der Gesch\u00e4ftsf\u00fchrung deutlich unter dem NAV pro Aktie notiert, will sie Ver\u00e4u\u00dferungserl\u00f6se vorbehaltlich der Zustimmung des Aufsichtsrats vielmehr f\u00fcr weitere R\u00fcckk\u00e4ufe der eigenen Aktie nutzen und den f\u00fcr die bezugsrechtsfreie Verwendung der eigenen Aktien zul\u00e4ssigen Rahmen voll aussch\u00f6pfen. Aktienr\u00fcckk\u00e4ufe sind durch den Kursr\u00fcckgang aufgrund des Corona-Virus noch deutlich attraktiver geworden.<\/p>\n<p>Die Gesch\u00e4ftsf\u00fchrung der German Startups Group blickt mit gro\u00dfer Zuversicht auf das weitere Jahr 2020.<\/p>\n<p>&nbsp;<\/p>\n<p><strong>Investor Relations Kontakt<\/strong><br \/>\n<strong>German Startups Group<\/strong><br \/>\nMarcel Doeppes<br \/>\nir@tpgholding.com<br \/>\n<a href=\"https:\/\/tpgholding.com\/\">www.tpgholding.com<\/a><\/p>\n<p>&nbsp;<\/p>\n<p><a href=\"https:\/\/tpgholding.com\/wp-content\/uploads\/2020\/03\/20200310-Die-German-Startups-Group-nimmt-einzelne-Neubewertungen-in-ihrem-Beteiligungsportfolio-vor.pdf\" rel=\"\" target=\"_blank\" rel=\"nofollow\">Hier klicken f\u00fcr die PDF-Version<\/a><\/p>\n<p>&nbsp;<\/p>\n<p><strong>German Startups Group \u2013 Wir lieben Startups!<\/strong><\/p>\n<p>Die German Startups Group ist ein b\u00f6rsennotierter, f\u00fchrender Venture Capital-Anbieter in Deutschland mit Sitz in Berlin und mit Fokus auf junge, schnell wachsende Unternehmen, sog. Startups. Sie erwirbt Mehrheits- und Minderheitsbeteiligungen durch Bereitstellung von Venture Capital. Ihr Fokus liegt auf deutschen Tech-Wachstumsunternehmen, deren Produkte oder Gesch\u00e4ftsmodelle eine disruptive Innovation aufweisen, eine hohe Skalierbarkeit erwarten lassen und bei denen sie Vertrauen in die unternehmerischen F\u00e4higkeiten der Gr\u00fcnder hat. Seit der Aufnahme der Gesch\u00e4ftst\u00e4tigkeit im Jahr 2012 hat die German Startups Group ein diversifiziertes Portfolio von Anteilen an solchen Unternehmen aufgebaut und sich zum aktivsten privaten Venture-Capital-Investor seit 2012 in Deutschland entwickelt (CB Insights 2015, PitchBook 2016). Daneben betreibt die Gesellschaft mit der G|S Market\u2122 ihrer hundertprozentigen Tochtergesellschaft German Startups Market GmbH seit Juni 2018 eine Sekund\u00e4rmarktplattform f\u00fcr die Assetklasse &lt;German Startups | VC | Tech&gt;. Ihre mehrheitliche Beteiligung German Startups Asset Management GmbH wird k\u00fcnftig neuartige, eigene VC-Fonds auflegen und auf G|S Market auf Erwerberseite Zweckgesellschaften (\u201eSPVs\u201c) bereitstellen, um mehreren Anlegern in Form von gepoolten Investments auch den Erwerb gr\u00f6\u00dferer Investmentopportunit\u00e4ten zu erm\u00f6glichen.<\/p>\n<p>&nbsp;<\/p>\n<p>Mehr Informationen unter <a href=\"https:\/\/tpgholding.com\/\">https:\/\/tpgholding.com\/<\/a>.<\/p>\n<p>&nbsp;<\/p>\n","protected":false},"excerpt":{"rendered":"<p>&nbsp; +++ Pressemitteilung +++ Die German Startups Group nimmt einzelne Neubewertungen in ihrem Beteiligungsportfolio vor Abwertung von Ceritech und H\u00f6herbewertung von zwei Fokusbeteiligungen Gewinnerwartung 2019 innerhalb der bisherigen Spanne Hohe Barmittel und -\u00e4quivalente Berlin, 10. M\u00e4rz 2020 \u2013 Die German Startups Group, ein f\u00fchrender Venture-Capital-Investor in Deutschland mit Sitz in Berlin, wurde heute von Ceritech [&hellip;]<\/p>\n","protected":false},"author":4,"featured_media":0,"parent":0,"menu_order":0,"comment_status":"closed","ping_status":"closed","template":"page-full.php","meta":[],"_links":{"self":[{"href":"https:\/\/tpgholding.com\/index.php\/wp-json\/wp\/v2\/pages\/12978"}],"collection":[{"href":"https:\/\/tpgholding.com\/index.php\/wp-json\/wp\/v2\/pages"}],"about":[{"href":"https:\/\/tpgholding.com\/index.php\/wp-json\/wp\/v2\/types\/page"}],"author":[{"embeddable":true,"href":"https:\/\/tpgholding.com\/index.php\/wp-json\/wp\/v2\/users\/4"}],"replies":[{"embeddable":true,"href":"https:\/\/tpgholding.com\/index.php\/wp-json\/wp\/v2\/comments?post=12978"}],"version-history":[{"count":2,"href":"https:\/\/tpgholding.com\/index.php\/wp-json\/wp\/v2\/pages\/12978\/revisions"}],"predecessor-version":[{"id":13019,"href":"https:\/\/tpgholding.com\/index.php\/wp-json\/wp\/v2\/pages\/12978\/revisions\/13019"}],"wp:attachment":[{"href":"https:\/\/tpgholding.com\/index.php\/wp-json\/wp\/v2\/media?parent=12978"}],"curies":[{"name":"wp","href":"https:\/\/api.w.org\/{rel}","templated":true}]}}