{"id":13068,"date":"2020-04-24T11:18:29","date_gmt":"2020-04-24T09:18:29","guid":{"rendered":"http:\/\/www.german-startups.com\/?page_id=13068"},"modified":"2020-04-24T11:19:10","modified_gmt":"2020-04-24T09:19:10","slug":"pressemitteilung-vom-24-april-2020","status":"publish","type":"page","link":"https:\/\/tpgholding.com\/index.php\/pressemitteilung-vom-24-april-2020\/","title":{"rendered":"Pressemitteilung vom <br> 24. April 2020"},"content":{"rendered":"<p style=\"text-align: center;\"><img decoding=\"async\" src=\"https:\/\/tpgholding.com\/wp-content\/uploads\/2018\/08\/GS_Group_transparent-150x150.png\" alt=\"GS_Group_transparent\" \/><\/p>\n<p>&nbsp;<\/p>\n<p style=\"text-align: center; padding: 0px; margin: 0px;\">+++ Pressemitteilung +++<\/p>\n<p style=\"text-align: center; padding: 50px; margin: 0px;\"><strong>German Startups Group: Wieder deutlicher Gewinn in 2019 und zuversichtlicher Blick auf 2020<\/strong><\/p>\n<ul>\n<li> Pro Aktie 0,30 EUR Gewinn, 2,77 EUR Eigenkapital, 1,03 EUR flu\u0308ssige Mittel\/\u00c4quivalente<\/li>\n<li> Ru\u0308ckkauf der H\u00e4lfte der ausstehenden Wandelanleihe<\/li>\n<li> Keine wesentliche Beeintr\u00e4chtigung durch die Covid19-Pandemie<\/li>\n<\/ul>\n<p><strong>Berlin, 24. April 2020 \u2013 <\/strong>Die German Startups Group, ein f\u00fchrender Venture-Capital-Investor in Deutschland mit Sitz in Berlin, ist im Umsatz um 31% gewachsen und hat in 2019 laut vorl\u00e4ufigem Konzernabschluss (IFRS) einen Gewinn von rund 3,4 Mio. EUR bzw. 0,30 EUR pro Aktie erzielt (nach Anteilen der Minderheitsgesellschafter 2,9 Mio. EUR oder 0,26 EUR pro Aktie). Der Gewinn aus dem Beteiligungsgesch\u00e4ft erh\u00f6hte sich deutlich von 3,3 auf 4,1 Mio. EUR. Das EBITDA machte einen Sprung von 2,3 auf 4,8 Mio. EUR oder 0,43 EUR pro Aktie. Die durchschnittliche Anzahl Aktien betrug in 2019 11.327 Tausend.<\/p>\n<p>Das Eigenkapital per 31.12.2019 bel\u00e4uft sich auf rund 30,1 Mio. EUR bzw. 2,77 EUR pro Aktie (IFRS-Konzern).<\/p>\n<p>Nach Ansicht der Gesch\u00e4ftsf\u00fchrung wird die German Startups Group nicht durch die Covid19-Pandemie beeintr\u00e4chtigt, weil diese nach heutiger Kenntnis keine wesentlichen positiven oder negativen Auswirkungen auf ihre f\u00fcr sie wesentlichen Beteiligungen hat und die Aktivseite der Bilanz ohnehin zu einem gro\u00dfen Teil aus liquiden Mitteln besteht. <\/p>\n<p>Die Gesellschaft verf\u00fcgte zum Bilanzstichtag \u00fcber fl\u00fcssige Mittel und sonstige kurzfristige finanzielle Verm\u00f6genswerte von rund 11,2 Mio. EUR oder 1,03 EUR pro Aktie. Durch geplante weitere Beteiligungsverk\u00e4ufe d\u00fcrften sich die liquiden Mittel in 2020 weiter erh\u00f6hen.<\/p>\n<p>Die German Startups Group hat am 9. April 2020 die H\u00e4lfte ihrer ausstehenden Wandelanleihe von 3 Mio. EUR zum Nominalwert zur\u00fcckgekauft und damit ihre ohnehin geringe Verschuldung noch einmal halbiert. Damit spart sie k\u00fcnftig rund 120 TEUR Zinsaufwand p.a.<\/p>\n<p>Daneben hat sie den Rechtsstreit mit der von Murat \u00dcnal gef\u00fchrten SoNeAn GmbH in Kronberg im Taunus in zweiter Instanz gewonnen und erh\u00e4lt von dieser \u00fcber die bereits einbehaltenen 30 TEUR hinaus nun zus\u00e4tzlich 80 TEUR der in 2014 an SoNeAn geleisteten Verg\u00fctungen inkl. Zins wegen Schlechterf\u00fcllung zur\u00fcck. Bez\u00fcglich der von Nikolas Samios\u2018 wiredworld GmbH geforderten 120 TEUR dauert der Rechtsstreit indessen noch an.<\/p>\n<p>Im Hinblick auf ihre Beteiligungen an einigen der bekanntesten und erfolgreichsten deutschen Technologie-\/Wachstumsunternehmen wie AuctionTech, Fiagon, Mister Spex, Remerge und Simplesurance blickt die German Startups Group mit Zuversicht in das Jahr 2020. Solange die Aktie in den Augen der Gesch\u00e4ftsf\u00fchrung deutlich unter dem Net Asset Value (NAV) pro Aktie notiert, will die Gesch\u00e4ftsf\u00fchrung Ver\u00e4u\u00dferungserl\u00f6se vorbehaltlich der Zustimmung des Aufsichtsrats f\u00fcr weitere R\u00fcckk\u00e4ufe der eigenen Aktie nutzen. Derzeit besitzt die Gesellschaft unver\u00e4ndert 1.130.400 eigene Aktien (9,4% der Gesamtzahl Aktien).<\/p>\n<p>Die German Startups Group plant, ihren Gesch\u00e4ftsbericht 2019 sp\u00e4testens im Juni 2020 zu ver\u00f6ffentlichen.<\/p>\n<p>&nbsp;<\/p>\n<p><strong>German Startups Group<\/strong><br \/>\nFlorian Dammann<br \/>\nir@tpgholding.com<br \/>\n<a href=\"https:\/\/tpgholding.com\/\">www.tpgholding.com<\/a><\/p>\n<p>&nbsp;<\/p>\n<p><a href=\"https:\/\/tpgholding.com\/wp-content\/uploads\/2020\/04\/20200424-German-Startups-Group-Wieder-deutlicher-Gewinn-in-2019-und-zuversichtlicher-Blick-auf-2020.pdf\" rel=\"\" target=\"_blank\" rel=\"nofollow\">Hier klicken f\u00fcr die PDF-Version<\/a><\/p>\n<p>&nbsp;<\/p>\n<p><strong>German Startups Group \u2013 Wir lieben Startups!<\/strong><\/p>\n<p>Die German Startups Group ist ein b\u00f6rsennotierter, f\u00fchrender Venture Capital-Anbieter in Deutschland mit Sitz in Berlin und mit Fokus auf junge, schnell wachsende Unternehmen, sog. Startups. Sie erwirbt Mehrheits- und Minderheitsbeteiligungen durch Bereitstellung von Venture Capital. Ihr Fokus liegt auf deutschen Tech-Wachstumsunternehmen, deren Produkte oder Gesch\u00e4ftsmodelle eine disruptive Innovation aufweisen, eine hohe Skalierbarkeit erwarten lassen und bei denen sie Vertrauen in die unternehmerischen F\u00e4higkeiten der Gr\u00fcnder hat. Seit der Aufnahme der Gesch\u00e4ftst\u00e4tigkeit im Jahr 2012 hat die German Startups Group ein diversifiziertes Portfolio von Anteilen an solchen Unternehmen aufgebaut und sich zum aktivsten privaten Venture-Capital-Investor seit 2012 in Deutschland entwickelt (CB Insights 2015, PitchBook 2016).<\/p>\n<p>&nbsp;<\/p>\n<p>Mehr Informationen unter <a href=\"https:\/\/tpgholding.com\/\">https:\/\/tpgholding.com\/<\/a>.<\/p>\n<p>&nbsp;<\/p>\n","protected":false},"excerpt":{"rendered":"<p>&nbsp; +++ Pressemitteilung +++ German Startups Group: Wieder deutlicher Gewinn in 2019 und zuversichtlicher Blick auf 2020 Pro Aktie 0,30 EUR Gewinn, 2,77 EUR Eigenkapital, 1,03 EUR flu\u0308ssige Mittel\/\u00c4quivalente Ru\u0308ckkauf der H\u00e4lfte der ausstehenden Wandelanleihe Keine wesentliche Beeintr\u00e4chtigung durch die Covid19-Pandemie Berlin, 24. April 2020 \u2013 Die German Startups Group, ein f\u00fchrender Venture-Capital-Investor in Deutschland [&hellip;]<\/p>\n","protected":false},"author":9,"featured_media":0,"parent":0,"menu_order":0,"comment_status":"closed","ping_status":"closed","template":"page-full.php","meta":[],"_links":{"self":[{"href":"https:\/\/tpgholding.com\/index.php\/wp-json\/wp\/v2\/pages\/13068"}],"collection":[{"href":"https:\/\/tpgholding.com\/index.php\/wp-json\/wp\/v2\/pages"}],"about":[{"href":"https:\/\/tpgholding.com\/index.php\/wp-json\/wp\/v2\/types\/page"}],"author":[{"embeddable":true,"href":"https:\/\/tpgholding.com\/index.php\/wp-json\/wp\/v2\/users\/9"}],"replies":[{"embeddable":true,"href":"https:\/\/tpgholding.com\/index.php\/wp-json\/wp\/v2\/comments?post=13068"}],"version-history":[{"count":2,"href":"https:\/\/tpgholding.com\/index.php\/wp-json\/wp\/v2\/pages\/13068\/revisions"}],"predecessor-version":[{"id":13115,"href":"https:\/\/tpgholding.com\/index.php\/wp-json\/wp\/v2\/pages\/13068\/revisions\/13115"}],"wp:attachment":[{"href":"https:\/\/tpgholding.com\/index.php\/wp-json\/wp\/v2\/media?parent=13068"}],"curies":[{"name":"wp","href":"https:\/\/api.w.org\/{rel}","templated":true}]}}