{"id":13116,"date":"2020-06-18T10:49:14","date_gmt":"2020-06-18T08:49:14","guid":{"rendered":"http:\/\/www.german-startups.com\/?page_id=13116"},"modified":"2020-06-18T11:04:09","modified_gmt":"2020-06-18T09:04:09","slug":"pressemitteilung-vom-18-juni-2020","status":"publish","type":"page","link":"https:\/\/tpgholding.com\/index.php\/pressemitteilung-vom-18-juni-2020\/","title":{"rendered":"Pressemitteilung vom <br> 18. Juni 2020"},"content":{"rendered":"<p style=\"text-align: center;\"><img decoding=\"async\" src=\"https:\/\/tpgholding.com\/wp-content\/uploads\/2018\/08\/GS_Group_transparent-150x150.png\" alt=\"GS_Group_transparent\" \/><\/p>\n<p>&nbsp;<\/p>\n<p style=\"text-align: center; padding: 0px; margin: 0px;\">+++ Pressemitteilung +++<\/p>\n<p style=\"text-align: center; padding: 50px; margin: 0px;\"><strong>German Startups Group ver\u00f6ffentlicht ihren Jahresabschluss 2019<\/strong><\/p>\n<p><strong>Berlin, 18. Juni 2020 \u2013 <\/strong>Die German Startups Group hat ihren Gesch\u00e4ftsbericht f\u00fcr 2019 mit einem Konzerngewinn nach Steuern von 3.425 TEUR bzw. 0,26 EUR pro Aktie (IFRS) ver\u00f6ffentlicht. Das Eigenkapital betr\u00e4gt 30.076 TEUR oder 2,77 EUR pro Aktie.<\/p>\n<p>Der Gesch\u00e4ftsbericht kann auf der Website der Gesellschaft unter dem Punkt \u201eF\u00fcr Aktion\u00e4re\u201c heruntergeladen werden.<\/p>\n<p>&nbsp;<\/p>\n<p><strong>German Startups Group<\/strong><br \/>\nFlorian Dammann<br \/>\nir@tpgholding.com<br \/>\n<a href=\"https:\/\/tpgholding.com\/\">www.tpgholding.com<\/a><\/p>\n<p>&nbsp;<\/p>\n<p><u><a href=\"https:\/\/tpgholding.com\/wp-content\/uploads\/2020\/06\/20200618-German-Startups-Group-vero\u0308ffentlicht-ihren-Gescha\u0308ftsbericht-2019.pdf\" rel=\"\" target=\"_blank\" rel=\"nofollow\">Hier klicken f\u00fcr die PDF-Version<\/a><\/u><\/p>\n<p>&nbsp;<\/p>\n<p><strong>German Startups Group \u2013 Wir lieben Startups!<\/strong><\/p>\n<p>Die German Startups Group ist ein b\u00f6rsennotierter, f\u00fchrender Venture Capital-Anbieter in Deutschland mit Sitz in Berlin und mit Fokus auf junge, schnell wachsende Unternehmen, sog. Startups. Sie erwirbt Mehrheits- und Minderheitsbeteiligungen durch Bereitstellung von Venture Capital. Ihr Fokus liegt auf deutschen Tech-Wachstumsunternehmen, deren Produkte oder Gesch\u00e4ftsmodelle eine disruptive Innovation aufweisen, eine hohe Skalierbarkeit erwarten lassen und bei denen sie Vertrauen in die unternehmerischen F\u00e4higkeiten der Gr\u00fcnder hat. Seit der Aufnahme der Gesch\u00e4ftst\u00e4tigkeit im Jahr 2012 hat die German Startups Group ein diversifiziertes Portfolio von Anteilen an solchen Unternehmen aufgebaut und sich zum aktivsten privaten Venture-Capital-Investor seit 2012 in Deutschland entwickelt (CB Insights 2015, PitchBook 2016).<\/p>\n<p>&nbsp;<\/p>\n<p>Mehr Informationen unter <a href=\"https:\/\/tpgholding.com\/\">https:\/\/tpgholding.com\/<\/a>.<\/p>\n<p>&nbsp;<\/p>\n","protected":false},"excerpt":{"rendered":"<p>&nbsp; +++ Pressemitteilung +++ German Startups Group ver\u00f6ffentlicht ihren Jahresabschluss 2019 Berlin, 18. Juni 2020 \u2013 Die German Startups Group hat ihren Gesch\u00e4ftsbericht f\u00fcr 2019 mit einem Konzerngewinn nach Steuern von 3.425 TEUR bzw. 0,26 EUR pro Aktie (IFRS) ver\u00f6ffentlicht. Das Eigenkapital betr\u00e4gt 30.076 TEUR oder 2,77 EUR pro Aktie. Der Gesch\u00e4ftsbericht kann auf der [&hellip;]<\/p>\n","protected":false},"author":9,"featured_media":0,"parent":0,"menu_order":0,"comment_status":"closed","ping_status":"closed","template":"page-full.php","meta":[],"_links":{"self":[{"href":"https:\/\/tpgholding.com\/index.php\/wp-json\/wp\/v2\/pages\/13116"}],"collection":[{"href":"https:\/\/tpgholding.com\/index.php\/wp-json\/wp\/v2\/pages"}],"about":[{"href":"https:\/\/tpgholding.com\/index.php\/wp-json\/wp\/v2\/types\/page"}],"author":[{"embeddable":true,"href":"https:\/\/tpgholding.com\/index.php\/wp-json\/wp\/v2\/users\/9"}],"replies":[{"embeddable":true,"href":"https:\/\/tpgholding.com\/index.php\/wp-json\/wp\/v2\/comments?post=13116"}],"version-history":[{"count":1,"href":"https:\/\/tpgholding.com\/index.php\/wp-json\/wp\/v2\/pages\/13116\/revisions"}],"predecessor-version":[{"id":13141,"href":"https:\/\/tpgholding.com\/index.php\/wp-json\/wp\/v2\/pages\/13116\/revisions\/13141"}],"wp:attachment":[{"href":"https:\/\/tpgholding.com\/index.php\/wp-json\/wp\/v2\/media?parent=13116"}],"curies":[{"name":"wp","href":"https:\/\/api.w.org\/{rel}","templated":true}]}}