{"id":13219,"date":"2020-07-22T08:25:40","date_gmt":"2020-07-22T06:25:40","guid":{"rendered":"http:\/\/www.german-startups.com\/?page_id=13219"},"modified":"2024-11-19T09:52:43","modified_gmt":"2024-11-19T08:52:43","slug":"ad-hoc-mitteilung-vom-22-juli-2020","status":"publish","type":"page","link":"https:\/\/tpgholding.com\/index.php\/ad-hoc-mitteilung-vom-22-juli-2020\/","title":{"rendered":"Ad-hoc Mitteilung vom <br> 22. Juli 2020"},"content":{"rendered":"<p style=\"text-align: center;\"><img decoding=\"async\" src=\"https:\/\/tpgholding.com\/wp-content\/uploads\/2014\/08\/germanstartupsgroup-logo.png\" alt=\"GS_Group_old\" \/><\/p>\n<p>&nbsp;<\/p>\n<p style=\"text-align: center; padding:0px; margin:0px\">+++ Ad-hoc Mitteilung +++<\/p>\n<p style=\"text-align: center; padding:50px; margin:0px\"><strong>German Startups Group k\u00fcndigt Aktienr\u00fcckkaufprogramm nach ihrer Hauptversammlung an<\/strong><\/p>\n<ul>\n<li> Durchf\u00fchrung nach der Hauptversammlung am 7. August 2020 bei Zustimmung zu der Fusion mit SGT Capital<\/li>\n<li> Mindestens 5% der ausstehenden Aktien<\/li>\n<li> Sofern dann von der Erm\u00e4chtigung gedeckt zum Kurs von 2,00 EUR<\/li>\n<\/ul>\n<p><strong>Berlin, 22. Juli 2020, 20:37h \u2013 <\/strong> Die gesch\u00e4ftsf\u00fchrende Komplement\u00e4rin der German Startups Group erkl\u00e4rt mit Zustimmung des Aufsichtsrats die Absicht, bei Zustimmung der Hauptversammlung zur Fusion mit SGT Capital Pte. Ltd., zeitnah ein \u00f6ffentliches Aktienr\u00fcckkaufangebot f\u00fcr mindestens 542.700 Aktien zu einem Kurs nahe des dann aktuellen B\u00f6rsenkurses auszusprechen. Sofern durch die Erm\u00e4chtigung der Hauptversammlung vom 17. Juli 2019 gedeckt, die eine Kursabweichung von bis zu 20% vom aktuellen Kurs nach oben und unten erlaubt, strebt die German Startups Group dabei einen R\u00fcckkaufkurs in H\u00f6he von 2,00 EUR an. Zuvor wird eine entsprechende St\u00fcckzahl eigene Aktien eingezogen. Die Gesellschaft h\u00e4lt derzeit bereits knapp 10% bzw. 1.130.400 eigene Aktien.<\/p>\n<p>&nbsp;<\/p>\n<p><strong>Investor Relations Kontakt<\/strong><br \/>\n<strong>German Startups Group<\/strong><br \/>\nFlorian Dammann<br \/>\nir@tpgholding.com<br \/>\n<a href=\"https:\/\/tpgholding.com\/\">www.tpgholding.com<\/a><\/p>\n<p>&nbsp;<\/p>\n<p><u><a href=\"https:\/\/tpgholding.com\/wp-content\/uploads\/2020\/09\/20200722-German-Startups-Group-ku\u0308ndigt-Aktienru\u0308ckkaufprogramm-nach-ihrer-Hauptversammlung-an.pdf\" rel=\"noopener\" target=\"_blank\" rel=\"nofollow\">Hier klicken f\u00fcr die PDF-Version<\/a><\/u><\/p>\n<p>&nbsp;<\/p>\n<p>Mehr Informationen unter <a href=\"https:\/\/tpgholding.com\/\">https:\/\/tpgholding.com\/<\/a> und <a href=\"http:\/\/sgt-capital.com\/\">http:\/\/www.sgt-capital.com\/<\/a>.<\/p>\n<p>&nbsp;<\/p>\n","protected":false},"excerpt":{"rendered":"<p>&nbsp; +++ Ad-hoc Mitteilung +++ German Startups Group k\u00fcndigt Aktienr\u00fcckkaufprogramm nach ihrer Hauptversammlung an Durchf\u00fchrung nach der Hauptversammlung am 7. August 2020 bei Zustimmung zu der Fusion mit SGT Capital Mindestens 5% der ausstehenden Aktien Sofern dann von der Erm\u00e4chtigung gedeckt zum Kurs von 2,00 EUR Berlin, 22. Juli 2020, 20:37h \u2013 Die gesch\u00e4ftsf\u00fchrende Komplement\u00e4rin [&hellip;]<\/p>\n","protected":false},"author":9,"featured_media":0,"parent":0,"menu_order":0,"comment_status":"closed","ping_status":"closed","template":"page-full.php","meta":[],"_links":{"self":[{"href":"https:\/\/tpgholding.com\/index.php\/wp-json\/wp\/v2\/pages\/13219"}],"collection":[{"href":"https:\/\/tpgholding.com\/index.php\/wp-json\/wp\/v2\/pages"}],"about":[{"href":"https:\/\/tpgholding.com\/index.php\/wp-json\/wp\/v2\/types\/page"}],"author":[{"embeddable":true,"href":"https:\/\/tpgholding.com\/index.php\/wp-json\/wp\/v2\/users\/9"}],"replies":[{"embeddable":true,"href":"https:\/\/tpgholding.com\/index.php\/wp-json\/wp\/v2\/comments?post=13219"}],"version-history":[{"count":3,"href":"https:\/\/tpgholding.com\/index.php\/wp-json\/wp\/v2\/pages\/13219\/revisions"}],"predecessor-version":[{"id":17839,"href":"https:\/\/tpgholding.com\/index.php\/wp-json\/wp\/v2\/pages\/13219\/revisions\/17839"}],"wp:attachment":[{"href":"https:\/\/tpgholding.com\/index.php\/wp-json\/wp\/v2\/media?parent=13219"}],"curies":[{"name":"wp","href":"https:\/\/api.w.org\/{rel}","templated":true}]}}