{"id":13294,"date":"2020-07-30T09:42:36","date_gmt":"2020-07-30T07:42:36","guid":{"rendered":"http:\/\/www.german-startups.com\/?page_id=13294"},"modified":"2020-09-10T12:12:36","modified_gmt":"2020-09-10T10:12:36","slug":"pressemitteilung-vom-30-juli-2020","status":"publish","type":"page","link":"https:\/\/tpgholding.com\/index.php\/pressemitteilung-vom-30-juli-2020\/","title":{"rendered":"Pressemitteilung vom <br> 30. Juli 2020"},"content":{"rendered":"<p style=\"text-align: center;\"><img decoding=\"async\" src=\"https:\/\/tpgholding.com\/wp-content\/uploads\/2018\/08\/GS_Group_transparent-150x150.png\" alt=\"GS_Group_transparent\" \/><\/p>\n<p>&nbsp;<\/p>\n<p style=\"text-align: center; padding: 0px; margin: 0px;\">+++ Pressemitteilung +++<\/p>\n<p style=\"text-align: center; padding: 50px; margin: 0px;\"><strong>German Startups Group ver\u00f6ffentlicht eine Video-Botschaft<br \/>\n<\/strong><strong>der SGT-Partner an ihre Aktion\u00e4re<\/p>\n<p><\/strong><\/p>\n<p><strong>Berlin, 30. Juli 2020 \u2013 <\/strong>Die German Startups Group stellt im Aktion\u00e4rsportal ihrer diesj\u00e4hrigen Hauptversammlung eine eigens f\u00fcr die Aktion\u00e4re der German Startups Group aufgezeichnete Video-Botschaft der SGT Partner zu den Themen Vision und Strategie des fusionierten Unternehmens, Vorstellung der SGT-Partner, Performance des Vorl\u00e4ufer-Fonds und Fundraising-Ziel f\u00fcr ihren SGT Capital Fund II bereit.<\/p>\n<p>Das Video ist erreichbar unter <a href=\"https:\/\/german-startups.hvanmeldung.de\/app\">https:\/\/german-startups.hvanmeldung.de\/app<\/a>.<\/p>\n<p>Das Wirtschaftsministerium hat den CEO der German Startups Group, Christoph Gerlinger, zu seinem Beirat im Arbeitskreis \u201eJunge Digitale Wirtschaft\u201c ernannt.<\/p>\n<p>&nbsp;<\/p>\n<p><strong>Investor Relations Kontakt<\/strong><br \/>\n<strong>German Startups Group<\/strong><br \/>\nFlorian Dammann<br \/>\nir@tpgholding.com<br \/>\n<a href=\"https:\/\/tpgholding.com\/\">www.tpgholding.com<\/a><\/p>\n<p>&nbsp;<\/p>\n<p><a href=\"https:\/\/tpgholding.com\/wp-content\/uploads\/2020\/07\/20200730_German-Startups-Group-vero\u0308ffentlicht-eine-Video-Botschaft-der-SGT-Partner-an-ihre-Aktiona\u0308re.pdf\" target=\"_blank\" rel=\"nofollow\" rel=\"\">Hier klicken f\u00fcr die PDF-Version<\/a><\/p>\n<p>&nbsp;<\/p>\n<p>&nbsp;<\/p>\n<p>Mehr Informationen unter <a href=\"https:\/\/tpgholding.com\/\">https:\/\/tpgholding.com\/<\/a> und <a href=\"http:\/\/sgt-capital.com\/\">https:\/\/www.sgt-capital.com\/<\/a>.<\/p>\n<p>&nbsp;<\/p>\n","protected":false},"excerpt":{"rendered":"<p>&nbsp; +++ Pressemitteilung +++ German Startups Group ver\u00f6ffentlicht eine Video-Botschaft der SGT-Partner an ihre Aktion\u00e4re Berlin, 30. Juli 2020 \u2013 Die German Startups Group stellt im Aktion\u00e4rsportal ihrer diesj\u00e4hrigen Hauptversammlung eine eigens f\u00fcr die Aktion\u00e4re der German Startups Group aufgezeichnete Video-Botschaft der SGT Partner zu den Themen Vision und Strategie des fusionierten Unternehmens, Vorstellung der [&hellip;]<\/p>\n","protected":false},"author":9,"featured_media":0,"parent":0,"menu_order":0,"comment_status":"closed","ping_status":"closed","template":"page-full.php","meta":[],"_links":{"self":[{"href":"https:\/\/tpgholding.com\/index.php\/wp-json\/wp\/v2\/pages\/13294"}],"collection":[{"href":"https:\/\/tpgholding.com\/index.php\/wp-json\/wp\/v2\/pages"}],"about":[{"href":"https:\/\/tpgholding.com\/index.php\/wp-json\/wp\/v2\/types\/page"}],"author":[{"embeddable":true,"href":"https:\/\/tpgholding.com\/index.php\/wp-json\/wp\/v2\/users\/9"}],"replies":[{"embeddable":true,"href":"https:\/\/tpgholding.com\/index.php\/wp-json\/wp\/v2\/comments?post=13294"}],"version-history":[{"count":1,"href":"https:\/\/tpgholding.com\/index.php\/wp-json\/wp\/v2\/pages\/13294\/revisions"}],"predecessor-version":[{"id":13505,"href":"https:\/\/tpgholding.com\/index.php\/wp-json\/wp\/v2\/pages\/13294\/revisions\/13505"}],"wp:attachment":[{"href":"https:\/\/tpgholding.com\/index.php\/wp-json\/wp\/v2\/media?parent=13294"}],"curies":[{"name":"wp","href":"https:\/\/api.w.org\/{rel}","templated":true}]}}