{"id":13420,"date":"2020-08-13T12:39:32","date_gmt":"2020-08-13T10:39:32","guid":{"rendered":"http:\/\/www.german-startups.com\/?page_id=13420"},"modified":"2020-09-10T12:09:56","modified_gmt":"2020-09-10T10:09:56","slug":"pressemitteilung-vom-13-august-2020","status":"publish","type":"page","link":"https:\/\/tpgholding.com\/index.php\/pressemitteilung-vom-13-august-2020\/","title":{"rendered":"Pressemitteilung vom <br> 13. August 2020"},"content":{"rendered":"<p style=\"text-align: center;\"><img decoding=\"async\" src=\"https:\/\/tpgholding.com\/wp-content\/uploads\/2018\/08\/GS_Group_transparent-150x150.png\" alt=\"GS_Group_transparent\" \/><\/p>\n<p>&nbsp;<\/p>\n<p style=\"text-align: center; padding: 0px; margin: 0px;\">+++ Pressemitteilung +++<\/p>\n<p style=\"text-align: center; padding: 50px; margin: 0px;\"><strong>Die German Startups Group zieht eigene Aktien im Volumen von knapp 10% ein, um den Weg f\u00fcr ein \u00f6ffentliches Aktienr\u00fcckkauf-Angebot freizumachen<\/strong><\/p>\n<ul>\n<li>\u00c4nderung des B\u00f6rsenk\u00fcrzels von GSJ auf SGF, um die bevorstehende Umfirmierung zu reflektieren<\/li>\n<\/ul>\n<p><strong>Berlin, 13. August 2020 \u2013 <\/strong> Die German Startups Group zieht ihre 1.130.400 eigenen Aktien ein, um den Weg f\u00fcr ein neuerliches \u00f6ffentliches Aktienr\u00fcckkauf-Angebot freizumachen.<\/p>\n<p>Nach Einzug betr\u00e4gt das Grundkapital 10.854.000 EUR, eingeteilt in 10.854.000 auf den Namen lautende St\u00fcckaktien mit rechnerischem Nennwert von je 1,00 EUR.<\/p>\n<p>Im Hinblick auf die auf der Hauptversammlung beschlossene Fusion mit SGT Capital Pte. Ltd. und Umfirmierung der GSG in SGT German Private Equity GmbH &amp; Co. KGaA, \u00e4ndert die Gesellschaft heute ihr B\u00f6rsenk\u00fcrzel in SGF f\u00fcr <span style=\"text-decoration: underline;\"><strong>SG<\/strong><\/span>T German Private Equity, <span style=\"text-decoration: underline;\"><strong>F<\/strong><\/span>rankfurt.<\/p>\n<p>&nbsp;<\/p>\n<p><strong>Investor Relations Kontakt<\/strong><br \/>\n<strong>German Startups Group<\/strong><br \/>\nFlorian Dammann<br \/>\nir@tpgholding.com<br \/>\n<a href=\"https:\/\/tpgholding.com\/\">www.tpgholding.com<\/a><\/p>\n<p>&nbsp;<\/p>\n<p><u><a href=\"https:\/\/tpgholding.com\/wp-content\/uploads\/2020\/08\/20200813_Die-German-Startups-Group-zieht-eigene-Aktien-im-Volumen-von-knapp-10-ein-um-den-Weg-fu\u0308r-ein-o\u0308ffentliches-Aktienru\u0308ckkauf-Angebot-freizumachen.pdf\" target=\"_blank\" rel=\"nofollow\" rel=\"\">Hier klicken f\u00fcr die PDF-Version<\/a><\/u><\/p>\n<p>&nbsp;<\/p>\n<p>Mehr Informationen unter <a href=\"https:\/\/tpgholding.com\/\">https:\/\/tpgholding.com\/<\/a> und <a href=\"http:\/\/sgt-capital.com\/\">http:\/\/www.sgt-capital.com\/<\/a>.<\/p>\n<p>&nbsp;<\/p>\n","protected":false},"excerpt":{"rendered":"<p>&nbsp; +++ Pressemitteilung +++ Die German Startups Group zieht eigene Aktien im Volumen von knapp 10% ein, um den Weg f\u00fcr ein \u00f6ffentliches Aktienr\u00fcckkauf-Angebot freizumachen \u00c4nderung des B\u00f6rsenk\u00fcrzels von GSJ auf SGF, um die bevorstehende Umfirmierung zu reflektieren Berlin, 13. August 2020 \u2013 Die German Startups Group zieht ihre 1.130.400 eigenen Aktien ein, um den [&hellip;]<\/p>\n","protected":false},"author":9,"featured_media":0,"parent":0,"menu_order":0,"comment_status":"closed","ping_status":"closed","template":"page-full.php","meta":[],"_links":{"self":[{"href":"https:\/\/tpgholding.com\/index.php\/wp-json\/wp\/v2\/pages\/13420"}],"collection":[{"href":"https:\/\/tpgholding.com\/index.php\/wp-json\/wp\/v2\/pages"}],"about":[{"href":"https:\/\/tpgholding.com\/index.php\/wp-json\/wp\/v2\/types\/page"}],"author":[{"embeddable":true,"href":"https:\/\/tpgholding.com\/index.php\/wp-json\/wp\/v2\/users\/9"}],"replies":[{"embeddable":true,"href":"https:\/\/tpgholding.com\/index.php\/wp-json\/wp\/v2\/comments?post=13420"}],"version-history":[{"count":1,"href":"https:\/\/tpgholding.com\/index.php\/wp-json\/wp\/v2\/pages\/13420\/revisions"}],"predecessor-version":[{"id":13499,"href":"https:\/\/tpgholding.com\/index.php\/wp-json\/wp\/v2\/pages\/13420\/revisions\/13499"}],"wp:attachment":[{"href":"https:\/\/tpgholding.com\/index.php\/wp-json\/wp\/v2\/media?parent=13420"}],"curies":[{"name":"wp","href":"https:\/\/api.w.org\/{rel}","templated":true}]}}