{"id":13456,"date":"2020-08-21T14:31:35","date_gmt":"2020-08-21T12:31:35","guid":{"rendered":"http:\/\/www.german-startups.com\/?page_id=13456"},"modified":"2020-09-10T12:09:31","modified_gmt":"2020-09-10T10:09:31","slug":"pressemitteilung-vom-21-august-2020","status":"publish","type":"page","link":"https:\/\/tpgholding.com\/index.php\/pressemitteilung-vom-21-august-2020\/","title":{"rendered":"Pressemitteilung vom <br> 21. August 2020"},"content":{"rendered":"<p style=\"text-align: center;\"><img decoding=\"async\" src=\"https:\/\/tpgholding.com\/wp-content\/uploads\/2018\/08\/GS_Group_transparent-150x150.png\" alt=\"GS_Group_transparent\" \/><\/p>\n<p>&nbsp;<\/p>\n<p style=\"text-align: center; padding: 0px; margin: 0px;\">+++ Pressemitteilung +++<\/p>\n<p style=\"text-align: center; padding: 50px; margin: 0px;\"><strong>German Startups Group beschlie\u00dft \u00f6ffentliches Aktienr\u00fcckkaufangebot f\u00fcr bis zu 5% ihrer Aktien<\/strong><\/p>\n<p><strong>Berlin, 21. August 2020 \u2013 <\/strong> Die gesch\u00e4ftsf\u00fchrende Komplement\u00e4rin der German Startups Group GmbH &#038; Co. KGaA (ISIN DE000A1MMEV4 \/ WKN A1M MEV) hat unter Ausnutzung der Erm\u00e4chtigung durch die Hauptversammlung vom 17. Juli 2019 heute beschlossen, bis zu 542.700 Aktien der Gesellschaft (bis zu 5 % des Grundkapitals der Gesellschaft) im Rahmen eines \u00f6ffentlichen Aktienr\u00fcckkaufangebots gegen Zahlung eines Angebotspreises in H\u00f6he von 2,00 EUR zur\u00fcck zu erwerben. Die Gesellschaft beh\u00e4lt sich vor, den Kurs nach oben anzupassen, sofern es vor oder w\u00e4hrend des Laufs der Annahmefrist zu einem signifikanten Kursanstieg kommen sollte, oder die Laufzeit des Angebots zu verl\u00e4ngern.<\/p>\n<p>Die Annahmefrist beginnt am 31. August 2020, 00:00 Uhr (MESZ) und endet voraussichtlich am 13. Oktober 2020, 12:00 Uhr (MESZ). Sofern im Rahmen des Angebots mehr als 542.700 Aktien zum R\u00fcckkauf eingereicht werden sollten, werden die Annahmeerkl\u00e4rungen im Verh\u00e4ltnis der 542.700 Aktien zur Anzahl der insgesamt zum R\u00fcckkauf von den Aktion\u00e4ren eingereichten Aktien ber\u00fccksichtigt. Zudem beh\u00e4lt sich die Gesellschaft f\u00fcr diesen Fall eine Erh\u00f6hung der zu erwerbenden Aktienst\u00fcckzahl vor. Die weiteren Einzelheiten des \u00f6ffentlichen Aktienr\u00fcckkaufangebots sind der Angebotsunterlage zu entnehmen, die vor Beginn der Annahmefrist auf der Internetseite der Gesellschaft (www.tpgholding.com) im Bereich \u201eF\u00fcr Aktion\u00e4re\u201c sowie im Bundesanzeiger unter www.bundesanzeiger.de ver\u00f6ffentlicht werden wird.<\/p>\n<p>&nbsp;<\/p>\n<p><strong>Investor Relations Kontakt<\/strong><br \/>\n<strong>German Startups Group<\/strong><br \/>\nFlorian Dammann<br \/>\nir@tpgholding.com<br \/>\n<a href=\"https:\/\/tpgholding.com\/\">www.tpgholding.com<\/a><\/p>\n<p>&nbsp;<\/p>\n<p><u><a href=\"https:\/\/tpgholding.com\/wp-content\/uploads\/2020\/08\/20200821_German-Startups-Group-beschlie\u00dft-o\u0308ffentliches-Aktienru\u0308ckkaufangebot-fu\u0308r-bis-zu-5-ihrer-Aktien.pdf\" target=\"_blank\" rel=\"nofollow\" rel=\"\">Hier klicken f\u00fcr die PDF-Version<\/a><\/u><\/p>\n<p>&nbsp;<\/p>\n<p>Mehr Informationen unter <a href=\"https:\/\/tpgholding.com\/\">https:\/\/tpgholding.com\/<\/a> und <a href=\"http:\/\/sgt-capital.com\/\">http:\/\/www.sgt-capital.com\/<\/a>.<\/p>\n<p>&nbsp;<\/p>\n","protected":false},"excerpt":{"rendered":"<p>&nbsp; +++ Pressemitteilung +++ German Startups Group beschlie\u00dft \u00f6ffentliches Aktienr\u00fcckkaufangebot f\u00fcr bis zu 5% ihrer Aktien Berlin, 21. August 2020 \u2013 Die gesch\u00e4ftsf\u00fchrende Komplement\u00e4rin der German Startups Group GmbH &#038; Co. KGaA (ISIN DE000A1MMEV4 \/ WKN A1M MEV) hat unter Ausnutzung der Erm\u00e4chtigung durch die Hauptversammlung vom 17. Juli 2019 heute beschlossen, bis zu 542.700 [&hellip;]<\/p>\n","protected":false},"author":9,"featured_media":0,"parent":0,"menu_order":0,"comment_status":"closed","ping_status":"closed","template":"page-full.php","meta":[],"_links":{"self":[{"href":"https:\/\/tpgholding.com\/index.php\/wp-json\/wp\/v2\/pages\/13456"}],"collection":[{"href":"https:\/\/tpgholding.com\/index.php\/wp-json\/wp\/v2\/pages"}],"about":[{"href":"https:\/\/tpgholding.com\/index.php\/wp-json\/wp\/v2\/types\/page"}],"author":[{"embeddable":true,"href":"https:\/\/tpgholding.com\/index.php\/wp-json\/wp\/v2\/users\/9"}],"replies":[{"embeddable":true,"href":"https:\/\/tpgholding.com\/index.php\/wp-json\/wp\/v2\/comments?post=13456"}],"version-history":[{"count":1,"href":"https:\/\/tpgholding.com\/index.php\/wp-json\/wp\/v2\/pages\/13456\/revisions"}],"predecessor-version":[{"id":13497,"href":"https:\/\/tpgholding.com\/index.php\/wp-json\/wp\/v2\/pages\/13456\/revisions\/13497"}],"wp:attachment":[{"href":"https:\/\/tpgholding.com\/index.php\/wp-json\/wp\/v2\/media?parent=13456"}],"curies":[{"name":"wp","href":"https:\/\/api.w.org\/{rel}","templated":true}]}}