{"id":13948,"date":"2020-10-15T20:58:09","date_gmt":"2020-10-15T18:58:09","guid":{"rendered":"https:\/\/sgt.phobos.services\/?page_id=13948"},"modified":"2020-10-15T21:09:12","modified_gmt":"2020-10-15T19:09:12","slug":"pressemitteilung-vom-6-oktober-2020","status":"publish","type":"page","link":"https:\/\/tpgholding.com\/index.php\/pressemitteilung-vom-6-oktober-2020\/","title":{"rendered":"Pressemitteilung vom <br> 6. Oktober 2020"},"content":{"rendered":"<p style=\"text-align: center;\"><img decoding=\"async\" src=\"https:\/\/tpgholding.com\/wp-content\/uploads\/2018\/08\/GS_Group_transparent-150x150.png\" alt=\"GS_Group_transparent\" \/><\/p>\n<p>&nbsp;<\/p>\n<p style=\"text-align: center; padding: 0px; margin: 0px;\">+++ Pressemitteilung +++<\/p>\n<p style=\"text-align: center; padding: 50px; margin: 0px;\"><strong>German Startups Group ver\u00f6ffentlicht Zwischenbericht und rechnet bei ihrer k\u00fcnftigen Tochtergesellschaft SGT Capital bereits in den n\u00e4chsten Wochen mit weiteren Fortschritten<br \/>\n<\/strong><\/p>\n<ul>\n<li> Ausgeglichenes Ergebnis im ersten Halbjahr 2020 <\/li>\n<li> Erste Private Equity-Transaktion und Einwerbung weiterer Kapitalzusagen seitens ihrer k\u00fcnftigen Tochtergesellschaft zeitnah erwartet<\/li>\n<li> Umfirmierung der German Startups Group in SGT German Private Equity und Sitzverlegung nach Frankfurt am Main stehen unmittelbar bevor <\/li>\n<li> Aktienr\u00fcckkaufangebot zum Aktienkurs von 2,00 Euro l\u00e4uft bis mindestens 13.10.2020<\/li>\n<\/ul>\n<p><strong>Berlin, 6. Oktober 2020 \u2013 <\/strong> Die German Startups Group, bislang ein f\u00fchrender Venture Capital-Investor in Deutschland und k\u00fcnftig Private Equity Asset Manager, hat ihren Zwischenbericht f\u00fcr das erste Halbjahr 2020 ver\u00f6ffentlicht. Das Nettoergebnis bel\u00e4uft sich auf -167 TEUR oder -0,02 EUR pro Aktie (1H2019: +0,02 EUR). Das Eigenkapital betr\u00e4gt 29,8 Mio. EUR oder 2,75 EUR pro Aktie (31.12.2019: 2,77 EUR). Der Zwischenbericht kann auf der Website der Gesellschaft unter dem Punkt \u201eF\u00fcr Aktion\u00e4re\u201c heruntergeladen werden. <\/p>\n<p>Die German Startups Group rechnet bereits in den n\u00e4chsten Wochen bei ihrer k\u00fcnftigen 100%igen Tochtergesellschaft SGT Capital Pte. Ltd., einem globalen Alternative Investment- und Private Equity-Asset Manager mit Hauptsitz in Singapur, mit der ersten Private Equity-Transaktion f\u00fcr die hinter ihr stehenden Private Equity-Fondsinvestoren. Dabei handelt es sich um den Erwerb s\u00e4mtlicher Anteile an einem Europ\u00e4ischen mittelst\u00e4ndischen Unternehmen, das in seiner Produktkategorie eine weltweit f\u00fchrende Marktstellung innehat. Im Zuge der Transaktion in dreistelligem Millionenvolumen rechnet SGT Capital auch mit der Einwerbung weiterer Kapitalzusagen. Als sog. Asset Manager ist es das Gesch\u00e4ftsmodell der SGT Capital, mit solchen l\u00e4ngerfristigen Private Equity-Investitionen sog. Management Fees zu erl\u00f6sen, branchen\u00fcblich rund 2% p.a. des \u00fcber sie investierten Eigenkapitals.<\/p>\n<p>Die Umfirmierung der German Startups Group in SGT German Private Equity GmbH &#038; Co. KGaA und die Sitzverlegung nach Frankfurt am Main stehen unmittelbar bevor. Im n\u00e4chsten Schritt werden dann zur Durchf\u00fchrung der Fusion mit der SGT Capital Pte. Ltd. die auf der Hauptversammlung am 7.08.2020 beschlossene Sachkapitalerh\u00f6hung und die damit zusammenh\u00e4ngenden weiteren Satzungs\u00e4nderungen zum Handelsregister angemeldet. Durch die Fusion entsteht ein in Deutschland beheimateter, b\u00f6rsennotierter Private Equity-Asset Manager. Das fusionierte Unternehmen rechnet mit nachhaltigen, planbaren Nettogewinnen aus markt\u00fcblichen Asset Management-Verg\u00fctungen.<\/p>\n<p>Zumindest bis zum 13. Oktober 2020, 12:00 Uhr (MESZ) l\u00e4uft das \u00f6ffentliche Aktienr\u00fcckkaufangebot der German Startups Group f\u00fcr mindestens 5% der ausstehenden Aktien, zu einem Kurs von 2,00 EUR. Ihre \u00fcberwiegend in 2019 erworbenen 1.130.400 eigenen Aktien sind bereits eingezogen und aus dem Handelsregister ausgetragen worden. Sofern im Rahmen des Angebots mehr als 542.700 Aktien zum R\u00fcckkauf eingereicht werden sollten, werden die Annahmeerkl\u00e4rungen im Verh\u00e4ltnis der 542.700 Aktien zur Anzahl der insgesamt zum R\u00fcckkauf eingereichten Aktien ber\u00fccksichtigt. Zudem beh\u00e4lt sich die Gesellschaft f\u00fcr diesen Fall eine Erh\u00f6hung der zu erwerbenden Aktienst\u00fcckzahl vor. <\/p>\n<p>&nbsp;<\/p>\n<p><strong>Investor Relations Kontakt<\/strong><br \/>\n<strong>German Startups Group<\/strong><br \/>\nFlorian Dammann<br \/>\nir@tpgholding.com<br \/>\n<a href=\"https:\/\/tpgholding.com\/\">www.tpgholding.com<\/a><\/p>\n<p>&nbsp;<\/p>\n<p><u><a href=\"https:\/\/tpgholding.com\/wp-content\/uploads\/2020\/10\/20201006-German-Startups-Group-vero\u0308ffentlicht-Zwischenbericht-und-rechnet-bei-ihrer-ku\u0308nftigen-Tochtergesellschaft-SGT-Capital-bereits-in-den-na\u0308chsten-Wochen-mit-weiteren-Fortschritten-1.pdf\" target=\"_blank\" rel=\"nofollow\" rel=\"\">Hier klicken f\u00fcr die PDF-Version<\/a><\/u><\/p>\n<p>&nbsp;<\/p>\n<p>Mehr Informationen unter <a href=\"https:\/\/tpgholding.com\/\">https:\/\/tpgholding.com\/<\/a> und <a href=\"http:\/\/sgt-capital.com\/\">http:\/\/www.sgt-capital.com\/<\/a>.<\/p>\n<p>&nbsp;<\/p>\n","protected":false},"excerpt":{"rendered":"<p>&nbsp; +++ Pressemitteilung +++ German Startups Group ver\u00f6ffentlicht Zwischenbericht und rechnet bei ihrer k\u00fcnftigen Tochtergesellschaft SGT Capital bereits in den n\u00e4chsten Wochen mit weiteren Fortschritten Ausgeglichenes Ergebnis im ersten Halbjahr 2020 Erste Private Equity-Transaktion und Einwerbung weiterer Kapitalzusagen seitens ihrer k\u00fcnftigen Tochtergesellschaft zeitnah erwartet Umfirmierung der German Startups Group in SGT German Private Equity und [&hellip;]<\/p>\n","protected":false},"author":9,"featured_media":0,"parent":0,"menu_order":0,"comment_status":"closed","ping_status":"closed","template":"page-full.php","meta":[],"_links":{"self":[{"href":"https:\/\/tpgholding.com\/index.php\/wp-json\/wp\/v2\/pages\/13948"}],"collection":[{"href":"https:\/\/tpgholding.com\/index.php\/wp-json\/wp\/v2\/pages"}],"about":[{"href":"https:\/\/tpgholding.com\/index.php\/wp-json\/wp\/v2\/types\/page"}],"author":[{"embeddable":true,"href":"https:\/\/tpgholding.com\/index.php\/wp-json\/wp\/v2\/users\/9"}],"replies":[{"embeddable":true,"href":"https:\/\/tpgholding.com\/index.php\/wp-json\/wp\/v2\/comments?post=13948"}],"version-history":[{"count":2,"href":"https:\/\/tpgholding.com\/index.php\/wp-json\/wp\/v2\/pages\/13948\/revisions"}],"predecessor-version":[{"id":13974,"href":"https:\/\/tpgholding.com\/index.php\/wp-json\/wp\/v2\/pages\/13948\/revisions\/13974"}],"wp:attachment":[{"href":"https:\/\/tpgholding.com\/index.php\/wp-json\/wp\/v2\/media?parent=13948"}],"curies":[{"name":"wp","href":"https:\/\/api.w.org\/{rel}","templated":true}]}}