{"id":14028,"date":"2020-10-16T14:37:46","date_gmt":"2020-10-16T12:37:46","guid":{"rendered":"https:\/\/sgt.phobos.services\/?page_id=14028"},"modified":"2020-10-16T14:51:20","modified_gmt":"2020-10-16T12:51:20","slug":"pressemitteilung-vom-16-oktober-2020","status":"publish","type":"page","link":"https:\/\/tpgholding.com\/index.php\/pressemitteilung-vom-16-oktober-2020\/","title":{"rendered":"Pressemitteilung vom <br> 16. Oktober 2020"},"content":{"rendered":"<p style=\"text-align: center;\"><img decoding=\"async\" src=\"https:\/\/tpgholding.com\/wp-content\/uploads\/2020\/10\/SGT-German-Private-Equity-Logo-2-e1602851449876.png\" alt=\"GS_Group_transparent\" \/><\/p>\n<p>&nbsp;<\/p>\n<p style=\"text-align: center; padding: 0px; margin: 0px;\">+++ Pressemitteilung +++<\/p>\n<p style=\"text-align: center; padding: 50px; margin: 0px;\"><strong>SGT German Private Equity schlie\u00dft Aktienr\u00fcckkauf<br \/>\nvon 542.700 eigenen Aktien ab<\/strong><\/p>\n<p><strong>Frankfurt am Main, 16. Oktober 2020 \u2013 <\/strong> Die SGT German Private Equity, ein b\u00f6rsennotierter Private Equity Asset Manager, hat ihren Aktienr\u00fcckkauf abgeschlossen. Im Rahmen des am 27. August 2020 auf der Internetseite der Gesellschaft und im Bundesanzeiger ver\u00f6ffentlichten \u00f6ffentlichen Aktienr\u00fcckkaufangebots sind der SGT German Private Equity GmbH &#038; Co. KGaA bis zum Ablauf der Annahmefrist am 13. Oktober 2020 (12:00 MEZ) insgesamt 4,6 Mio. Aktien angedient worden. Die Gesch\u00e4ftsf\u00fchrung geht davon aus, dass die Aktion\u00e4re mehr Aktien angedient haben als sie tats\u00e4chlich verkaufen wollen, weil sie mit einer anteiligen Zuteilung gerechnet haben, und dass manche Aktion\u00e4re mit ihrer Andienung Arbitragegesch\u00e4fte betreiben wollen, also die \u00fcber das Aktienr\u00fcckkaufangebot ver\u00e4u\u00dferten Aktien \u00fcber die B\u00f6rse g\u00fcnstiger zur\u00fcckkaufen wollen.<\/p>\n<p>Das Aktienr\u00fcckkaufangebot bezog sich auf den Erwerb von bis zu 542.700 auf den Namen lautenden nennwertlosen St\u00fcckaktien der SGT German Private Equity GmbH &#038; Co. KGaA gegen Zahlung von EUR 2,00 je Aktie. Die Gesamtzahl der Aktien, die im Rahmen des Angebots angedient wurden, hat 542.700 St\u00fcck \u00fcberschritten, sodass alle Annahmeerkl\u00e4rungen f\u00fcr bis zu 100 Aktien voll sowie alle dar\u00fcber nach Ma\u00dfgabe von Ziffer 3.5 der Angebotsunterlage des Aktienr\u00fcckkaufangebots pro rata ber\u00fccksichtigt, also pro 100 angediente Aktien durchschnittlich 12 Aktien von der Gesellschaft zum Kurs von EUR 2,00 erworben wurden.<\/p>\n<p>Die Aktien der Aktion\u00e4re, die unter der Annahmeerkl\u00e4rung ber\u00fccksichtigt werden k\u00f6nnen, werden vorausschauend beginnend am 21. Oktober 2020 gegen Gutschrift des Angebotspreises aus den Kundendepots ausgebucht. Die nicht ber\u00fccksichtigten Aktien verbleiben in den Kundendepots und werden auf die f\u00fcr die \u00fcbrigen SGT-Aktien geltende urspr\u00fcngliche, im Scale Segment des Freiverkehrs der Frankfurter Wertpapierb\u00f6rse gehandelte Wertpapierkennnummer WKN A1MMEV bzw. ISIN DE000A1MMEV4 zur\u00fcckgebucht.<\/p>\n<p>SGT German Private Equity ist nach abgeschlossenem R\u00fcckkauf im Besitz von 542.700 St\u00fcck eigener Aktien, was 5% des derzeitigen Grundkapitals der Gesellschaft entspricht.<\/p>\n<p>Die Gesch\u00e4ftsf\u00fchrung beabsichtigt, in Zukunft regelm\u00e4\u00dfig Aktienr\u00fcckkaufangebote auszusprechen und diese aus den erwarteten nachhaltigen, planbaren Gewinnen und Kapitalzufl\u00fcssen aus der Asset Management-T\u00e4tigkeit ihrer 100%igen Tochter SGT Capital Pte. Ltd. zu speisen.<\/p>\n<p>&nbsp;<\/p>\n<p><strong>Investor Relations Kontakt<\/strong><br \/>\n<strong>German Startups Group<\/strong><br \/>\nFlorian Dammann<br \/>\nir@tpgholding.com<br \/>\n<a href=\"https:\/\/tpgholding.com\/\">www.tpgholding.com<\/a><\/p>\n<p>&nbsp;<\/p>\n<p><u><a href=\"https:\/\/tpgholding.com\/wp-content\/uploads\/2020\/10\/20201016-SGT-German-Private-Equity-schlie\u00dft-Aktienru\u0308ckkauf-von-542.700-eigenen-Aktien-ab.pdf\" target=\"_blank\" rel=\"nofollow\" rel=\"\">Hier klicken f\u00fcr die PDF-Version<\/a><\/u><\/p>\n<p>&nbsp;<\/p>\n<p>Mehr Informationen unter <a href=\"https:\/\/tpgholding.com\/\">https:\/\/tpgholding.com\/<\/a> und <a href=\"http:\/\/sgt-capital.com\/\">http:\/\/www.sgt-capital.com\/<\/a>.<\/p>\n<p>&nbsp;<\/p>\n","protected":false},"excerpt":{"rendered":"<p>&nbsp; +++ Pressemitteilung +++ SGT German Private Equity schlie\u00dft Aktienr\u00fcckkauf von 542.700 eigenen Aktien ab Frankfurt am Main, 16. Oktober 2020 \u2013 Die SGT German Private Equity, ein b\u00f6rsennotierter Private Equity Asset Manager, hat ihren Aktienr\u00fcckkauf abgeschlossen. Im Rahmen des am 27. August 2020 auf der Internetseite der Gesellschaft und im Bundesanzeiger ver\u00f6ffentlichten \u00f6ffentlichen Aktienr\u00fcckkaufangebots [&hellip;]<\/p>\n","protected":false},"author":9,"featured_media":0,"parent":0,"menu_order":0,"comment_status":"closed","ping_status":"closed","template":"page-full.php","meta":[],"_links":{"self":[{"href":"https:\/\/tpgholding.com\/index.php\/wp-json\/wp\/v2\/pages\/14028"}],"collection":[{"href":"https:\/\/tpgholding.com\/index.php\/wp-json\/wp\/v2\/pages"}],"about":[{"href":"https:\/\/tpgholding.com\/index.php\/wp-json\/wp\/v2\/types\/page"}],"author":[{"embeddable":true,"href":"https:\/\/tpgholding.com\/index.php\/wp-json\/wp\/v2\/users\/9"}],"replies":[{"embeddable":true,"href":"https:\/\/tpgholding.com\/index.php\/wp-json\/wp\/v2\/comments?post=14028"}],"version-history":[{"count":1,"href":"https:\/\/tpgholding.com\/index.php\/wp-json\/wp\/v2\/pages\/14028\/revisions"}],"predecessor-version":[{"id":14056,"href":"https:\/\/tpgholding.com\/index.php\/wp-json\/wp\/v2\/pages\/14028\/revisions\/14056"}],"wp:attachment":[{"href":"https:\/\/tpgholding.com\/index.php\/wp-json\/wp\/v2\/media?parent=14028"}],"curies":[{"name":"wp","href":"https:\/\/api.w.org\/{rel}","templated":true}]}}