{"id":14767,"date":"2021-01-26T16:14:14","date_gmt":"2021-01-26T15:14:14","guid":{"rendered":"https:\/\/sgt.phobos.services\/?page_id=14767"},"modified":"2021-01-26T16:15:58","modified_gmt":"2021-01-26T15:15:58","slug":"pressemitteilung-vom-26-januar-2021","status":"publish","type":"page","link":"https:\/\/tpgholding.com\/index.php\/pressemitteilung-vom-26-januar-2021\/","title":{"rendered":"Pressemitteilung vom <br> 26. Januar 2021"},"content":{"rendered":"<p style=\"text-align: center;\"><img decoding=\"async\" src=\"https:\/\/tpgholding.com\/wp-content\/uploads\/2020\/10\/SGT-German-Private-Equity-Logo-2-e1602851449876.png\" alt=\"GS_Group_transparent\" \/><\/p>\n<p style=\"text-align: center; padding: 0px; margin: 0px;\">+++ Pressemitteilung +++<\/p>\n<p style=\"text-align: center; padding: 50px; margin: 0px;\"><strong>Abschluss der Fusion der ehemaligen German Startups Group<br \/>\nmit SGT Capital zur SGT German Private Equity GmbH &#038; Co. KGaA<\/strong><\/p>\n<ul>\n<li> Versechsfachung der Marktkapitalisierung auf knapp 100 Mio. EUR <\/li>\n<li> Entstehung eines in Deutschland beheimateten, internationalen, b\u00f6rsennotierten Private Equity-Asset Managers<\/li>\n<li> Ziel der Schaffung nachhaltiger, planbarer Profitabilit\u00e4t und neuer Wachstumsperspektiven<\/li>\n<li> Fortschritte beim Fundraising ihres neuen Private Equity Fonds<\/li>\n<\/ul>\n<p><strong>Frankfurt am Main, 26. Januar 2021 \u2013\u00a0<\/strong>Die SGT German Private Equity hat heute ihre Fusion mit der SGT Capital Pte. Ltd. durch Handelsregistereintragung ihrer Sachkapitalerh\u00f6hung abgeschlossen. Das erfahrene Team von Private Equity-Experten der SGT Capital verf\u00fcgt \u00fcber eine ausgezeichnete Erfolgsbilanz mit Private Equity-Investments, nachdem es im Zeitraum von 2015 bis Anfang 2020 in Unternehmen in Europa, Israel und USA investiert hat.<\/p>\n<p>Durch die Fusion entsteht ein in Deutschland beheimateter, internationaler, b\u00f6rsennotierter Private Equity-Asset Manager. Das fusionierte Unternehmen rechnet ab 2022 mit nachhaltigen, planbaren Nettogewinnen aus markt\u00fcblichen Asset Management-Verg\u00fctungen in der Spanne von rund 0,20 bis 0,80 EUR p.a. pro Aktie, je nach erreichtem Fondsvolumen. Daneben hat das fusionierte Unternehmen das Potential, Ertr\u00e4ge aus den gut 25 Mio. EUR \u00fcbrigen Aktiva der SGT German Private Equity zu generieren, insbesondere den Beteiligungen an deutschen Tech-Wachstumsunternehmen der 100%igen Tochtergesellschaft German Startups Group VC GmbH. <\/p>\n<p>Die Marktkapitalisierung der SGT German Private Equity hat sich mit Abschluss der Transaktion auf knapp 100 Mio. EUR versechsfacht. Die Gesch\u00e4ftsf\u00fchrung erwartet, dass sich die Handelsliquidit\u00e4t der SGF-Aktie gegen\u00fcber der Vergangenheit deutlich erh\u00f6hen wird.<\/p>\n<p>Die gesch\u00e4ftsf\u00fchrende Komplement\u00e4rin hat bereits im November 2020 in SGT German Private Equity Management GmbH umfirmiert. An dieser erwirbt die SGT Capital LLC mit heutiger Wirkung einen Anteil in H\u00f6he von 75%. Carsten Geyer, Managing Partner der SGT Capital-Gruppe, tritt neben dem bisherigen Gesch\u00e4ftsf\u00fchrer Christoph Gerlinger in die Gesch\u00e4ftsf\u00fchrung der gesch\u00e4ftsf\u00fchrenden Komplement\u00e4rin der SGT German Private Equity ein. <\/p>\n<p>Die hundertprozentige Tochtergesellschaft SGT Capital Pte. Ltd., ein globaler Alternative Investment- und Private Equity-Asset Manager mit Hauptsitz in Singapur, rechnet im Falle einer baldigen Beendigung der Lockdown-Sondersituation in Europa noch im Fr\u00fchjahr 2021 mit der Nachholung der verschobenen ersten Private Equity-Transaktion f\u00fcr die hinter ihr stehenden Private Equity-Fondsinvestoren.<\/p>\n<p>Hinsichtlich ihrer Fundraising-Aktivit\u00e4ten kommt die SGT Capital gut voran und hat trotz pandemiebedingter Verz\u00f6gerungen weitere Investorenzusagen f\u00fcr ihren neuen Private Equity Fonds gewinnen k\u00f6nnen. Sie erwartet ein sog. \u201eFirst Close\u201c des Fonds im zweiten Quartal 2021. F\u00fcr das First Close wird unver\u00e4ndert angestrebt, \u00fcber Kapital in H\u00f6he von mindestens 1 Mrd. USD zu verf\u00fcgen.  F\u00fcr zwei Drittel davon liegen nun bereits Zusagen vor, daneben Absichtsbekundungen f\u00fcr weitere 200+ Mio. USD.<\/p>\n<p><strong>Investor Relations Kontakt<\/strong><br \/>\n<strong>SGT German Private Equity<\/strong><br \/>\nFlorian Dammann<br \/>\nir@tpgholding.com<br \/>\n<a href=\"https:\/\/tpgholding.com\/\">www.tpgholding.com<\/a><\/p>\n<p><u><a href=\"https:\/\/tpgholding.com\/wp-content\/uploads\/2021\/01\/20210126_Abschluss-der-Fusion-der-ehemaligen-German-Startups-Group-mit-SGT-Capital-zur-SGT-German-Private-Equity-GmbH-Co.-KGaA.pdf\" target=\"_blank\" rel=\"nofollow\" rel=\"\">Hier klicken f\u00fcr die PDF-Version<\/a><\/u><\/p>\n<p>Mehr Informationen unter\u00a0<a href=\"https:\/\/tpgholding.com\/\">https:\/\/tpgholding.com\/<\/a>\u00a0und\u00a0<a href=\"http:\/\/sgt-capital.com\/\">http:\/\/www.sgt-capital.com\/<\/a>.<\/p>\n","protected":false},"excerpt":{"rendered":"<p>+++ Pressemitteilung +++ Abschluss der Fusion der ehemaligen German Startups Group mit SGT Capital zur SGT German Private Equity GmbH &#038; Co. KGaA Versechsfachung der Marktkapitalisierung auf knapp 100 Mio. EUR Entstehung eines in Deutschland beheimateten, internationalen, b\u00f6rsennotierten Private Equity-Asset Managers Ziel der Schaffung nachhaltiger, planbarer Profitabilit\u00e4t und neuer Wachstumsperspektiven Fortschritte beim Fundraising ihres neuen [&hellip;]<\/p>\n","protected":false},"author":4,"featured_media":0,"parent":0,"menu_order":0,"comment_status":"closed","ping_status":"closed","template":"page-full.php","meta":[],"_links":{"self":[{"href":"https:\/\/tpgholding.com\/index.php\/wp-json\/wp\/v2\/pages\/14767"}],"collection":[{"href":"https:\/\/tpgholding.com\/index.php\/wp-json\/wp\/v2\/pages"}],"about":[{"href":"https:\/\/tpgholding.com\/index.php\/wp-json\/wp\/v2\/types\/page"}],"author":[{"embeddable":true,"href":"https:\/\/tpgholding.com\/index.php\/wp-json\/wp\/v2\/users\/4"}],"replies":[{"embeddable":true,"href":"https:\/\/tpgholding.com\/index.php\/wp-json\/wp\/v2\/comments?post=14767"}],"version-history":[{"count":1,"href":"https:\/\/tpgholding.com\/index.php\/wp-json\/wp\/v2\/pages\/14767\/revisions"}],"predecessor-version":[{"id":14772,"href":"https:\/\/tpgholding.com\/index.php\/wp-json\/wp\/v2\/pages\/14767\/revisions\/14772"}],"wp:attachment":[{"href":"https:\/\/tpgholding.com\/index.php\/wp-json\/wp\/v2\/media?parent=14767"}],"curies":[{"name":"wp","href":"https:\/\/api.w.org\/{rel}","templated":true}]}}