{"id":15052,"date":"2021-04-09T12:26:06","date_gmt":"2021-04-09T10:26:06","guid":{"rendered":"https:\/\/sgt.phobos.services\/?page_id=15052"},"modified":"2021-04-09T12:30:34","modified_gmt":"2021-04-09T10:30:34","slug":"pressemitteilung-vom-9-april-2021","status":"publish","type":"page","link":"https:\/\/tpgholding.com\/index.php\/pressemitteilung-vom-9-april-2021\/","title":{"rendered":"Pressemitteilung vom <br> 9. April 2021"},"content":{"rendered":"<p style=\"text-align: center;\"><img decoding=\"async\" src=\"https:\/\/tpgholding.com\/wp-content\/uploads\/2020\/10\/SGT-German-Private-Equity-Logo-2-e1602851449876.png\" alt=\"GS_Group_transparent\" \/><\/p>\n<p style=\"text-align: center; padding: 0px; margin: 0px;\">+++ Pressemitteilung +++<\/p>\n<p style=\"text-align: center; padding: 50px; margin: 0px;\"><strong>SGT German Private Equity &#8211; Tochter German Startups Group VC ver\u00e4u\u00dfert zwei ihrer Portfolio-Unternehmen<\/strong><\/p>\n<ul>\n<li> Signifikante Ver\u00e4u\u00dferungsgewinne und Ver\u00e4u\u00dferungserl\u00f6se <\/li>\n<li> Weitere Exits und Trade Sales im Beteiligungsportfolio erwartet<\/li>\n<li> Fortschritte beim Fundraising ihres neuen Private Equity Fonds<\/li>\n<\/ul>\n<p><strong>Frankfurt am Main, 9. April 2021 \u2013\u00a0<\/strong>Die German Startups Group VC GmbH, hundertprozentige Tochtergesellschaft der SGT German Private Equity GmbH &#038; Co. KGaA mit Sitz in Frankfurt am Main (SGF), einem b\u00f6rsennotierten Private Equity-Asset Manager, ver\u00e4u\u00dfert zwei ihrer Beteiligungen und erzielt jeweils einen niedrigen siebenstelligen Ver\u00e4u\u00dferungserl\u00f6s. Die German Startups Group VC realisiert mit beiden Beteiligungsver\u00e4u\u00dferungen Ver\u00e4u\u00dferungsgewinne sowohl gegen\u00fcber dem Buchwert als auch den Anschaffungskosten. Die German Startups Group VC erwartet weitere Exits und Ver\u00e4u\u00dferungen von Portfolio Unternehmen im Sommer 2021.<\/p>\n<p>Hinsichtlich ihrer Fundraising-Aktivit\u00e4ten kommt die SGT Capital Pte. Ltd., eine weitere hundertprozentige Tochtergesellschaft der SGF, weiter gut voran und hat trotz fortgesetzter, pandemiebedingter Verz\u00f6gerungen weitere Investorenzusagen f\u00fcr ihren neuen Private Equity Fonds gewinnen k\u00f6nnen. Sie erwartet weiterhin ein sogenanntes \u201eFirst Close\u201c des Fonds im zweiten Quartal 2021. F\u00fcr das First Close wird unver\u00e4ndert angestrebt, \u00fcber Kapital in H\u00f6he von mindestens 1 Mrd. USD zu verf\u00fcgen. F\u00fcr mehr als zwei Drittel davon liegen nun bereits Zusagen vor, daneben Absichtsbekundungen f\u00fcr weitere 350+ Mio. USD.<\/p>\n<p><strong>Investor Relations Kontakt<\/strong><br \/>\n<strong>SGT German Private Equity<\/strong><br \/>\nFlorian Dammann<br \/>\nir@tpgholding.com<br \/>\n<a href=\"https:\/\/tpgholding.com\/\">www.tpgholding.com<\/a><\/p>\n<p><u><a href=\"https:\/\/tpgholding.com\/wp-content\/uploads\/2021\/04\/20210409_SGT-German-Private-Equity-Tochter-German-Startups-Group-VC-vera\u0308u\u00dfert-zwei-ihrer-Beteiligungen.pdf\" target=\"_blank\" rel=\"nofollow\" rel=\"\">Hier klicken f\u00fcr die PDF-Version<\/a><\/u><\/p>\n<p>Mehr Informationen unter\u00a0<a href=\"https:\/\/tpgholding.com\/\">https:\/\/tpgholding.com\/<\/a>\u00a0und\u00a0<a href=\"http:\/\/sgt-capital.com\/\">http:\/\/www.sgt-capital.com\/<\/a>.<\/p>\n","protected":false},"excerpt":{"rendered":"<p>+++ Pressemitteilung +++ SGT German Private Equity &#8211; Tochter German Startups Group VC ver\u00e4u\u00dfert zwei ihrer Portfolio-Unternehmen Signifikante Ver\u00e4u\u00dferungsgewinne und Ver\u00e4u\u00dferungserl\u00f6se Weitere Exits und Trade Sales im Beteiligungsportfolio erwartet Fortschritte beim Fundraising ihres neuen Private Equity Fonds Frankfurt am Main, 9. April 2021 \u2013\u00a0Die German Startups Group VC GmbH, hundertprozentige Tochtergesellschaft der SGT German Private [&hellip;]<\/p>\n","protected":false},"author":4,"featured_media":0,"parent":0,"menu_order":0,"comment_status":"closed","ping_status":"closed","template":"page-full.php","meta":[],"_links":{"self":[{"href":"https:\/\/tpgholding.com\/index.php\/wp-json\/wp\/v2\/pages\/15052"}],"collection":[{"href":"https:\/\/tpgholding.com\/index.php\/wp-json\/wp\/v2\/pages"}],"about":[{"href":"https:\/\/tpgholding.com\/index.php\/wp-json\/wp\/v2\/types\/page"}],"author":[{"embeddable":true,"href":"https:\/\/tpgholding.com\/index.php\/wp-json\/wp\/v2\/users\/4"}],"replies":[{"embeddable":true,"href":"https:\/\/tpgholding.com\/index.php\/wp-json\/wp\/v2\/comments?post=15052"}],"version-history":[{"count":1,"href":"https:\/\/tpgholding.com\/index.php\/wp-json\/wp\/v2\/pages\/15052\/revisions"}],"predecessor-version":[{"id":15081,"href":"https:\/\/tpgholding.com\/index.php\/wp-json\/wp\/v2\/pages\/15052\/revisions\/15081"}],"wp:attachment":[{"href":"https:\/\/tpgholding.com\/index.php\/wp-json\/wp\/v2\/media?parent=15052"}],"curies":[{"name":"wp","href":"https:\/\/api.w.org\/{rel}","templated":true}]}}