{"id":15140,"date":"2021-04-27T10:39:15","date_gmt":"2021-04-27T08:39:15","guid":{"rendered":"https:\/\/sgt.phobos.services\/?page_id=15140"},"modified":"2021-04-27T11:42:40","modified_gmt":"2021-04-27T09:42:40","slug":"pressemitteilung-vom-27-april-2021","status":"publish","type":"page","link":"https:\/\/tpgholding.com\/index.php\/pressemitteilung-vom-27-april-2021\/","title":{"rendered":"Pressemitteilung vom <br> 27. April 2021"},"content":{"rendered":"<p style=\"text-align: center;\"><img decoding=\"async\" src=\"https:\/\/tpgholding.com\/wp-content\/uploads\/2020\/10\/SGT-German-Private-Equity-Logo-2-e1602851449876.png\" alt=\"GS_Group_transparent\" \/><\/p>\n<p style=\"text-align: center; padding: 0px; margin: 0px;\">+++ Pressemitteilung +++<\/p>\n<p style=\"text-align: center; padding: 50px; margin: 0px;\"><strong>SGT German Private Equity &#8211; Leichter Verlust in 2020 und zuversichtlicher Ausblick<\/strong><\/p>\n<ul>\n<li> Leichter Verlust von 0,07 EUR pro Aktie, 2,74 EUR Eigenkapital pro Aktie <\/li>\n<li> Prognose nachhaltiger, planbarer Profitabilit\u00e4t f\u00fcr das Asset Management<\/li>\n<li> Erwartung von Wertsteigerungen in ihrem Heritage VC Portfolio<\/li>\n<\/ul>\n<p><strong>Frankfurt am Main, 27. April 2021 &#8211;\u00a0<\/strong> Die SGT German Private Equity (SGF), ein b\u00f6rsennotierter Private Equity-Asset Manager mit Sitz in Frankfurt am Main, hat in 2020 laut vorl\u00e4ufigem Konzernabschluss (IFRS) einen leichten Verlust von rund 0,07 EUR pro Aktie verzeichnet. Das Beteiligungsergebnis verbesserte sich von -2 Mio. EUR in 2019 auf +0,9 Mio. EUR in 2020. Die durchschnittliche Anzahl Aktien in 2020 betrug 10.735.377.<\/p>\n<p>Das Eigenkapital per 31.12.2020 bel\u00e4uft sich auf 28,2 Mio. EUR bzw. 2,74 EUR pro Aktie. Die Anzahl Aktien betrug zum Stichtag 10.854.000. Seit Herbst 2020 h\u00e4lt die SGF 542.700 eigene Aktien. <\/p>\n<p>Als Asset Manager ist das Gesch\u00e4ftsmodell ihrer 100%igen Tochter SGT Capital Pte. Ltd. die Erzielung nachhaltig planbarer Management Fee-Erl\u00f6se von markt\u00fcblich rund 2% p.a. des von ihr verwalteten Private Equity-Kapitals. Dieses wird sich zun\u00e4chst aus dem von ihr aufgelegten SGT Capital II Fonds und aus Einzelinvestments von Investoren au\u00dferhalb des Fonds zusammensetzen. Die Kapitalzusagen an den SGT Capital II Fonds werden dabei langfristig vereinbart, und die f\u00fcr Einzelinvestments auch mehrj\u00e4hrig. Die SGT Capital erwartet ein sogenanntes \u201eFirst Close\u201c des Fonds im zweiten Quartal 2021. Zusammen mit den Mitteln aus der Kooperation mit einem f\u00fchrenden asiatischen Finanzdienstleister wird sie dann voraussichtlich \u00fcber Kapitalzusagen in H\u00f6he von mindestens 1 Mrd. USD verf\u00fcgen. Die Gesch\u00e4ftsleitung plant noch in 2021 mehrere Private Equity Transaktionen mit einem Unternehmenswert zwischen 200 und 800 Mio. EUR durchzuf\u00fchren.<\/p>\n<p>F\u00fcr die Zeit von Jahresbeginn 2021 bis zum First Close prognostiziert die Gesellschaft Verluste in Gr\u00f6\u00dfenordnung von monatlich 250 TEUR nach Steuern. F\u00fcr die Zeit unmittelbar nach dem First Close prognostiziert die SGT Capital einen monatlichen Gewinn von in Gr\u00f6\u00dfenordnung von 750 TEUR nach Steuern. Gewinne aus Management Fees f\u00fcr etwaige Private Equity-Einzelinvestments k\u00e4men hinzu. Die k\u00fcnftig erwarteten weiteren Erh\u00f6hungen des verwalteten Kapitals schlagen sich in einer Steigerung der monatlichen Nettogewinnerwartung im Umfang von grob etwa 1 Promille des zus\u00e4tzlichen Kapitals nieder. <\/p>\n<p>Bez\u00fcglich ihres auf die 100%ige Tochtergesellschaft German Startups Group VC GmbH \u00fcbertragenen \u201eHeritage VC Portfolios\u201c, erwartet die Gesch\u00e4ftsf\u00fchrung f\u00fcr das Gesch\u00e4ftsjahr 2021 eine Fortsetzung der Beschleunigung des Digitalisierungstrends, nicht nur, aber auch aufgrund der Corona-Pandemie, von der die Portfoliounternehmen \u00fcberwiegend profitieren d\u00fcrften. \u00dcber ihr gesamtes Beteiligungsportfolio erwartet die GSGVC f\u00fcr 2021 Wertsteigerungen und ein positives Ergebnis mindestens in niedriger siebenstelliger H\u00f6he nach Steuern.<\/p>\n<p>Die Muttergesellschaft selbst prognostiziert einen Verlust von monatlich gut 100 TEUR nach Steuern. Unter dem Strich prognostiziert der Konzern f\u00fcr 2021 einen deutlichen Gewinn nach Steuern und blickt die Gesch\u00e4ftsf\u00fchrung optimistisch in das Jahr 2022. Die Gesch\u00e4ftsf\u00fchrung sieht die SGT German Private Equity insgesamt in einer sehr aussichtsreichen Lage.<\/p>\n<p><strong>Investor Relations Kontakt<\/strong><br \/>\n<strong>SGT German Private Equity<\/strong><br \/>\nFlorian Dammann<br \/>\nir@tpgholding.com<br \/>\n<a href=\"https:\/\/tpgholding.com\/\">www.tpgholding.com<\/a><\/p>\n<p><u><a href=\"https:\/\/tpgholding.com\/wp-content\/uploads\/2021\/04\/20210427_SGT-German-Private-Equity-Leichter-Verlust-in-2020-und-zuversichtlicher-Ausblick.pdf\" target=\"_blank\" rel=\"nofollow\" rel=\"\">Hier klicken f\u00fcr die PDF-Version<\/a><\/u><\/p>\n<p>Mehr Informationen unter\u00a0<a href=\"https:\/\/tpgholding.com\/\">https:\/\/tpgholding.com\/<\/a>\u00a0und\u00a0<a href=\"http:\/\/sgt-capital.com\/\">http:\/\/www.sgt-capital.com\/<\/a>.<\/p>\n","protected":false},"excerpt":{"rendered":"<p>+++ Pressemitteilung +++ SGT German Private Equity &#8211; Leichter Verlust in 2020 und zuversichtlicher Ausblick Leichter Verlust von 0,07 EUR pro Aktie, 2,74 EUR Eigenkapital pro Aktie Prognose nachhaltiger, planbarer Profitabilit\u00e4t f\u00fcr das Asset Management Erwartung von Wertsteigerungen in ihrem Heritage VC Portfolio Frankfurt am Main, 27. April 2021 &#8211;\u00a0 Die SGT German Private Equity [&hellip;]<\/p>\n","protected":false},"author":4,"featured_media":0,"parent":0,"menu_order":0,"comment_status":"closed","ping_status":"closed","template":"page-full.php","meta":[],"_links":{"self":[{"href":"https:\/\/tpgholding.com\/index.php\/wp-json\/wp\/v2\/pages\/15140"}],"collection":[{"href":"https:\/\/tpgholding.com\/index.php\/wp-json\/wp\/v2\/pages"}],"about":[{"href":"https:\/\/tpgholding.com\/index.php\/wp-json\/wp\/v2\/types\/page"}],"author":[{"embeddable":true,"href":"https:\/\/tpgholding.com\/index.php\/wp-json\/wp\/v2\/users\/4"}],"replies":[{"embeddable":true,"href":"https:\/\/tpgholding.com\/index.php\/wp-json\/wp\/v2\/comments?post=15140"}],"version-history":[{"count":2,"href":"https:\/\/tpgholding.com\/index.php\/wp-json\/wp\/v2\/pages\/15140\/revisions"}],"predecessor-version":[{"id":15167,"href":"https:\/\/tpgholding.com\/index.php\/wp-json\/wp\/v2\/pages\/15140\/revisions\/15167"}],"wp:attachment":[{"href":"https:\/\/tpgholding.com\/index.php\/wp-json\/wp\/v2\/media?parent=15140"}],"curies":[{"name":"wp","href":"https:\/\/api.w.org\/{rel}","templated":true}]}}