{"id":15181,"date":"2021-06-01T11:14:04","date_gmt":"2021-06-01T09:14:04","guid":{"rendered":"https:\/\/sgt.phobos.services\/?page_id=15181"},"modified":"2021-06-01T18:09:36","modified_gmt":"2021-06-01T16:09:36","slug":"vorwort-geschaftsbericht-2020","status":"publish","type":"page","link":"https:\/\/tpgholding.com\/index.php\/vorwort-geschaftsbericht-2020\/","title":{"rendered":"Vorwort Gesch\u00e4ftsbericht 2020"},"content":{"rendered":"<figure><img decoding=\"async\" class=\"alignleft\" src=\"https:\/\/tpgholding.com\/wp-content\/uploads\/2021\/02\/Christoph-Gerlinger_Management_colour_V01-e1612539720300.png\" alt=\"stu_2020-03-02 132046_01\" \/><\/figure>\n<p>Christoph Gerlinger | MD<\/p>\n<figure><img decoding=\"async\" class=\"alignleft\" src=\"https:\/\/tpgholding.com\/wp-content\/uploads\/2021\/06\/Carsten-Geyer-GB-2020-e1622531907863.jpg\" alt=\"stu_2020-03-02 132046_01\" \/><\/figure>\n<p>Carsten Geyer| MD<\/p>\n<p>&nbsp;<\/p>\n<p><strong>Liebe Aktion\u00e4re, <\/strong><br \/>\n<strong>Liebe Freunde der SGT German Private Equity,<\/strong><\/p>\n<p>wir legen Ihnen heute unseren Jahresabschluss f\u00fcr das Gesch\u00e4ftsjahr 2020 vor. In 2020 haben wir einen leichten Verlust in H\u00f6he von 736 TEUR zu verzeichnen, davon entfallen 0,05 EUR pro Aktie auf die Kommanditaktion\u00e4re. Das Beteiligungsergebnis des fortgef\u00fchrten Gesch\u00e4ftsbereichs verbesserte sich von -2.078 TEUR in 2019 auf +882 TEUR in 2020. Die durchschnittliche Anzahl Aktien in 2020 betrug 10.735.377. Das Eigenkapital per 31.12.2020 bel\u00e4uft sich auf 28,2 Mio. EUR, davon entfallen 2,60 EUR pro Aktie auf die Kommanditaktion\u00e4re. Die Anzahl ausgegebener Aktien betrug zum Stichtag 10.854.000. Seit Herbst 2020 h\u00e4lt die SGF 542.700 eigene Aktien, die wir am 13. Oktober 2020 durch ein \u00f6ffentliches R\u00fcckkaufangebot zu 2,00 EUR erworben haben, sodass zum Stichtag 10.311.300 Aktien ausstehen.<\/p>\n<p>Die SGT German Private Equity firmierte im ersten Halbjahr 2020 noch unter German Startups Group (\u201eGSG\u201c) und war bis dato eine Beteiligungsgesellschaft mit Sitz in Berlin, die sich \u00fcber Minderheitsbeteiligungen an Startups beteiligte, also Venture Capital zur Verf\u00fcgung stellte. Der Fokus der GSG lag auf Unternehmen, deren Produkte oder Gesch\u00e4ftsmodelle eine disruptive, also sprunghafte Innovation beinhalten, eine hohe Skalierbarkeit erwarten lassen \u2013 und bei denen die GSG an die unternehmerischen F\u00e4higkeiten der Gr\u00fcnder glaubt.<\/p>\n<p>Im Zuge der auf der Hauptversammlung vom 7. August 2020 beschlossenen Fusion mit der SGT Capital Pte. Ltd., einem globalen Alternative Investment- und Private Equity-Asset Manager mit Hauptsitz in Singapur, haben wir in SGT German Private Equity GmbH &amp; Co. KGaA (\u201eSGF\u201c) umfirmiert und unseren Sitz nach Frankfurt am Main verlegt. Unser B\u00f6rsenk\u00fcrzel haben wir von GSJ in SGF f\u00fcr SGT Private Equity Frankfurt ge\u00e4ndert.<\/p>\n<p>Durch die Fusion entsteht ein in Deutschland beheimateter, b\u00f6rsennotierter Private Equity-Asset Manager.<\/p>\n<p>Die ehemalige German Startups Group hat zur Vorbereitung auf die Transaktion im ersten Halbjahr 2020 ihre s\u00e4mtlichen Minderheitsbeteiligungen in ihre hundertprozentige Tochter\u00acgesell\u00acschaft German Startups Group VC GmbH ausgegliedert. Daraus ergibt sich folgende aktuelle gesellschaftsrechtliche Struktur:<\/p>\n<figure><a href=\"https:\/\/tpgholding.com\/wp-content\/uploads\/2020\/10\/Screenshot-2020-10-12-at-19.55.03.png\"><img decoding=\"async\" loading=\"lazy\" class=\"aligncenter\" src=\"https:\/\/tpgholding.com\/wp-content\/uploads\/2020\/10\/Screenshot-2020-10-12-at-19.55.03.png\" alt=\"Structure_Overview\" width=\"850\" height=\"393\" \/><\/a><\/figure>\n<p>Bei f\u00fcnf der neun f\u00fcr die Gesellschaft wesentlichen Minderheitsbeteiligungen konnten wir in 2020 einen Wertzuwachs verbuchen. Insgesamt gab es in 2020 im VC Gesch\u00e4ft nur noch ein Follow-on Investment bei dem folgenden f\u00fcr die Gesellschaft wesentlichen Portfoliounternehmen \u2013<\/p>\n<p>\u2022 AuctionTech<\/p>\n<p>sowie die folgenden Exits bzw. Anteilsver\u00e4u\u00dferungen \u2013<\/p>\n<p>\u2022 Alphapet<br \/>\n\u2022 Fiagon AG Medical Technologies<\/p>\n<p>Nach dem Bilanzstichtag haben wir die folgenden Exits bzw. Anteilsver\u00e4u\u00dferungen erzielt \u2013<\/p>\n<p>\u2022 Anacapa Investment GmbH mit ihrer Beteiligung an der Social Fashion Company (Armed Angels)<br \/>\n\u2022 AuctionTech GmbH<br \/>\n\u2022 Mister Spex GmbH<br \/>\n\u2022 remerge GmbH<br \/>\n\u2022 simplesurance GmbH<\/p>\n<p>Wir bewerten die von uns gehaltenen Unternehmensanteile \u00fcberwiegend auf Basis der von fremden Dritten zuletzt f\u00fcr gleiche oder \u00e4hnliche Anteile bezahlten Preise. Dies ist bei f\u00fcnf der neun f\u00fcr die Gesellschaft wesentlichen Beteiligungen der Fall.<\/p>\n<p>Die ehemalige German Startups Group f\u00fchrt durch die Fusion mit SGT Capital Pte. Ltd. (\u201eSGTPTE\u201c), einem globalen Alternative Investment- und Private Equity-Asset Manager mit Hauptsitz in Singapur, eine Transformation vom Asset Owner zu einem Asset Manager durch und ver\u00e4ndert damit ihr bisheriges Gesch\u00e4ftsmodell, der Erzielung des Wertzuwachses von Beteiligungen in der eigenen Bilanz in Richtung nachhaltiger, planbarer Management Fees aus Anlagen au\u00dferhalb ihrer eigenen Bilanz.<\/p>\n<figure><a href=\"https:\/\/tpgholding.com\/wp-content\/uploads\/2021\/04\/Grafik-VW-2.png\"><img decoding=\"async\" loading=\"lazy\" class=\"aligncenter\" src=\"https:\/\/tpgholding.com\/wp-content\/uploads\/2021\/04\/Grafik-VW-2.png\" alt=\"Structure_Overview\" width=\"750\" height=\"437\" \/><\/a><\/figure>\n<p>Die Losl\u00f6sung von der eigenen Bilanz er\u00f6ffnet uns neue Wachstumsperspektiven, weil wir aufgrund des \u2013 in unseren Augen im bisherigen Aktienkurs strukturell zu verzeichnenden \u2013 deutlichen Discounts auf den NAV pro Aktie zur Vermeidung einer Verw\u00e4sserung unserer Aktion\u00e4re zuvor von Kapitalerh\u00f6hungen abgesehen haben.<\/p>\n<p>Mit der auf der Hauptversammlung am 7. August 2020 beschlossenen Akquisition der SGTPTE f\u00fchrt die ehemalige SGF ihren satzungsgem\u00e4\u00dfen Zweck als Beteiligungsholding fort und der Schwerpunkt der T\u00e4tigkeit des Konzerns verschiebt sich aufgrund der Gr\u00f6\u00dfenverh\u00e4ltnisse der Tochtergesellschaften wieder auf eine Dienstleistung, n\u00e4mlich die eines Private Equity-Asset Managers, also einem Dienstleister, der Investments, Value Creation-Initiativen und Divestments f\u00fcr potenziell mehrere von ihm aufgelegte Private Equity-Fonds (oder einem Beteiligungsvehikel) vornimmt, anstatt selbst zu investieren. Zudem nimmt der Asset Manager Investments in die Asset-Klasse Private Equity vor, also etablierte gr\u00f6\u00dfere Unternehmen, statt wie die bisherige SGF in Venture Capital, also fr\u00fchphasige kleinere Unternehmen. Au\u00dferdem werden meist 100% der Targets erworben, nicht (nur) Minderheitsbeteiligungen. Diese erworbenen Beteiligungen geh\u00f6ren dann einem separaten Private Equity-Fonds (oder einem Beteiligungsvehikel) f\u00fcr institutionelle Anleger wie Pensionsfonds, Lebensversicherungen uvm., den die 100%-ige Tochtergesellschaft SGTPTE managt. Der Zusammenschluss mit der SGTPTE erfolgte im Rahmen einer Sacheinlage der SGTPTE gegen Ausgabe von 50 Mio. SGF-Aktien. Die Eintragung der Sachkapitalerh\u00f6hung in das Handelsregister der SGF erfolgte am 26. Januar 2021. Die Gesamtanzahl Aktien hat sich damit auf 60.854.000 erh\u00f6ht, was zu einer Versechsfachung unserer Marktkapitalisierung auf \u00fcber 100 Mio. EUR f\u00fchrte.<\/p>\n<p>Nachtr\u00e4glich zur Hauptversammlung und der beschlossenen Fusion wurde vereinbart, dass die als Gegenleistung f\u00fcr die Sacheinlage eigentlich beschlossene Wandelschuldverschreibung von 257,5 Mio. EUR nicht an die einbringende SGT Capital LLC ausgegeben wird, sondern ersatzlos wegf\u00e4llt. Das entlastet die Passivseite der k\u00fcnftigen Bilanz des fusionierten Unternehmens entsprechend erheblich und beseitigt die aus ihr drohende Verw\u00e4sserung der Alt-Aktion\u00e4re um bis zu 103 Mio. Aktien.<\/p>\n<p>Grund f\u00fcr das Zugest\u00e4ndnis des Wegfalls der geplanten Ausgabe einer Wandelschuldverschreibung seitens der SGT Capital LLC ist ein zuvor eingeholten Bilanzierungsausk\u00fcnften entgegenstehender, \u00fcberraschend asymmetrischer Bilanzierungseffekt unter IFRS, der bei Erfolgen bei der Einwerbung von Kapital f\u00fcr den aufgelegten Private Equity Fonds jenseits des Basisszenarios von 1 Mrd. USD Fondsvolumen jeweils erhebliche Buchverluste hervorgerufen, also die Gewinn- und Verlustrechnung wiederholt stark belastet h\u00e4tte. Somit ergibt sich nun vorl\u00e4ufig abschlie\u00dfend die folgende Struktur:<\/p>\n<figure><a href=\"https:\/\/tpgholding.com\/wp-content\/uploads\/2021\/06\/GB-2020-Gesell-Struktur.png\"><img decoding=\"async\" loading=\"lazy\" class=\"aligncenter\" src=\"https:\/\/tpgholding.com\/wp-content\/uploads\/2021\/06\/GB-2020-Gesell-Struktur.png\" alt=\"Structure_Overview\" width=\"900\" height=\"369\" \/><\/a><\/figure>\n<p>Das f\u00fcnfk\u00f6pfige Management-Team der 2019 gegr\u00fcndeten SGTPTE besteht aus der nahezu gesamten F\u00fchrungsebene eines Vorl\u00e4ufer-Private Equity-Unternehmens, das zwischen 2015 und Anfang 2020 mit sehr erfolgreichen Private Equity-Investments von \u00fcber einer Milliarde USD signifikanten Wert f\u00fcr seine Investoren geschaffen hat. F\u00fcr ihren neuen Private Equity-Fonds mit geografischem Fokus auf Europa und Nordamerika und Branchenfokus auf Healthcare &amp; Medizintechnik, Business Services &amp; Data Analytics sowie Advanced Industrials, strebt SGT Capital ein Fundraising-Zielvolumen von 1 bis 3,5 Mrd. USD an. Die F\u00fchrungskr\u00e4fte von SGT Capital sind erfahrene Experten aus marktf\u00fchrenden Private Equity-H\u00e4usern, Investmentbanken und Management\u00acberat\u00acungen und bringen f\u00fcr unsere Fonds in Summe \u00fcber 100 Jahre Investmenterfahrung mit. Zusammen hat das F\u00fchrungsteam der SGT Capital eine herausragende Erfolgsbilanz auf globaler Ebene, nachdem es in den letzten f\u00fcnf Jahren gemeinsam an gro\u00dfen Transaktionen in Europa, Israel und USA gearbeitet hat.<\/p>\n<p>Die SGT Capital Pte. Ltd. erwartet ein sogenanntes \u201eFirst Close\u201c des Fonds im Juni 2021. Zusammen mit den Mitteln aus der Kooperation mit einem f\u00fchrenden asiatischen Finanzdienstleister wird sie dann voraussichtlich \u00fcber Kapitalzusagen in H\u00f6he von mindestens 1 Mrd. USD verf\u00fcgen. Die Gesch\u00e4ftsleitung plant noch in 2021, mehrere Private Equity Transaktionen mit einem Unternehmens-wert zwischen 200 und 800 Mio. EUR durchzuf\u00fchren. Mittel- und langfristig erwartet die SGT Capital ein weiteres Wachstum ihrer Assets under Management (AuM).<\/p>\n<p style=\"margin-left: 40px;\"><strong>Pers\u00f6nliche Mitteilung von Christoph Gerlinger<\/strong><\/p>\n<p style=\"margin-left: 40px;\">Nachdem die Adhoc-Mitteilung der ehemaligen GSG zur Fusion am 15. Juli 2020 erschienen war und die GSG-F\u00fchrungsmannschaft folglich erstmals seit Monaten wieder Aktiengesch\u00e4fte t\u00e4tigen durfte, stieg unser Aktienkurs erstmals seit langem wieder auf \u00fcber 2,00 EUR und habe ich am 16. Juli 2020 weitere 50.000 GSG- bzw. heutige SGF-Aktien \u00fcber die B\u00f6rse erworben.<\/p>\n<p style=\"margin-left: 40px;\">Ich bleibe langfristig als Gesch\u00e4ftsf\u00fchrer und Gesellschafter der Komplement\u00e4rin an Bord und habe die CFO-Rolle \u00fcbernommen. Seit Februar 2021 ist Carsten Geyer, Co-Managing Partner der SGT Capital, neben mir Gesch\u00e4ftsf\u00fchrer der Komplement\u00e4rin, und mittelbar ma\u00dfgeblich an der SGT German Private Equity beteiligt. Wir arbeiten bereits seit der Verhandlung der SGT Transaktion im Fr\u00fchjahr 2020 sehr gut und effizient zusammen.<\/p>\n<p style=\"margin-left: 40px;\">Im Rahmen der Transaktion habe ich mittelbar weitere SGF-Aktien erworben und damit meinen bisherigen, mittelbaren prozentualen Anteil an der Gesellschaft trotz deutlicher Erh\u00f6hung der Gesamtzahl Aktien nicht nur gehalten, sondern sogar auf \u00fcber 10% erh\u00f6ht.<\/p>\n<p>Bzgl. unserer Minderheitsbeteiligungen stellen wir bis auf Weiteres die Gewinnrealisierung durch Anteilsverk\u00e4ufe aus dem Minderheitenportfolio in den Vordergrund. Im Jahr 2021 konnten wir \u2013 wie oben erw\u00e4hnt \u2013 schon drei Beteiligungen ver\u00e4u\u00dfern und bei zweien davon jeweils einen siebenstelligen Ver\u00e4u\u00dferungserl\u00f6s erzielen. Die German Startups Group VC erwartet weitere Exits und Ver\u00e4u\u00dferungen von Portfolio-Unternehmen im Sommer 2021.<\/p>\n<p>In 2020 haben wir anstelle einer Dividendenzahlung 514.700 Aktien zu 2,00 EUR zur\u00fcckerworben. Das waren 5% der seinerzeit ausstehenden Aktien. Hiervon profitieren alle Aktion\u00e4re gleicherma\u00dfen.<\/p>\n<p>Wir haben in 2020 ferner unsere Wandelanleihe mit 3.000 TEUR Nominalwert zur\u00fcckerworben und davon 2 TEUR wieder ver\u00e4u\u00dfert, sodass wir zum Stichtag 2.998 TEUR der insg. 3.000 TEUR Nominalwert der Wandelanleihe im eigenen Besitz halten und somit keine Verw\u00e4sserung aus Wandlung mehr droht. Damit erzielen wir zudem eine starke Zinsersparnis. Die Gesellschaft hat seither keine Finanzverbindlichkeiten mehr.<\/p>\n<p>Die SGTPTE birgt f\u00fcr den SGF-Konzern die Chance, eine nachhaltige, planbare und hohe Profitabilit\u00e4t zu erreichen. Dar\u00fcber hinaus besteht die Chance, bei Erfolg ihres neuen Private Equity-Fonds, in drei bis vier Jahren Folgefonds aufzulegen.<\/p>\n<p>Das bei der GSGVC bestehende \u201eHeritage VC Portfolio\u201c birgt f\u00fcr den SGF-Konzern die Chance, weitere Wertzuw\u00e4chse, Ertr\u00e4ge aus Aussch\u00fcttungen und\/oder Ver\u00e4u\u00dferungsgewinne zu erzielen.<\/p>\n<p>Wir danken unserem Team f\u00fcr die geleistete Mitarbeit und seinen Beitrag zum gemeinsamen Erfolg und sehen unser Unternehmen in einer sehr aussichtsreichen Lage.<\/p>\n<p>Frankfurt am Main, im Mai 2021<\/p>\n<p>&nbsp;<\/p>\n<p><strong>Christoph Gerlinger\u00a0\u00a0\u00a0\u00a0\u00a0\u00a0\u00a0\u00a0\u00a0\u00a0\u00a0\u00a0\u00a0\u00a0\u00a0\u00a0\u00a0\u00a0\u00a0\u00a0\u00a0\u00a0 \u00a0\u00a0\u00a0\u00a0\u00a0\u00a0\u00a0\u00a0\u00a0\u00a0\u00a0\u00a0\u00a0\u00a0\u00a0\u00a0\u00a0\u00a0\u00a0\u00a0\u00a0\u00a0\u00a0\u00a0\u00a0\u00a0\u00a0\u00a0\u00a0\u00a0\u00a0\u00a0\u00a0\u00a0\u00a0\u00a0\u00a0\u00a0\u00a0\u00a0\u00a0\u00a0\u00a0\u00a0\u00a0\u00a0 <\/strong><\/p>\n<p>MD | Gesch\u00e4ftsf\u00fchrer<\/p>\n<p>SGT German Private Equity Management GmbH<\/p>\n<p>&nbsp;<\/p>\n<p><strong>Carsten Geyer\u00a0\u00a0\u00a0\u00a0\u00a0\u00a0\u00a0\u00a0\u00a0\u00a0\u00a0\u00a0\u00a0\u00a0\u00a0\u00a0\u00a0\u00a0\u00a0\u00a0\u00a0\u00a0 \u00a0\u00a0\u00a0\u00a0\u00a0\u00a0\u00a0\u00a0\u00a0\u00a0\u00a0\u00a0\u00a0\u00a0\u00a0\u00a0\u00a0\u00a0\u00a0\u00a0\u00a0\u00a0\u00a0\u00a0\u00a0\u00a0\u00a0\u00a0\u00a0\u00a0\u00a0\u00a0\u00a0\u00a0\u00a0\u00a0\u00a0\u00a0\u00a0\u00a0\u00a0\u00a0\u00a0\u00a0\u00a0\u00a0 <\/strong><\/p>\n<p>MD | Gesch\u00e4ftsf\u00fchrer<\/p>\n<p>SGT German Private Equity Management GmbH<\/p>\n<p>&nbsp;<\/p>\n<p><a href=\"https:\/\/tpgholding.com\/wp-content\/uploads\/2021\/06\/210531-SGF-Gescha%CC%88ftsbericht-2020.pdf\">Hier gelangen Sie zum vollst\u00e4ndigen Gesch\u00e4ftsbericht 2020<\/a><\/p>\n<p>&nbsp;<\/p>\n<p>&nbsp;<\/p>\n<p>&nbsp;<\/p>\n<h2><strong>HINWEIS BETR. RECHTSAUSEINANDERSETZUNGEN<br \/>\n<\/strong><\/h2>\n<p>Die SGT German Private Equity fordert weiterhin von Nikolas Samios, Gesch\u00e4ftsf\u00fchrer von PropTech1 Ventures und ehemaliger COO\/CIO der damaligen GSG (jetzt SGF) in den Jahren 2014 bis 2017 gerichtlich eine Verg\u00fctung von 130.000 EUR zur\u00fcck, die seine wiredworld GmbH in 2015 bei dem Anteilsverk\u00e4ufer eines Unternehmens eingefordert und vereinnahmt hat, an dem sich die damalige German Startups Group (\u201eGSG\u201c; heutige SGF) im gleichen Jahr mit 1,76 Mio. EUR beteiligte. Wir sind der Auffassung, dass diese drittseitige 7,4%-ige Verg\u00fctung zu unseren Lasten erfolgte und zudem marktun\u00fcblich hoch war und uns somit zu erstatten ist. Die Gegenseite ist anderer Meinung und verteidigt sich gegen die Klage. Nikolas Samios hatte Christoph Gerlinger zwar in 2015 vorab die Absicht offengelegt, im Falle eines Anteilskaufvertrags bei den Verk\u00e4ufern einen Provisionsanspruch geltend zu machen. Dies zu tun hatte ihn Christoph Gerlinger sodann aufgefordert zu unterlassen und stattdessen h\u00f6chstens eine Abfindung f\u00fcr etwaige noch nicht verg\u00fctete Leistungen zu vereinbaren, weil es ausgerechnet die von Nikolas Samios damals mitgeleitete GSG (heutige SGF) selbst war, die die fraglichen Anteile erwarb, und das dem Streubesitz und der Anlegerpresse nicht erkl\u00e4rbar sei, sondern eine Art Skandal und Entr\u00fcstung verursachen w\u00fcrde. <\/p>\n<p>Nikolas Samios\u2018 wiredworld GmbH klagt gegen Exozet auf Zahlung in H\u00f6he von 782.400 EUR im Zusammenhang mit virtuellen Optionen, die seiner wiredworld holding GmbH im Zusammenhang mit seiner Beratungs- und Beiratst\u00e4tigkeit bei Exozet Ende 2016 zugestanden worden waren. Die ehemalige GSG-Mehrheitsbeteiligung Exozet hatte zu dieser Beratungs- und Beiratst\u00e4tigkeit allerdings am 21.09.2017 die fristlose K\u00fcndigung erkl\u00e4rt, genau wie bzgl. der von wiredworld gehaltenen virtuellen Optionen am 21.11.2017. Kurz zuvor war Nikolas Samios am 19.07.17 die Prokura der Mehrheitsgesellschafterin SGF entzogen worden und waren seine Dienstleistungsvertr\u00e4ge mit der SGF mit sofortiger Wirkung entsch\u00e4digungslos aufgehoben worden. Zu dem Gelingen des ab Ende 2018 mit Abschluss im Dezember 2019 durchgef\u00fchrten, strukturierten Verkaufsprozesses bez\u00fcglich der Exozet hat Nikolas Samios nach unserer Kenntnis auch keinen konkreten Beitrag geleistet. Im Rahmen einer als Verk\u00e4uferin von Exozet-Anteilen \u00fcbernommenen Freistellungsverpflichtung trifft uns das Ergebnis seines Rechtsstreits gegen die Exozet wirtschaftlich zu 51% und die \u00fcbrigen Verk\u00e4ufer zu 49%. <\/p>\n<p>Strittig ist unter anderem, ob f\u00fcr das Gros der Optionen \u00fcbliche sog. Verfallsbedingungen anzuwenden sind, da diese in dem Optionsausgabe-Schreiben der Exozet zu Gunsten der wiredworld anders in denen zu Gunsten der Exozet-Bereichsleiter nicht enthalten waren. Inzwischen ist ein Dokument aufgetaucht, wonach Nikolas Samios\u2018 wiredworld bzgl. der fraglichen, von ihm beanspruchten Optionen bereits bei deren Ausgabe Ende 2016 zwar nicht der Exozet, aber der Gesellschaft der Gr\u00fcnder der Exozet (und \u00fcber 40%ige Gesellschafterin der Exozet) mit einer Zusatzvereinbarung markt\u00fcbliche Verfallsbedingungen f\u00fcr die Optionen einger\u00e4umt und diese &#8211; \u00fcbliche und f\u00fcr die Exozet und ihre Gesellschafter einschlie\u00dflich der damaligen GSG vorteilhafte &#8211; Gestaltung vor der Exozet und der damaligen GSG durch die Vereinbarung einer strengen Stillschweigeklausel zu Existenz und Inhalt des Sideletters verheimlicht hat. Nikolas Samios war zu diesem Zeitpunkt wohlgemerkt Gesch\u00e4ftsf\u00fchrer der GSG und ihr zur Treue verpflichtet. Es liegt auf der Hand, dass wir (GSG) diese in unseren Augen v\u00f6llig unangemessene Vertragsgestaltung Ende 2016 zum Anlass f\u00fcr eine fristlose Abberufung von und sofortige Beendigung s\u00e4mtlicher Vertragsbeziehungen mit Nikolas Samios und seinen Zweckgesellschafter genommen h\u00e4tten, wenn sie uns damals bekannt geworden w\u00e4re. <\/p>\n<p>Wir halten die Anspr\u00fcche von Nikolas Samios\u2018 wiredworld f\u00fcr unangemessen und unbegr\u00fcndet, haben aber aus kaufm\u00e4nnischer Vorsicht eine buchhalterische Vorsorge getroffen, damit die Ergebnisse der SGF in den Jahren 2021ff. nicht beeintr\u00e4chtigt werden.<\/p>\n","protected":false},"excerpt":{"rendered":"<p>Christoph Gerlinger | MD Carsten Geyer| MD &nbsp; Liebe Aktion\u00e4re, Liebe Freunde der SGT German Private Equity, wir legen Ihnen heute unseren Jahresabschluss f\u00fcr das Gesch\u00e4ftsjahr 2020 vor. In 2020 haben wir einen leichten Verlust in H\u00f6he von 736 TEUR zu verzeichnen, davon entfallen 0,05 EUR pro Aktie auf die Kommanditaktion\u00e4re. Das Beteiligungsergebnis des fortgef\u00fchrten [&hellip;]<\/p>\n","protected":false},"author":4,"featured_media":0,"parent":0,"menu_order":0,"comment_status":"closed","ping_status":"closed","template":"page-full-image.php","meta":[],"_links":{"self":[{"href":"https:\/\/tpgholding.com\/index.php\/wp-json\/wp\/v2\/pages\/15181"}],"collection":[{"href":"https:\/\/tpgholding.com\/index.php\/wp-json\/wp\/v2\/pages"}],"about":[{"href":"https:\/\/tpgholding.com\/index.php\/wp-json\/wp\/v2\/types\/page"}],"author":[{"embeddable":true,"href":"https:\/\/tpgholding.com\/index.php\/wp-json\/wp\/v2\/users\/4"}],"replies":[{"embeddable":true,"href":"https:\/\/tpgholding.com\/index.php\/wp-json\/wp\/v2\/comments?post=15181"}],"version-history":[{"count":1,"href":"https:\/\/tpgholding.com\/index.php\/wp-json\/wp\/v2\/pages\/15181\/revisions"}],"predecessor-version":[{"id":15266,"href":"https:\/\/tpgholding.com\/index.php\/wp-json\/wp\/v2\/pages\/15181\/revisions\/15266"}],"wp:attachment":[{"href":"https:\/\/tpgholding.com\/index.php\/wp-json\/wp\/v2\/media?parent=15181"}],"curies":[{"name":"wp","href":"https:\/\/api.w.org\/{rel}","templated":true}]}}