{"id":15277,"date":"2021-06-18T11:55:12","date_gmt":"2021-06-18T09:55:12","guid":{"rendered":"https:\/\/sgt.phobos.services\/?page_id=15277"},"modified":"2021-06-18T12:09:33","modified_gmt":"2021-06-18T10:09:33","slug":"pressemitteilung-vom-18-juni-2021","status":"publish","type":"page","link":"https:\/\/tpgholding.com\/index.php\/pressemitteilung-vom-18-juni-2021\/","title":{"rendered":"Pressemitteilung vom <br> 18. Juni 2021"},"content":{"rendered":"<p style=\"text-align: center;\"><img decoding=\"async\" src=\"https:\/\/tpgholding.com\/wp-content\/uploads\/2020\/10\/SGT-German-Private-Equity-Logo-2-e1602851449876.png\" alt=\"GS_Group_transparent\" \/><\/p>\n<p style=\"text-align: center; padding: 0px; margin: 0px;\">+++ Pressemitteilung +++<\/p>\n<p style=\"text-align: center; padding: 50px; margin: 0px;\"><strong>SGT German Private Equity &#8211; Mehrheitsaktion\u00e4rin kauft zu<\/strong><\/p>\n<ul>\n<li> Portfoliounternehmen MisterSpex k\u00fcndigt IPO an<\/li>\n<li> Verdopplung des Anteils an SoundCloud<\/li>\n<li> Beilegung des Rechtsstreits zwischen wiredworld und der ehemaligen Mehrheitsbeteiligung Exozet Berlin <\/li>\n<\/ul>\n<p><strong>Frankfurt am Main, 18. Juni 2021 &#8211;\u00a0<\/strong> Die SGT Capital LLC, 82,9%-Mehrheitsaktion\u00e4rin SGT German Private Equity in Frankfurt (SGF), ein b\u00f6rsennotierter Private Equity-Asset Manager, hat der Gesellschaft mitgeteilt, dass sie die SGF-Aktie f\u00fcr deutlich unterbewertet h\u00e4lt und j\u00fcngst SGF-Aktien \u00fcber die B\u00f6rse zugekauft hat. Nach ihren Angaben wird sie Kursdellen auch in Zukunft f\u00fcr Zuk\u00e4ufe nutzen.<\/p>\n<p>Das Portfoliounternehmen der German Startups Group VC, einer hundertprozentigen Tochter der SGT German Private Equity, MisterSpex SE, hat am 14. Juni 2021 angek\u00fcndigt, im dritten Quartal 2021 an die B\u00f6rse zu gehen und daf\u00fcr den Regulierten Markt (Prime Standard) der Frankfurter Wertpapierb\u00f6rse zu w\u00e4hlen. Die SGF ist derzeit mit 0,54% an MisterSpex beteiligt (voll verw\u00e4ssert) und bewertete diesen Anteil in ihrer Bilanz zum 31.12.20 auf Basis bestimmter eigener Annahmen mit 1,8 Mio. Euro (IFRS). In verschiedenen Berichterstattungen der Presse werden f\u00fcr den beabsichtigten IPO von MisterSpex Unternehmensbewertungen genannt, die sp\u00fcrbar h\u00f6her liegen als die in der Bilanzierung der SGF zu Grunde gelegte Bewertung. Die Erzielung einer h\u00f6heren Bewertung h\u00e4tte entsprechend positive Effekte auf die IFRS-Gewinn- und Verlustrechnung der SGF.<\/p>\n<p>Die German Startups Group VC erwartet zudem die Ver\u00e4u\u00dferung des Anteils an einem anderen Portfolio-Unternehmen im Sommer 2021.<\/p>\n<p>Die German Startups Group VC hat ferner ihren Anteil an SoundCloud Ltd. verdoppelt.<\/p>\n<p>Die Klage der wiredworld GmbH des ehemaligen Prokuristen der SGF, Nikolas Samios, gegen die ehemalige Mehrheitsbeteiligung Exozet Berlin GmbH (heute Endava Berlin GmbH) auf Zahlung von 782 TEUR, von der die SGF als Garantiegeberin zu 50,8% wirtschaftlich betroffen war, konnte mit einem Vergleich bei 337 TEUR Euro beigelegt werden. Damit hat die SGF die diesbez\u00fcglichen, auf Seite 10 ihres Gesch\u00e4ftsberichts 2020 genannten Risiken bereinigt und verzeichnet zudem gegen\u00fcber den getroffenen Vorsorgema\u00dfnahmen einen niedrigen sechsstelligen Gewinn. <\/p>\n<p>Die Hauptversammlung der SGT German Private Equity findet am 23. Juni 21 statt. Der Gesch\u00e4ftsbericht 2020 wurde am 1. Juni 2021 auf der Website der Gesellschaft ver\u00f6ffentlicht.<\/p>\n<p>&nbsp;<\/p>\n<p><strong>Investor Relations Kontakt<\/strong><br \/>\n<strong>SGT German Private Equity<\/strong><br \/>\nFlorian Dammann<br \/>\nir@tpgholding.com<br \/>\n<a href=\"https:\/\/tpgholding.com\/\">www.tpgholding.com<\/a><\/p>\n<p><u><a href=\"https:\/\/tpgholding.com\/wp-content\/uploads\/2021\/06\/20210618_SGT-German-Private-Equity-\u2013-Mehrheitsaktiona\u0308rin-kauft-zu_clean.pdf\" target=\"_blank\" rel=\"nofollow\" rel=\"\">Hier klicken f\u00fcr die PDF-Version<\/a><\/u><\/p>\n<p>Mehr Informationen unter\u00a0<a href=\"https:\/\/tpgholding.com\/\">https:\/\/tpgholding.com\/<\/a>\u00a0und\u00a0<a href=\"http:\/\/sgt-capital.com\/\">http:\/\/www.sgt-capital.com\/<\/a>.<\/p>\n","protected":false},"excerpt":{"rendered":"<p>+++ Pressemitteilung +++ SGT German Private Equity &#8211; Mehrheitsaktion\u00e4rin kauft zu Portfoliounternehmen MisterSpex k\u00fcndigt IPO an Verdopplung des Anteils an SoundCloud Beilegung des Rechtsstreits zwischen wiredworld und der ehemaligen Mehrheitsbeteiligung Exozet Berlin Frankfurt am Main, 18. Juni 2021 &#8211;\u00a0 Die SGT Capital LLC, 82,9%-Mehrheitsaktion\u00e4rin SGT German Private Equity in Frankfurt (SGF), ein b\u00f6rsennotierter Private Equity-Asset [&hellip;]<\/p>\n","protected":false},"author":4,"featured_media":0,"parent":0,"menu_order":0,"comment_status":"closed","ping_status":"closed","template":"page-full.php","meta":[],"_links":{"self":[{"href":"https:\/\/tpgholding.com\/index.php\/wp-json\/wp\/v2\/pages\/15277"}],"collection":[{"href":"https:\/\/tpgholding.com\/index.php\/wp-json\/wp\/v2\/pages"}],"about":[{"href":"https:\/\/tpgholding.com\/index.php\/wp-json\/wp\/v2\/types\/page"}],"author":[{"embeddable":true,"href":"https:\/\/tpgholding.com\/index.php\/wp-json\/wp\/v2\/users\/4"}],"replies":[{"embeddable":true,"href":"https:\/\/tpgholding.com\/index.php\/wp-json\/wp\/v2\/comments?post=15277"}],"version-history":[{"count":1,"href":"https:\/\/tpgholding.com\/index.php\/wp-json\/wp\/v2\/pages\/15277\/revisions"}],"predecessor-version":[{"id":15295,"href":"https:\/\/tpgholding.com\/index.php\/wp-json\/wp\/v2\/pages\/15277\/revisions\/15295"}],"wp:attachment":[{"href":"https:\/\/tpgholding.com\/index.php\/wp-json\/wp\/v2\/media?parent=15277"}],"curies":[{"name":"wp","href":"https:\/\/api.w.org\/{rel}","templated":true}]}}