{"id":15301,"date":"2021-06-23T10:15:27","date_gmt":"2021-06-23T08:15:27","guid":{"rendered":"https:\/\/sgt.phobos.services\/?page_id=15301"},"modified":"2025-01-27T18:01:19","modified_gmt":"2025-01-27T17:01:19","slug":"pressemitteilung-vom-23-juni-2021","status":"publish","type":"page","link":"https:\/\/tpgholding.com\/index.php\/pressemitteilung-vom-23-juni-2021\/","title":{"rendered":"Pressemitteilung vom <br> 23. Juni 2021"},"content":{"rendered":"<p style=\"text-align: center;\"><img decoding=\"async\" src=\"https:\/\/tpgholding.com\/wp-content\/uploads\/2020\/10\/SGT-German-Private-Equity-Logo-2-e1602851449876.png\" alt=\"GS_Group_transparent\" \/><\/p>\n<p style=\"text-align: center; padding: 0px; margin: 0px;\">+++ Pressemitteilung +++<\/p>\n<p style=\"text-align: center; padding: 50px; margin: 0px;\"><strong>SGT German Private Equity \u2013 Fundraising kurz vor wichtigem Meilenstein<\/strong><\/p>\n<p><strong>Frankfurt am Main, 23. Juni 2021 &#8211;\u00a0<\/strong> Die hundertprozentige Tochter der SGT German Private Equity, die SGT Capital Pte. Ltd. (SGTPTE), ist mit ihrem Fundraising weiter gut vorangekommen und bekr\u00e4ftigt das schon zuvor kommunizierte Ziel, das First Close ihres Private Equity Fonds im Sommer 2021 mit Kapitalzusagen von mind. 500 Mio. USD durchzuf\u00fchren, zus\u00e4tzlich zu den separaten, fr\u00fcheren Zusagen von 480 Mio. USD. <\/p>\n<div style=\"margin-left:80px;\"><em>[Die im obigen Satz erw\u00e4hnten Zusagen haben sich im Februar 2023 leider als unverbindlich erwiesen]<\/em><\/div>\n<p>F\u00fcr das First Close hat die SGTPTE feste m\u00fcndliche Zusagen von 10 namhaften Anker-Investoren mit einem Volumen von \u00fcber 350 Mio. USD. Sie ist derzeit dabei, diese zu formalisieren. Zur Durchf\u00fchrung des First Close wird nach den Anker-Investoren eine bereits definierte Gruppe von Investoren mit Zusagen in H\u00f6he von 225 Mio. USD aufgenommen und sich dem First Closing anschlie\u00dfen.<\/p>\n<p>Dar\u00fcber hinaus steht die SGTPTE in aktivem, konkretem Dialog mit \u00fcber 100 Institutionellen Investoren, die sich typischerweise nach dem First Close engagieren. Diese repr\u00e4sentieren ein weiteres Zeichnungsvolumen von \u00fcber 1,5 Mrd. USD. Die SGTPTE konnte sowohl die Anzahl jener interessierten Investoren als auch deren potentielle Kapitalzusagen zu ihrer Private Equity-Plattform in den letzten drei Monaten etwa verdoppeln. Auf Wunsch einiger dieser Investoren erschafft sie dazu zwei Parallelfondsvehikel, in den USA (Delaware) und in Europa (Luxemburg). Diese werden \u00fcber den Sommer finalisiert.<\/p>\n<p>Zugleich hat die SGTPTE gro\u00dfe Fortschritte bei der Generierung und Evaluierung von zu ihren Investmentkriterien passendem Private Equity-Dealflow und der Auswahl und Verhandlung von Private Equity-Deals erzielt. Sie partizipiert aktuell an vier &#8220;live deals&#8221;, also Private Equity-Transaktionen betreffend sehr attraktiver \u00dcbernahmeziele, mit Unternehmenswerten in der Spanne von 200 bis 600 Mio. EUR. Sie strebt an, eine oder zwei dieser Transaktionen im zweiten Halbjahr 2021 durchzuf\u00fchren. Etwa die H\u00e4lfte der Anker-Investoren ihres Private Equity Fonds und weitere namhafte Investoren haben gro\u00dfes Interesse bekundet, direkte Co-Investments in Teile ihrer Private Equity Deal-Pipeline durchzuf\u00fchren.<\/p>\n<p>Zusammen mit den fr\u00fcher eingeworbenen Zusagen zu ihrer Private Equity-Plattform von 480 Mio. USD rechnet die SGTPTE damit, dass das von ihr verwaltete Kapital per Ende 2021 1 Mrd. USD \u00fcbersteigen und per Ende 2022 mind. 2 Mrd. USD betragen wird.<\/p>\n<p>&nbsp;<\/p>\n<p><strong>Investor Relations Kontakt<\/strong><br \/>\n<strong>SGT German Private Equity<\/strong><br \/>\nFlorian Dammann<br \/>\nir@tpgholding.com<br \/>\n<a href=\"https:\/\/tpgholding.com\/\">www.tpgholding.com<\/a><\/p>\n<p><u><a href=\"https:\/\/tpgholding.com\/wp-content\/uploads\/2025\/01\/20210623_SGT-German-Private-Equity-\u2013-Fundraising-kurz-vor-wichtigem-Meilenstein-1.pdf\" target=\"_blank\" rel=\"nofollow\" rel=\"noopener\">Hier klicken f\u00fcr die PDF-Version<\/a><\/u><\/p>\n<p>Mehr Informationen unter\u00a0<a href=\"https:\/\/tpgholding.com\/\">https:\/\/tpgholding.com\/<\/a>\u00a0und\u00a0<a href=\"http:\/\/sgt-capital.com\/\">http:\/\/www.sgt-capital.com\/<\/a>.<\/p>\n","protected":false},"excerpt":{"rendered":"<p>+++ Pressemitteilung +++ SGT German Private Equity \u2013 Fundraising kurz vor wichtigem Meilenstein Frankfurt am Main, 23. Juni 2021 &#8211;\u00a0 Die hundertprozentige Tochter der SGT German Private Equity, die SGT Capital Pte. Ltd. (SGTPTE), ist mit ihrem Fundraising weiter gut vorangekommen und bekr\u00e4ftigt das schon zuvor kommunizierte Ziel, das First Close ihres Private Equity Fonds [&hellip;]<\/p>\n","protected":false},"author":4,"featured_media":0,"parent":0,"menu_order":0,"comment_status":"closed","ping_status":"closed","template":"page-full.php","meta":[],"_links":{"self":[{"href":"https:\/\/tpgholding.com\/index.php\/wp-json\/wp\/v2\/pages\/15301"}],"collection":[{"href":"https:\/\/tpgholding.com\/index.php\/wp-json\/wp\/v2\/pages"}],"about":[{"href":"https:\/\/tpgholding.com\/index.php\/wp-json\/wp\/v2\/types\/page"}],"author":[{"embeddable":true,"href":"https:\/\/tpgholding.com\/index.php\/wp-json\/wp\/v2\/users\/4"}],"replies":[{"embeddable":true,"href":"https:\/\/tpgholding.com\/index.php\/wp-json\/wp\/v2\/comments?post=15301"}],"version-history":[{"count":8,"href":"https:\/\/tpgholding.com\/index.php\/wp-json\/wp\/v2\/pages\/15301\/revisions"}],"predecessor-version":[{"id":17910,"href":"https:\/\/tpgholding.com\/index.php\/wp-json\/wp\/v2\/pages\/15301\/revisions\/17910"}],"wp:attachment":[{"href":"https:\/\/tpgholding.com\/index.php\/wp-json\/wp\/v2\/media?parent=15301"}],"curies":[{"name":"wp","href":"https:\/\/api.w.org\/{rel}","templated":true}]}}