{"id":15383,"date":"2021-08-08T11:10:13","date_gmt":"2021-08-08T09:10:13","guid":{"rendered":"https:\/\/sgt.phobos.services\/?page_id=15383"},"modified":"2021-08-13T09:36:50","modified_gmt":"2021-08-13T07:36:50","slug":"pressemitteilung-vom-8-august-2021","status":"publish","type":"page","link":"https:\/\/tpgholding.com\/index.php\/pressemitteilung-vom-8-august-2021\/","title":{"rendered":"Pressemitteilung vom <br> 8. August 2021"},"content":{"rendered":"<p style=\"text-align: center;\"><img decoding=\"async\" src=\"https:\/\/tpgholding.com\/wp-content\/uploads\/2020\/10\/SGT-German-Private-Equity-Logo-2-e1602851449876.png\" alt=\"GS_Group_transparent\" \/><\/p>\n<p style=\"text-align: center; padding: 0px; margin: 0px;\">+++ Pressemitteilung +++<\/p>\n<p style=\"text-align: center; padding: 50px; margin: 0px;\"><strong>SGT German Private Equity auf Kurs<\/strong><\/p>\n<p><strong>Frankfurt am Main, 8. August 2021 &#8211;\u00a0<\/strong> Die SGT German Private Equity in Frankfurt (SGF) setzt ihre Strategie unver\u00e4ndert um und ist auf Kurs. Die hundertprozentige Tochter der SGT German Private Equity, die SGT Capital Pte. Ltd. (SGTPTE), best\u00e4tigt das Ziel, im Sommer 2021 das First Close ihres Private Equity Fonds und im zweiten Halbjahr 2021 ein bis zwei Private Equity-Transaktionen durchzuf\u00fchren.<\/p>\n<p>Die im Jahre 2020 eingeleitete Transformation des Gesch\u00e4ftsmodells der SGF wurde erfolgreich umgesetzt und funktioniert. Als lizensierter Private Equity Asset Manager agiert das Unternehmen heute \u00fcber ihre Tochtergesellschaft im Wesentlichen als Asset Management-Dienstleister f\u00fcr eigene Private Equity Fonds, die sie eigens f\u00fcr institutionelle Anleger auflegt. F\u00fcr diese Fonds werden Mehrheits- und 100%-Beteiligungen an etablierten, mittelst\u00e4ndischen Unternehmen im Wert von 200 bis 800 Mio. Euro vorwiegend in Europa und Israel erworben, in ihrem Wachstum und ihrer Profitabilit\u00e4t gef\u00f6rdert und nach erzeugter Wertsteigerung wieder ver\u00e4u\u00dfert. <\/p>\n<p>Wirtschaftliches Ziel des Gesch\u00e4ftsmodells ist es, mit einer hohen Qualit\u00e4t von fix verg\u00fcteten Asset Management-Dienstleistungen eine nachhaltige, planbare Profitabilit\u00e4t der SGT German Private Equity zu erzeugen und sie wieder auf einen Wachstumspfad zu bringen. Bei der Weiterentwicklung ihres Gesch\u00e4ftsmodells konnte SGT German Private Equity auf die breite Zustimmung der Aktion\u00e4re bauen, die sich in dem positiven Hauptversammlungsvotum vom 7.08.2020 zu der Transaktion mit der SGT Capital Pte. Ltd. in H\u00f6he von 97 Prozent bei zugleich sehr hoher Pr\u00e4senz widerspiegelt. Positiv f\u00fcr die Aktion\u00e4re wirkt sich auch die erh\u00f6hte Marktkapitalisierung der SGF aus, die sich im Zuge der Transaktion auf rund 100 Mio. Euro versechsfacht hat, weil \u201eschwerere\u201c Werte tendenziell eine h\u00f6here Handelsliquidit\u00e4t aufweisen.<\/p>\n<p>Zuvor war die SGF unter der Firma German Startups Group (GSG) einer der f\u00fchrenden deutschen Venture Capital-Anbieter und besitzt auch weiterhin ein VC Beteiligungsportfolio. Zuletzt investierte die SGF erneut in ihr Portfoliounternehmen AuctionTech, eins der erfolgreichsten deutschen PropTech-Startups mit Sitz in Berlin, und ver\u00e4u\u00dferte die SGF im Juli 2021 einen Teil ihrer MisterSpex-Aktien f\u00fcr einen knapp siebenstelligen Erl\u00f6s und im April 2021 zwei ihrer \u00fcbrigen Beteiligungen ebenfalls jeweils f\u00fcr einen niedrigen siebenstelligen Ver\u00e4u\u00dferungserl\u00f6s. Die GSG realisierte mit allen drei Beteiligungsver\u00e4u\u00dferungen Ver\u00e4u\u00dferungsgewinne sowohl gegen\u00fcber den bilanziellen Buchwerten als auch den Anschaffungskosten. Zu den Portfoliounternehmen der GSG geh\u00f6ren oder geh\u00f6rten einige der erfolgreichsten deutschen Startups wie Fyber, Delivery Hero, Amorelie, Scalable Capital, Chrono24, OneFootball, Fiagon, Lingoda und MisterSpex.<\/p>\n<p>Basis f\u00fcr den fr\u00fcheren Erfolg der GSG und den k\u00fcnftigen Erfolg der SGF ist das Team, das hinter der SGF bzw. nun auch hinter der mit der SGF zusammengef\u00fchrten SGT Capital Pte. Ltd. steht. Letzteres hat in der Vergangenheit f\u00fcr seine damaligen Investoren das von ihnen investierte Eigenkapital mehr als verdoppelt und nach nur weniger als f\u00fcnf Jahren \u00fcber 2 Mrd. USD an diese ausgezahlt. Dies entspricht einer stark \u00fcberdurchschnittlichen Performance.<\/p>\n<p>Das Management der SGT Capital kann auch davor auf einen langen, erfolgreichen \u201eTrack Record\u201c zur\u00fcckblicken: seine Mitglieder haben f\u00fcr eine Reihe namhafter Unternehmen gearbeitet, darunter BlackRock, JPMorgan, Permira und McKinsey. <\/p>\n<p>&#8220;Mit dem Umbau unsere Gesch\u00e4ftsmodells haben wir unseren Aktion\u00e4ren gezeigt, dass wir nicht blo\u00df auf besseres Wetter warten, sondern vorhandene Optionen gezielt f\u00fcr ein nachhaltiges Wachstum nutzen. Fakt ist, dass der Kapitalmarkt das Gesch\u00e4ftsmodell der Venture Capital-Beteiligungsgesellschaft nicht honorierte, sondern wie bei einer Reihe anderer b\u00f6rsennotierter Beteiligungsgesellschaften mit deutlichen Abschl\u00e4gen auf den Net Asset Value pro Aktie versah. Bei meinen fr\u00fcheren b\u00f6rsennotierten Gesellschaften ist es mir gelungen, substantiell Shareholder Value f\u00fcr die Aktion\u00e4re zu schaffen, ebenso wie dies dem Team der SGT Capital f\u00fcr seine Private Equity Investoren gelungen ist. Wir sind sehr zuversichtlich, dass uns das mit dem neuen, aussichtsreichen Gesch\u00e4ftsmodell auch endlich bei der SGT German Private Equity gelingen wird.&#8221; so Christoph Gerlinger, Gesch\u00e4ftsf\u00fchrer der SGT German Private Equity.<\/p>\n<p>Dar\u00fcber hinaus unterstreicht Christoph Gerlinger, dass das Unternehmen in der Vergangenheit gute wie auch schlechte Nachrichten und auch drohende Interessenkonflikte immer offen kommuniziert hat und auch in Zukunft auf vollst\u00e4ndige Transparenz setzen wird. &#8220;Das ist die Basis f\u00fcr das Vertrauen unserer Aktion\u00e4re und Gesch\u00e4ftspartner. Dies beinhaltet auch die offene und transparente Darstellung unseres Gesch\u00e4ftsmodells und seiner Strukturen. Wir wollen f\u00fcr unsere Fondsinvestoren und unsere Aktion\u00e4re Mehrwert schaffen. Dabei ist der Einklang der Interessen zwischen den au\u00dfenstehenden Aktion\u00e4ren und dem Management durch die 82%ige, mittelbare Aktienposition des F\u00fchrungsteams der SGF an der SGF und durch ein langj\u00e4hriges Lock-up sichergestellt&#8221;.<\/p>\n<p>&nbsp;<\/p>\n<p><strong>Investor Relations Kontakt<\/strong><br \/>\n<strong>SGT German Private Equity<\/strong><br \/>\nFlorian Dammann<br \/>\nir@tpgholding.com<br \/>\n<a href=\"https:\/\/tpgholding.com\/\">www.tpgholding.com<\/a><\/p>\n<p>&nbsp;<\/p>\n<p><strong>\u00dcber SGT German Private Equity<\/strong><\/p>\n<p style=\"text-align: center; padding: 50px; margin: 0px; font-size:1rem;\">SGT German Private Equity ist ein in Deutschland beheimateter, b\u00f6rsennotierter Private Equity-Asset Manager mit Sitz in Frankfurt am Main. Ihre 100%ige Tochtergesellschaft SGT Capital Pte. Ltd., ist ein globaler Alternative Investment- und Private Equity-Asset Manager mit Hauptsitz in Singapur.<\/p>\n<p>F\u00fcr ihren neuen, branchenagnostischen Private Equity-Fonds SGT Capital II mit geografischem Fokus auf Europa und Nordamerika und Laufzeit von zehn Jahren, strebt SGT ein Fundraising-Zielvolumen von 1 bis 3 Mrd. USD an. Das Management Team verf\u00fcgt \u00fcber langj\u00e4hrige F\u00fchrungserfahrungen bei namhaften Adressen \u2013 globalen Private Equity-H\u00e4usern, Managementberatungen und Investmentbanken.<\/p>\n<p>Aus ihrer Historie als ein f\u00fchrender deutscher Venture Capital-Anbieter unter der Marke German Startups Group h\u00e4lt die SGT German Private Equity des Weiteren ein Heritage Portfolio an Minderheitsbeteiligungen an teils aussichtsreichen deutschen Startups.<\/p>\n<p>&nbsp;<\/p>\n<p><u><a href=\"https:\/\/tpgholding.com\/wp-content\/uploads\/2021\/08\/20210808_SGT-German-Private-Equity-auf-Kurs.pdf\" target=\"_blank\" rel=\"nofollow\" rel=\"\">Hier klicken f\u00fcr die PDF-Version<\/a><\/u><\/p>\n<p>Mehr Informationen unter\u00a0<a href=\"https:\/\/tpgholding.com\/\">https:\/\/tpgholding.com\/<\/a>\u00a0und\u00a0<a href=\"https:\/\/sgt-capital.com\/\" class=\"broken_link\">https:\/\/www.sgt-capital.com\/<\/a>.<\/p>\n","protected":false},"excerpt":{"rendered":"<p>+++ Pressemitteilung +++ SGT German Private Equity auf Kurs Frankfurt am Main, 8. August 2021 &#8211;\u00a0 Die SGT German Private Equity in Frankfurt (SGF) setzt ihre Strategie unver\u00e4ndert um und ist auf Kurs. Die hundertprozentige Tochter der SGT German Private Equity, die SGT Capital Pte. Ltd. (SGTPTE), best\u00e4tigt das Ziel, im Sommer 2021 das First [&hellip;]<\/p>\n","protected":false},"author":4,"featured_media":0,"parent":0,"menu_order":0,"comment_status":"closed","ping_status":"closed","template":"page-full.php","meta":[],"_links":{"self":[{"href":"https:\/\/tpgholding.com\/index.php\/wp-json\/wp\/v2\/pages\/15383"}],"collection":[{"href":"https:\/\/tpgholding.com\/index.php\/wp-json\/wp\/v2\/pages"}],"about":[{"href":"https:\/\/tpgholding.com\/index.php\/wp-json\/wp\/v2\/types\/page"}],"author":[{"embeddable":true,"href":"https:\/\/tpgholding.com\/index.php\/wp-json\/wp\/v2\/users\/4"}],"replies":[{"embeddable":true,"href":"https:\/\/tpgholding.com\/index.php\/wp-json\/wp\/v2\/comments?post=15383"}],"version-history":[{"count":3,"href":"https:\/\/tpgholding.com\/index.php\/wp-json\/wp\/v2\/pages\/15383\/revisions"}],"predecessor-version":[{"id":15466,"href":"https:\/\/tpgholding.com\/index.php\/wp-json\/wp\/v2\/pages\/15383\/revisions\/15466"}],"wp:attachment":[{"href":"https:\/\/tpgholding.com\/index.php\/wp-json\/wp\/v2\/media?parent=15383"}],"curies":[{"name":"wp","href":"https:\/\/api.w.org\/{rel}","templated":true}]}}